{"id":117001,"date":"2022-01-06T14:09:56","date_gmt":"2022-01-06T13:09:56","guid":{"rendered":"https:\/\/www.badzurzach.info\/comb-jug-its-consequences\/"},"modified":"2025-10-30T16:27:27","modified_gmt":"2025-10-30T15:27:27","slug":"comb-jug-its-consequences","status":"publish","type":"page","link":"https:\/\/www.badzurzach.info\/en\/comb-jug-its-consequences\/","title":{"rendered":"Comb, jug &amp; its consequences"},"content":{"rendered":"\n<h3 class=\"wp-block-heading\">Guided tour of the Verena Minster.<\/h3>\n\n\n\n<p>Visit one of the most beautiful churches in the canton of Aargau. The Verenam\u00fcnster is a mixture of Romanesque, Gothic and Baroque architectural elements. Find out more about the life of St. Verena and the history of the cathedral. A guided tour includes a visit to the church treasury and the Verena crypt. What&#8217;s the story behind Kamm, Krug &amp; its consequences?<\/p>\n\n\n\n<figure class=\"wp-block-table is-style-regular\"><table><tbody><tr><td>Responsible body<\/td><td>Parish of St. Verena | Hauptstrasse 42 | 5330 Bad Zurzach<\/td><\/tr><tr><td>Contact us<\/td><td>+41 56 269 75 50 | <a href=\"mailto:sekretariat@st-verena.ch\">sekretariat@kath-zurzach-studenland.ch<\/a><\/td><\/tr><tr><td>Website<\/td><td><a href=\"https:\/\/kath-zurzach-studenland.ch\/\" target=\"_blank\" rel=\"noreferrer noopener\">www.kath-zurzach-studenland.ch<\/a><\/td><\/tr><\/tbody><\/table><\/figure>\n\n\n\n<div style=\"height:30px\" aria-hidden=\"true\" class=\"wp-block-spacer\"><\/div>\n\n\n\n<div class=\"wp-block-columns is-layout-flex wp-container-core-columns-is-layout-9d6595d7 wp-block-columns-is-layout-flex\">\n<div class=\"wp-block-column is-layout-flow wp-block-column-is-layout-flow\" style=\"flex-basis:100%\">\n<div class=\"wp-block-buttons is-layout-flex wp-block-buttons-is-layout-flex\">\n<div class=\"wp-block-button has-custom-width wp-block-button__width-50 is-style-fill\"><a class=\"wp-block-button__link wp-element-button\" href=\"http:\/\/www.kath-zurzach-studenland.ch\" style=\"border-radius:7px\">Send reservation request<\/a><\/div>\n<\/div>\n<\/div>\n<\/div>\n\n\n\n<p><\/p>\n","protected":false},"excerpt":{"rendered":"<p>Guided tour of the Verena Minster. Visit one of the most beautiful churches in the canton of Aargau. The Verenam\u00fcnster is a mixture of Romanesque, Gothic and Baroque architectural elements. Find out more about the life of St. Verena and the history of the cathedral. A guided tour includes a visit to the church treasury [&hellip;]<\/p>\n","protected":false},"author":9,"featured_media":2375,"parent":0,"menu_order":0,"comment_status":"closed","ping_status":"closed","template":"","meta":{"_acf_changed":false,"_relevanssi_hide_post":"","_relevanssi_hide_content":"","_relevanssi_pin_for_all":"","_relevanssi_pin_keywords":"","_relevanssi_unpin_keywords":"","_relevanssi_related_keywords":"","_relevanssi_related_include_ids":"","_relevanssi_related_exclude_ids":"","_relevanssi_related_no_append":"","_relevanssi_related_not_related":"","_relevanssi_related_posts":"192914,192923,192933","_relevanssi_noindex_reason":"","footnotes":""},"class_list":["post-117001","page","type-page","status-publish","has-post-thumbnail","hentry"],"acf":[],"yoast_head":"<!-- This site is optimized with the Yoast SEO plugin v27.4 - https:\/\/yoast.com\/product\/yoast-seo-wordpress\/ -->\n<title>Bad Zurzach Tourismus Comb, jug &amp; its consequences -<\/title>\n<meta name=\"description\" content=\"The Verenam\u00fcnster is one of the most beautiful churches in Aargau. Find out more about the life of St. Verena and the history of the cathedral.\" \/>\n<meta name=\"robots\" content=\"index, follow, max-snippet:-1, max-image-preview:large, max-video-preview:-1\" \/>\n<link rel=\"canonical\" href=\"https:\/\/www.badzurzach.info\/en\/comb-jug-its-consequences\/\" \/>\n<meta property=\"og:locale\" content=\"en_US\" \/>\n<meta property=\"og:type\" content=\"article\" \/>\n<meta property=\"og:title\" content=\"Guided tour of the Verenam\u00fcnster\" \/>\n<meta property=\"og:description\" content=\"The Verenam\u00fcnster is one of the most beautiful churches in Aargau. Find out more about the life of St. Verena and the history of the cathedral.\" \/>\n<meta property=\"og:url\" content=\"https:\/\/www.badzurzach.info\/en\/comb-jug-its-consequences\/\" \/>\n<meta property=\"og:site_name\" content=\"Bad Zurzach Tourismus\" \/>\n<meta property=\"article:publisher\" content=\"https:\/\/www.facebook.com\/badzurzachtourismus\" \/>\n<meta property=\"article:modified_time\" content=\"2025-10-30T15:27:27+00:00\" \/>\n<meta property=\"og:image\" content=\"https:\/\/www.badzurzach.info\/wp-content\/uploads\/2022\/01\/Computerformat-4_3-Bad-Zurzach_Luftaufnahme-Verenamuenster_600px-edited-3.jpg\" \/>\n<meta name=\"twitter:card\" content=\"summary_large_image\" \/>\n<meta name=\"twitter:site\" content=\"@BadZurzach\" \/>\n<meta name=\"twitter:label1\" content=\"Est. reading time\" \/>\n\t<meta name=\"twitter:data1\" content=\"1 minute\" \/>\n<script type=\"application\/ld+json\" class=\"yoast-schema-graph\">{\"@context\":\"https:\\\/\\\/schema.org\",\"@graph\":[{\"@type\":\"WebPage\",\"@id\":\"https:\\\/\\\/www.badzurzach.info\\\/en\\\/comb-jug-its-consequences\\\/\",\"url\":\"https:\\\/\\\/www.badzurzach.info\\\/en\\\/comb-jug-its-consequences\\\/\",\"name\":\"Bad Zurzach Tourismus Comb, jug &amp; its consequences -\",\"isPartOf\":{\"@id\":\"https:\\\/\\\/www.badzurzach.info\\\/#website\"},\"primaryImageOfPage\":{\"@id\":\"https:\\\/\\\/www.badzurzach.info\\\/en\\\/comb-jug-its-consequences\\\/#primaryimage\"},\"image\":{\"@id\":\"https:\\\/\\\/www.badzurzach.info\\\/en\\\/comb-jug-its-consequences\\\/#primaryimage\"},\"thumbnailUrl\":\"https:\\\/\\\/www.badzurzach.info\\\/wp-content\\\/uploads\\\/2021\\\/11\\\/Computerformat-4_3-Bad-Zurzach_Luftaufnahme-Verenamuenster_1920px.jpg\",\"datePublished\":\"2022-01-06T13:09:56+00:00\",\"dateModified\":\"2025-10-30T15:27:27+00:00\",\"description\":\"The Verenam\u00fcnster is one of the most beautiful churches in Aargau. Find out more about the life of St. Verena and the history of the cathedral.\",\"breadcrumb\":{\"@id\":\"https:\\\/\\\/www.badzurzach.info\\\/en\\\/comb-jug-its-consequences\\\/#breadcrumb\"},\"inLanguage\":\"en-US\",\"potentialAction\":[{\"@type\":\"ReadAction\",\"target\":[\"https:\\\/\\\/www.badzurzach.info\\\/en\\\/comb-jug-its-consequences\\\/\"]}]},{\"@type\":\"ImageObject\",\"inLanguage\":\"en-US\",\"@id\":\"https:\\\/\\\/www.badzurzach.info\\\/en\\\/comb-jug-its-consequences\\\/#primaryimage\",\"url\":\"https:\\\/\\\/www.badzurzach.info\\\/wp-content\\\/uploads\\\/2021\\\/11\\\/Computerformat-4_3-Bad-Zurzach_Luftaufnahme-Verenamuenster_1920px.jpg\",\"contentUrl\":\"https:\\\/\\\/www.badzurzach.info\\\/wp-content\\\/uploads\\\/2021\\\/11\\\/Computerformat-4_3-Bad-Zurzach_Luftaufnahme-Verenamuenster_1920px.jpg\",\"width\":1920,\"height\":1440,\"caption\":\"Bad Zurzach ist ein Marktflecken. Ausschlaggebend f\u00fcr die Entwicklung zu einem bedeutenden Markt- und Messeort war die Bedeutung Zurzachs* als Wallfahrtsort nach dem Tod der Heiligen Verena im Jahr 344 n. Chr. Die Grabst\u00e4tte der Heiligen Verena, das Verenam\u00fcnster, geh\u00f6rt zu den sch\u00f6nsten Kirchen im Kanton Aargau.\"},{\"@type\":\"BreadcrumbList\",\"@id\":\"https:\\\/\\\/www.badzurzach.info\\\/en\\\/comb-jug-its-consequences\\\/#breadcrumb\",\"itemListElement\":[{\"@type\":\"ListItem\",\"position\":1,\"name\":\"Home\",\"item\":\"https:\\\/\\\/www.badzurzach.info\\\/en\\\/\"},{\"@type\":\"ListItem\",\"position\":2,\"name\":\"Comb, jug &amp; its consequences\"}]},{\"@type\":\"WebSite\",\"@id\":\"https:\\\/\\\/www.badzurzach.info\\\/#website\",\"url\":\"https:\\\/\\\/www.badzurzach.info\\\/\",\"name\":\"Bad Zurzach Tourismus\",\"description\":\"Ihre Feriendestination Bad Zurzach\",\"publisher\":{\"@id\":\"https:\\\/\\\/www.badzurzach.info\\\/#organization\"},\"potentialAction\":[{\"@type\":\"SearchAction\",\"target\":{\"@type\":\"EntryPoint\",\"urlTemplate\":\"https:\\\/\\\/www.badzurzach.info\\\/?s={search_term_string}\"},\"query-input\":{\"@type\":\"PropertyValueSpecification\",\"valueRequired\":true,\"valueName\":\"search_term_string\"}}],\"inLanguage\":\"en-US\"},{\"@type\":\"Organization\",\"@id\":\"https:\\\/\\\/www.badzurzach.info\\\/#organization\",\"name\":\"Bad Zurzach Tourismus\",\"url\":\"https:\\\/\\\/www.badzurzach.info\\\/\",\"logo\":{\"@type\":\"ImageObject\",\"inLanguage\":\"en-US\",\"@id\":\"https:\\\/\\\/www.badzurzach.info\\\/#\\\/schema\\\/logo\\\/image\\\/\",\"url\":\"https:\\\/\\\/www.badzurzach.info\\\/wp-content\\\/uploads\\\/2022\\\/02\\\/Thermalbad-Zurzach_Logo.png\",\"contentUrl\":\"https:\\\/\\\/www.badzurzach.info\\\/wp-content\\\/uploads\\\/2022\\\/02\\\/Thermalbad-Zurzach_Logo.png\",\"width\":1180,\"height\":1705,\"caption\":\"Bad Zurzach Tourismus\"},\"image\":{\"@id\":\"https:\\\/\\\/www.badzurzach.info\\\/#\\\/schema\\\/logo\\\/image\\\/\"},\"sameAs\":[\"https:\\\/\\\/www.facebook.com\\\/badzurzachtourismus\",\"https:\\\/\\\/x.com\\\/BadZurzach\",\"https:\\\/\\\/www.instagram.com\\\/badzurzach.switzerland\",\"https:\\\/\\\/www.linkedin.com\\\/company\\\/6134459\\\/\"]}]}<\/script>\n<!-- \/ Yoast SEO plugin. -->","yoast_head_json":{"title":"Bad Zurzach Tourismus Comb, jug &amp; its consequences -","description":"The Verenam\u00fcnster is one of the most beautiful churches in Aargau. Find out more about the life of St. Verena and the history of the cathedral.","robots":{"index":"index","follow":"follow","max-snippet":"max-snippet:-1","max-image-preview":"max-image-preview:large","max-video-preview":"max-video-preview:-1"},"canonical":"https:\/\/www.badzurzach.info\/en\/comb-jug-its-consequences\/","og_locale":"en_US","og_type":"article","og_title":"Guided tour of the Verenam\u00fcnster","og_description":"The Verenam\u00fcnster is one of the most beautiful churches in Aargau. Find out more about the life of St. Verena and the history of the cathedral.","og_url":"https:\/\/www.badzurzach.info\/en\/comb-jug-its-consequences\/","og_site_name":"Bad Zurzach Tourismus","article_publisher":"https:\/\/www.facebook.com\/badzurzachtourismus","article_modified_time":"2025-10-30T15:27:27+00:00","og_image":[{"url":"https:\/\/www.badzurzach.info\/wp-content\/uploads\/2022\/01\/Computerformat-4_3-Bad-Zurzach_Luftaufnahme-Verenamuenster_600px-edited-3.jpg","type":"","width":"","height":""}],"twitter_card":"summary_large_image","twitter_site":"@BadZurzach","twitter_misc":{"Est. reading time":"1 minute"},"schema":{"@context":"https:\/\/schema.org","@graph":[{"@type":"WebPage","@id":"https:\/\/www.badzurzach.info\/en\/comb-jug-its-consequences\/","url":"https:\/\/www.badzurzach.info\/en\/comb-jug-its-consequences\/","name":"Bad Zurzach Tourismus Comb, jug &amp; its consequences -","isPartOf":{"@id":"https:\/\/www.badzurzach.info\/#website"},"primaryImageOfPage":{"@id":"https:\/\/www.badzurzach.info\/en\/comb-jug-its-consequences\/#primaryimage"},"image":{"@id":"https:\/\/www.badzurzach.info\/en\/comb-jug-its-consequences\/#primaryimage"},"thumbnailUrl":"https:\/\/www.badzurzach.info\/wp-content\/uploads\/2021\/11\/Computerformat-4_3-Bad-Zurzach_Luftaufnahme-Verenamuenster_1920px.jpg","datePublished":"2022-01-06T13:09:56+00:00","dateModified":"2025-10-30T15:27:27+00:00","description":"The Verenam\u00fcnster is one of the most beautiful churches in Aargau. Find out more about the life of St. Verena and the history of the cathedral.","breadcrumb":{"@id":"https:\/\/www.badzurzach.info\/en\/comb-jug-its-consequences\/#breadcrumb"},"inLanguage":"en-US","potentialAction":[{"@type":"ReadAction","target":["https:\/\/www.badzurzach.info\/en\/comb-jug-its-consequences\/"]}]},{"@type":"ImageObject","inLanguage":"en-US","@id":"https:\/\/www.badzurzach.info\/en\/comb-jug-its-consequences\/#primaryimage","url":"https:\/\/www.badzurzach.info\/wp-content\/uploads\/2021\/11\/Computerformat-4_3-Bad-Zurzach_Luftaufnahme-Verenamuenster_1920px.jpg","contentUrl":"https:\/\/www.badzurzach.info\/wp-content\/uploads\/2021\/11\/Computerformat-4_3-Bad-Zurzach_Luftaufnahme-Verenamuenster_1920px.jpg","width":1920,"height":1440,"caption":"Bad Zurzach ist ein Marktflecken. Ausschlaggebend f\u00fcr die Entwicklung zu einem bedeutenden Markt- und Messeort war die Bedeutung Zurzachs* als Wallfahrtsort nach dem Tod der Heiligen Verena im Jahr 344 n. Chr. Die Grabst\u00e4tte der Heiligen Verena, das Verenam\u00fcnster, geh\u00f6rt zu den sch\u00f6nsten Kirchen im Kanton Aargau."},{"@type":"BreadcrumbList","@id":"https:\/\/www.badzurzach.info\/en\/comb-jug-its-consequences\/#breadcrumb","itemListElement":[{"@type":"ListItem","position":1,"name":"Home","item":"https:\/\/www.badzurzach.info\/en\/"},{"@type":"ListItem","position":2,"name":"Comb, jug &amp; its consequences"}]},{"@type":"WebSite","@id":"https:\/\/www.badzurzach.info\/#website","url":"https:\/\/www.badzurzach.info\/","name":"Bad Zurzach Tourismus","description":"Ihre Feriendestination Bad Zurzach","publisher":{"@id":"https:\/\/www.badzurzach.info\/#organization"},"potentialAction":[{"@type":"SearchAction","target":{"@type":"EntryPoint","urlTemplate":"https:\/\/www.badzurzach.info\/?s={search_term_string}"},"query-input":{"@type":"PropertyValueSpecification","valueRequired":true,"valueName":"search_term_string"}}],"inLanguage":"en-US"},{"@type":"Organization","@id":"https:\/\/www.badzurzach.info\/#organization","name":"Bad Zurzach Tourismus","url":"https:\/\/www.badzurzach.info\/","logo":{"@type":"ImageObject","inLanguage":"en-US","@id":"https:\/\/www.badzurzach.info\/#\/schema\/logo\/image\/","url":"https:\/\/www.badzurzach.info\/wp-content\/uploads\/2022\/02\/Thermalbad-Zurzach_Logo.png","contentUrl":"https:\/\/www.badzurzach.info\/wp-content\/uploads\/2022\/02\/Thermalbad-Zurzach_Logo.png","width":1180,"height":1705,"caption":"Bad Zurzach Tourismus"},"image":{"@id":"https:\/\/www.badzurzach.info\/#\/schema\/logo\/image\/"},"sameAs":["https:\/\/www.facebook.com\/badzurzachtourismus","https:\/\/x.com\/BadZurzach","https:\/\/www.instagram.com\/badzurzach.switzerland","https:\/\/www.linkedin.com\/company\/6134459\/"]}]}},"_links":{"self":[{"href":"https:\/\/www.badzurzach.info\/en\/wp-json\/wp\/v2\/pages\/117001","targetHints":{"allow":["GET"]}}],"collection":[{"href":"https:\/\/www.badzurzach.info\/en\/wp-json\/wp\/v2\/pages"}],"about":[{"href":"https:\/\/www.badzurzach.info\/en\/wp-json\/wp\/v2\/types\/page"}],"author":[{"embeddable":true,"href":"https:\/\/www.badzurzach.info\/en\/wp-json\/wp\/v2\/users\/9"}],"replies":[{"embeddable":true,"href":"https:\/\/www.badzurzach.info\/en\/wp-json\/wp\/v2\/comments?post=117001"}],"version-history":[{"count":4,"href":"https:\/\/www.badzurzach.info\/en\/wp-json\/wp\/v2\/pages\/117001\/revisions"}],"predecessor-version":[{"id":248117,"href":"https:\/\/www.badzurzach.info\/en\/wp-json\/wp\/v2\/pages\/117001\/revisions\/248117"}],"wp:featuredmedia":[{"embeddable":true,"href":"https:\/\/www.badzurzach.info\/en\/wp-json\/wp\/v2\/media\/2375"}],"wp:attachment":[{"href":"https:\/\/www.badzurzach.info\/en\/wp-json\/wp\/v2\/media?parent=117001"}],"curies":[{"name":"wp","href":"https:\/\/api.w.org\/{rel}","templated":true}]}}