{"id":117011,"date":"2022-01-06T15:21:20","date_gmt":"2022-01-06T14:21:20","guid":{"rendered":"https:\/\/www.badzurzach.info\/a-journey-into-the-roman-empire\/"},"modified":"2024-11-24T10:43:11","modified_gmt":"2024-11-24T09:43:11","slug":"a-journey-into-the-roman-empire","status":"publish","type":"page","link":"https:\/\/www.badzurzach.info\/en\/a-journey-into-the-roman-empire\/","title":{"rendered":"A journey into the Roman Empire"},"content":{"rendered":"\n<h3 class=\"wp-block-heading\">Roman guided tour through Bad Zurzach.<\/h3>\n\n<p>Bad Zurzach, then called &#8220;Tenedo&#8221;, was under Roman rule from 15 BC to 401 AD. Sights from this period include the Kirchlibuck, the early Roman military camp and the Verena burial site. On a guided tour, you will learn where the Roman inhabitants of Tenedo lived and worked and the background to this &#8211; a journey into the Roman Empire.<\/p>\n\n<figure class=\"wp-block-table is-style-regular\"><table><tbody><tr><td>Location<\/td><td>Bad Zurzach<\/td><\/tr><tr><td>Duration<\/td><td>1.0h<br\/>(extension to 1.5h or 2.0h possible)<\/td><\/tr><tr><td>Participants<\/td><td>up to 25 people per group<\/td><\/tr><tr><td>Costs<\/td><td>1.0h &#8211; CHF 150.- per group<br\/>1.5h &#8211; CHF 180.- per group<br\/>2.0h &#8211; CHF 210.- per group<\/td><\/tr><\/tbody><\/table><\/figure>\n\n<div style=\"height:30px\" aria-hidden=\"true\" class=\"wp-block-spacer\"><\/div>\n\n<div class=\"wp-block-columns is-layout-flex wp-container-core-columns-is-layout-9d6595d7 wp-block-columns-is-layout-flex\">\n<div class=\"wp-block-column is-layout-flow wp-block-column-is-layout-flow\" style=\"flex-basis:100%\">\n<div class=\"wp-block-buttons is-layout-flex wp-block-buttons-is-layout-flex\">\n<div class=\"wp-block-button has-custom-width wp-block-button__width-50 is-style-fill\"><a class=\"wp-block-button__link wp-element-button\" href=\"https:\/\/www.badzurzach.info\/en\/reservation-request\/?gruppenfuehrung=roemische-fuehrung\" style=\"border-radius:7px\">Send reservation request<\/a><\/div>\n<\/div>\n<\/div>\n<\/div>\n","protected":false},"excerpt":{"rendered":"<p>Roman guided tour through Bad Zurzach. Bad Zurzach, then called &#8220;Tenedo&#8221;, was under Roman rule from 15 BC to 401 AD. Sights from this period include the Kirchlibuck, the early Roman military camp and the Verena burial site. On a guided tour, you will learn where the Roman inhabitants of Tenedo lived and worked and [&hellip;]<\/p>\n","protected":false},"author":9,"featured_media":2907,"parent":0,"menu_order":0,"comment_status":"closed","ping_status":"closed","template":"","meta":{"_acf_changed":false,"_relevanssi_hide_post":"","_relevanssi_hide_content":"","_relevanssi_pin_for_all":"","_relevanssi_pin_keywords":"","_relevanssi_unpin_keywords":"","_relevanssi_related_keywords":"","_relevanssi_related_include_ids":"","_relevanssi_related_exclude_ids":"","_relevanssi_related_no_append":"","_relevanssi_related_not_related":"","_relevanssi_related_posts":"","_relevanssi_noindex_reason":"","footnotes":""},"class_list":["post-117011","page","type-page","status-publish","has-post-thumbnail","hentry"],"acf":[],"yoast_head":"<!-- This site is optimized with the Yoast SEO plugin v27.4 - https:\/\/yoast.com\/product\/yoast-seo-wordpress\/ -->\n<title>Roman guided tours<\/title>\n<meta name=\"description\" content=\"Bad Zurzach, then known as &quot;Tenedo&quot;, was under Roman rule from 15 BC to 401 AD. Many sights from this period can be visited.\" \/>\n<meta name=\"robots\" content=\"index, follow, max-snippet:-1, max-image-preview:large, max-video-preview:-1\" \/>\n<link rel=\"canonical\" href=\"https:\/\/www.badzurzach.info\/en\/a-journey-into-the-roman-empire\/\" \/>\n<meta property=\"og:locale\" content=\"en_US\" \/>\n<meta property=\"og:type\" content=\"article\" \/>\n<meta property=\"og:title\" content=\"A journey into the Roman Empire\" \/>\n<meta property=\"og:description\" content=\"Bad Zurzach, then known as &quot;Tenedo&quot;, was under Roman rule from 15 BC to 401 AD. Many sights from this period can be visited.\" \/>\n<meta property=\"og:url\" content=\"https:\/\/www.badzurzach.info\/en\/a-journey-into-the-roman-empire\/\" \/>\n<meta property=\"og:site_name\" content=\"Bad Zurzach Tourismus\" \/>\n<meta property=\"article:publisher\" content=\"https:\/\/www.facebook.com\/badzurzachtourismus\" \/>\n<meta property=\"article:modified_time\" content=\"2024-11-24T09:43:11+00:00\" \/>\n<meta property=\"og:image\" content=\"https:\/\/www.badzurzach.info\/wp-content\/uploads\/2021\/12\/Bad-Zurzach_Flecken_Zum-roemischen-Kaiser_600px-1-edited-300x300.jpg\" \/>\n<meta name=\"twitter:card\" content=\"summary_large_image\" \/>\n<meta name=\"twitter:site\" content=\"@BadZurzach\" \/>\n<script type=\"application\/ld+json\" class=\"yoast-schema-graph\">{\"@context\":\"https:\\\/\\\/schema.org\",\"@graph\":[{\"@type\":\"WebPage\",\"@id\":\"https:\\\/\\\/www.badzurzach.info\\\/en\\\/a-journey-into-the-roman-empire\\\/\",\"url\":\"https:\\\/\\\/www.badzurzach.info\\\/en\\\/a-journey-into-the-roman-empire\\\/\",\"name\":\"Roman guided tours\",\"isPartOf\":{\"@id\":\"https:\\\/\\\/www.badzurzach.info\\\/#website\"},\"primaryImageOfPage\":{\"@id\":\"https:\\\/\\\/www.badzurzach.info\\\/en\\\/a-journey-into-the-roman-empire\\\/#primaryimage\"},\"image\":{\"@id\":\"https:\\\/\\\/www.badzurzach.info\\\/en\\\/a-journey-into-the-roman-empire\\\/#primaryimage\"},\"thumbnailUrl\":\"https:\\\/\\\/www.badzurzach.info\\\/wp-content\\\/uploads\\\/2022\\\/01\\\/Bad-Zurzach_Flecken_Zum-roemischen-Kaiser_1920px.jpg\",\"datePublished\":\"2022-01-06T14:21:20+00:00\",\"dateModified\":\"2024-11-24T09:43:11+00:00\",\"description\":\"Bad Zurzach, then known as \\\"Tenedo\\\", was under Roman rule from 15 BC to 401 AD. Many sights from this period can be visited.\",\"breadcrumb\":{\"@id\":\"https:\\\/\\\/www.badzurzach.info\\\/en\\\/a-journey-into-the-roman-empire\\\/#breadcrumb\"},\"inLanguage\":\"en-US\",\"potentialAction\":[{\"@type\":\"ReadAction\",\"target\":[\"https:\\\/\\\/www.badzurzach.info\\\/en\\\/a-journey-into-the-roman-empire\\\/\"]}]},{\"@type\":\"ImageObject\",\"inLanguage\":\"en-US\",\"@id\":\"https:\\\/\\\/www.badzurzach.info\\\/en\\\/a-journey-into-the-roman-empire\\\/#primaryimage\",\"url\":\"https:\\\/\\\/www.badzurzach.info\\\/wp-content\\\/uploads\\\/2022\\\/01\\\/Bad-Zurzach_Flecken_Zum-roemischen-Kaiser_1920px.jpg\",\"contentUrl\":\"https:\\\/\\\/www.badzurzach.info\\\/wp-content\\\/uploads\\\/2022\\\/01\\\/Bad-Zurzach_Flecken_Zum-roemischen-Kaiser_1920px.jpg\",\"width\":1920,\"height\":1278,\"caption\":\"Bad Zurzach ist ein Marktflecken. Ausschlaggebend f\u00fcr die Entwicklung zu einem bedeutenden Markt- und Messeort war die Bedeutung Zurzachs* als Wallfahrtsort nach dem Tod der Heiligen Verena im Jahr 344 n. Chr. Die Grabst\u00e4tte der Heiligen Verena, das Verenam\u00fcnster, geh\u00f6rt zu den sch\u00f6nsten Kirchen im Kanton Aargau.\"},{\"@type\":\"BreadcrumbList\",\"@id\":\"https:\\\/\\\/www.badzurzach.info\\\/en\\\/a-journey-into-the-roman-empire\\\/#breadcrumb\",\"itemListElement\":[{\"@type\":\"ListItem\",\"position\":1,\"name\":\"Home\",\"item\":\"https:\\\/\\\/www.badzurzach.info\\\/en\\\/\"},{\"@type\":\"ListItem\",\"position\":2,\"name\":\"A journey into the Roman Empire\"}]},{\"@type\":\"WebSite\",\"@id\":\"https:\\\/\\\/www.badzurzach.info\\\/#website\",\"url\":\"https:\\\/\\\/www.badzurzach.info\\\/\",\"name\":\"Bad Zurzach Tourismus\",\"description\":\"Ihre Feriendestination Bad Zurzach\",\"publisher\":{\"@id\":\"https:\\\/\\\/www.badzurzach.info\\\/#organization\"},\"potentialAction\":[{\"@type\":\"SearchAction\",\"target\":{\"@type\":\"EntryPoint\",\"urlTemplate\":\"https:\\\/\\\/www.badzurzach.info\\\/?s={search_term_string}\"},\"query-input\":{\"@type\":\"PropertyValueSpecification\",\"valueRequired\":true,\"valueName\":\"search_term_string\"}}],\"inLanguage\":\"en-US\"},{\"@type\":\"Organization\",\"@id\":\"https:\\\/\\\/www.badzurzach.info\\\/#organization\",\"name\":\"Bad Zurzach Tourismus\",\"url\":\"https:\\\/\\\/www.badzurzach.info\\\/\",\"logo\":{\"@type\":\"ImageObject\",\"inLanguage\":\"en-US\",\"@id\":\"https:\\\/\\\/www.badzurzach.info\\\/#\\\/schema\\\/logo\\\/image\\\/\",\"url\":\"https:\\\/\\\/www.badzurzach.info\\\/wp-content\\\/uploads\\\/2022\\\/02\\\/Thermalbad-Zurzach_Logo.png\",\"contentUrl\":\"https:\\\/\\\/www.badzurzach.info\\\/wp-content\\\/uploads\\\/2022\\\/02\\\/Thermalbad-Zurzach_Logo.png\",\"width\":1180,\"height\":1705,\"caption\":\"Bad Zurzach Tourismus\"},\"image\":{\"@id\":\"https:\\\/\\\/www.badzurzach.info\\\/#\\\/schema\\\/logo\\\/image\\\/\"},\"sameAs\":[\"https:\\\/\\\/www.facebook.com\\\/badzurzachtourismus\",\"https:\\\/\\\/x.com\\\/BadZurzach\",\"https:\\\/\\\/www.instagram.com\\\/badzurzach.switzerland\",\"https:\\\/\\\/www.linkedin.com\\\/company\\\/6134459\\\/\"]}]}<\/script>\n<!-- \/ Yoast SEO plugin. -->","yoast_head_json":{"title":"Roman guided tours","description":"Bad Zurzach, then known as \"Tenedo\", was under Roman rule from 15 BC to 401 AD. Many sights from this period can be visited.","robots":{"index":"index","follow":"follow","max-snippet":"max-snippet:-1","max-image-preview":"max-image-preview:large","max-video-preview":"max-video-preview:-1"},"canonical":"https:\/\/www.badzurzach.info\/en\/a-journey-into-the-roman-empire\/","og_locale":"en_US","og_type":"article","og_title":"A journey into the Roman Empire","og_description":"Bad Zurzach, then known as \"Tenedo\", was under Roman rule from 15 BC to 401 AD. Many sights from this period can be visited.","og_url":"https:\/\/www.badzurzach.info\/en\/a-journey-into-the-roman-empire\/","og_site_name":"Bad Zurzach Tourismus","article_publisher":"https:\/\/www.facebook.com\/badzurzachtourismus","article_modified_time":"2024-11-24T09:43:11+00:00","og_image":[{"url":"https:\/\/www.badzurzach.info\/wp-content\/uploads\/2021\/12\/Bad-Zurzach_Flecken_Zum-roemischen-Kaiser_600px-1-edited-300x300.jpg","type":"","width":"","height":""}],"twitter_card":"summary_large_image","twitter_site":"@BadZurzach","schema":{"@context":"https:\/\/schema.org","@graph":[{"@type":"WebPage","@id":"https:\/\/www.badzurzach.info\/en\/a-journey-into-the-roman-empire\/","url":"https:\/\/www.badzurzach.info\/en\/a-journey-into-the-roman-empire\/","name":"Roman guided tours","isPartOf":{"@id":"https:\/\/www.badzurzach.info\/#website"},"primaryImageOfPage":{"@id":"https:\/\/www.badzurzach.info\/en\/a-journey-into-the-roman-empire\/#primaryimage"},"image":{"@id":"https:\/\/www.badzurzach.info\/en\/a-journey-into-the-roman-empire\/#primaryimage"},"thumbnailUrl":"https:\/\/www.badzurzach.info\/wp-content\/uploads\/2022\/01\/Bad-Zurzach_Flecken_Zum-roemischen-Kaiser_1920px.jpg","datePublished":"2022-01-06T14:21:20+00:00","dateModified":"2024-11-24T09:43:11+00:00","description":"Bad Zurzach, then known as \"Tenedo\", was under Roman rule from 15 BC to 401 AD. Many sights from this period can be visited.","breadcrumb":{"@id":"https:\/\/www.badzurzach.info\/en\/a-journey-into-the-roman-empire\/#breadcrumb"},"inLanguage":"en-US","potentialAction":[{"@type":"ReadAction","target":["https:\/\/www.badzurzach.info\/en\/a-journey-into-the-roman-empire\/"]}]},{"@type":"ImageObject","inLanguage":"en-US","@id":"https:\/\/www.badzurzach.info\/en\/a-journey-into-the-roman-empire\/#primaryimage","url":"https:\/\/www.badzurzach.info\/wp-content\/uploads\/2022\/01\/Bad-Zurzach_Flecken_Zum-roemischen-Kaiser_1920px.jpg","contentUrl":"https:\/\/www.badzurzach.info\/wp-content\/uploads\/2022\/01\/Bad-Zurzach_Flecken_Zum-roemischen-Kaiser_1920px.jpg","width":1920,"height":1278,"caption":"Bad Zurzach ist ein Marktflecken. Ausschlaggebend f\u00fcr die Entwicklung zu einem bedeutenden Markt- und Messeort war die Bedeutung Zurzachs* als Wallfahrtsort nach dem Tod der Heiligen Verena im Jahr 344 n. Chr. Die Grabst\u00e4tte der Heiligen Verena, das Verenam\u00fcnster, geh\u00f6rt zu den sch\u00f6nsten Kirchen im Kanton Aargau."},{"@type":"BreadcrumbList","@id":"https:\/\/www.badzurzach.info\/en\/a-journey-into-the-roman-empire\/#breadcrumb","itemListElement":[{"@type":"ListItem","position":1,"name":"Home","item":"https:\/\/www.badzurzach.info\/en\/"},{"@type":"ListItem","position":2,"name":"A journey into the Roman Empire"}]},{"@type":"WebSite","@id":"https:\/\/www.badzurzach.info\/#website","url":"https:\/\/www.badzurzach.info\/","name":"Bad Zurzach Tourismus","description":"Ihre Feriendestination Bad Zurzach","publisher":{"@id":"https:\/\/www.badzurzach.info\/#organization"},"potentialAction":[{"@type":"SearchAction","target":{"@type":"EntryPoint","urlTemplate":"https:\/\/www.badzurzach.info\/?s={search_term_string}"},"query-input":{"@type":"PropertyValueSpecification","valueRequired":true,"valueName":"search_term_string"}}],"inLanguage":"en-US"},{"@type":"Organization","@id":"https:\/\/www.badzurzach.info\/#organization","name":"Bad Zurzach Tourismus","url":"https:\/\/www.badzurzach.info\/","logo":{"@type":"ImageObject","inLanguage":"en-US","@id":"https:\/\/www.badzurzach.info\/#\/schema\/logo\/image\/","url":"https:\/\/www.badzurzach.info\/wp-content\/uploads\/2022\/02\/Thermalbad-Zurzach_Logo.png","contentUrl":"https:\/\/www.badzurzach.info\/wp-content\/uploads\/2022\/02\/Thermalbad-Zurzach_Logo.png","width":1180,"height":1705,"caption":"Bad Zurzach Tourismus"},"image":{"@id":"https:\/\/www.badzurzach.info\/#\/schema\/logo\/image\/"},"sameAs":["https:\/\/www.facebook.com\/badzurzachtourismus","https:\/\/x.com\/BadZurzach","https:\/\/www.instagram.com\/badzurzach.switzerland","https:\/\/www.linkedin.com\/company\/6134459\/"]}]}},"_links":{"self":[{"href":"https:\/\/www.badzurzach.info\/en\/wp-json\/wp\/v2\/pages\/117011","targetHints":{"allow":["GET"]}}],"collection":[{"href":"https:\/\/www.badzurzach.info\/en\/wp-json\/wp\/v2\/pages"}],"about":[{"href":"https:\/\/www.badzurzach.info\/en\/wp-json\/wp\/v2\/types\/page"}],"author":[{"embeddable":true,"href":"https:\/\/www.badzurzach.info\/en\/wp-json\/wp\/v2\/users\/9"}],"replies":[{"embeddable":true,"href":"https:\/\/www.badzurzach.info\/en\/wp-json\/wp\/v2\/comments?post=117011"}],"version-history":[{"count":2,"href":"https:\/\/www.badzurzach.info\/en\/wp-json\/wp\/v2\/pages\/117011\/revisions"}],"predecessor-version":[{"id":171871,"href":"https:\/\/www.badzurzach.info\/en\/wp-json\/wp\/v2\/pages\/117011\/revisions\/171871"}],"wp:featuredmedia":[{"embeddable":true,"href":"https:\/\/www.badzurzach.info\/en\/wp-json\/wp\/v2\/media\/2907"}],"wp:attachment":[{"href":"https:\/\/www.badzurzach.info\/en\/wp-json\/wp\/v2\/media?parent=117011"}],"curies":[{"name":"wp","href":"https:\/\/api.w.org\/{rel}","templated":true}]}}