{"id":117013,"date":"2022-01-06T15:08:56","date_gmt":"2022-01-06T14:08:56","guid":{"rendered":"https:\/\/www.badzurzach.info\/from-grain-to-flour\/"},"modified":"2024-11-24T10:44:56","modified_gmt":"2024-11-24T09:44:56","slug":"from-grain-to-flour","status":"publish","type":"page","link":"https:\/\/www.badzurzach.info\/en\/from-grain-to-flour\/","title":{"rendered":"From grain to flour"},"content":{"rendered":"\n<h3 class=\"wp-block-heading\">Discovery tour through the Barzm\u00fchle Bad Zurzach &#8211; from grain to flour.<\/h3>\n\n<p>The mill just outside the former market town of Bad Zurzach still shows the original craft as it was practiced 500 years ago. After restoration and the installation of a new water wheel, grain can now be milled again as it was in ancient times. On the top floor there is a small exhibition on cereal cultivation and the annual cycle of farming before the machine age is also shown.  <\/p>\n\n<figure class=\"wp-block-table is-style-regular\"><table><tbody><tr><td>Location<\/td><td>Bad Zurzach<\/td><\/tr><tr><td>Duration<\/td><td>1.0 h<\/td><\/tr><tr><td>Participants<\/td><td>up to 25 people per group<\/td><\/tr><tr><td>Costs<\/td><td>CHF 150.- per group<\/td><\/tr><\/tbody><\/table><\/figure>\n\n<div style=\"height:30px\" aria-hidden=\"true\" class=\"wp-block-spacer\"><\/div>\n\n<div class=\"wp-block-columns is-layout-flex wp-container-core-columns-is-layout-9d6595d7 wp-block-columns-is-layout-flex\">\n<div class=\"wp-block-column is-layout-flow wp-block-column-is-layout-flow\" style=\"flex-basis:100%\">\n<div class=\"wp-block-buttons is-layout-flex wp-block-buttons-is-layout-flex\">\n<div class=\"wp-block-button has-custom-width wp-block-button__width-50 is-style-fill\"><a class=\"wp-block-button__link wp-element-button\" href=\"https:\/\/www.badzurzach.info\/en\/reservation-request\/?gruppenfuehrung=barzmuehle-fuehrung\" style=\"border-radius:7px\">Send reservation request<\/a><\/div>\n<\/div>\n<\/div>\n<\/div>\n","protected":false},"excerpt":{"rendered":"<p>Discovery tour through the Barzm\u00fchle Bad Zurzach &#8211; from grain to flour. The mill just outside the former market town of Bad Zurzach still shows the original craft as it was practiced 500 years ago. After restoration and the installation of a new water wheel, grain can now be milled again as it was in [&hellip;]<\/p>\n","protected":false},"author":9,"featured_media":1949,"parent":0,"menu_order":0,"comment_status":"closed","ping_status":"closed","template":"","meta":{"_acf_changed":false,"_relevanssi_hide_post":"","_relevanssi_hide_content":"","_relevanssi_pin_for_all":"","_relevanssi_pin_keywords":"","_relevanssi_unpin_keywords":"","_relevanssi_related_keywords":"","_relevanssi_related_include_ids":"","_relevanssi_related_exclude_ids":"","_relevanssi_related_no_append":"","_relevanssi_related_not_related":"","_relevanssi_related_posts":"","_relevanssi_noindex_reason":"","footnotes":""},"class_list":["post-117013","page","type-page","status-publish","has-post-thumbnail","hentry"],"acf":[],"yoast_head":"<!-- This site is optimized with the Yoast SEO plugin v27.4 - https:\/\/yoast.com\/product\/yoast-seo-wordpress\/ -->\n<title>Guided tour from grain to flour<\/title>\n<meta name=\"description\" content=\"A guided tour of the Barzm\u00fchle mill just outside Bad Zurzach shows the original craft as it was 500 years ago.\" \/>\n<meta name=\"robots\" content=\"index, follow, max-snippet:-1, max-image-preview:large, max-video-preview:-1\" \/>\n<link rel=\"canonical\" href=\"https:\/\/www.badzurzach.info\/en\/from-grain-to-flour\/\" \/>\n<meta property=\"og:locale\" content=\"en_US\" \/>\n<meta property=\"og:type\" content=\"article\" \/>\n<meta property=\"og:title\" content=\"From guidance from grain to flour\" \/>\n<meta property=\"og:description\" content=\"A guided tour of the Barzm\u00fchle mill just outside Bad Zurzach shows the original craft as it was 500 years ago.\" \/>\n<meta property=\"og:url\" content=\"https:\/\/www.badzurzach.info\/en\/from-grain-to-flour\/\" \/>\n<meta property=\"og:site_name\" content=\"Bad Zurzach Tourismus\" \/>\n<meta property=\"article:publisher\" content=\"https:\/\/www.facebook.com\/badzurzachtourismus\" \/>\n<meta property=\"article:modified_time\" content=\"2024-11-24T09:44:56+00:00\" \/>\n<meta property=\"og:image\" content=\"https:\/\/www.badzurzach.info\/wp-content\/uploads\/2022\/01\/Barzmuehle_Wasserrad_600px-edited-1.jpg\" \/>\n<meta name=\"twitter:card\" content=\"summary_large_image\" \/>\n<meta name=\"twitter:site\" content=\"@BadZurzach\" \/>\n<script type=\"application\/ld+json\" class=\"yoast-schema-graph\">{\"@context\":\"https:\\\/\\\/schema.org\",\"@graph\":[{\"@type\":\"WebPage\",\"@id\":\"https:\\\/\\\/www.badzurzach.info\\\/en\\\/from-grain-to-flour\\\/\",\"url\":\"https:\\\/\\\/www.badzurzach.info\\\/en\\\/from-grain-to-flour\\\/\",\"name\":\"Guided tour from grain to flour\",\"isPartOf\":{\"@id\":\"https:\\\/\\\/www.badzurzach.info\\\/#website\"},\"primaryImageOfPage\":{\"@id\":\"https:\\\/\\\/www.badzurzach.info\\\/en\\\/from-grain-to-flour\\\/#primaryimage\"},\"image\":{\"@id\":\"https:\\\/\\\/www.badzurzach.info\\\/en\\\/from-grain-to-flour\\\/#primaryimage\"},\"thumbnailUrl\":\"https:\\\/\\\/www.badzurzach.info\\\/wp-content\\\/uploads\\\/2021\\\/11\\\/Barzmuehle_Innenraum_2_1920px.jpg\",\"datePublished\":\"2022-01-06T14:08:56+00:00\",\"dateModified\":\"2024-11-24T09:44:56+00:00\",\"description\":\"A guided tour of the Barzm\u00fchle mill just outside Bad Zurzach shows the original craft as it was 500 years ago.\",\"breadcrumb\":{\"@id\":\"https:\\\/\\\/www.badzurzach.info\\\/en\\\/from-grain-to-flour\\\/#breadcrumb\"},\"inLanguage\":\"en-US\",\"potentialAction\":[{\"@type\":\"ReadAction\",\"target\":[\"https:\\\/\\\/www.badzurzach.info\\\/en\\\/from-grain-to-flour\\\/\"]}]},{\"@type\":\"ImageObject\",\"inLanguage\":\"en-US\",\"@id\":\"https:\\\/\\\/www.badzurzach.info\\\/en\\\/from-grain-to-flour\\\/#primaryimage\",\"url\":\"https:\\\/\\\/www.badzurzach.info\\\/wp-content\\\/uploads\\\/2021\\\/11\\\/Barzmuehle_Innenraum_2_1920px.jpg\",\"contentUrl\":\"https:\\\/\\\/www.badzurzach.info\\\/wp-content\\\/uploads\\\/2021\\\/11\\\/Barzmuehle_Innenraum_2_1920px.jpg\",\"width\":1920,\"height\":1280,\"caption\":\"Die erste schriftliche Kunde einer Schiffsm\u00fchle geht auf das Jahr 1446 zur\u00fcck. Urspr\u00fcnglich genutzt als Getreidem\u00fchle, beherbergt das Geb\u00e4ude heute ein Getreidebau-Museum sowie eine Schmiede. Im Dachgeschoss ist eine kleine Ausstellung zum Getreideanbau zu sehen und auch der Jahresablauf des Ackerbaus vor dem Maschinenzeitalter wird dargestellt. Die Barzm\u00fchle liegt in der Naherholungszone von Zurzach und Rietheim direkt am Rhein zur deutschen Grenze.\"},{\"@type\":\"BreadcrumbList\",\"@id\":\"https:\\\/\\\/www.badzurzach.info\\\/en\\\/from-grain-to-flour\\\/#breadcrumb\",\"itemListElement\":[{\"@type\":\"ListItem\",\"position\":1,\"name\":\"Home\",\"item\":\"https:\\\/\\\/www.badzurzach.info\\\/en\\\/\"},{\"@type\":\"ListItem\",\"position\":2,\"name\":\"From grain to flour\"}]},{\"@type\":\"WebSite\",\"@id\":\"https:\\\/\\\/www.badzurzach.info\\\/#website\",\"url\":\"https:\\\/\\\/www.badzurzach.info\\\/\",\"name\":\"Bad Zurzach Tourismus\",\"description\":\"Ihre Feriendestination Bad Zurzach\",\"publisher\":{\"@id\":\"https:\\\/\\\/www.badzurzach.info\\\/#organization\"},\"potentialAction\":[{\"@type\":\"SearchAction\",\"target\":{\"@type\":\"EntryPoint\",\"urlTemplate\":\"https:\\\/\\\/www.badzurzach.info\\\/?s={search_term_string}\"},\"query-input\":{\"@type\":\"PropertyValueSpecification\",\"valueRequired\":true,\"valueName\":\"search_term_string\"}}],\"inLanguage\":\"en-US\"},{\"@type\":\"Organization\",\"@id\":\"https:\\\/\\\/www.badzurzach.info\\\/#organization\",\"name\":\"Bad Zurzach Tourismus\",\"url\":\"https:\\\/\\\/www.badzurzach.info\\\/\",\"logo\":{\"@type\":\"ImageObject\",\"inLanguage\":\"en-US\",\"@id\":\"https:\\\/\\\/www.badzurzach.info\\\/#\\\/schema\\\/logo\\\/image\\\/\",\"url\":\"https:\\\/\\\/www.badzurzach.info\\\/wp-content\\\/uploads\\\/2022\\\/02\\\/Thermalbad-Zurzach_Logo.png\",\"contentUrl\":\"https:\\\/\\\/www.badzurzach.info\\\/wp-content\\\/uploads\\\/2022\\\/02\\\/Thermalbad-Zurzach_Logo.png\",\"width\":1180,\"height\":1705,\"caption\":\"Bad Zurzach Tourismus\"},\"image\":{\"@id\":\"https:\\\/\\\/www.badzurzach.info\\\/#\\\/schema\\\/logo\\\/image\\\/\"},\"sameAs\":[\"https:\\\/\\\/www.facebook.com\\\/badzurzachtourismus\",\"https:\\\/\\\/x.com\\\/BadZurzach\",\"https:\\\/\\\/www.instagram.com\\\/badzurzach.switzerland\",\"https:\\\/\\\/www.linkedin.com\\\/company\\\/6134459\\\/\"]}]}<\/script>\n<!-- \/ Yoast SEO plugin. -->","yoast_head_json":{"title":"Guided tour from grain to flour","description":"A guided tour of the Barzm\u00fchle mill just outside Bad Zurzach shows the original craft as it was 500 years ago.","robots":{"index":"index","follow":"follow","max-snippet":"max-snippet:-1","max-image-preview":"max-image-preview:large","max-video-preview":"max-video-preview:-1"},"canonical":"https:\/\/www.badzurzach.info\/en\/from-grain-to-flour\/","og_locale":"en_US","og_type":"article","og_title":"From guidance from grain to flour","og_description":"A guided tour of the Barzm\u00fchle mill just outside Bad Zurzach shows the original craft as it was 500 years ago.","og_url":"https:\/\/www.badzurzach.info\/en\/from-grain-to-flour\/","og_site_name":"Bad Zurzach Tourismus","article_publisher":"https:\/\/www.facebook.com\/badzurzachtourismus","article_modified_time":"2024-11-24T09:44:56+00:00","og_image":[{"url":"https:\/\/www.badzurzach.info\/wp-content\/uploads\/2022\/01\/Barzmuehle_Wasserrad_600px-edited-1.jpg","type":"","width":"","height":""}],"twitter_card":"summary_large_image","twitter_site":"@BadZurzach","schema":{"@context":"https:\/\/schema.org","@graph":[{"@type":"WebPage","@id":"https:\/\/www.badzurzach.info\/en\/from-grain-to-flour\/","url":"https:\/\/www.badzurzach.info\/en\/from-grain-to-flour\/","name":"Guided tour from grain to flour","isPartOf":{"@id":"https:\/\/www.badzurzach.info\/#website"},"primaryImageOfPage":{"@id":"https:\/\/www.badzurzach.info\/en\/from-grain-to-flour\/#primaryimage"},"image":{"@id":"https:\/\/www.badzurzach.info\/en\/from-grain-to-flour\/#primaryimage"},"thumbnailUrl":"https:\/\/www.badzurzach.info\/wp-content\/uploads\/2021\/11\/Barzmuehle_Innenraum_2_1920px.jpg","datePublished":"2022-01-06T14:08:56+00:00","dateModified":"2024-11-24T09:44:56+00:00","description":"A guided tour of the Barzm\u00fchle mill just outside Bad Zurzach shows the original craft as it was 500 years ago.","breadcrumb":{"@id":"https:\/\/www.badzurzach.info\/en\/from-grain-to-flour\/#breadcrumb"},"inLanguage":"en-US","potentialAction":[{"@type":"ReadAction","target":["https:\/\/www.badzurzach.info\/en\/from-grain-to-flour\/"]}]},{"@type":"ImageObject","inLanguage":"en-US","@id":"https:\/\/www.badzurzach.info\/en\/from-grain-to-flour\/#primaryimage","url":"https:\/\/www.badzurzach.info\/wp-content\/uploads\/2021\/11\/Barzmuehle_Innenraum_2_1920px.jpg","contentUrl":"https:\/\/www.badzurzach.info\/wp-content\/uploads\/2021\/11\/Barzmuehle_Innenraum_2_1920px.jpg","width":1920,"height":1280,"caption":"Die erste schriftliche Kunde einer Schiffsm\u00fchle geht auf das Jahr 1446 zur\u00fcck. Urspr\u00fcnglich genutzt als Getreidem\u00fchle, beherbergt das Geb\u00e4ude heute ein Getreidebau-Museum sowie eine Schmiede. Im Dachgeschoss ist eine kleine Ausstellung zum Getreideanbau zu sehen und auch der Jahresablauf des Ackerbaus vor dem Maschinenzeitalter wird dargestellt. Die Barzm\u00fchle liegt in der Naherholungszone von Zurzach und Rietheim direkt am Rhein zur deutschen Grenze."},{"@type":"BreadcrumbList","@id":"https:\/\/www.badzurzach.info\/en\/from-grain-to-flour\/#breadcrumb","itemListElement":[{"@type":"ListItem","position":1,"name":"Home","item":"https:\/\/www.badzurzach.info\/en\/"},{"@type":"ListItem","position":2,"name":"From grain to flour"}]},{"@type":"WebSite","@id":"https:\/\/www.badzurzach.info\/#website","url":"https:\/\/www.badzurzach.info\/","name":"Bad Zurzach Tourismus","description":"Ihre Feriendestination Bad Zurzach","publisher":{"@id":"https:\/\/www.badzurzach.info\/#organization"},"potentialAction":[{"@type":"SearchAction","target":{"@type":"EntryPoint","urlTemplate":"https:\/\/www.badzurzach.info\/?s={search_term_string}"},"query-input":{"@type":"PropertyValueSpecification","valueRequired":true,"valueName":"search_term_string"}}],"inLanguage":"en-US"},{"@type":"Organization","@id":"https:\/\/www.badzurzach.info\/#organization","name":"Bad Zurzach Tourismus","url":"https:\/\/www.badzurzach.info\/","logo":{"@type":"ImageObject","inLanguage":"en-US","@id":"https:\/\/www.badzurzach.info\/#\/schema\/logo\/image\/","url":"https:\/\/www.badzurzach.info\/wp-content\/uploads\/2022\/02\/Thermalbad-Zurzach_Logo.png","contentUrl":"https:\/\/www.badzurzach.info\/wp-content\/uploads\/2022\/02\/Thermalbad-Zurzach_Logo.png","width":1180,"height":1705,"caption":"Bad Zurzach Tourismus"},"image":{"@id":"https:\/\/www.badzurzach.info\/#\/schema\/logo\/image\/"},"sameAs":["https:\/\/www.facebook.com\/badzurzachtourismus","https:\/\/x.com\/BadZurzach","https:\/\/www.instagram.com\/badzurzach.switzerland","https:\/\/www.linkedin.com\/company\/6134459\/"]}]}},"_links":{"self":[{"href":"https:\/\/www.badzurzach.info\/en\/wp-json\/wp\/v2\/pages\/117013","targetHints":{"allow":["GET"]}}],"collection":[{"href":"https:\/\/www.badzurzach.info\/en\/wp-json\/wp\/v2\/pages"}],"about":[{"href":"https:\/\/www.badzurzach.info\/en\/wp-json\/wp\/v2\/types\/page"}],"author":[{"embeddable":true,"href":"https:\/\/www.badzurzach.info\/en\/wp-json\/wp\/v2\/users\/9"}],"replies":[{"embeddable":true,"href":"https:\/\/www.badzurzach.info\/en\/wp-json\/wp\/v2\/comments?post=117013"}],"version-history":[{"count":2,"href":"https:\/\/www.badzurzach.info\/en\/wp-json\/wp\/v2\/pages\/117013\/revisions"}],"predecessor-version":[{"id":171874,"href":"https:\/\/www.badzurzach.info\/en\/wp-json\/wp\/v2\/pages\/117013\/revisions\/171874"}],"wp:featuredmedia":[{"embeddable":true,"href":"https:\/\/www.badzurzach.info\/en\/wp-json\/wp\/v2\/media\/1949"}],"wp:attachment":[{"href":"https:\/\/www.badzurzach.info\/en\/wp-json\/wp\/v2\/media?parent=117013"}],"curies":[{"name":"wp","href":"https:\/\/api.w.org\/{rel}","templated":true}]}}