{"id":117024,"date":"2022-01-06T14:32:45","date_gmt":"2022-01-06T13:32:45","guid":{"rendered":"https:\/\/www.badzurzach.info\/on-the-trail-of-beavers-frogs-co\/"},"modified":"2024-11-24T10:17:34","modified_gmt":"2024-11-24T09:17:34","slug":"on-the-trail-of-beavers-frogs-co","status":"publish","type":"page","link":"https:\/\/www.badzurzach.info\/en\/on-the-trail-of-beavers-frogs-co\/","title":{"rendered":"On the trail of beavers, frogs &amp; co."},"content":{"rendered":"\n<h3 class=\"wp-block-heading\">Guided tour through the &#8220;Chly Rhy&#8221; floodplain &#8211; On the trail of beavers, frogs &amp; co.<\/h3>\n\n<p>Experience the local recreation area in Rietheim in a slightly different way. Have you always wanted to know why the beaver is expanding its habitat here or why the yellow-bellied toads feel so at home here? The guided tour of the nature reserve is tailored to your wishes and, of course, to the time of year.<\/p>\n\n<p>In high summer, the tour is suitable in the morning at 7:00 a.m. or in the evening from 8:00 p.m.!<\/p>\n\n<figure class=\"wp-block-table is-style-regular\"><table><tbody><tr><td>Location<\/td><td>Aue &#8220;Chly Rhy&#8221;, Rietheim<\/td><\/tr><tr><td>Duration<\/td><td>1.5h<br\/>(extension to 2h possible)<\/td><\/tr><tr><td>Participants<\/td><td>up to 25 people per group<\/td><\/tr><tr><td>Costs<\/td><td>1.5h &#8211; CHF 230.- per group<br\/>2.0h &#8211; CHF 250.- per group<\/td><\/tr><\/tbody><\/table><\/figure>\n\n<div style=\"height:30px\" aria-hidden=\"true\" class=\"wp-block-spacer\"><\/div>\n\n<div class=\"wp-block-columns is-layout-flex wp-container-core-columns-is-layout-9d6595d7 wp-block-columns-is-layout-flex\">\n<div class=\"wp-block-column is-layout-flow wp-block-column-is-layout-flow\" style=\"flex-basis:100%\">\n<div class=\"wp-block-buttons is-layout-flex wp-block-buttons-is-layout-flex\">\n<div class=\"wp-block-button has-custom-width wp-block-button__width-50 is-style-fill\"><a class=\"wp-block-button__link wp-element-button\" href=\"https:\/\/www.badzurzach.info\/en\/reservation-request\/?gruppenfuehrung=auenfuehrung\" style=\"border-radius:7px\">Send reservation request<\/a><\/div>\n<\/div>\n<\/div>\n<\/div>\n","protected":false},"excerpt":{"rendered":"<p>Guided tour through the &#8220;Chly Rhy&#8221; floodplain &#8211; On the trail of beavers, frogs &amp; co. Experience the local recreation area in Rietheim in a slightly different way. Have you always wanted to know why the beaver is expanding its habitat here or why the yellow-bellied toads feel so at home here? The guided tour [&hellip;]<\/p>\n","protected":false},"author":9,"featured_media":2872,"parent":0,"menu_order":0,"comment_status":"closed","ping_status":"closed","template":"","meta":{"_acf_changed":false,"_relevanssi_hide_post":"","_relevanssi_hide_content":"","_relevanssi_pin_for_all":"","_relevanssi_pin_keywords":"","_relevanssi_unpin_keywords":"","_relevanssi_related_keywords":"","_relevanssi_related_include_ids":"","_relevanssi_related_exclude_ids":"","_relevanssi_related_no_append":"","_relevanssi_related_not_related":"","_relevanssi_related_posts":"","_relevanssi_noindex_reason":"","footnotes":""},"class_list":["post-117024","page","type-page","status-publish","has-post-thumbnail","hentry"],"acf":[],"yoast_head":"<!-- This site is optimized with the Yoast SEO plugin v27.4 - https:\/\/yoast.com\/product\/yoast-seo-wordpress\/ -->\n<title>Bad Zurzach Tourismus On the trail of beavers, frogs &amp; co. -<\/title>\n<meta name=\"description\" content=\"Experience nature on the Aargau High Rhine, the Aue Chly Rhy recreation area, in a different way with guided tours through the nature reserve.\" \/>\n<meta name=\"robots\" content=\"index, follow, max-snippet:-1, max-image-preview:large, max-video-preview:-1\" \/>\n<link rel=\"canonical\" href=\"https:\/\/www.badzurzach.info\/en\/on-the-trail-of-beavers-frogs-co\/\" \/>\n<meta property=\"og:locale\" content=\"en_US\" \/>\n<meta property=\"og:type\" content=\"article\" \/>\n<meta property=\"og:title\" content=\"Guided tours Aue &quot;Chly Rhy&quot;\" \/>\n<meta property=\"og:description\" content=\"Experience nature on the Aargau High Rhine, the Aue Chly Rhy recreation area, in a different way with guided tours through the nature reserve.\" \/>\n<meta property=\"og:url\" content=\"https:\/\/www.badzurzach.info\/en\/on-the-trail-of-beavers-frogs-co\/\" \/>\n<meta property=\"og:site_name\" content=\"Bad Zurzach Tourismus\" \/>\n<meta property=\"article:publisher\" content=\"https:\/\/www.facebook.com\/badzurzachtourismus\" \/>\n<meta property=\"article:modified_time\" content=\"2024-11-24T09:17:34+00:00\" \/>\n<meta property=\"og:image\" content=\"https:\/\/www.badzurzach.info\/wp-content\/uploads\/2022\/01\/Computerformat-4_3-Aue-Chly-Rhy_von-oben-mit-Schnee-1024x768.jpg\" \/>\n<meta name=\"twitter:card\" content=\"summary_large_image\" \/>\n<meta name=\"twitter:site\" content=\"@BadZurzach\" \/>\n<meta name=\"twitter:label1\" content=\"Est. reading time\" \/>\n\t<meta name=\"twitter:data1\" content=\"1 minute\" \/>\n<script type=\"application\/ld+json\" class=\"yoast-schema-graph\">{\"@context\":\"https:\\\/\\\/schema.org\",\"@graph\":[{\"@type\":\"WebPage\",\"@id\":\"https:\\\/\\\/www.badzurzach.info\\\/en\\\/on-the-trail-of-beavers-frogs-co\\\/\",\"url\":\"https:\\\/\\\/www.badzurzach.info\\\/en\\\/on-the-trail-of-beavers-frogs-co\\\/\",\"name\":\"Bad Zurzach Tourismus On the trail of beavers, frogs &amp; co. -\",\"isPartOf\":{\"@id\":\"https:\\\/\\\/www.badzurzach.info\\\/#website\"},\"primaryImageOfPage\":{\"@id\":\"https:\\\/\\\/www.badzurzach.info\\\/en\\\/on-the-trail-of-beavers-frogs-co\\\/#primaryimage\"},\"image\":{\"@id\":\"https:\\\/\\\/www.badzurzach.info\\\/en\\\/on-the-trail-of-beavers-frogs-co\\\/#primaryimage\"},\"thumbnailUrl\":\"https:\\\/\\\/www.badzurzach.info\\\/wp-content\\\/uploads\\\/2022\\\/01\\\/Aue-Chly-Rhy_von-oben-mit-Rhein_1920px-e1642083155121.jpg\",\"datePublished\":\"2022-01-06T13:32:45+00:00\",\"dateModified\":\"2024-11-24T09:17:34+00:00\",\"description\":\"Experience nature on the Aargau High Rhine, the Aue Chly Rhy recreation area, in a different way with guided tours through the nature reserve.\",\"breadcrumb\":{\"@id\":\"https:\\\/\\\/www.badzurzach.info\\\/en\\\/on-the-trail-of-beavers-frogs-co\\\/#breadcrumb\"},\"inLanguage\":\"en-US\",\"potentialAction\":[{\"@type\":\"ReadAction\",\"target\":[\"https:\\\/\\\/www.badzurzach.info\\\/en\\\/on-the-trail-of-beavers-frogs-co\\\/\"]}]},{\"@type\":\"ImageObject\",\"inLanguage\":\"en-US\",\"@id\":\"https:\\\/\\\/www.badzurzach.info\\\/en\\\/on-the-trail-of-beavers-frogs-co\\\/#primaryimage\",\"url\":\"https:\\\/\\\/www.badzurzach.info\\\/wp-content\\\/uploads\\\/2022\\\/01\\\/Aue-Chly-Rhy_von-oben-mit-Rhein_1920px-e1642083155121.jpg\",\"contentUrl\":\"https:\\\/\\\/www.badzurzach.info\\\/wp-content\\\/uploads\\\/2022\\\/01\\\/Aue-Chly-Rhy_von-oben-mit-Rhein_1920px-e1642083155121.jpg\",\"width\":1920,\"height\":1440,\"caption\":\"Die Aue Chly Rhy bildet das Herzst\u00fcck des Auenschutzparks Aargau am Rhein. Zwischen Rietheim und Koblenz ist ein neues Naturschutzgebiet entstanden, das sich durch eine grosse Vielfalt von Pflanzen und Tieren auszeichnet. Zwei verschiedene Wanderungen f\u00fchren Sie durch die wundersch\u00f6ne Landschaft, die unter anderem Fr\u00f6schen, Bibern und Eisv\u00f6geln als Lebensraum dient. Der Auenschutzpark Aargau bietet unz\u00e4hlige M\u00f6glichkeiten, die Tier-und Pflanzenwelt hautnah zu erleben.\"},{\"@type\":\"BreadcrumbList\",\"@id\":\"https:\\\/\\\/www.badzurzach.info\\\/en\\\/on-the-trail-of-beavers-frogs-co\\\/#breadcrumb\",\"itemListElement\":[{\"@type\":\"ListItem\",\"position\":1,\"name\":\"Home\",\"item\":\"https:\\\/\\\/www.badzurzach.info\\\/en\\\/\"},{\"@type\":\"ListItem\",\"position\":2,\"name\":\"On the trail of beavers, frogs &amp; co.\"}]},{\"@type\":\"WebSite\",\"@id\":\"https:\\\/\\\/www.badzurzach.info\\\/#website\",\"url\":\"https:\\\/\\\/www.badzurzach.info\\\/\",\"name\":\"Bad Zurzach Tourismus\",\"description\":\"Ihre Feriendestination Bad Zurzach\",\"publisher\":{\"@id\":\"https:\\\/\\\/www.badzurzach.info\\\/#organization\"},\"potentialAction\":[{\"@type\":\"SearchAction\",\"target\":{\"@type\":\"EntryPoint\",\"urlTemplate\":\"https:\\\/\\\/www.badzurzach.info\\\/?s={search_term_string}\"},\"query-input\":{\"@type\":\"PropertyValueSpecification\",\"valueRequired\":true,\"valueName\":\"search_term_string\"}}],\"inLanguage\":\"en-US\"},{\"@type\":\"Organization\",\"@id\":\"https:\\\/\\\/www.badzurzach.info\\\/#organization\",\"name\":\"Bad Zurzach Tourismus\",\"url\":\"https:\\\/\\\/www.badzurzach.info\\\/\",\"logo\":{\"@type\":\"ImageObject\",\"inLanguage\":\"en-US\",\"@id\":\"https:\\\/\\\/www.badzurzach.info\\\/#\\\/schema\\\/logo\\\/image\\\/\",\"url\":\"https:\\\/\\\/www.badzurzach.info\\\/wp-content\\\/uploads\\\/2022\\\/02\\\/Thermalbad-Zurzach_Logo.png\",\"contentUrl\":\"https:\\\/\\\/www.badzurzach.info\\\/wp-content\\\/uploads\\\/2022\\\/02\\\/Thermalbad-Zurzach_Logo.png\",\"width\":1180,\"height\":1705,\"caption\":\"Bad Zurzach Tourismus\"},\"image\":{\"@id\":\"https:\\\/\\\/www.badzurzach.info\\\/#\\\/schema\\\/logo\\\/image\\\/\"},\"sameAs\":[\"https:\\\/\\\/www.facebook.com\\\/badzurzachtourismus\",\"https:\\\/\\\/x.com\\\/BadZurzach\",\"https:\\\/\\\/www.instagram.com\\\/badzurzach.switzerland\",\"https:\\\/\\\/www.linkedin.com\\\/company\\\/6134459\\\/\"]}]}<\/script>\n<!-- \/ Yoast SEO plugin. -->","yoast_head_json":{"title":"Bad Zurzach Tourismus On the trail of beavers, frogs &amp; co. -","description":"Experience nature on the Aargau High Rhine, the Aue Chly Rhy recreation area, in a different way with guided tours through the nature reserve.","robots":{"index":"index","follow":"follow","max-snippet":"max-snippet:-1","max-image-preview":"max-image-preview:large","max-video-preview":"max-video-preview:-1"},"canonical":"https:\/\/www.badzurzach.info\/en\/on-the-trail-of-beavers-frogs-co\/","og_locale":"en_US","og_type":"article","og_title":"Guided tours Aue \"Chly Rhy\"","og_description":"Experience nature on the Aargau High Rhine, the Aue Chly Rhy recreation area, in a different way with guided tours through the nature reserve.","og_url":"https:\/\/www.badzurzach.info\/en\/on-the-trail-of-beavers-frogs-co\/","og_site_name":"Bad Zurzach Tourismus","article_publisher":"https:\/\/www.facebook.com\/badzurzachtourismus","article_modified_time":"2024-11-24T09:17:34+00:00","og_image":[{"url":"https:\/\/www.badzurzach.info\/wp-content\/uploads\/2022\/01\/Computerformat-4_3-Aue-Chly-Rhy_von-oben-mit-Schnee-1024x768.jpg","type":"","width":"","height":""}],"twitter_card":"summary_large_image","twitter_site":"@BadZurzach","twitter_misc":{"Est. reading time":"1 minute"},"schema":{"@context":"https:\/\/schema.org","@graph":[{"@type":"WebPage","@id":"https:\/\/www.badzurzach.info\/en\/on-the-trail-of-beavers-frogs-co\/","url":"https:\/\/www.badzurzach.info\/en\/on-the-trail-of-beavers-frogs-co\/","name":"Bad Zurzach Tourismus On the trail of beavers, frogs &amp; co. -","isPartOf":{"@id":"https:\/\/www.badzurzach.info\/#website"},"primaryImageOfPage":{"@id":"https:\/\/www.badzurzach.info\/en\/on-the-trail-of-beavers-frogs-co\/#primaryimage"},"image":{"@id":"https:\/\/www.badzurzach.info\/en\/on-the-trail-of-beavers-frogs-co\/#primaryimage"},"thumbnailUrl":"https:\/\/www.badzurzach.info\/wp-content\/uploads\/2022\/01\/Aue-Chly-Rhy_von-oben-mit-Rhein_1920px-e1642083155121.jpg","datePublished":"2022-01-06T13:32:45+00:00","dateModified":"2024-11-24T09:17:34+00:00","description":"Experience nature on the Aargau High Rhine, the Aue Chly Rhy recreation area, in a different way with guided tours through the nature reserve.","breadcrumb":{"@id":"https:\/\/www.badzurzach.info\/en\/on-the-trail-of-beavers-frogs-co\/#breadcrumb"},"inLanguage":"en-US","potentialAction":[{"@type":"ReadAction","target":["https:\/\/www.badzurzach.info\/en\/on-the-trail-of-beavers-frogs-co\/"]}]},{"@type":"ImageObject","inLanguage":"en-US","@id":"https:\/\/www.badzurzach.info\/en\/on-the-trail-of-beavers-frogs-co\/#primaryimage","url":"https:\/\/www.badzurzach.info\/wp-content\/uploads\/2022\/01\/Aue-Chly-Rhy_von-oben-mit-Rhein_1920px-e1642083155121.jpg","contentUrl":"https:\/\/www.badzurzach.info\/wp-content\/uploads\/2022\/01\/Aue-Chly-Rhy_von-oben-mit-Rhein_1920px-e1642083155121.jpg","width":1920,"height":1440,"caption":"Die Aue Chly Rhy bildet das Herzst\u00fcck des Auenschutzparks Aargau am Rhein. Zwischen Rietheim und Koblenz ist ein neues Naturschutzgebiet entstanden, das sich durch eine grosse Vielfalt von Pflanzen und Tieren auszeichnet. Zwei verschiedene Wanderungen f\u00fchren Sie durch die wundersch\u00f6ne Landschaft, die unter anderem Fr\u00f6schen, Bibern und Eisv\u00f6geln als Lebensraum dient. Der Auenschutzpark Aargau bietet unz\u00e4hlige M\u00f6glichkeiten, die Tier-und Pflanzenwelt hautnah zu erleben."},{"@type":"BreadcrumbList","@id":"https:\/\/www.badzurzach.info\/en\/on-the-trail-of-beavers-frogs-co\/#breadcrumb","itemListElement":[{"@type":"ListItem","position":1,"name":"Home","item":"https:\/\/www.badzurzach.info\/en\/"},{"@type":"ListItem","position":2,"name":"On the trail of beavers, frogs &amp; co."}]},{"@type":"WebSite","@id":"https:\/\/www.badzurzach.info\/#website","url":"https:\/\/www.badzurzach.info\/","name":"Bad Zurzach Tourismus","description":"Ihre Feriendestination Bad Zurzach","publisher":{"@id":"https:\/\/www.badzurzach.info\/#organization"},"potentialAction":[{"@type":"SearchAction","target":{"@type":"EntryPoint","urlTemplate":"https:\/\/www.badzurzach.info\/?s={search_term_string}"},"query-input":{"@type":"PropertyValueSpecification","valueRequired":true,"valueName":"search_term_string"}}],"inLanguage":"en-US"},{"@type":"Organization","@id":"https:\/\/www.badzurzach.info\/#organization","name":"Bad Zurzach Tourismus","url":"https:\/\/www.badzurzach.info\/","logo":{"@type":"ImageObject","inLanguage":"en-US","@id":"https:\/\/www.badzurzach.info\/#\/schema\/logo\/image\/","url":"https:\/\/www.badzurzach.info\/wp-content\/uploads\/2022\/02\/Thermalbad-Zurzach_Logo.png","contentUrl":"https:\/\/www.badzurzach.info\/wp-content\/uploads\/2022\/02\/Thermalbad-Zurzach_Logo.png","width":1180,"height":1705,"caption":"Bad Zurzach Tourismus"},"image":{"@id":"https:\/\/www.badzurzach.info\/#\/schema\/logo\/image\/"},"sameAs":["https:\/\/www.facebook.com\/badzurzachtourismus","https:\/\/x.com\/BadZurzach","https:\/\/www.instagram.com\/badzurzach.switzerland","https:\/\/www.linkedin.com\/company\/6134459\/"]}]}},"_links":{"self":[{"href":"https:\/\/www.badzurzach.info\/en\/wp-json\/wp\/v2\/pages\/117024","targetHints":{"allow":["GET"]}}],"collection":[{"href":"https:\/\/www.badzurzach.info\/en\/wp-json\/wp\/v2\/pages"}],"about":[{"href":"https:\/\/www.badzurzach.info\/en\/wp-json\/wp\/v2\/types\/page"}],"author":[{"embeddable":true,"href":"https:\/\/www.badzurzach.info\/en\/wp-json\/wp\/v2\/users\/9"}],"replies":[{"embeddable":true,"href":"https:\/\/www.badzurzach.info\/en\/wp-json\/wp\/v2\/comments?post=117024"}],"version-history":[{"count":2,"href":"https:\/\/www.badzurzach.info\/en\/wp-json\/wp\/v2\/pages\/117024\/revisions"}],"predecessor-version":[{"id":171861,"href":"https:\/\/www.badzurzach.info\/en\/wp-json\/wp\/v2\/pages\/117024\/revisions\/171861"}],"wp:featuredmedia":[{"embeddable":true,"href":"https:\/\/www.badzurzach.info\/en\/wp-json\/wp\/v2\/media\/2872"}],"wp:attachment":[{"href":"https:\/\/www.badzurzach.info\/en\/wp-json\/wp\/v2\/media?parent=117024"}],"curies":[{"name":"wp","href":"https:\/\/api.w.org\/{rel}","templated":true}]}}