{"id":117029,"date":"2022-01-06T17:14:37","date_gmt":"2022-01-06T16:14:37","guid":{"rendered":"https:\/\/www.badzurzach.info\/provostry-wislikofen\/"},"modified":"2025-05-01T08:04:21","modified_gmt":"2025-05-01T06:04:21","slug":"provostry-wislikofen","status":"publish","type":"page","link":"https:\/\/www.badzurzach.info\/en\/provostry-wislikofen\/","title":{"rendered":"Provostry Wislikofen"},"content":{"rendered":"\n<p><strong>Historical hotel tour through the former monastery complex<\/strong><\/p>\n\n<p>What does the term &#8220;Propstei&#8221; actually mean? Explore the former Benedictine monastery on a tour of the house and learn interesting and historical facts from its 900-year history. In the warmer months, this tour can also be combined with a herbology course.  <\/p>\n\n<figure class=\"wp-block-table is-style-regular\"><table><tbody><tr><td>Location<\/td><td>Wislikofen<\/td><\/tr><tr><td>Duration<\/td><td>30 minutes<\/td><\/tr><tr><td>Participants<\/td><td>up to 25 people per group<\/td><\/tr><tr><td>Costs<\/td><td>CHF 50 per group (free with consumption)<\/td><\/tr><tr><td>Herbology course<\/td><td>CHF 120 for 60 minutes<\/td><\/tr><\/tbody><\/table><\/figure>\n\n<p><\/p>\n\n<div style=\"height:30px\" aria-hidden=\"true\" class=\"wp-block-spacer\"><\/div>\n\n<div class=\"wp-block-columns is-layout-flex wp-container-core-columns-is-layout-9d6595d7 wp-block-columns-is-layout-flex\">\n<div class=\"wp-block-column is-layout-flow wp-block-column-is-layout-flow\" style=\"flex-basis:100%\">\n<div class=\"wp-block-buttons is-layout-flex wp-block-buttons-is-layout-flex\">\n<div class=\"wp-block-button has-custom-width wp-block-button__width-50 is-style-fill\"><a class=\"wp-block-button__link wp-element-button\" href=\"https:\/\/propstei.ch\/kontakt\/kontaktformular\/?zg=unternehmen-organisationen\" style=\"border-radius:7px\" target=\"_blank\" rel=\"noreferrer noopener\">Send reservation request<\/a><\/div>\n<\/div>\n<\/div>\n<\/div>\n","protected":false},"excerpt":{"rendered":"<p>Historical hotel tour through the former monastery complex What does the term &#8220;Propstei&#8221; actually mean? Explore the former Benedictine monastery on a tour of the house and learn interesting and historical facts from its 900-year history. In the warmer months, this tour can also be combined with a herbology course. Location Wislikofen Duration 30 minutes [&hellip;]<\/p>\n","protected":false},"author":9,"featured_media":2078,"parent":0,"menu_order":0,"comment_status":"closed","ping_status":"closed","template":"","meta":{"_acf_changed":false,"_relevanssi_hide_post":"","_relevanssi_hide_content":"","_relevanssi_pin_for_all":"","_relevanssi_pin_keywords":"","_relevanssi_unpin_keywords":"","_relevanssi_related_keywords":"","_relevanssi_related_include_ids":"","_relevanssi_related_exclude_ids":"","_relevanssi_related_no_append":"","_relevanssi_related_not_related":"","_relevanssi_related_posts":"","_relevanssi_noindex_reason":"","footnotes":""},"class_list":["post-117029","page","type-page","status-publish","has-post-thumbnail","hentry"],"acf":[],"yoast_head":"<!-- This site is optimized with the Yoast SEO plugin v27.4 - https:\/\/yoast.com\/product\/yoast-seo-wordpress\/ -->\n<title>Propstei Wislikofen - Guided tour of the monastery complex<\/title>\n<meta name=\"description\" content=\"Experience the 900-year history of the monastery complex on a historical tour and gain an insight into the monastery&#039;s own herb garden.\" \/>\n<meta name=\"robots\" content=\"index, follow, max-snippet:-1, max-image-preview:large, max-video-preview:-1\" \/>\n<link rel=\"canonical\" href=\"https:\/\/www.badzurzach.info\/en\/provostry-wislikofen\/\" \/>\n<meta property=\"og:locale\" content=\"en_US\" \/>\n<meta property=\"og:type\" content=\"article\" \/>\n<meta property=\"og:title\" content=\"Propstei Wislikofen - Guided tour of the monastery complex\" \/>\n<meta property=\"og:description\" content=\"Experience the 900-year history of the monastery complex on a historical tour and gain an insight into the monastery&#039;s own herb garden.\" \/>\n<meta property=\"og:url\" content=\"https:\/\/www.badzurzach.info\/en\/provostry-wislikofen\/\" \/>\n<meta property=\"og:site_name\" content=\"Bad Zurzach Tourismus\" \/>\n<meta property=\"article:publisher\" content=\"https:\/\/www.facebook.com\/badzurzachtourismus\" \/>\n<meta property=\"article:modified_time\" content=\"2025-05-01T06:04:21+00:00\" \/>\n<meta property=\"og:image\" content=\"https:\/\/www.badzurzach.info\/wp-content\/uploads\/2022\/02\/Propstei-Wislikofen_Aussenansicht_1920px-1024x682.jpg\" \/>\n<meta name=\"twitter:card\" content=\"summary_large_image\" \/>\n<meta name=\"twitter:site\" content=\"@BadZurzach\" \/>\n<script type=\"application\/ld+json\" class=\"yoast-schema-graph\">{\"@context\":\"https:\\\/\\\/schema.org\",\"@graph\":[{\"@type\":\"WebPage\",\"@id\":\"https:\\\/\\\/www.badzurzach.info\\\/en\\\/provostry-wislikofen\\\/\",\"url\":\"https:\\\/\\\/www.badzurzach.info\\\/en\\\/provostry-wislikofen\\\/\",\"name\":\"Propstei Wislikofen - Guided tour of the monastery complex\",\"isPartOf\":{\"@id\":\"https:\\\/\\\/www.badzurzach.info\\\/#website\"},\"primaryImageOfPage\":{\"@id\":\"https:\\\/\\\/www.badzurzach.info\\\/en\\\/provostry-wislikofen\\\/#primaryimage\"},\"image\":{\"@id\":\"https:\\\/\\\/www.badzurzach.info\\\/en\\\/provostry-wislikofen\\\/#primaryimage\"},\"thumbnailUrl\":\"https:\\\/\\\/www.badzurzach.info\\\/wp-content\\\/uploads\\\/2021\\\/11\\\/Propstei-Wislikofen_Aussenansicht_1920px.jpg\",\"datePublished\":\"2022-01-06T16:14:37+00:00\",\"dateModified\":\"2025-05-01T06:04:21+00:00\",\"description\":\"Experience the 900-year history of the monastery complex on a historical tour and gain an insight into the monastery's own herb garden.\",\"breadcrumb\":{\"@id\":\"https:\\\/\\\/www.badzurzach.info\\\/en\\\/provostry-wislikofen\\\/#breadcrumb\"},\"inLanguage\":\"en-US\",\"potentialAction\":[{\"@type\":\"ReadAction\",\"target\":[\"https:\\\/\\\/www.badzurzach.info\\\/en\\\/provostry-wislikofen\\\/\"]}]},{\"@type\":\"ImageObject\",\"inLanguage\":\"en-US\",\"@id\":\"https:\\\/\\\/www.badzurzach.info\\\/en\\\/provostry-wislikofen\\\/#primaryimage\",\"url\":\"https:\\\/\\\/www.badzurzach.info\\\/wp-content\\\/uploads\\\/2021\\\/11\\\/Propstei-Wislikofen_Aussenansicht_1920px.jpg\",\"contentUrl\":\"https:\\\/\\\/www.badzurzach.info\\\/wp-content\\\/uploads\\\/2021\\\/11\\\/Propstei-Wislikofen_Aussenansicht_1920px.jpg\",\"width\":1920,\"height\":1278,\"caption\":\"Die Propstei ist ein Seminarhotel und Bildungshaus mit moderner Infrastruktur in den historischen Mauern eines ehemaligen Benediktinerklosters. Eine abwechslungsreiche und saisonale K\u00fcche bietet den idealen Rahmen f\u00fcr Seminare, Workshops, Gesch\u00e4ftsessen und Familienfreizeiten.\"},{\"@type\":\"BreadcrumbList\",\"@id\":\"https:\\\/\\\/www.badzurzach.info\\\/en\\\/provostry-wislikofen\\\/#breadcrumb\",\"itemListElement\":[{\"@type\":\"ListItem\",\"position\":1,\"name\":\"Home\",\"item\":\"https:\\\/\\\/www.badzurzach.info\\\/en\\\/\"},{\"@type\":\"ListItem\",\"position\":2,\"name\":\"Provostry Wislikofen\"}]},{\"@type\":\"WebSite\",\"@id\":\"https:\\\/\\\/www.badzurzach.info\\\/#website\",\"url\":\"https:\\\/\\\/www.badzurzach.info\\\/\",\"name\":\"Bad Zurzach Tourismus\",\"description\":\"Ihre Feriendestination Bad Zurzach\",\"publisher\":{\"@id\":\"https:\\\/\\\/www.badzurzach.info\\\/#organization\"},\"potentialAction\":[{\"@type\":\"SearchAction\",\"target\":{\"@type\":\"EntryPoint\",\"urlTemplate\":\"https:\\\/\\\/www.badzurzach.info\\\/?s={search_term_string}\"},\"query-input\":{\"@type\":\"PropertyValueSpecification\",\"valueRequired\":true,\"valueName\":\"search_term_string\"}}],\"inLanguage\":\"en-US\"},{\"@type\":\"Organization\",\"@id\":\"https:\\\/\\\/www.badzurzach.info\\\/#organization\",\"name\":\"Bad Zurzach Tourismus\",\"url\":\"https:\\\/\\\/www.badzurzach.info\\\/\",\"logo\":{\"@type\":\"ImageObject\",\"inLanguage\":\"en-US\",\"@id\":\"https:\\\/\\\/www.badzurzach.info\\\/#\\\/schema\\\/logo\\\/image\\\/\",\"url\":\"https:\\\/\\\/www.badzurzach.info\\\/wp-content\\\/uploads\\\/2022\\\/02\\\/Thermalbad-Zurzach_Logo.png\",\"contentUrl\":\"https:\\\/\\\/www.badzurzach.info\\\/wp-content\\\/uploads\\\/2022\\\/02\\\/Thermalbad-Zurzach_Logo.png\",\"width\":1180,\"height\":1705,\"caption\":\"Bad Zurzach Tourismus\"},\"image\":{\"@id\":\"https:\\\/\\\/www.badzurzach.info\\\/#\\\/schema\\\/logo\\\/image\\\/\"},\"sameAs\":[\"https:\\\/\\\/www.facebook.com\\\/badzurzachtourismus\",\"https:\\\/\\\/x.com\\\/BadZurzach\",\"https:\\\/\\\/www.instagram.com\\\/badzurzach.switzerland\",\"https:\\\/\\\/www.linkedin.com\\\/company\\\/6134459\\\/\"]}]}<\/script>\n<!-- \/ Yoast SEO plugin. -->","yoast_head_json":{"title":"Propstei Wislikofen - Guided tour of the monastery complex","description":"Experience the 900-year history of the monastery complex on a historical tour and gain an insight into the monastery's own herb garden.","robots":{"index":"index","follow":"follow","max-snippet":"max-snippet:-1","max-image-preview":"max-image-preview:large","max-video-preview":"max-video-preview:-1"},"canonical":"https:\/\/www.badzurzach.info\/en\/provostry-wislikofen\/","og_locale":"en_US","og_type":"article","og_title":"Propstei Wislikofen - Guided tour of the monastery complex","og_description":"Experience the 900-year history of the monastery complex on a historical tour and gain an insight into the monastery's own herb garden.","og_url":"https:\/\/www.badzurzach.info\/en\/provostry-wislikofen\/","og_site_name":"Bad Zurzach Tourismus","article_publisher":"https:\/\/www.facebook.com\/badzurzachtourismus","article_modified_time":"2025-05-01T06:04:21+00:00","og_image":[{"url":"https:\/\/www.badzurzach.info\/wp-content\/uploads\/2022\/02\/Propstei-Wislikofen_Aussenansicht_1920px-1024x682.jpg","type":"","width":"","height":""}],"twitter_card":"summary_large_image","twitter_site":"@BadZurzach","schema":{"@context":"https:\/\/schema.org","@graph":[{"@type":"WebPage","@id":"https:\/\/www.badzurzach.info\/en\/provostry-wislikofen\/","url":"https:\/\/www.badzurzach.info\/en\/provostry-wislikofen\/","name":"Propstei Wislikofen - Guided tour of the monastery complex","isPartOf":{"@id":"https:\/\/www.badzurzach.info\/#website"},"primaryImageOfPage":{"@id":"https:\/\/www.badzurzach.info\/en\/provostry-wislikofen\/#primaryimage"},"image":{"@id":"https:\/\/www.badzurzach.info\/en\/provostry-wislikofen\/#primaryimage"},"thumbnailUrl":"https:\/\/www.badzurzach.info\/wp-content\/uploads\/2021\/11\/Propstei-Wislikofen_Aussenansicht_1920px.jpg","datePublished":"2022-01-06T16:14:37+00:00","dateModified":"2025-05-01T06:04:21+00:00","description":"Experience the 900-year history of the monastery complex on a historical tour and gain an insight into the monastery's own herb garden.","breadcrumb":{"@id":"https:\/\/www.badzurzach.info\/en\/provostry-wislikofen\/#breadcrumb"},"inLanguage":"en-US","potentialAction":[{"@type":"ReadAction","target":["https:\/\/www.badzurzach.info\/en\/provostry-wislikofen\/"]}]},{"@type":"ImageObject","inLanguage":"en-US","@id":"https:\/\/www.badzurzach.info\/en\/provostry-wislikofen\/#primaryimage","url":"https:\/\/www.badzurzach.info\/wp-content\/uploads\/2021\/11\/Propstei-Wislikofen_Aussenansicht_1920px.jpg","contentUrl":"https:\/\/www.badzurzach.info\/wp-content\/uploads\/2021\/11\/Propstei-Wislikofen_Aussenansicht_1920px.jpg","width":1920,"height":1278,"caption":"Die Propstei ist ein Seminarhotel und Bildungshaus mit moderner Infrastruktur in den historischen Mauern eines ehemaligen Benediktinerklosters. Eine abwechslungsreiche und saisonale K\u00fcche bietet den idealen Rahmen f\u00fcr Seminare, Workshops, Gesch\u00e4ftsessen und Familienfreizeiten."},{"@type":"BreadcrumbList","@id":"https:\/\/www.badzurzach.info\/en\/provostry-wislikofen\/#breadcrumb","itemListElement":[{"@type":"ListItem","position":1,"name":"Home","item":"https:\/\/www.badzurzach.info\/en\/"},{"@type":"ListItem","position":2,"name":"Provostry Wislikofen"}]},{"@type":"WebSite","@id":"https:\/\/www.badzurzach.info\/#website","url":"https:\/\/www.badzurzach.info\/","name":"Bad Zurzach Tourismus","description":"Ihre Feriendestination Bad Zurzach","publisher":{"@id":"https:\/\/www.badzurzach.info\/#organization"},"potentialAction":[{"@type":"SearchAction","target":{"@type":"EntryPoint","urlTemplate":"https:\/\/www.badzurzach.info\/?s={search_term_string}"},"query-input":{"@type":"PropertyValueSpecification","valueRequired":true,"valueName":"search_term_string"}}],"inLanguage":"en-US"},{"@type":"Organization","@id":"https:\/\/www.badzurzach.info\/#organization","name":"Bad Zurzach Tourismus","url":"https:\/\/www.badzurzach.info\/","logo":{"@type":"ImageObject","inLanguage":"en-US","@id":"https:\/\/www.badzurzach.info\/#\/schema\/logo\/image\/","url":"https:\/\/www.badzurzach.info\/wp-content\/uploads\/2022\/02\/Thermalbad-Zurzach_Logo.png","contentUrl":"https:\/\/www.badzurzach.info\/wp-content\/uploads\/2022\/02\/Thermalbad-Zurzach_Logo.png","width":1180,"height":1705,"caption":"Bad Zurzach Tourismus"},"image":{"@id":"https:\/\/www.badzurzach.info\/#\/schema\/logo\/image\/"},"sameAs":["https:\/\/www.facebook.com\/badzurzachtourismus","https:\/\/x.com\/BadZurzach","https:\/\/www.instagram.com\/badzurzach.switzerland","https:\/\/www.linkedin.com\/company\/6134459\/"]}]}},"_links":{"self":[{"href":"https:\/\/www.badzurzach.info\/en\/wp-json\/wp\/v2\/pages\/117029","targetHints":{"allow":["GET"]}}],"collection":[{"href":"https:\/\/www.badzurzach.info\/en\/wp-json\/wp\/v2\/pages"}],"about":[{"href":"https:\/\/www.badzurzach.info\/en\/wp-json\/wp\/v2\/types\/page"}],"author":[{"embeddable":true,"href":"https:\/\/www.badzurzach.info\/en\/wp-json\/wp\/v2\/users\/9"}],"replies":[{"embeddable":true,"href":"https:\/\/www.badzurzach.info\/en\/wp-json\/wp\/v2\/comments?post=117029"}],"version-history":[{"count":4,"href":"https:\/\/www.badzurzach.info\/en\/wp-json\/wp\/v2\/pages\/117029\/revisions"}],"predecessor-version":[{"id":207833,"href":"https:\/\/www.badzurzach.info\/en\/wp-json\/wp\/v2\/pages\/117029\/revisions\/207833"}],"wp:featuredmedia":[{"embeddable":true,"href":"https:\/\/www.badzurzach.info\/en\/wp-json\/wp\/v2\/media\/2078"}],"wp:attachment":[{"href":"https:\/\/www.badzurzach.info\/en\/wp-json\/wp\/v2\/media?parent=117029"}],"curies":[{"name":"wp","href":"https:\/\/api.w.org\/{rel}","templated":true}]}}