{"id":129711,"date":"2021-11-18T14:28:16","date_gmt":"2021-11-18T13:28:16","guid":{"rendered":"https:\/\/www.badzurzach.info\/foyers\/"},"modified":"2024-05-21T11:59:16","modified_gmt":"2024-05-21T09:59:16","slug":"foyers","status":"publish","type":"page","link":"https:\/\/www.badzurzach.info\/fr\/foyers\/","title":{"rendered":"Foyers"},"content":{"rendered":"<section class=\"block-lead\">\n  <p>Que ce soit au bord de l&rsquo;eau ou en hauteur avec une vue imprenable, les nombreux foyers invitent \u00e0 la d\u00e9tente et sont donc l&rsquo;occasion parfaite de faire une pause lors d&rsquo;une randonn\u00e9e ou d&rsquo;un tour \u00e0 v\u00e9lo.<\/p>\n\n<\/section>\n\n<div style=\"height:50px\" aria-hidden=\"true\" class=\"wp-block-spacer\"><\/div>\n\n<script type=\"text\/javascript\" src=\"https:\/\/www.outdooractive.com\/de\/embed\/127875377\/js?mw=false\"><\/script>\n\n<div style=\"height:100px\" aria-hidden=\"true\" class=\"wp-block-spacer\"><\/div>\n\n<div class=\"wp-block-columns is-layout-flex wp-container-core-columns-is-layout-9d6595d7 wp-block-columns-is-layout-flex\">\n<div class=\"wp-block-column is-layout-flow wp-block-column-is-layout-flow\" style=\"flex-basis:50%\">\n<figure class=\"wp-block-gallery has-nested-images columns-1 is-cropped wp-block-gallery-1 is-layout-flex wp-block-gallery-is-layout-flex\">\n<figure class=\"wp-block-image size-full\"><img decoding=\"async\" width=\"500\" height=\"333\" data-id=\"2143\" src=\"https:\/\/www.badzurzach.info\/wp-content\/uploads\/2021\/11\/Parkhotel-Bad-Zurzach-2019_1712_500x333px.jpg\" alt=\"couple profite de la vue en se promenant\" class=\"wp-image-2143\" srcset=\"https:\/\/www.badzurzach.info\/wp-content\/uploads\/2021\/11\/Parkhotel-Bad-Zurzach-2019_1712_500x333px.jpg 500w, https:\/\/www.badzurzach.info\/wp-content\/uploads\/2021\/11\/Parkhotel-Bad-Zurzach-2019_1712_500x333px-300x200.jpg 300w\" sizes=\"(max-width: 500px) 100vw, 500px\" \/><figcaption class=\"wp-element-caption\"><strong><a href=\"https:\/\/www.badzurzach.info\/fr\/points-de-vue\/\" data-type=\"page\" data-id=\"459\">Points de vue<\/a><\/strong><\/figcaption><\/figure>\n<\/figure>\n<\/div>\n\n\n\n<div class=\"wp-block-column is-layout-flow wp-block-column-is-layout-flow\" style=\"flex-basis:50%\">\n<figure class=\"wp-block-gallery has-nested-images columns-default is-cropped wp-block-gallery-2 is-layout-flex wp-block-gallery-is-layout-flex\">\n<figure class=\"wp-block-image size-full\"><img decoding=\"async\" width=\"500\" height=\"333\" data-id=\"2135\" src=\"https:\/\/www.badzurzach.info\/wp-content\/uploads\/2021\/11\/Parkhotel-Bad-Zurzach-2019_1600_500x333px.jpg\" alt=\"couple en randonn&#xE9;e dans le zurzibiet\" class=\"wp-image-2135\" srcset=\"https:\/\/www.badzurzach.info\/wp-content\/uploads\/2021\/11\/Parkhotel-Bad-Zurzach-2019_1600_500x333px.jpg 500w, https:\/\/www.badzurzach.info\/wp-content\/uploads\/2021\/11\/Parkhotel-Bad-Zurzach-2019_1600_500x333px-300x200.jpg 300w\" sizes=\"(max-width: 500px) 100vw, 500px\" \/><figcaption class=\"wp-element-caption\"><strong><a href=\"https:\/\/www.badzurzach.info\/tourenkarte\/\" data-type=\"page\" data-id=\"2650\">Suggestions de circuits<\/a><\/strong><\/figcaption><\/figure>\n<\/figure>\n<\/div>\n<\/div>\n\n<p><\/p>\n","protected":false},"excerpt":{"rendered":"","protected":false},"author":9,"featured_media":2133,"parent":0,"menu_order":0,"comment_status":"closed","ping_status":"closed","template":"","meta":{"_acf_changed":false,"_relevanssi_hide_post":"","_relevanssi_hide_content":"","_relevanssi_pin_for_all":"","_relevanssi_pin_keywords":"","_relevanssi_unpin_keywords":"","_relevanssi_related_keywords":"","_relevanssi_related_include_ids":"","_relevanssi_related_exclude_ids":"","_relevanssi_related_no_append":"","_relevanssi_related_not_related":"","_relevanssi_related_posts":"","_relevanssi_noindex_reason":"","footnotes":""},"class_list":["post-129711","page","type-page","status-publish","has-post-thumbnail","hentry"],"acf":[],"yoast_head":"<!-- This site is optimized with the Yoast SEO plugin v27.4 - https:\/\/yoast.com\/product\/yoast-seo-wordpress\/ -->\n<title>Foyers<\/title>\n<meta name=\"description\" content=\"De nombreux foyers le long de l&#039;Amazone suisse et de magnifiques sentiers de randonn\u00e9e vous invitent \u00e0 faire des grillades et \u00e0 vous d\u00e9tendre.\" \/>\n<meta name=\"robots\" content=\"index, follow, max-snippet:-1, max-image-preview:large, max-video-preview:-1\" \/>\n<link rel=\"canonical\" href=\"https:\/\/www.badzurzach.info\/fr\/foyers\/\" \/>\n<meta property=\"og:locale\" content=\"fr_FR\" \/>\n<meta property=\"og:type\" content=\"article\" \/>\n<meta property=\"og:title\" content=\"Foyers dans la r\u00e9gion de Bad Zurzach\" \/>\n<meta property=\"og:description\" content=\"De nombreux foyers le long de l&#039;Amazone suisse et de magnifiques sentiers de randonn\u00e9e vous invitent \u00e0 faire des grillades et \u00e0 vous d\u00e9tendre.\" \/>\n<meta property=\"og:url\" content=\"https:\/\/www.badzurzach.info\/fr\/foyers\/\" \/>\n<meta property=\"og:site_name\" content=\"Bad Zurzach Tourismus\" \/>\n<meta property=\"article:publisher\" content=\"https:\/\/www.facebook.com\/badzurzachtourismus\" \/>\n<meta property=\"article:modified_time\" content=\"2024-05-21T09:59:16+00:00\" \/>\n<meta property=\"og:image\" content=\"https:\/\/www.badzurzach.info\/wp-content\/uploads\/2022\/01\/Computerformat-4_3-Klingnauer-Stausee_Feuerstelle_Paar_600px-edited-1.jpg\" \/>\n<meta name=\"twitter:card\" content=\"summary_large_image\" \/>\n<meta name=\"twitter:site\" content=\"@BadZurzach\" \/>\n<script type=\"application\/ld+json\" class=\"yoast-schema-graph\">{\"@context\":\"https:\\\/\\\/schema.org\",\"@graph\":[{\"@type\":\"WebPage\",\"@id\":\"https:\\\/\\\/www.badzurzach.info\\\/fr\\\/foyers\\\/\",\"url\":\"https:\\\/\\\/www.badzurzach.info\\\/fr\\\/foyers\\\/\",\"name\":\"Foyers\",\"isPartOf\":{\"@id\":\"https:\\\/\\\/www.badzurzach.info\\\/#website\"},\"primaryImageOfPage\":{\"@id\":\"https:\\\/\\\/www.badzurzach.info\\\/fr\\\/foyers\\\/#primaryimage\"},\"image\":{\"@id\":\"https:\\\/\\\/www.badzurzach.info\\\/fr\\\/foyers\\\/#primaryimage\"},\"thumbnailUrl\":\"https:\\\/\\\/www.badzurzach.info\\\/wp-content\\\/uploads\\\/2021\\\/11\\\/Computerformat-4_3-Klingnauer-Stausee_Feuerstelle_Paar_1920px-e1642157481723.jpg\",\"datePublished\":\"2021-11-18T13:28:16+00:00\",\"dateModified\":\"2024-05-21T09:59:16+00:00\",\"description\":\"De nombreux foyers le long de l'Amazone suisse et de magnifiques sentiers de randonn\u00e9e vous invitent \u00e0 faire des grillades et \u00e0 vous d\u00e9tendre.\",\"breadcrumb\":{\"@id\":\"https:\\\/\\\/www.badzurzach.info\\\/fr\\\/foyers\\\/#breadcrumb\"},\"inLanguage\":\"fr-FR\",\"potentialAction\":[{\"@type\":\"ReadAction\",\"target\":[\"https:\\\/\\\/www.badzurzach.info\\\/fr\\\/foyers\\\/\"]}]},{\"@type\":\"ImageObject\",\"inLanguage\":\"fr-FR\",\"@id\":\"https:\\\/\\\/www.badzurzach.info\\\/fr\\\/foyers\\\/#primaryimage\",\"url\":\"https:\\\/\\\/www.badzurzach.info\\\/wp-content\\\/uploads\\\/2021\\\/11\\\/Computerformat-4_3-Klingnauer-Stausee_Feuerstelle_Paar_1920px-e1642157481723.jpg\",\"contentUrl\":\"https:\\\/\\\/www.badzurzach.info\\\/wp-content\\\/uploads\\\/2021\\\/11\\\/Computerformat-4_3-Klingnauer-Stausee_Feuerstelle_Paar_1920px-e1642157481723.jpg\",\"width\":1920,\"height\":1440,\"caption\":\"Ein Paar br\u00e4t W\u00fcrste an einer Grillstelle am Klingnauer Stausee\"},{\"@type\":\"BreadcrumbList\",\"@id\":\"https:\\\/\\\/www.badzurzach.info\\\/fr\\\/foyers\\\/#breadcrumb\",\"itemListElement\":[{\"@type\":\"ListItem\",\"position\":1,\"name\":\"Home\",\"item\":\"https:\\\/\\\/www.badzurzach.info\\\/fr\\\/\"},{\"@type\":\"ListItem\",\"position\":2,\"name\":\"Foyers\"}]},{\"@type\":\"WebSite\",\"@id\":\"https:\\\/\\\/www.badzurzach.info\\\/#website\",\"url\":\"https:\\\/\\\/www.badzurzach.info\\\/\",\"name\":\"Bad Zurzach Tourismus\",\"description\":\"Ihre Feriendestination Bad Zurzach\",\"publisher\":{\"@id\":\"https:\\\/\\\/www.badzurzach.info\\\/#organization\"},\"potentialAction\":[{\"@type\":\"SearchAction\",\"target\":{\"@type\":\"EntryPoint\",\"urlTemplate\":\"https:\\\/\\\/www.badzurzach.info\\\/?s={search_term_string}\"},\"query-input\":{\"@type\":\"PropertyValueSpecification\",\"valueRequired\":true,\"valueName\":\"search_term_string\"}}],\"inLanguage\":\"fr-FR\"},{\"@type\":\"Organization\",\"@id\":\"https:\\\/\\\/www.badzurzach.info\\\/#organization\",\"name\":\"Bad Zurzach Tourismus\",\"url\":\"https:\\\/\\\/www.badzurzach.info\\\/\",\"logo\":{\"@type\":\"ImageObject\",\"inLanguage\":\"fr-FR\",\"@id\":\"https:\\\/\\\/www.badzurzach.info\\\/#\\\/schema\\\/logo\\\/image\\\/\",\"url\":\"https:\\\/\\\/www.badzurzach.info\\\/wp-content\\\/uploads\\\/2022\\\/02\\\/Thermalbad-Zurzach_Logo.png\",\"contentUrl\":\"https:\\\/\\\/www.badzurzach.info\\\/wp-content\\\/uploads\\\/2022\\\/02\\\/Thermalbad-Zurzach_Logo.png\",\"width\":1180,\"height\":1705,\"caption\":\"Bad Zurzach Tourismus\"},\"image\":{\"@id\":\"https:\\\/\\\/www.badzurzach.info\\\/#\\\/schema\\\/logo\\\/image\\\/\"},\"sameAs\":[\"https:\\\/\\\/www.facebook.com\\\/badzurzachtourismus\",\"https:\\\/\\\/x.com\\\/BadZurzach\",\"https:\\\/\\\/www.instagram.com\\\/badzurzach.switzerland\",\"https:\\\/\\\/www.linkedin.com\\\/company\\\/6134459\\\/\"]}]}<\/script>\n<!-- \/ Yoast SEO plugin. -->","yoast_head_json":{"title":"Foyers","description":"De nombreux foyers le long de l'Amazone suisse et de magnifiques sentiers de randonn\u00e9e vous invitent \u00e0 faire des grillades et \u00e0 vous d\u00e9tendre.","robots":{"index":"index","follow":"follow","max-snippet":"max-snippet:-1","max-image-preview":"max-image-preview:large","max-video-preview":"max-video-preview:-1"},"canonical":"https:\/\/www.badzurzach.info\/fr\/foyers\/","og_locale":"fr_FR","og_type":"article","og_title":"Foyers dans la r\u00e9gion de Bad Zurzach","og_description":"De nombreux foyers le long de l'Amazone suisse et de magnifiques sentiers de randonn\u00e9e vous invitent \u00e0 faire des grillades et \u00e0 vous d\u00e9tendre.","og_url":"https:\/\/www.badzurzach.info\/fr\/foyers\/","og_site_name":"Bad Zurzach Tourismus","article_publisher":"https:\/\/www.facebook.com\/badzurzachtourismus","article_modified_time":"2024-05-21T09:59:16+00:00","og_image":[{"url":"https:\/\/www.badzurzach.info\/wp-content\/uploads\/2022\/01\/Computerformat-4_3-Klingnauer-Stausee_Feuerstelle_Paar_600px-edited-1.jpg","type":"","width":"","height":""}],"twitter_card":"summary_large_image","twitter_site":"@BadZurzach","schema":{"@context":"https:\/\/schema.org","@graph":[{"@type":"WebPage","@id":"https:\/\/www.badzurzach.info\/fr\/foyers\/","url":"https:\/\/www.badzurzach.info\/fr\/foyers\/","name":"Foyers","isPartOf":{"@id":"https:\/\/www.badzurzach.info\/#website"},"primaryImageOfPage":{"@id":"https:\/\/www.badzurzach.info\/fr\/foyers\/#primaryimage"},"image":{"@id":"https:\/\/www.badzurzach.info\/fr\/foyers\/#primaryimage"},"thumbnailUrl":"https:\/\/www.badzurzach.info\/wp-content\/uploads\/2021\/11\/Computerformat-4_3-Klingnauer-Stausee_Feuerstelle_Paar_1920px-e1642157481723.jpg","datePublished":"2021-11-18T13:28:16+00:00","dateModified":"2024-05-21T09:59:16+00:00","description":"De nombreux foyers le long de l'Amazone suisse et de magnifiques sentiers de randonn\u00e9e vous invitent \u00e0 faire des grillades et \u00e0 vous d\u00e9tendre.","breadcrumb":{"@id":"https:\/\/www.badzurzach.info\/fr\/foyers\/#breadcrumb"},"inLanguage":"fr-FR","potentialAction":[{"@type":"ReadAction","target":["https:\/\/www.badzurzach.info\/fr\/foyers\/"]}]},{"@type":"ImageObject","inLanguage":"fr-FR","@id":"https:\/\/www.badzurzach.info\/fr\/foyers\/#primaryimage","url":"https:\/\/www.badzurzach.info\/wp-content\/uploads\/2021\/11\/Computerformat-4_3-Klingnauer-Stausee_Feuerstelle_Paar_1920px-e1642157481723.jpg","contentUrl":"https:\/\/www.badzurzach.info\/wp-content\/uploads\/2021\/11\/Computerformat-4_3-Klingnauer-Stausee_Feuerstelle_Paar_1920px-e1642157481723.jpg","width":1920,"height":1440,"caption":"Ein Paar br\u00e4t W\u00fcrste an einer Grillstelle am Klingnauer Stausee"},{"@type":"BreadcrumbList","@id":"https:\/\/www.badzurzach.info\/fr\/foyers\/#breadcrumb","itemListElement":[{"@type":"ListItem","position":1,"name":"Home","item":"https:\/\/www.badzurzach.info\/fr\/"},{"@type":"ListItem","position":2,"name":"Foyers"}]},{"@type":"WebSite","@id":"https:\/\/www.badzurzach.info\/#website","url":"https:\/\/www.badzurzach.info\/","name":"Bad Zurzach Tourismus","description":"Ihre Feriendestination Bad Zurzach","publisher":{"@id":"https:\/\/www.badzurzach.info\/#organization"},"potentialAction":[{"@type":"SearchAction","target":{"@type":"EntryPoint","urlTemplate":"https:\/\/www.badzurzach.info\/?s={search_term_string}"},"query-input":{"@type":"PropertyValueSpecification","valueRequired":true,"valueName":"search_term_string"}}],"inLanguage":"fr-FR"},{"@type":"Organization","@id":"https:\/\/www.badzurzach.info\/#organization","name":"Bad Zurzach Tourismus","url":"https:\/\/www.badzurzach.info\/","logo":{"@type":"ImageObject","inLanguage":"fr-FR","@id":"https:\/\/www.badzurzach.info\/#\/schema\/logo\/image\/","url":"https:\/\/www.badzurzach.info\/wp-content\/uploads\/2022\/02\/Thermalbad-Zurzach_Logo.png","contentUrl":"https:\/\/www.badzurzach.info\/wp-content\/uploads\/2022\/02\/Thermalbad-Zurzach_Logo.png","width":1180,"height":1705,"caption":"Bad Zurzach Tourismus"},"image":{"@id":"https:\/\/www.badzurzach.info\/#\/schema\/logo\/image\/"},"sameAs":["https:\/\/www.facebook.com\/badzurzachtourismus","https:\/\/x.com\/BadZurzach","https:\/\/www.instagram.com\/badzurzach.switzerland","https:\/\/www.linkedin.com\/company\/6134459\/"]}]}},"_links":{"self":[{"href":"https:\/\/www.badzurzach.info\/fr\/wp-json\/wp\/v2\/pages\/129711","targetHints":{"allow":["GET"]}}],"collection":[{"href":"https:\/\/www.badzurzach.info\/fr\/wp-json\/wp\/v2\/pages"}],"about":[{"href":"https:\/\/www.badzurzach.info\/fr\/wp-json\/wp\/v2\/types\/page"}],"author":[{"embeddable":true,"href":"https:\/\/www.badzurzach.info\/fr\/wp-json\/wp\/v2\/users\/9"}],"replies":[{"embeddable":true,"href":"https:\/\/www.badzurzach.info\/fr\/wp-json\/wp\/v2\/comments?post=129711"}],"version-history":[{"count":1,"href":"https:\/\/www.badzurzach.info\/fr\/wp-json\/wp\/v2\/pages\/129711\/revisions"}],"predecessor-version":[{"id":129713,"href":"https:\/\/www.badzurzach.info\/fr\/wp-json\/wp\/v2\/pages\/129711\/revisions\/129713"}],"wp:featuredmedia":[{"embeddable":true,"href":"https:\/\/www.badzurzach.info\/fr\/wp-json\/wp\/v2\/media\/2133"}],"wp:attachment":[{"href":"https:\/\/www.badzurzach.info\/fr\/wp-json\/wp\/v2\/media?parent=129711"}],"curies":[{"name":"wp","href":"https:\/\/api.w.org\/{rel}","templated":true}]}}