{"id":129728,"date":"2022-01-06T15:08:56","date_gmt":"2022-01-06T14:08:56","guid":{"rendered":"https:\/\/www.badzurzach.info\/du-grain-a-la-farine\/"},"modified":"2024-11-24T10:44:56","modified_gmt":"2024-11-24T09:44:56","slug":"du-grain-a-la-farine","status":"publish","type":"page","link":"https:\/\/www.badzurzach.info\/fr\/du-grain-a-la-farine\/","title":{"rendered":"Du grain \u00e0 la farine"},"content":{"rendered":"\n<h3 class=\"wp-block-heading\">D\u00e9couverte du moulin Barzm\u00fchle Bad Zurzach &#8211; Du grain \u00e0 la farine.<\/h3>\n\n<p>Le moulin, situ\u00e9 un peu en dehors de l&rsquo;ancien bourg de Bad Zurzach, montre encore l&rsquo;artisanat d&rsquo;origine tel qu&rsquo;il \u00e9tait pratiqu\u00e9 il y a 500 ans. Apr\u00e8s la restauration et l&rsquo;installation d&rsquo;une nouvelle roue \u00e0 eau, il est d\u00e9sormais possible de moudre le grain comme au temps jadis. Le grenier abrite une petite exposition sur la culture des c\u00e9r\u00e9ales et pr\u00e9sente \u00e9galement le cycle annuel des cultures avant l&rsquo;\u00e8re des machines.  <\/p>\n\n<figure class=\"wp-block-table is-style-regular\"><table><tbody><tr><td>Lieu<\/td><td>Bad Zurzach<\/td><\/tr><tr><td>Dur\u00e9e<\/td><td>1.0 h<\/td><\/tr><tr><td>Participants<\/td><td>jusqu&rsquo;\u00e0 25 personnes par groupe<\/td><\/tr><tr><td>Co\u00fbts<\/td><td>150 CHF par groupe<\/td><\/tr><\/tbody><\/table><\/figure>\n\n<div style=\"height:30px\" aria-hidden=\"true\" class=\"wp-block-spacer\"><\/div>\n\n<div class=\"wp-block-columns is-layout-flex wp-container-core-columns-is-layout-9d6595d7 wp-block-columns-is-layout-flex\">\n<div class=\"wp-block-column is-layout-flow wp-block-column-is-layout-flow\" style=\"flex-basis:100%\">\n<div class=\"wp-block-buttons is-layout-flex wp-block-buttons-is-layout-flex\">\n<div class=\"wp-block-button has-custom-width wp-block-button__width-50 is-style-fill\"><a class=\"wp-block-button__link wp-element-button\" href=\"https:\/\/www.badzurzach.info\/fr\/demande-de-reservation\/?gruppenfuehrung=barzmuehle-fuehrung\" style=\"border-radius:7px\">Envoyer une demande de r\u00e9servation<\/a><\/div>\n<\/div>\n<\/div>\n<\/div>\n","protected":false},"excerpt":{"rendered":"<p>D\u00e9couverte du moulin Barzm\u00fchle Bad Zurzach &#8211; Du grain \u00e0 la farine. Le moulin, situ\u00e9 un peu en dehors de l&rsquo;ancien bourg de Bad Zurzach, montre encore l&rsquo;artisanat d&rsquo;origine tel qu&rsquo;il \u00e9tait pratiqu\u00e9 il y a 500 ans. Apr\u00e8s la restauration et l&rsquo;installation d&rsquo;une nouvelle roue \u00e0 eau, il est d\u00e9sormais possible de moudre le [&hellip;]<\/p>\n","protected":false},"author":9,"featured_media":1950,"parent":0,"menu_order":0,"comment_status":"closed","ping_status":"closed","template":"","meta":{"_acf_changed":false,"_relevanssi_hide_post":"","_relevanssi_hide_content":"","_relevanssi_pin_for_all":"","_relevanssi_pin_keywords":"","_relevanssi_unpin_keywords":"","_relevanssi_related_keywords":"","_relevanssi_related_include_ids":"","_relevanssi_related_exclude_ids":"","_relevanssi_related_no_append":"","_relevanssi_related_not_related":"","_relevanssi_related_posts":"","_relevanssi_noindex_reason":"","footnotes":""},"class_list":["post-129728","page","type-page","status-publish","has-post-thumbnail","hentry"],"acf":[],"yoast_head":"<!-- This site is optimized with the Yoast SEO plugin v27.4 - https:\/\/yoast.com\/product\/yoast-seo-wordpress\/ -->\n<title>Visite guid\u00e9e du grain \u00e0 la farine<\/title>\n<meta name=\"description\" content=\"Une visite guid\u00e9e du moulin Barzm\u00fchle, situ\u00e9 un peu en dehors de Bad Zurzach, montre encore l&#039;artisanat d&#039;origine comme il y a 500 ans.\" \/>\n<meta name=\"robots\" content=\"index, follow, max-snippet:-1, max-image-preview:large, max-video-preview:-1\" \/>\n<link rel=\"canonical\" href=\"https:\/\/www.badzurzach.info\/fr\/du-grain-a-la-farine\/\" \/>\n<meta property=\"og:locale\" content=\"fr_FR\" \/>\n<meta property=\"og:type\" content=\"article\" \/>\n<meta property=\"og:title\" content=\"Du guidage du grain \u00e0 la farine\" \/>\n<meta property=\"og:description\" content=\"Une visite guid\u00e9e du moulin Barzm\u00fchle, situ\u00e9 un peu en dehors de Bad Zurzach, montre encore l&#039;artisanat d&#039;origine comme il y a 500 ans.\" \/>\n<meta property=\"og:url\" content=\"https:\/\/www.badzurzach.info\/fr\/du-grain-a-la-farine\/\" \/>\n<meta property=\"og:site_name\" content=\"Bad Zurzach Tourismus\" \/>\n<meta property=\"article:publisher\" content=\"https:\/\/www.facebook.com\/badzurzachtourismus\" \/>\n<meta property=\"article:modified_time\" content=\"2024-11-24T09:44:56+00:00\" \/>\n<meta property=\"og:image\" content=\"https:\/\/www.badzurzach.info\/wp-content\/uploads\/2022\/01\/Barzmuehle_Wasserrad_600px-edited-1.jpg\" \/>\n<meta name=\"twitter:card\" content=\"summary_large_image\" \/>\n<meta name=\"twitter:site\" content=\"@BadZurzach\" \/>\n<meta name=\"twitter:label1\" content=\"Dur\u00e9e de lecture estim\u00e9e\" \/>\n\t<meta name=\"twitter:data1\" content=\"1 minute\" \/>\n<script type=\"application\/ld+json\" class=\"yoast-schema-graph\">{\"@context\":\"https:\\\/\\\/schema.org\",\"@graph\":[{\"@type\":\"WebPage\",\"@id\":\"https:\\\/\\\/www.badzurzach.info\\\/fr\\\/du-grain-a-la-farine\\\/\",\"url\":\"https:\\\/\\\/www.badzurzach.info\\\/fr\\\/du-grain-a-la-farine\\\/\",\"name\":\"Visite guid\u00e9e du grain \u00e0 la farine\",\"isPartOf\":{\"@id\":\"https:\\\/\\\/www.badzurzach.info\\\/#website\"},\"primaryImageOfPage\":{\"@id\":\"https:\\\/\\\/www.badzurzach.info\\\/fr\\\/du-grain-a-la-farine\\\/#primaryimage\"},\"image\":{\"@id\":\"https:\\\/\\\/www.badzurzach.info\\\/fr\\\/du-grain-a-la-farine\\\/#primaryimage\"},\"thumbnailUrl\":\"https:\\\/\\\/www.badzurzach.info\\\/wp-content\\\/uploads\\\/2021\\\/11\\\/Barzmuehle_Innenraum_2_1920px.jpg\",\"datePublished\":\"2022-01-06T14:08:56+00:00\",\"dateModified\":\"2024-11-24T09:44:56+00:00\",\"description\":\"Une visite guid\u00e9e du moulin Barzm\u00fchle, situ\u00e9 un peu en dehors de Bad Zurzach, montre encore l'artisanat d'origine comme il y a 500 ans.\",\"breadcrumb\":{\"@id\":\"https:\\\/\\\/www.badzurzach.info\\\/fr\\\/du-grain-a-la-farine\\\/#breadcrumb\"},\"inLanguage\":\"fr-FR\",\"potentialAction\":[{\"@type\":\"ReadAction\",\"target\":[\"https:\\\/\\\/www.badzurzach.info\\\/fr\\\/du-grain-a-la-farine\\\/\"]}]},{\"@type\":\"ImageObject\",\"inLanguage\":\"fr-FR\",\"@id\":\"https:\\\/\\\/www.badzurzach.info\\\/fr\\\/du-grain-a-la-farine\\\/#primaryimage\",\"url\":\"https:\\\/\\\/www.badzurzach.info\\\/wp-content\\\/uploads\\\/2021\\\/11\\\/Barzmuehle_Innenraum_2_1920px.jpg\",\"contentUrl\":\"https:\\\/\\\/www.badzurzach.info\\\/wp-content\\\/uploads\\\/2021\\\/11\\\/Barzmuehle_Innenraum_2_1920px.jpg\",\"width\":1920,\"height\":1280,\"caption\":\"Die erste schriftliche Kunde einer Schiffsm\u00fchle geht auf das Jahr 1446 zur\u00fcck. Urspr\u00fcnglich genutzt als Getreidem\u00fchle, beherbergt das Geb\u00e4ude heute ein Getreidebau-Museum sowie eine Schmiede. Im Dachgeschoss ist eine kleine Ausstellung zum Getreideanbau zu sehen und auch der Jahresablauf des Ackerbaus vor dem Maschinenzeitalter wird dargestellt. Die Barzm\u00fchle liegt in der Naherholungszone von Zurzach und Rietheim direkt am Rhein zur deutschen Grenze.\"},{\"@type\":\"BreadcrumbList\",\"@id\":\"https:\\\/\\\/www.badzurzach.info\\\/fr\\\/du-grain-a-la-farine\\\/#breadcrumb\",\"itemListElement\":[{\"@type\":\"ListItem\",\"position\":1,\"name\":\"Home\",\"item\":\"https:\\\/\\\/www.badzurzach.info\\\/fr\\\/\"},{\"@type\":\"ListItem\",\"position\":2,\"name\":\"Du grain \u00e0 la farine\"}]},{\"@type\":\"WebSite\",\"@id\":\"https:\\\/\\\/www.badzurzach.info\\\/#website\",\"url\":\"https:\\\/\\\/www.badzurzach.info\\\/\",\"name\":\"Bad Zurzach Tourismus\",\"description\":\"Ihre Feriendestination Bad Zurzach\",\"publisher\":{\"@id\":\"https:\\\/\\\/www.badzurzach.info\\\/#organization\"},\"potentialAction\":[{\"@type\":\"SearchAction\",\"target\":{\"@type\":\"EntryPoint\",\"urlTemplate\":\"https:\\\/\\\/www.badzurzach.info\\\/?s={search_term_string}\"},\"query-input\":{\"@type\":\"PropertyValueSpecification\",\"valueRequired\":true,\"valueName\":\"search_term_string\"}}],\"inLanguage\":\"fr-FR\"},{\"@type\":\"Organization\",\"@id\":\"https:\\\/\\\/www.badzurzach.info\\\/#organization\",\"name\":\"Bad Zurzach Tourismus\",\"url\":\"https:\\\/\\\/www.badzurzach.info\\\/\",\"logo\":{\"@type\":\"ImageObject\",\"inLanguage\":\"fr-FR\",\"@id\":\"https:\\\/\\\/www.badzurzach.info\\\/#\\\/schema\\\/logo\\\/image\\\/\",\"url\":\"https:\\\/\\\/www.badzurzach.info\\\/wp-content\\\/uploads\\\/2022\\\/02\\\/Thermalbad-Zurzach_Logo.png\",\"contentUrl\":\"https:\\\/\\\/www.badzurzach.info\\\/wp-content\\\/uploads\\\/2022\\\/02\\\/Thermalbad-Zurzach_Logo.png\",\"width\":1180,\"height\":1705,\"caption\":\"Bad Zurzach Tourismus\"},\"image\":{\"@id\":\"https:\\\/\\\/www.badzurzach.info\\\/#\\\/schema\\\/logo\\\/image\\\/\"},\"sameAs\":[\"https:\\\/\\\/www.facebook.com\\\/badzurzachtourismus\",\"https:\\\/\\\/x.com\\\/BadZurzach\",\"https:\\\/\\\/www.instagram.com\\\/badzurzach.switzerland\",\"https:\\\/\\\/www.linkedin.com\\\/company\\\/6134459\\\/\"]}]}<\/script>\n<!-- \/ Yoast SEO plugin. -->","yoast_head_json":{"title":"Visite guid\u00e9e du grain \u00e0 la farine","description":"Une visite guid\u00e9e du moulin Barzm\u00fchle, situ\u00e9 un peu en dehors de Bad Zurzach, montre encore l'artisanat d'origine comme il y a 500 ans.","robots":{"index":"index","follow":"follow","max-snippet":"max-snippet:-1","max-image-preview":"max-image-preview:large","max-video-preview":"max-video-preview:-1"},"canonical":"https:\/\/www.badzurzach.info\/fr\/du-grain-a-la-farine\/","og_locale":"fr_FR","og_type":"article","og_title":"Du guidage du grain \u00e0 la farine","og_description":"Une visite guid\u00e9e du moulin Barzm\u00fchle, situ\u00e9 un peu en dehors de Bad Zurzach, montre encore l'artisanat d'origine comme il y a 500 ans.","og_url":"https:\/\/www.badzurzach.info\/fr\/du-grain-a-la-farine\/","og_site_name":"Bad Zurzach Tourismus","article_publisher":"https:\/\/www.facebook.com\/badzurzachtourismus","article_modified_time":"2024-11-24T09:44:56+00:00","og_image":[{"url":"https:\/\/www.badzurzach.info\/wp-content\/uploads\/2022\/01\/Barzmuehle_Wasserrad_600px-edited-1.jpg","type":"","width":"","height":""}],"twitter_card":"summary_large_image","twitter_site":"@BadZurzach","twitter_misc":{"Dur\u00e9e de lecture estim\u00e9e":"1 minute"},"schema":{"@context":"https:\/\/schema.org","@graph":[{"@type":"WebPage","@id":"https:\/\/www.badzurzach.info\/fr\/du-grain-a-la-farine\/","url":"https:\/\/www.badzurzach.info\/fr\/du-grain-a-la-farine\/","name":"Visite guid\u00e9e du grain \u00e0 la farine","isPartOf":{"@id":"https:\/\/www.badzurzach.info\/#website"},"primaryImageOfPage":{"@id":"https:\/\/www.badzurzach.info\/fr\/du-grain-a-la-farine\/#primaryimage"},"image":{"@id":"https:\/\/www.badzurzach.info\/fr\/du-grain-a-la-farine\/#primaryimage"},"thumbnailUrl":"https:\/\/www.badzurzach.info\/wp-content\/uploads\/2021\/11\/Barzmuehle_Innenraum_2_1920px.jpg","datePublished":"2022-01-06T14:08:56+00:00","dateModified":"2024-11-24T09:44:56+00:00","description":"Une visite guid\u00e9e du moulin Barzm\u00fchle, situ\u00e9 un peu en dehors de Bad Zurzach, montre encore l'artisanat d'origine comme il y a 500 ans.","breadcrumb":{"@id":"https:\/\/www.badzurzach.info\/fr\/du-grain-a-la-farine\/#breadcrumb"},"inLanguage":"fr-FR","potentialAction":[{"@type":"ReadAction","target":["https:\/\/www.badzurzach.info\/fr\/du-grain-a-la-farine\/"]}]},{"@type":"ImageObject","inLanguage":"fr-FR","@id":"https:\/\/www.badzurzach.info\/fr\/du-grain-a-la-farine\/#primaryimage","url":"https:\/\/www.badzurzach.info\/wp-content\/uploads\/2021\/11\/Barzmuehle_Innenraum_2_1920px.jpg","contentUrl":"https:\/\/www.badzurzach.info\/wp-content\/uploads\/2021\/11\/Barzmuehle_Innenraum_2_1920px.jpg","width":1920,"height":1280,"caption":"Die erste schriftliche Kunde einer Schiffsm\u00fchle geht auf das Jahr 1446 zur\u00fcck. Urspr\u00fcnglich genutzt als Getreidem\u00fchle, beherbergt das Geb\u00e4ude heute ein Getreidebau-Museum sowie eine Schmiede. Im Dachgeschoss ist eine kleine Ausstellung zum Getreideanbau zu sehen und auch der Jahresablauf des Ackerbaus vor dem Maschinenzeitalter wird dargestellt. Die Barzm\u00fchle liegt in der Naherholungszone von Zurzach und Rietheim direkt am Rhein zur deutschen Grenze."},{"@type":"BreadcrumbList","@id":"https:\/\/www.badzurzach.info\/fr\/du-grain-a-la-farine\/#breadcrumb","itemListElement":[{"@type":"ListItem","position":1,"name":"Home","item":"https:\/\/www.badzurzach.info\/fr\/"},{"@type":"ListItem","position":2,"name":"Du grain \u00e0 la farine"}]},{"@type":"WebSite","@id":"https:\/\/www.badzurzach.info\/#website","url":"https:\/\/www.badzurzach.info\/","name":"Bad Zurzach Tourismus","description":"Ihre Feriendestination Bad Zurzach","publisher":{"@id":"https:\/\/www.badzurzach.info\/#organization"},"potentialAction":[{"@type":"SearchAction","target":{"@type":"EntryPoint","urlTemplate":"https:\/\/www.badzurzach.info\/?s={search_term_string}"},"query-input":{"@type":"PropertyValueSpecification","valueRequired":true,"valueName":"search_term_string"}}],"inLanguage":"fr-FR"},{"@type":"Organization","@id":"https:\/\/www.badzurzach.info\/#organization","name":"Bad Zurzach Tourismus","url":"https:\/\/www.badzurzach.info\/","logo":{"@type":"ImageObject","inLanguage":"fr-FR","@id":"https:\/\/www.badzurzach.info\/#\/schema\/logo\/image\/","url":"https:\/\/www.badzurzach.info\/wp-content\/uploads\/2022\/02\/Thermalbad-Zurzach_Logo.png","contentUrl":"https:\/\/www.badzurzach.info\/wp-content\/uploads\/2022\/02\/Thermalbad-Zurzach_Logo.png","width":1180,"height":1705,"caption":"Bad Zurzach Tourismus"},"image":{"@id":"https:\/\/www.badzurzach.info\/#\/schema\/logo\/image\/"},"sameAs":["https:\/\/www.facebook.com\/badzurzachtourismus","https:\/\/x.com\/BadZurzach","https:\/\/www.instagram.com\/badzurzach.switzerland","https:\/\/www.linkedin.com\/company\/6134459\/"]}]}},"_links":{"self":[{"href":"https:\/\/www.badzurzach.info\/fr\/wp-json\/wp\/v2\/pages\/129728","targetHints":{"allow":["GET"]}}],"collection":[{"href":"https:\/\/www.badzurzach.info\/fr\/wp-json\/wp\/v2\/pages"}],"about":[{"href":"https:\/\/www.badzurzach.info\/fr\/wp-json\/wp\/v2\/types\/page"}],"author":[{"embeddable":true,"href":"https:\/\/www.badzurzach.info\/fr\/wp-json\/wp\/v2\/users\/9"}],"replies":[{"embeddable":true,"href":"https:\/\/www.badzurzach.info\/fr\/wp-json\/wp\/v2\/comments?post=129728"}],"version-history":[{"count":2,"href":"https:\/\/www.badzurzach.info\/fr\/wp-json\/wp\/v2\/pages\/129728\/revisions"}],"predecessor-version":[{"id":171873,"href":"https:\/\/www.badzurzach.info\/fr\/wp-json\/wp\/v2\/pages\/129728\/revisions\/171873"}],"wp:featuredmedia":[{"embeddable":true,"href":"https:\/\/www.badzurzach.info\/fr\/wp-json\/wp\/v2\/media\/1950"}],"wp:attachment":[{"href":"https:\/\/www.badzurzach.info\/fr\/wp-json\/wp\/v2\/media?parent=129728"}],"curies":[{"name":"wp","href":"https:\/\/api.w.org\/{rel}","templated":true}]}}