{"id":129729,"date":"2022-01-06T14:59:58","date_gmt":"2022-01-06T13:59:58","guid":{"rendered":"https:\/\/www.badzurzach.info\/comment-tenedo-est-devenu-bad-zurzach\/"},"modified":"2024-05-21T11:59:23","modified_gmt":"2024-05-21T09:59:23","slug":"comment-tenedo-est-devenu-bad-zurzach","status":"publish","type":"page","link":"https:\/\/www.badzurzach.info\/fr\/comment-tenedo-est-devenu-bad-zurzach\/","title":{"rendered":"Comment \u00ab\u00a0Tenedo\u00a0\u00bb est devenu Bad Zurzach"},"content":{"rendered":"\n<h3 class=\"wp-block-heading\">Visite guid\u00e9e du mus\u00e9e de district de H\u00f6fli.<\/h3>\n\n<p>Visitez le mus\u00e9e \u00e0 plusieurs \u00e9tages qui abrite de nombreuses d\u00e9couvertes de la ville romaine de Zurzach, Tenedo, au cours d&rsquo;une visite guid\u00e9e. En outre, des pi\u00e8ces de collection sur Sainte V\u00e9r\u00e8ne, des images des foires de Zurzach et des d\u00e9couvertes de ch\u00e2teaux forts donnent un aper\u00e7u de l&rsquo;histoire locale. L&rsquo;entreprise locale Triumph International jette un pont vers l&rsquo;\u00e9poque actuelle en pr\u00e9sentant l&rsquo;histoire de l&rsquo;entreprise, ainsi qu&rsquo;une r\u00e9trospective de l&rsquo;\u00e9volution du corset.<\/p>\n\n<figure class=\"wp-block-table is-style-regular\"><table><tbody><tr><td>Lieu<\/td><td>Bad Zurzach<\/td><\/tr><tr><td>Dur\u00e9e<\/td><td>1.0h<br\/>(Prolongations sur demande)<\/td><\/tr><tr><td>Participants<\/td><td>jusqu&rsquo;\u00e0 25 personnes par groupe<\/td><\/tr><tr><td>Co\u00fbts<\/td><td>150 CHF par groupe<\/td><\/tr><\/tbody><\/table><\/figure>\n\n<div style=\"height:30px\" aria-hidden=\"true\" class=\"wp-block-spacer\"><\/div>\n\n<div class=\"wp-block-columns is-layout-flex wp-container-core-columns-is-layout-9d6595d7 wp-block-columns-is-layout-flex\">\n<div class=\"wp-block-column is-layout-flow wp-block-column-is-layout-flow\" style=\"flex-basis:100%\">\n<div class=\"wp-block-buttons is-layout-flex wp-block-buttons-is-layout-flex\">\n<div class=\"wp-block-button has-custom-width wp-block-button__width-50 is-style-fill\"><a class=\"wp-block-button__link wp-element-button\" href=\"https:\/\/www.badzurzach.info\/gruppenfuehrung-reservieren\/?gruppenfuehrung=bezirksmuseum-fuehrung\" style=\"border-radius:7px\">Envoyer une demande de r\u00e9servation<\/a><\/div>\n<\/div>\n<\/div>\n<\/div>\n","protected":false},"excerpt":{"rendered":"<p>Visite guid\u00e9e du mus\u00e9e de district de H\u00f6fli. Visitez le mus\u00e9e \u00e0 plusieurs \u00e9tages qui abrite de nombreuses d\u00e9couvertes de la ville romaine de Zurzach, Tenedo, au cours d&rsquo;une visite guid\u00e9e. En outre, des pi\u00e8ces de collection sur Sainte V\u00e9r\u00e8ne, des images des foires de Zurzach et des d\u00e9couvertes de ch\u00e2teaux forts donnent un aper\u00e7u [&hellip;]<\/p>\n","protected":false},"author":9,"featured_media":2883,"parent":0,"menu_order":0,"comment_status":"closed","ping_status":"closed","template":"","meta":{"_acf_changed":false,"_relevanssi_hide_post":"","_relevanssi_hide_content":"","_relevanssi_pin_for_all":"","_relevanssi_pin_keywords":"","_relevanssi_unpin_keywords":"","_relevanssi_related_keywords":"","_relevanssi_related_include_ids":"","_relevanssi_related_exclude_ids":"","_relevanssi_related_no_append":"","_relevanssi_related_not_related":"","_relevanssi_related_posts":"","_relevanssi_noindex_reason":"","footnotes":""},"class_list":["post-129729","page","type-page","status-publish","has-post-thumbnail","hentry"],"acf":[],"yoast_head":"<!-- This site is optimized with the Yoast SEO plugin v27.4 - https:\/\/yoast.com\/product\/yoast-seo-wordpress\/ -->\n<title>Visite guid\u00e9e sur la fa\u00e7on dont &quot;Tenedo&quot; est devenu Bad Zurzach<\/title>\n<meta name=\"description\" content=\"Une visite guid\u00e9e du mus\u00e9e et de son histoire romaine.\" \/>\n<meta name=\"robots\" content=\"index, follow, max-snippet:-1, max-image-preview:large, max-video-preview:-1\" \/>\n<link rel=\"canonical\" href=\"https:\/\/www.badzurzach.info\/fr\/comment-tenedo-est-devenu-bad-zurzach\/\" \/>\n<meta property=\"og:locale\" content=\"fr_FR\" \/>\n<meta property=\"og:type\" content=\"article\" \/>\n<meta property=\"og:title\" content=\"Visite guid\u00e9e sur la fa\u00e7on dont &quot;Tenedo&quot; est devenu Bad Zurzach\" \/>\n<meta property=\"og:description\" content=\"Une visite guid\u00e9e du mus\u00e9e et de son histoire romaine.\" \/>\n<meta property=\"og:url\" content=\"https:\/\/www.badzurzach.info\/fr\/comment-tenedo-est-devenu-bad-zurzach\/\" \/>\n<meta property=\"og:site_name\" content=\"Bad Zurzach Tourismus\" \/>\n<meta property=\"article:publisher\" content=\"https:\/\/www.facebook.com\/badzurzachtourismus\" \/>\n<meta property=\"article:modified_time\" content=\"2024-05-21T09:59:23+00:00\" \/>\n<meta property=\"og:image\" content=\"https:\/\/www.badzurzach.info\/wp-content\/uploads\/2023\/07\/Bad-Zurzach_Ausblick-vom-Rheintalblick-scaled-e1695297117165-1024x683.jpg\" \/>\n<meta name=\"twitter:card\" content=\"summary_large_image\" \/>\n<meta name=\"twitter:site\" content=\"@BadZurzach\" \/>\n<meta name=\"twitter:label1\" content=\"Dur\u00e9e de lecture estim\u00e9e\" \/>\n\t<meta name=\"twitter:data1\" content=\"1 minute\" \/>\n<script type=\"application\/ld+json\" class=\"yoast-schema-graph\">{\"@context\":\"https:\\\/\\\/schema.org\",\"@graph\":[{\"@type\":\"WebPage\",\"@id\":\"https:\\\/\\\/www.badzurzach.info\\\/fr\\\/comment-tenedo-est-devenu-bad-zurzach\\\/\",\"url\":\"https:\\\/\\\/www.badzurzach.info\\\/fr\\\/comment-tenedo-est-devenu-bad-zurzach\\\/\",\"name\":\"Visite guid\u00e9e sur la fa\u00e7on dont \\\"Tenedo\\\" est devenu Bad Zurzach\",\"isPartOf\":{\"@id\":\"https:\\\/\\\/www.badzurzach.info\\\/#website\"},\"primaryImageOfPage\":{\"@id\":\"https:\\\/\\\/www.badzurzach.info\\\/fr\\\/comment-tenedo-est-devenu-bad-zurzach\\\/#primaryimage\"},\"image\":{\"@id\":\"https:\\\/\\\/www.badzurzach.info\\\/fr\\\/comment-tenedo-est-devenu-bad-zurzach\\\/#primaryimage\"},\"thumbnailUrl\":\"https:\\\/\\\/www.badzurzach.info\\\/wp-content\\\/uploads\\\/2022\\\/01\\\/Bezirksmuseum-Hoefli_Handwerk_1920px.jpg\",\"datePublished\":\"2022-01-06T13:59:58+00:00\",\"dateModified\":\"2024-05-21T09:59:23+00:00\",\"description\":\"Une visite guid\u00e9e du mus\u00e9e et de son histoire romaine.\",\"breadcrumb\":{\"@id\":\"https:\\\/\\\/www.badzurzach.info\\\/fr\\\/comment-tenedo-est-devenu-bad-zurzach\\\/#breadcrumb\"},\"inLanguage\":\"fr-FR\",\"potentialAction\":[{\"@type\":\"ReadAction\",\"target\":[\"https:\\\/\\\/www.badzurzach.info\\\/fr\\\/comment-tenedo-est-devenu-bad-zurzach\\\/\"]}]},{\"@type\":\"ImageObject\",\"inLanguage\":\"fr-FR\",\"@id\":\"https:\\\/\\\/www.badzurzach.info\\\/fr\\\/comment-tenedo-est-devenu-bad-zurzach\\\/#primaryimage\",\"url\":\"https:\\\/\\\/www.badzurzach.info\\\/wp-content\\\/uploads\\\/2022\\\/01\\\/Bezirksmuseum-Hoefli_Handwerk_1920px.jpg\",\"contentUrl\":\"https:\\\/\\\/www.badzurzach.info\\\/wp-content\\\/uploads\\\/2022\\\/01\\\/Bezirksmuseum-Hoefli_Handwerk_1920px.jpg\",\"width\":1920,\"height\":1440,\"caption\":\"Handwerk, Holzbearbeitung. Aufn. A. Hidber 2021\"},{\"@type\":\"BreadcrumbList\",\"@id\":\"https:\\\/\\\/www.badzurzach.info\\\/fr\\\/comment-tenedo-est-devenu-bad-zurzach\\\/#breadcrumb\",\"itemListElement\":[{\"@type\":\"ListItem\",\"position\":1,\"name\":\"Home\",\"item\":\"https:\\\/\\\/www.badzurzach.info\\\/fr\\\/\"},{\"@type\":\"ListItem\",\"position\":2,\"name\":\"Comment \u00ab\u00a0Tenedo\u00a0\u00bb est devenu Bad Zurzach\"}]},{\"@type\":\"WebSite\",\"@id\":\"https:\\\/\\\/www.badzurzach.info\\\/#website\",\"url\":\"https:\\\/\\\/www.badzurzach.info\\\/\",\"name\":\"Bad Zurzach Tourismus\",\"description\":\"Ihre Feriendestination Bad Zurzach\",\"publisher\":{\"@id\":\"https:\\\/\\\/www.badzurzach.info\\\/#organization\"},\"potentialAction\":[{\"@type\":\"SearchAction\",\"target\":{\"@type\":\"EntryPoint\",\"urlTemplate\":\"https:\\\/\\\/www.badzurzach.info\\\/?s={search_term_string}\"},\"query-input\":{\"@type\":\"PropertyValueSpecification\",\"valueRequired\":true,\"valueName\":\"search_term_string\"}}],\"inLanguage\":\"fr-FR\"},{\"@type\":\"Organization\",\"@id\":\"https:\\\/\\\/www.badzurzach.info\\\/#organization\",\"name\":\"Bad Zurzach Tourismus\",\"url\":\"https:\\\/\\\/www.badzurzach.info\\\/\",\"logo\":{\"@type\":\"ImageObject\",\"inLanguage\":\"fr-FR\",\"@id\":\"https:\\\/\\\/www.badzurzach.info\\\/#\\\/schema\\\/logo\\\/image\\\/\",\"url\":\"https:\\\/\\\/www.badzurzach.info\\\/wp-content\\\/uploads\\\/2022\\\/02\\\/Thermalbad-Zurzach_Logo.png\",\"contentUrl\":\"https:\\\/\\\/www.badzurzach.info\\\/wp-content\\\/uploads\\\/2022\\\/02\\\/Thermalbad-Zurzach_Logo.png\",\"width\":1180,\"height\":1705,\"caption\":\"Bad Zurzach Tourismus\"},\"image\":{\"@id\":\"https:\\\/\\\/www.badzurzach.info\\\/#\\\/schema\\\/logo\\\/image\\\/\"},\"sameAs\":[\"https:\\\/\\\/www.facebook.com\\\/badzurzachtourismus\",\"https:\\\/\\\/x.com\\\/BadZurzach\",\"https:\\\/\\\/www.instagram.com\\\/badzurzach.switzerland\",\"https:\\\/\\\/www.linkedin.com\\\/company\\\/6134459\\\/\"]}]}<\/script>\n<!-- \/ Yoast SEO plugin. -->","yoast_head_json":{"title":"Visite guid\u00e9e sur la fa\u00e7on dont \"Tenedo\" est devenu Bad Zurzach","description":"Une visite guid\u00e9e du mus\u00e9e et de son histoire romaine.","robots":{"index":"index","follow":"follow","max-snippet":"max-snippet:-1","max-image-preview":"max-image-preview:large","max-video-preview":"max-video-preview:-1"},"canonical":"https:\/\/www.badzurzach.info\/fr\/comment-tenedo-est-devenu-bad-zurzach\/","og_locale":"fr_FR","og_type":"article","og_title":"Visite guid\u00e9e sur la fa\u00e7on dont \"Tenedo\" est devenu Bad Zurzach","og_description":"Une visite guid\u00e9e du mus\u00e9e et de son histoire romaine.","og_url":"https:\/\/www.badzurzach.info\/fr\/comment-tenedo-est-devenu-bad-zurzach\/","og_site_name":"Bad Zurzach Tourismus","article_publisher":"https:\/\/www.facebook.com\/badzurzachtourismus","article_modified_time":"2024-05-21T09:59:23+00:00","og_image":[{"url":"https:\/\/www.badzurzach.info\/wp-content\/uploads\/2023\/07\/Bad-Zurzach_Ausblick-vom-Rheintalblick-scaled-e1695297117165-1024x683.jpg","type":"","width":"","height":""}],"twitter_card":"summary_large_image","twitter_site":"@BadZurzach","twitter_misc":{"Dur\u00e9e de lecture estim\u00e9e":"1 minute"},"schema":{"@context":"https:\/\/schema.org","@graph":[{"@type":"WebPage","@id":"https:\/\/www.badzurzach.info\/fr\/comment-tenedo-est-devenu-bad-zurzach\/","url":"https:\/\/www.badzurzach.info\/fr\/comment-tenedo-est-devenu-bad-zurzach\/","name":"Visite guid\u00e9e sur la fa\u00e7on dont \"Tenedo\" est devenu Bad Zurzach","isPartOf":{"@id":"https:\/\/www.badzurzach.info\/#website"},"primaryImageOfPage":{"@id":"https:\/\/www.badzurzach.info\/fr\/comment-tenedo-est-devenu-bad-zurzach\/#primaryimage"},"image":{"@id":"https:\/\/www.badzurzach.info\/fr\/comment-tenedo-est-devenu-bad-zurzach\/#primaryimage"},"thumbnailUrl":"https:\/\/www.badzurzach.info\/wp-content\/uploads\/2022\/01\/Bezirksmuseum-Hoefli_Handwerk_1920px.jpg","datePublished":"2022-01-06T13:59:58+00:00","dateModified":"2024-05-21T09:59:23+00:00","description":"Une visite guid\u00e9e du mus\u00e9e et de son histoire romaine.","breadcrumb":{"@id":"https:\/\/www.badzurzach.info\/fr\/comment-tenedo-est-devenu-bad-zurzach\/#breadcrumb"},"inLanguage":"fr-FR","potentialAction":[{"@type":"ReadAction","target":["https:\/\/www.badzurzach.info\/fr\/comment-tenedo-est-devenu-bad-zurzach\/"]}]},{"@type":"ImageObject","inLanguage":"fr-FR","@id":"https:\/\/www.badzurzach.info\/fr\/comment-tenedo-est-devenu-bad-zurzach\/#primaryimage","url":"https:\/\/www.badzurzach.info\/wp-content\/uploads\/2022\/01\/Bezirksmuseum-Hoefli_Handwerk_1920px.jpg","contentUrl":"https:\/\/www.badzurzach.info\/wp-content\/uploads\/2022\/01\/Bezirksmuseum-Hoefli_Handwerk_1920px.jpg","width":1920,"height":1440,"caption":"Handwerk, Holzbearbeitung. Aufn. A. Hidber 2021"},{"@type":"BreadcrumbList","@id":"https:\/\/www.badzurzach.info\/fr\/comment-tenedo-est-devenu-bad-zurzach\/#breadcrumb","itemListElement":[{"@type":"ListItem","position":1,"name":"Home","item":"https:\/\/www.badzurzach.info\/fr\/"},{"@type":"ListItem","position":2,"name":"Comment \u00ab\u00a0Tenedo\u00a0\u00bb est devenu Bad Zurzach"}]},{"@type":"WebSite","@id":"https:\/\/www.badzurzach.info\/#website","url":"https:\/\/www.badzurzach.info\/","name":"Bad Zurzach Tourismus","description":"Ihre Feriendestination Bad Zurzach","publisher":{"@id":"https:\/\/www.badzurzach.info\/#organization"},"potentialAction":[{"@type":"SearchAction","target":{"@type":"EntryPoint","urlTemplate":"https:\/\/www.badzurzach.info\/?s={search_term_string}"},"query-input":{"@type":"PropertyValueSpecification","valueRequired":true,"valueName":"search_term_string"}}],"inLanguage":"fr-FR"},{"@type":"Organization","@id":"https:\/\/www.badzurzach.info\/#organization","name":"Bad Zurzach Tourismus","url":"https:\/\/www.badzurzach.info\/","logo":{"@type":"ImageObject","inLanguage":"fr-FR","@id":"https:\/\/www.badzurzach.info\/#\/schema\/logo\/image\/","url":"https:\/\/www.badzurzach.info\/wp-content\/uploads\/2022\/02\/Thermalbad-Zurzach_Logo.png","contentUrl":"https:\/\/www.badzurzach.info\/wp-content\/uploads\/2022\/02\/Thermalbad-Zurzach_Logo.png","width":1180,"height":1705,"caption":"Bad Zurzach Tourismus"},"image":{"@id":"https:\/\/www.badzurzach.info\/#\/schema\/logo\/image\/"},"sameAs":["https:\/\/www.facebook.com\/badzurzachtourismus","https:\/\/x.com\/BadZurzach","https:\/\/www.instagram.com\/badzurzach.switzerland","https:\/\/www.linkedin.com\/company\/6134459\/"]}]}},"_links":{"self":[{"href":"https:\/\/www.badzurzach.info\/fr\/wp-json\/wp\/v2\/pages\/129729","targetHints":{"allow":["GET"]}}],"collection":[{"href":"https:\/\/www.badzurzach.info\/fr\/wp-json\/wp\/v2\/pages"}],"about":[{"href":"https:\/\/www.badzurzach.info\/fr\/wp-json\/wp\/v2\/types\/page"}],"author":[{"embeddable":true,"href":"https:\/\/www.badzurzach.info\/fr\/wp-json\/wp\/v2\/users\/9"}],"replies":[{"embeddable":true,"href":"https:\/\/www.badzurzach.info\/fr\/wp-json\/wp\/v2\/comments?post=129729"}],"version-history":[{"count":1,"href":"https:\/\/www.badzurzach.info\/fr\/wp-json\/wp\/v2\/pages\/129729\/revisions"}],"predecessor-version":[{"id":129734,"href":"https:\/\/www.badzurzach.info\/fr\/wp-json\/wp\/v2\/pages\/129729\/revisions\/129734"}],"wp:featuredmedia":[{"embeddable":true,"href":"https:\/\/www.badzurzach.info\/fr\/wp-json\/wp\/v2\/media\/2883"}],"wp:attachment":[{"href":"https:\/\/www.badzurzach.info\/fr\/wp-json\/wp\/v2\/media?parent=129729"}],"curies":[{"name":"wp","href":"https:\/\/api.w.org\/{rel}","templated":true}]}}