{"id":129736,"date":"2022-01-06T14:32:45","date_gmt":"2022-01-06T13:32:45","guid":{"rendered":"https:\/\/www.badzurzach.info\/sur-les-traces-du-castor-de-la-grenouille-co\/"},"modified":"2024-11-24T10:17:34","modified_gmt":"2024-11-24T09:17:34","slug":"sur-les-traces-du-castor-de-la-grenouille-co","status":"publish","type":"page","link":"https:\/\/www.badzurzach.info\/fr\/sur-les-traces-du-castor-de-la-grenouille-co\/","title":{"rendered":"Sur les traces du castor, de la grenouille &amp; Co."},"content":{"rendered":"\n<h3 class=\"wp-block-heading\">Visite guid\u00e9e de la plaine alluviale \u00ab\u00a0Chly Rhy\u00a0\u00bb &#8211; Sur les traces du castor, de la grenouille &amp; Co.<\/h3>\n\n<p>D\u00e9couvrez la zone de loisirs de Rietheim d&rsquo;une mani\u00e8re diff\u00e9rente. Vous avez toujours voulu savoir pourquoi le castor d\u00e9veloppe son habitat \u00e0 cet endroit pr\u00e9cis ou pourquoi le sonneur \u00e0 ventre jaune s&rsquo;y sent si bien ? La visite guid\u00e9e de la r\u00e9serve naturelle est enti\u00e8rement adapt\u00e9e \u00e0 vos souhaits et, bien entendu, \u00e0 la saison correspondante.<\/p>\n\n<p>En plein \u00e9t\u00e9, la visite guid\u00e9e convient le matin \u00e0 7h00 ou le soir \u00e0 partir de 20h00 !<\/p>\n\n<figure class=\"wp-block-table is-style-regular\"><table><tbody><tr><td>Lieu<\/td><td>Aue \u00ab\u00a0Chly Rhy\u00a0\u00bb, Rietheim<\/td><\/tr><tr><td>Dur\u00e9e<\/td><td>1.5h<br\/>(possibilit\u00e9 de prolonger \u00e0 2h)<\/td><\/tr><tr><td>Participants<\/td><td>jusqu&rsquo;\u00e0 25 personnes par groupe<\/td><\/tr><tr><td>Co\u00fbts<\/td><td>1.5h &#8211; CHF 230.- par groupe<br\/>2.0h &#8211; CHF 250.- par groupe<\/td><\/tr><\/tbody><\/table><\/figure>\n\n<div style=\"height:30px\" aria-hidden=\"true\" class=\"wp-block-spacer\"><\/div>\n\n<div class=\"wp-block-columns is-layout-flex wp-container-core-columns-is-layout-9d6595d7 wp-block-columns-is-layout-flex\">\n<div class=\"wp-block-column is-layout-flow wp-block-column-is-layout-flow\" style=\"flex-basis:100%\">\n<div class=\"wp-block-buttons is-layout-flex wp-block-buttons-is-layout-flex\">\n<div class=\"wp-block-button has-custom-width wp-block-button__width-50 is-style-fill\"><a class=\"wp-block-button__link wp-element-button\" href=\"https:\/\/www.badzurzach.info\/fr\/demande-de-reservation\/?gruppenfuehrung=auenfuehrung\" style=\"border-radius:7px\">Envoyer une demande de r\u00e9servation<\/a><\/div>\n<\/div>\n<\/div>\n<\/div>\n","protected":false},"excerpt":{"rendered":"<p>Visite guid\u00e9e de la plaine alluviale \u00ab\u00a0Chly Rhy\u00a0\u00bb &#8211; Sur les traces du castor, de la grenouille &amp; Co. D\u00e9couvrez la zone de loisirs de Rietheim d&rsquo;une mani\u00e8re diff\u00e9rente. Vous avez toujours voulu savoir pourquoi le castor d\u00e9veloppe son habitat \u00e0 cet endroit pr\u00e9cis ou pourquoi le sonneur \u00e0 ventre jaune s&rsquo;y sent si bien [&hellip;]<\/p>\n","protected":false},"author":9,"featured_media":2873,"parent":0,"menu_order":0,"comment_status":"closed","ping_status":"closed","template":"","meta":{"_acf_changed":false,"_relevanssi_hide_post":"","_relevanssi_hide_content":"","_relevanssi_pin_for_all":"","_relevanssi_pin_keywords":"","_relevanssi_unpin_keywords":"","_relevanssi_related_keywords":"","_relevanssi_related_include_ids":"","_relevanssi_related_exclude_ids":"","_relevanssi_related_no_append":"","_relevanssi_related_not_related":"","_relevanssi_related_posts":"","_relevanssi_noindex_reason":"","footnotes":""},"class_list":["post-129736","page","type-page","status-publish","has-post-thumbnail","hentry"],"acf":[],"yoast_head":"<!-- This site is optimized with the Yoast SEO plugin v27.4 - https:\/\/yoast.com\/product\/yoast-seo-wordpress\/ -->\n<title>Bad Zurzach Tourismus Sur les traces du castor, de la grenouille &amp; Co. -<\/title>\n<meta name=\"description\" content=\"D\u00e9couvrez la nature du Haut-Rhin argovien, la zone de loisirs de proximit\u00e9 Aue Chly Rhy, d&#039;une autre mani\u00e8re gr\u00e2ce aux visites guid\u00e9es de la r\u00e9serve naturelle.\" \/>\n<meta name=\"robots\" content=\"index, follow, max-snippet:-1, max-image-preview:large, max-video-preview:-1\" \/>\n<link rel=\"canonical\" href=\"https:\/\/www.badzurzach.info\/fr\/sur-les-traces-du-castor-de-la-grenouille-co\/\" \/>\n<meta property=\"og:locale\" content=\"fr_FR\" \/>\n<meta property=\"og:type\" content=\"article\" \/>\n<meta property=\"og:title\" content=\"Visites guid\u00e9es Aue &quot;Chly Rhy\" \/>\n<meta property=\"og:description\" content=\"D\u00e9couvrez la nature du Haut-Rhin argovien, la zone de loisirs de proximit\u00e9 Aue Chly Rhy, d&#039;une autre mani\u00e8re gr\u00e2ce aux visites guid\u00e9es de la r\u00e9serve naturelle.\" \/>\n<meta property=\"og:url\" content=\"https:\/\/www.badzurzach.info\/fr\/sur-les-traces-du-castor-de-la-grenouille-co\/\" \/>\n<meta property=\"og:site_name\" content=\"Bad Zurzach Tourismus\" \/>\n<meta property=\"article:publisher\" content=\"https:\/\/www.facebook.com\/badzurzachtourismus\" \/>\n<meta property=\"article:modified_time\" content=\"2024-11-24T09:17:34+00:00\" \/>\n<meta property=\"og:image\" content=\"https:\/\/www.badzurzach.info\/wp-content\/uploads\/2022\/01\/Computerformat-4_3-Aue-Chly-Rhy_von-oben-mit-Schnee-1024x768.jpg\" \/>\n<meta name=\"twitter:card\" content=\"summary_large_image\" \/>\n<meta name=\"twitter:site\" content=\"@BadZurzach\" \/>\n<meta name=\"twitter:label1\" content=\"Dur\u00e9e de lecture estim\u00e9e\" \/>\n\t<meta name=\"twitter:data1\" content=\"1 minute\" \/>\n<script type=\"application\/ld+json\" class=\"yoast-schema-graph\">{\"@context\":\"https:\\\/\\\/schema.org\",\"@graph\":[{\"@type\":\"WebPage\",\"@id\":\"https:\\\/\\\/www.badzurzach.info\\\/fr\\\/sur-les-traces-du-castor-de-la-grenouille-co\\\/\",\"url\":\"https:\\\/\\\/www.badzurzach.info\\\/fr\\\/sur-les-traces-du-castor-de-la-grenouille-co\\\/\",\"name\":\"Bad Zurzach Tourismus Sur les traces du castor, de la grenouille &amp; Co. -\",\"isPartOf\":{\"@id\":\"https:\\\/\\\/www.badzurzach.info\\\/#website\"},\"primaryImageOfPage\":{\"@id\":\"https:\\\/\\\/www.badzurzach.info\\\/fr\\\/sur-les-traces-du-castor-de-la-grenouille-co\\\/#primaryimage\"},\"image\":{\"@id\":\"https:\\\/\\\/www.badzurzach.info\\\/fr\\\/sur-les-traces-du-castor-de-la-grenouille-co\\\/#primaryimage\"},\"thumbnailUrl\":\"https:\\\/\\\/www.badzurzach.info\\\/wp-content\\\/uploads\\\/2022\\\/01\\\/Aue-Chly-Rhy_von-oben-mit-Rhein_1920px-e1642083155121.jpg\",\"datePublished\":\"2022-01-06T13:32:45+00:00\",\"dateModified\":\"2024-11-24T09:17:34+00:00\",\"description\":\"D\u00e9couvrez la nature du Haut-Rhin argovien, la zone de loisirs de proximit\u00e9 Aue Chly Rhy, d'une autre mani\u00e8re gr\u00e2ce aux visites guid\u00e9es de la r\u00e9serve naturelle.\",\"breadcrumb\":{\"@id\":\"https:\\\/\\\/www.badzurzach.info\\\/fr\\\/sur-les-traces-du-castor-de-la-grenouille-co\\\/#breadcrumb\"},\"inLanguage\":\"fr-FR\",\"potentialAction\":[{\"@type\":\"ReadAction\",\"target\":[\"https:\\\/\\\/www.badzurzach.info\\\/fr\\\/sur-les-traces-du-castor-de-la-grenouille-co\\\/\"]}]},{\"@type\":\"ImageObject\",\"inLanguage\":\"fr-FR\",\"@id\":\"https:\\\/\\\/www.badzurzach.info\\\/fr\\\/sur-les-traces-du-castor-de-la-grenouille-co\\\/#primaryimage\",\"url\":\"https:\\\/\\\/www.badzurzach.info\\\/wp-content\\\/uploads\\\/2022\\\/01\\\/Aue-Chly-Rhy_von-oben-mit-Rhein_1920px-e1642083155121.jpg\",\"contentUrl\":\"https:\\\/\\\/www.badzurzach.info\\\/wp-content\\\/uploads\\\/2022\\\/01\\\/Aue-Chly-Rhy_von-oben-mit-Rhein_1920px-e1642083155121.jpg\",\"width\":1920,\"height\":1440,\"caption\":\"Die Aue Chly Rhy bildet das Herzst\u00fcck des Auenschutzparks Aargau am Rhein. Zwischen Rietheim und Koblenz ist ein neues Naturschutzgebiet entstanden, das sich durch eine grosse Vielfalt von Pflanzen und Tieren auszeichnet. Zwei verschiedene Wanderungen f\u00fchren Sie durch die wundersch\u00f6ne Landschaft, die unter anderem Fr\u00f6schen, Bibern und Eisv\u00f6geln als Lebensraum dient. Der Auenschutzpark Aargau bietet unz\u00e4hlige M\u00f6glichkeiten, die Tier-und Pflanzenwelt hautnah zu erleben.\"},{\"@type\":\"BreadcrumbList\",\"@id\":\"https:\\\/\\\/www.badzurzach.info\\\/fr\\\/sur-les-traces-du-castor-de-la-grenouille-co\\\/#breadcrumb\",\"itemListElement\":[{\"@type\":\"ListItem\",\"position\":1,\"name\":\"Home\",\"item\":\"https:\\\/\\\/www.badzurzach.info\\\/fr\\\/\"},{\"@type\":\"ListItem\",\"position\":2,\"name\":\"Sur les traces du castor, de la grenouille &amp; Co.\"}]},{\"@type\":\"WebSite\",\"@id\":\"https:\\\/\\\/www.badzurzach.info\\\/#website\",\"url\":\"https:\\\/\\\/www.badzurzach.info\\\/\",\"name\":\"Bad Zurzach Tourismus\",\"description\":\"Ihre Feriendestination Bad Zurzach\",\"publisher\":{\"@id\":\"https:\\\/\\\/www.badzurzach.info\\\/#organization\"},\"potentialAction\":[{\"@type\":\"SearchAction\",\"target\":{\"@type\":\"EntryPoint\",\"urlTemplate\":\"https:\\\/\\\/www.badzurzach.info\\\/?s={search_term_string}\"},\"query-input\":{\"@type\":\"PropertyValueSpecification\",\"valueRequired\":true,\"valueName\":\"search_term_string\"}}],\"inLanguage\":\"fr-FR\"},{\"@type\":\"Organization\",\"@id\":\"https:\\\/\\\/www.badzurzach.info\\\/#organization\",\"name\":\"Bad Zurzach Tourismus\",\"url\":\"https:\\\/\\\/www.badzurzach.info\\\/\",\"logo\":{\"@type\":\"ImageObject\",\"inLanguage\":\"fr-FR\",\"@id\":\"https:\\\/\\\/www.badzurzach.info\\\/#\\\/schema\\\/logo\\\/image\\\/\",\"url\":\"https:\\\/\\\/www.badzurzach.info\\\/wp-content\\\/uploads\\\/2022\\\/02\\\/Thermalbad-Zurzach_Logo.png\",\"contentUrl\":\"https:\\\/\\\/www.badzurzach.info\\\/wp-content\\\/uploads\\\/2022\\\/02\\\/Thermalbad-Zurzach_Logo.png\",\"width\":1180,\"height\":1705,\"caption\":\"Bad Zurzach Tourismus\"},\"image\":{\"@id\":\"https:\\\/\\\/www.badzurzach.info\\\/#\\\/schema\\\/logo\\\/image\\\/\"},\"sameAs\":[\"https:\\\/\\\/www.facebook.com\\\/badzurzachtourismus\",\"https:\\\/\\\/x.com\\\/BadZurzach\",\"https:\\\/\\\/www.instagram.com\\\/badzurzach.switzerland\",\"https:\\\/\\\/www.linkedin.com\\\/company\\\/6134459\\\/\"]}]}<\/script>\n<!-- \/ Yoast SEO plugin. -->","yoast_head_json":{"title":"Bad Zurzach Tourismus Sur les traces du castor, de la grenouille &amp; Co. -","description":"D\u00e9couvrez la nature du Haut-Rhin argovien, la zone de loisirs de proximit\u00e9 Aue Chly Rhy, d'une autre mani\u00e8re gr\u00e2ce aux visites guid\u00e9es de la r\u00e9serve naturelle.","robots":{"index":"index","follow":"follow","max-snippet":"max-snippet:-1","max-image-preview":"max-image-preview:large","max-video-preview":"max-video-preview:-1"},"canonical":"https:\/\/www.badzurzach.info\/fr\/sur-les-traces-du-castor-de-la-grenouille-co\/","og_locale":"fr_FR","og_type":"article","og_title":"Visites guid\u00e9es Aue \"Chly Rhy","og_description":"D\u00e9couvrez la nature du Haut-Rhin argovien, la zone de loisirs de proximit\u00e9 Aue Chly Rhy, d'une autre mani\u00e8re gr\u00e2ce aux visites guid\u00e9es de la r\u00e9serve naturelle.","og_url":"https:\/\/www.badzurzach.info\/fr\/sur-les-traces-du-castor-de-la-grenouille-co\/","og_site_name":"Bad Zurzach Tourismus","article_publisher":"https:\/\/www.facebook.com\/badzurzachtourismus","article_modified_time":"2024-11-24T09:17:34+00:00","og_image":[{"url":"https:\/\/www.badzurzach.info\/wp-content\/uploads\/2022\/01\/Computerformat-4_3-Aue-Chly-Rhy_von-oben-mit-Schnee-1024x768.jpg","type":"","width":"","height":""}],"twitter_card":"summary_large_image","twitter_site":"@BadZurzach","twitter_misc":{"Dur\u00e9e de lecture estim\u00e9e":"1 minute"},"schema":{"@context":"https:\/\/schema.org","@graph":[{"@type":"WebPage","@id":"https:\/\/www.badzurzach.info\/fr\/sur-les-traces-du-castor-de-la-grenouille-co\/","url":"https:\/\/www.badzurzach.info\/fr\/sur-les-traces-du-castor-de-la-grenouille-co\/","name":"Bad Zurzach Tourismus Sur les traces du castor, de la grenouille &amp; Co. -","isPartOf":{"@id":"https:\/\/www.badzurzach.info\/#website"},"primaryImageOfPage":{"@id":"https:\/\/www.badzurzach.info\/fr\/sur-les-traces-du-castor-de-la-grenouille-co\/#primaryimage"},"image":{"@id":"https:\/\/www.badzurzach.info\/fr\/sur-les-traces-du-castor-de-la-grenouille-co\/#primaryimage"},"thumbnailUrl":"https:\/\/www.badzurzach.info\/wp-content\/uploads\/2022\/01\/Aue-Chly-Rhy_von-oben-mit-Rhein_1920px-e1642083155121.jpg","datePublished":"2022-01-06T13:32:45+00:00","dateModified":"2024-11-24T09:17:34+00:00","description":"D\u00e9couvrez la nature du Haut-Rhin argovien, la zone de loisirs de proximit\u00e9 Aue Chly Rhy, d'une autre mani\u00e8re gr\u00e2ce aux visites guid\u00e9es de la r\u00e9serve naturelle.","breadcrumb":{"@id":"https:\/\/www.badzurzach.info\/fr\/sur-les-traces-du-castor-de-la-grenouille-co\/#breadcrumb"},"inLanguage":"fr-FR","potentialAction":[{"@type":"ReadAction","target":["https:\/\/www.badzurzach.info\/fr\/sur-les-traces-du-castor-de-la-grenouille-co\/"]}]},{"@type":"ImageObject","inLanguage":"fr-FR","@id":"https:\/\/www.badzurzach.info\/fr\/sur-les-traces-du-castor-de-la-grenouille-co\/#primaryimage","url":"https:\/\/www.badzurzach.info\/wp-content\/uploads\/2022\/01\/Aue-Chly-Rhy_von-oben-mit-Rhein_1920px-e1642083155121.jpg","contentUrl":"https:\/\/www.badzurzach.info\/wp-content\/uploads\/2022\/01\/Aue-Chly-Rhy_von-oben-mit-Rhein_1920px-e1642083155121.jpg","width":1920,"height":1440,"caption":"Die Aue Chly Rhy bildet das Herzst\u00fcck des Auenschutzparks Aargau am Rhein. Zwischen Rietheim und Koblenz ist ein neues Naturschutzgebiet entstanden, das sich durch eine grosse Vielfalt von Pflanzen und Tieren auszeichnet. Zwei verschiedene Wanderungen f\u00fchren Sie durch die wundersch\u00f6ne Landschaft, die unter anderem Fr\u00f6schen, Bibern und Eisv\u00f6geln als Lebensraum dient. Der Auenschutzpark Aargau bietet unz\u00e4hlige M\u00f6glichkeiten, die Tier-und Pflanzenwelt hautnah zu erleben."},{"@type":"BreadcrumbList","@id":"https:\/\/www.badzurzach.info\/fr\/sur-les-traces-du-castor-de-la-grenouille-co\/#breadcrumb","itemListElement":[{"@type":"ListItem","position":1,"name":"Home","item":"https:\/\/www.badzurzach.info\/fr\/"},{"@type":"ListItem","position":2,"name":"Sur les traces du castor, de la grenouille &amp; Co."}]},{"@type":"WebSite","@id":"https:\/\/www.badzurzach.info\/#website","url":"https:\/\/www.badzurzach.info\/","name":"Bad Zurzach Tourismus","description":"Ihre Feriendestination Bad Zurzach","publisher":{"@id":"https:\/\/www.badzurzach.info\/#organization"},"potentialAction":[{"@type":"SearchAction","target":{"@type":"EntryPoint","urlTemplate":"https:\/\/www.badzurzach.info\/?s={search_term_string}"},"query-input":{"@type":"PropertyValueSpecification","valueRequired":true,"valueName":"search_term_string"}}],"inLanguage":"fr-FR"},{"@type":"Organization","@id":"https:\/\/www.badzurzach.info\/#organization","name":"Bad Zurzach Tourismus","url":"https:\/\/www.badzurzach.info\/","logo":{"@type":"ImageObject","inLanguage":"fr-FR","@id":"https:\/\/www.badzurzach.info\/#\/schema\/logo\/image\/","url":"https:\/\/www.badzurzach.info\/wp-content\/uploads\/2022\/02\/Thermalbad-Zurzach_Logo.png","contentUrl":"https:\/\/www.badzurzach.info\/wp-content\/uploads\/2022\/02\/Thermalbad-Zurzach_Logo.png","width":1180,"height":1705,"caption":"Bad Zurzach Tourismus"},"image":{"@id":"https:\/\/www.badzurzach.info\/#\/schema\/logo\/image\/"},"sameAs":["https:\/\/www.facebook.com\/badzurzachtourismus","https:\/\/x.com\/BadZurzach","https:\/\/www.instagram.com\/badzurzach.switzerland","https:\/\/www.linkedin.com\/company\/6134459\/"]}]}},"_links":{"self":[{"href":"https:\/\/www.badzurzach.info\/fr\/wp-json\/wp\/v2\/pages\/129736","targetHints":{"allow":["GET"]}}],"collection":[{"href":"https:\/\/www.badzurzach.info\/fr\/wp-json\/wp\/v2\/pages"}],"about":[{"href":"https:\/\/www.badzurzach.info\/fr\/wp-json\/wp\/v2\/types\/page"}],"author":[{"embeddable":true,"href":"https:\/\/www.badzurzach.info\/fr\/wp-json\/wp\/v2\/users\/9"}],"replies":[{"embeddable":true,"href":"https:\/\/www.badzurzach.info\/fr\/wp-json\/wp\/v2\/comments?post=129736"}],"version-history":[{"count":2,"href":"https:\/\/www.badzurzach.info\/fr\/wp-json\/wp\/v2\/pages\/129736\/revisions"}],"predecessor-version":[{"id":171860,"href":"https:\/\/www.badzurzach.info\/fr\/wp-json\/wp\/v2\/pages\/129736\/revisions\/171860"}],"wp:featuredmedia":[{"embeddable":true,"href":"https:\/\/www.badzurzach.info\/fr\/wp-json\/wp\/v2\/media\/2873"}],"wp:attachment":[{"href":"https:\/\/www.badzurzach.info\/fr\/wp-json\/wp\/v2\/media?parent=129736"}],"curies":[{"name":"wp","href":"https:\/\/api.w.org\/{rel}","templated":true}]}}