{"id":129739,"date":"2022-01-06T17:26:43","date_gmt":"2022-01-06T16:26:43","guid":{"rendered":"https:\/\/www.badzurzach.info\/randonnee-aux-herbes-avec-aperitif\/"},"modified":"2024-05-21T11:59:23","modified_gmt":"2024-05-21T09:59:23","slug":"randonnee-aux-herbes-avec-aperitif","status":"publish","type":"page","link":"https:\/\/www.badzurzach.info\/fr\/randonnee-aux-herbes-avec-aperitif\/","title":{"rendered":"Randonn\u00e9e aux herbes avec ap\u00e9ritif"},"content":{"rendered":"\n<h3 class=\"wp-block-heading\">Balades dans les paysages autour de Mandach.<\/h3>\n\n<p>Maja Vogt, guide paysagiste du Parc jurassien d&rsquo;Argovie, vous apprendra de nombreuses choses sur la nature lors d&rsquo;une randonn\u00e9e d&rsquo;environ une heure sur le th\u00e8me des herbes aromatiques \u00e0 travers le paysage jurassien. Cette randonn\u00e9e instructive sera suivie d&rsquo;une visite du Chr\u00fcterst\u00fcbli, qui propose un grand choix de produits naturels, et d&rsquo;un ap\u00e9ritif \u00e0 Mandach.<\/p>\n\n<figure class=\"wp-block-table is-style-regular\"><table><tbody><tr><td>Lieu<\/td><td>Mandach<\/td><\/tr><tr><td>Dur\u00e9e<\/td><td>2.5h<\/td><\/tr><tr><td>Participants<\/td><td>4 \u00e0 30 personnes par groupe<\/td><\/tr><tr><td>Co\u00fbts<\/td><td>Forfait de 200 CHF, ap\u00e9ritif en fonction des frais engag\u00e9s<\/td><\/tr><\/tbody><\/table><\/figure>\n\n<div style=\"height:30px\" aria-hidden=\"true\" class=\"wp-block-spacer\"><\/div>\n\n<div class=\"wp-block-columns is-layout-flex wp-container-core-columns-is-layout-9d6595d7 wp-block-columns-is-layout-flex\">\n<div class=\"wp-block-column is-layout-flow wp-block-column-is-layout-flow\" style=\"flex-basis:100%\">\n<div class=\"wp-block-buttons is-layout-flex wp-block-buttons-is-layout-flex\">\n<div class=\"wp-block-button has-custom-width wp-block-button__width-50 is-style-fill\"><a class=\"wp-block-button__link wp-element-button\" href=\"https:\/\/www.fryberger-roesselerhof.ch\/\" style=\"border-radius:7px\" target=\"_blank\" rel=\"noreferrer noopener\">Envoyer une demande de r\u00e9servation<\/a><\/div>\n<\/div>\n<\/div>\n<\/div>\n","protected":false},"excerpt":{"rendered":"<p>Balades dans les paysages autour de Mandach. Maja Vogt, guide paysagiste du Parc jurassien d&rsquo;Argovie, vous apprendra de nombreuses choses sur la nature lors d&rsquo;une randonn\u00e9e d&rsquo;environ une heure sur le th\u00e8me des herbes aromatiques \u00e0 travers le paysage jurassien. Cette randonn\u00e9e instructive sera suivie d&rsquo;une visite du Chr\u00fcterst\u00fcbli, qui propose un grand choix de [&hellip;]<\/p>\n","protected":false},"author":9,"featured_media":2075,"parent":0,"menu_order":0,"comment_status":"closed","ping_status":"closed","template":"","meta":{"_acf_changed":false,"_relevanssi_hide_post":"","_relevanssi_hide_content":"","_relevanssi_pin_for_all":"","_relevanssi_pin_keywords":"","_relevanssi_unpin_keywords":"","_relevanssi_related_keywords":"","_relevanssi_related_include_ids":"","_relevanssi_related_exclude_ids":"","_relevanssi_related_no_append":"","_relevanssi_related_not_related":"","_relevanssi_related_posts":"","_relevanssi_noindex_reason":"","footnotes":""},"class_list":["post-129739","page","type-page","status-publish","has-post-thumbnail","hentry"],"acf":[],"yoast_head":"<!-- This site is optimized with the Yoast SEO plugin v27.4 - https:\/\/yoast.com\/product\/yoast-seo-wordpress\/ -->\n<title>Randonn\u00e9e sur le th\u00e8me des herbes aromatiques autour de Mandach<\/title>\n<meta name=\"description\" content=\"Une promenade d&#039;une heure \u00e0 travers le paysage jurassien vous permettra d&#039;apprendre des choses int\u00e9ressantes sur la nature. Apr\u00e8s une randonn\u00e9e instructive, visitez le Chr\u00fcterst\u00fcbli avec un grand choix.\" \/>\n<meta name=\"robots\" content=\"index, follow, max-snippet:-1, max-image-preview:large, max-video-preview:-1\" \/>\n<link rel=\"canonical\" href=\"https:\/\/www.badzurzach.info\/fr\/randonnee-aux-herbes-avec-aperitif\/\" \/>\n<meta property=\"og:locale\" content=\"fr_FR\" \/>\n<meta property=\"og:type\" content=\"article\" \/>\n<meta property=\"og:title\" content=\"Randonn\u00e9e sur le th\u00e8me des herbes aromatiques autour de Mandach\" \/>\n<meta property=\"og:description\" content=\"Une promenade d&#039;une heure \u00e0 travers le paysage jurassien vous permettra d&#039;apprendre des choses int\u00e9ressantes sur la nature. Apr\u00e8s une randonn\u00e9e instructive, visitez le Chr\u00fcterst\u00fcbli avec un grand choix.\" \/>\n<meta property=\"og:url\" content=\"https:\/\/www.badzurzach.info\/fr\/randonnee-aux-herbes-avec-aperitif\/\" \/>\n<meta property=\"og:site_name\" content=\"Bad Zurzach Tourismus\" \/>\n<meta property=\"article:publisher\" content=\"https:\/\/www.facebook.com\/badzurzachtourismus\" \/>\n<meta property=\"article:modified_time\" content=\"2024-05-21T09:59:23+00:00\" \/>\n<meta property=\"og:image\" content=\"https:\/\/www.badzurzach.info\/wp-content\/uploads\/2022\/07\/TVFormat-16_9-Jurapark-Aargau_Wiese-mit-Ba\u0308umen-1024x576.jpg\" \/>\n<meta name=\"twitter:card\" content=\"summary_large_image\" \/>\n<meta name=\"twitter:site\" content=\"@BadZurzach\" \/>\n<script type=\"application\/ld+json\" class=\"yoast-schema-graph\">{\"@context\":\"https:\\\/\\\/schema.org\",\"@graph\":[{\"@type\":\"WebPage\",\"@id\":\"https:\\\/\\\/www.badzurzach.info\\\/fr\\\/randonnee-aux-herbes-avec-aperitif\\\/\",\"url\":\"https:\\\/\\\/www.badzurzach.info\\\/fr\\\/randonnee-aux-herbes-avec-aperitif\\\/\",\"name\":\"Randonn\u00e9e sur le th\u00e8me des herbes aromatiques autour de Mandach\",\"isPartOf\":{\"@id\":\"https:\\\/\\\/www.badzurzach.info\\\/#website\"},\"primaryImageOfPage\":{\"@id\":\"https:\\\/\\\/www.badzurzach.info\\\/fr\\\/randonnee-aux-herbes-avec-aperitif\\\/#primaryimage\"},\"image\":{\"@id\":\"https:\\\/\\\/www.badzurzach.info\\\/fr\\\/randonnee-aux-herbes-avec-aperitif\\\/#primaryimage\"},\"thumbnailUrl\":\"https:\\\/\\\/www.badzurzach.info\\\/wp-content\\\/uploads\\\/2021\\\/11\\\/Majas-Chrueterstuebli_Maja-im-Kraeuterfeld_1920px.jpg\",\"datePublished\":\"2022-01-06T16:26:43+00:00\",\"dateModified\":\"2024-05-21T09:59:23+00:00\",\"description\":\"Une promenade d'une heure \u00e0 travers le paysage jurassien vous permettra d'apprendre des choses int\u00e9ressantes sur la nature. Apr\u00e8s une randonn\u00e9e instructive, visitez le Chr\u00fcterst\u00fcbli avec un grand choix.\",\"breadcrumb\":{\"@id\":\"https:\\\/\\\/www.badzurzach.info\\\/fr\\\/randonnee-aux-herbes-avec-aperitif\\\/#breadcrumb\"},\"inLanguage\":\"fr-FR\",\"potentialAction\":[{\"@type\":\"ReadAction\",\"target\":[\"https:\\\/\\\/www.badzurzach.info\\\/fr\\\/randonnee-aux-herbes-avec-aperitif\\\/\"]}]},{\"@type\":\"ImageObject\",\"inLanguage\":\"fr-FR\",\"@id\":\"https:\\\/\\\/www.badzurzach.info\\\/fr\\\/randonnee-aux-herbes-avec-aperitif\\\/#primaryimage\",\"url\":\"https:\\\/\\\/www.badzurzach.info\\\/wp-content\\\/uploads\\\/2021\\\/11\\\/Majas-Chrueterstuebli_Maja-im-Kraeuterfeld_1920px.jpg\",\"contentUrl\":\"https:\\\/\\\/www.badzurzach.info\\\/wp-content\\\/uploads\\\/2021\\\/11\\\/Majas-Chrueterstuebli_Maja-im-Kraeuterfeld_1920px.jpg\",\"width\":1920,\"height\":1282,\"caption\":\"Schweizer P\u00e4rke | Kleine Weltwunder\"},{\"@type\":\"BreadcrumbList\",\"@id\":\"https:\\\/\\\/www.badzurzach.info\\\/fr\\\/randonnee-aux-herbes-avec-aperitif\\\/#breadcrumb\",\"itemListElement\":[{\"@type\":\"ListItem\",\"position\":1,\"name\":\"Home\",\"item\":\"https:\\\/\\\/www.badzurzach.info\\\/fr\\\/\"},{\"@type\":\"ListItem\",\"position\":2,\"name\":\"Randonn\u00e9e aux herbes avec ap\u00e9ritif\"}]},{\"@type\":\"WebSite\",\"@id\":\"https:\\\/\\\/www.badzurzach.info\\\/#website\",\"url\":\"https:\\\/\\\/www.badzurzach.info\\\/\",\"name\":\"Bad Zurzach Tourismus\",\"description\":\"Ihre Feriendestination Bad Zurzach\",\"publisher\":{\"@id\":\"https:\\\/\\\/www.badzurzach.info\\\/#organization\"},\"potentialAction\":[{\"@type\":\"SearchAction\",\"target\":{\"@type\":\"EntryPoint\",\"urlTemplate\":\"https:\\\/\\\/www.badzurzach.info\\\/?s={search_term_string}\"},\"query-input\":{\"@type\":\"PropertyValueSpecification\",\"valueRequired\":true,\"valueName\":\"search_term_string\"}}],\"inLanguage\":\"fr-FR\"},{\"@type\":\"Organization\",\"@id\":\"https:\\\/\\\/www.badzurzach.info\\\/#organization\",\"name\":\"Bad Zurzach Tourismus\",\"url\":\"https:\\\/\\\/www.badzurzach.info\\\/\",\"logo\":{\"@type\":\"ImageObject\",\"inLanguage\":\"fr-FR\",\"@id\":\"https:\\\/\\\/www.badzurzach.info\\\/#\\\/schema\\\/logo\\\/image\\\/\",\"url\":\"https:\\\/\\\/www.badzurzach.info\\\/wp-content\\\/uploads\\\/2022\\\/02\\\/Thermalbad-Zurzach_Logo.png\",\"contentUrl\":\"https:\\\/\\\/www.badzurzach.info\\\/wp-content\\\/uploads\\\/2022\\\/02\\\/Thermalbad-Zurzach_Logo.png\",\"width\":1180,\"height\":1705,\"caption\":\"Bad Zurzach Tourismus\"},\"image\":{\"@id\":\"https:\\\/\\\/www.badzurzach.info\\\/#\\\/schema\\\/logo\\\/image\\\/\"},\"sameAs\":[\"https:\\\/\\\/www.facebook.com\\\/badzurzachtourismus\",\"https:\\\/\\\/x.com\\\/BadZurzach\",\"https:\\\/\\\/www.instagram.com\\\/badzurzach.switzerland\",\"https:\\\/\\\/www.linkedin.com\\\/company\\\/6134459\\\/\"]}]}<\/script>\n<!-- \/ Yoast SEO plugin. -->","yoast_head_json":{"title":"Randonn\u00e9e sur le th\u00e8me des herbes aromatiques autour de Mandach","description":"Une promenade d'une heure \u00e0 travers le paysage jurassien vous permettra d'apprendre des choses int\u00e9ressantes sur la nature. Apr\u00e8s une randonn\u00e9e instructive, visitez le Chr\u00fcterst\u00fcbli avec un grand choix.","robots":{"index":"index","follow":"follow","max-snippet":"max-snippet:-1","max-image-preview":"max-image-preview:large","max-video-preview":"max-video-preview:-1"},"canonical":"https:\/\/www.badzurzach.info\/fr\/randonnee-aux-herbes-avec-aperitif\/","og_locale":"fr_FR","og_type":"article","og_title":"Randonn\u00e9e sur le th\u00e8me des herbes aromatiques autour de Mandach","og_description":"Une promenade d'une heure \u00e0 travers le paysage jurassien vous permettra d'apprendre des choses int\u00e9ressantes sur la nature. Apr\u00e8s une randonn\u00e9e instructive, visitez le Chr\u00fcterst\u00fcbli avec un grand choix.","og_url":"https:\/\/www.badzurzach.info\/fr\/randonnee-aux-herbes-avec-aperitif\/","og_site_name":"Bad Zurzach Tourismus","article_publisher":"https:\/\/www.facebook.com\/badzurzachtourismus","article_modified_time":"2024-05-21T09:59:23+00:00","og_image":[{"url":"https:\/\/www.badzurzach.info\/wp-content\/uploads\/2022\/07\/TVFormat-16_9-Jurapark-Aargau_Wiese-mit-Ba\u0308umen-1024x576.jpg","type":"","width":"","height":""}],"twitter_card":"summary_large_image","twitter_site":"@BadZurzach","schema":{"@context":"https:\/\/schema.org","@graph":[{"@type":"WebPage","@id":"https:\/\/www.badzurzach.info\/fr\/randonnee-aux-herbes-avec-aperitif\/","url":"https:\/\/www.badzurzach.info\/fr\/randonnee-aux-herbes-avec-aperitif\/","name":"Randonn\u00e9e sur le th\u00e8me des herbes aromatiques autour de Mandach","isPartOf":{"@id":"https:\/\/www.badzurzach.info\/#website"},"primaryImageOfPage":{"@id":"https:\/\/www.badzurzach.info\/fr\/randonnee-aux-herbes-avec-aperitif\/#primaryimage"},"image":{"@id":"https:\/\/www.badzurzach.info\/fr\/randonnee-aux-herbes-avec-aperitif\/#primaryimage"},"thumbnailUrl":"https:\/\/www.badzurzach.info\/wp-content\/uploads\/2021\/11\/Majas-Chrueterstuebli_Maja-im-Kraeuterfeld_1920px.jpg","datePublished":"2022-01-06T16:26:43+00:00","dateModified":"2024-05-21T09:59:23+00:00","description":"Une promenade d'une heure \u00e0 travers le paysage jurassien vous permettra d'apprendre des choses int\u00e9ressantes sur la nature. Apr\u00e8s une randonn\u00e9e instructive, visitez le Chr\u00fcterst\u00fcbli avec un grand choix.","breadcrumb":{"@id":"https:\/\/www.badzurzach.info\/fr\/randonnee-aux-herbes-avec-aperitif\/#breadcrumb"},"inLanguage":"fr-FR","potentialAction":[{"@type":"ReadAction","target":["https:\/\/www.badzurzach.info\/fr\/randonnee-aux-herbes-avec-aperitif\/"]}]},{"@type":"ImageObject","inLanguage":"fr-FR","@id":"https:\/\/www.badzurzach.info\/fr\/randonnee-aux-herbes-avec-aperitif\/#primaryimage","url":"https:\/\/www.badzurzach.info\/wp-content\/uploads\/2021\/11\/Majas-Chrueterstuebli_Maja-im-Kraeuterfeld_1920px.jpg","contentUrl":"https:\/\/www.badzurzach.info\/wp-content\/uploads\/2021\/11\/Majas-Chrueterstuebli_Maja-im-Kraeuterfeld_1920px.jpg","width":1920,"height":1282,"caption":"Schweizer P\u00e4rke | Kleine Weltwunder"},{"@type":"BreadcrumbList","@id":"https:\/\/www.badzurzach.info\/fr\/randonnee-aux-herbes-avec-aperitif\/#breadcrumb","itemListElement":[{"@type":"ListItem","position":1,"name":"Home","item":"https:\/\/www.badzurzach.info\/fr\/"},{"@type":"ListItem","position":2,"name":"Randonn\u00e9e aux herbes avec ap\u00e9ritif"}]},{"@type":"WebSite","@id":"https:\/\/www.badzurzach.info\/#website","url":"https:\/\/www.badzurzach.info\/","name":"Bad Zurzach Tourismus","description":"Ihre Feriendestination Bad Zurzach","publisher":{"@id":"https:\/\/www.badzurzach.info\/#organization"},"potentialAction":[{"@type":"SearchAction","target":{"@type":"EntryPoint","urlTemplate":"https:\/\/www.badzurzach.info\/?s={search_term_string}"},"query-input":{"@type":"PropertyValueSpecification","valueRequired":true,"valueName":"search_term_string"}}],"inLanguage":"fr-FR"},{"@type":"Organization","@id":"https:\/\/www.badzurzach.info\/#organization","name":"Bad Zurzach Tourismus","url":"https:\/\/www.badzurzach.info\/","logo":{"@type":"ImageObject","inLanguage":"fr-FR","@id":"https:\/\/www.badzurzach.info\/#\/schema\/logo\/image\/","url":"https:\/\/www.badzurzach.info\/wp-content\/uploads\/2022\/02\/Thermalbad-Zurzach_Logo.png","contentUrl":"https:\/\/www.badzurzach.info\/wp-content\/uploads\/2022\/02\/Thermalbad-Zurzach_Logo.png","width":1180,"height":1705,"caption":"Bad Zurzach Tourismus"},"image":{"@id":"https:\/\/www.badzurzach.info\/#\/schema\/logo\/image\/"},"sameAs":["https:\/\/www.facebook.com\/badzurzachtourismus","https:\/\/x.com\/BadZurzach","https:\/\/www.instagram.com\/badzurzach.switzerland","https:\/\/www.linkedin.com\/company\/6134459\/"]}]}},"_links":{"self":[{"href":"https:\/\/www.badzurzach.info\/fr\/wp-json\/wp\/v2\/pages\/129739","targetHints":{"allow":["GET"]}}],"collection":[{"href":"https:\/\/www.badzurzach.info\/fr\/wp-json\/wp\/v2\/pages"}],"about":[{"href":"https:\/\/www.badzurzach.info\/fr\/wp-json\/wp\/v2\/types\/page"}],"author":[{"embeddable":true,"href":"https:\/\/www.badzurzach.info\/fr\/wp-json\/wp\/v2\/users\/9"}],"replies":[{"embeddable":true,"href":"https:\/\/www.badzurzach.info\/fr\/wp-json\/wp\/v2\/comments?post=129739"}],"version-history":[{"count":1,"href":"https:\/\/www.badzurzach.info\/fr\/wp-json\/wp\/v2\/pages\/129739\/revisions"}],"predecessor-version":[{"id":129744,"href":"https:\/\/www.badzurzach.info\/fr\/wp-json\/wp\/v2\/pages\/129739\/revisions\/129744"}],"wp:featuredmedia":[{"embeddable":true,"href":"https:\/\/www.badzurzach.info\/fr\/wp-json\/wp\/v2\/media\/2075"}],"wp:attachment":[{"href":"https:\/\/www.badzurzach.info\/fr\/wp-json\/wp\/v2\/media?parent=129739"}],"curies":[{"name":"wp","href":"https:\/\/api.w.org\/{rel}","templated":true}]}}