{"id":129745,"date":"2022-01-06T15:21:20","date_gmt":"2022-01-06T14:21:20","guid":{"rendered":"https:\/\/www.badzurzach.info\/un-voyage-dans-lempire-romain\/"},"modified":"2024-11-24T10:43:11","modified_gmt":"2024-11-24T09:43:11","slug":"un-voyage-dans-lempire-romain","status":"publish","type":"page","link":"https:\/\/www.badzurzach.info\/fr\/un-voyage-dans-lempire-romain\/","title":{"rendered":"Un voyage dans l&rsquo;Empire romain"},"content":{"rendered":"\n<h3 class=\"wp-block-heading\">Visite guid\u00e9e romaine de Bad Zurzach.<\/h3>\n\n<p>Bad Zurzach, alors appel\u00e9e \u00ab\u00a0Tenedo\u00a0\u00bb, a \u00e9t\u00e9 sous domination romaine de 15 av. J.-C. \u00e0 401 apr. Les curiosit\u00e9s de cette \u00e9poque sont le Kirchlibuck, le camp militaire pr\u00e9-romain ainsi que le site fun\u00e9raire de Verena. Lors d&rsquo;une visite guid\u00e9e, vous d\u00e9couvrirez o\u00f9 les habitants romains vivaient et travaillaient \u00e0 Tenedo, ainsi que le contexte &#8211; Un voyage dans l&rsquo;Empire romain.<\/p>\n\n<figure class=\"wp-block-table is-style-regular\"><table><tbody><tr><td>Lieu<\/td><td>Bad Zurzach<\/td><\/tr><tr><td>Dur\u00e9e<\/td><td>1.0h<br\/>(possibilit\u00e9 de prolonger \u00e0 1.5h ou 2.0h)<\/td><\/tr><tr><td>Participants<\/td><td>jusqu&rsquo;\u00e0 25 personnes par groupe<\/td><\/tr><tr><td>Co\u00fbts<\/td><td>1.0h &#8211; CHF 150.- par groupe<br\/>1.5h &#8211; CHF 180.- par groupe<br\/>2.0h &#8211; CHF 210.- par groupe<\/td><\/tr><\/tbody><\/table><\/figure>\n\n<div style=\"height:30px\" aria-hidden=\"true\" class=\"wp-block-spacer\"><\/div>\n\n<div class=\"wp-block-columns is-layout-flex wp-container-core-columns-is-layout-9d6595d7 wp-block-columns-is-layout-flex\">\n<div class=\"wp-block-column is-layout-flow wp-block-column-is-layout-flow\" style=\"flex-basis:100%\">\n<div class=\"wp-block-buttons is-layout-flex wp-block-buttons-is-layout-flex\">\n<div class=\"wp-block-button has-custom-width wp-block-button__width-50 is-style-fill\"><a class=\"wp-block-button__link wp-element-button\" href=\"https:\/\/www.badzurzach.info\/fr\/demande-de-reservation\/?gruppenfuehrung=roemische-fuehrung\" style=\"border-radius:7px\">Envoyer une demande de r\u00e9servation<\/a><\/div>\n<\/div>\n<\/div>\n<\/div>\n","protected":false},"excerpt":{"rendered":"<p>Visite guid\u00e9e romaine de Bad Zurzach. Bad Zurzach, alors appel\u00e9e \u00ab\u00a0Tenedo\u00a0\u00bb, a \u00e9t\u00e9 sous domination romaine de 15 av. J.-C. \u00e0 401 apr. Les curiosit\u00e9s de cette \u00e9poque sont le Kirchlibuck, le camp militaire pr\u00e9-romain ainsi que le site fun\u00e9raire de Verena. Lors d&rsquo;une visite guid\u00e9e, vous d\u00e9couvrirez o\u00f9 les habitants romains vivaient et travaillaient [&hellip;]<\/p>\n","protected":false},"author":9,"featured_media":2908,"parent":0,"menu_order":0,"comment_status":"closed","ping_status":"closed","template":"","meta":{"_acf_changed":false,"_relevanssi_hide_post":"","_relevanssi_hide_content":"","_relevanssi_pin_for_all":"","_relevanssi_pin_keywords":"","_relevanssi_unpin_keywords":"","_relevanssi_related_keywords":"","_relevanssi_related_include_ids":"","_relevanssi_related_exclude_ids":"","_relevanssi_related_no_append":"","_relevanssi_related_not_related":"","_relevanssi_related_posts":"","_relevanssi_noindex_reason":"","footnotes":""},"class_list":["post-129745","page","type-page","status-publish","has-post-thumbnail","hentry"],"acf":[],"yoast_head":"<!-- This site is optimized with the Yoast SEO plugin v27.4 - https:\/\/yoast.com\/product\/yoast-seo-wordpress\/ -->\n<title>Visites guid\u00e9es romaines<\/title>\n<meta name=\"description\" content=\"Bad Zurzach, alors appel\u00e9e &quot;Tenedo&quot;, a \u00e9t\u00e9 sous domination romaine de 15 av. \u00e0 401 ap. De nombreux monuments datant de cette \u00e9poque peuvent \u00eatre visit\u00e9s.\" \/>\n<meta name=\"robots\" content=\"index, follow, max-snippet:-1, max-image-preview:large, max-video-preview:-1\" \/>\n<link rel=\"canonical\" href=\"https:\/\/www.badzurzach.info\/fr\/un-voyage-dans-lempire-romain\/\" \/>\n<meta property=\"og:locale\" content=\"fr_FR\" \/>\n<meta property=\"og:type\" content=\"article\" \/>\n<meta property=\"og:title\" content=\"Un voyage dans l&#039;Empire romain\" \/>\n<meta property=\"og:description\" content=\"Bad Zurzach, alors appel\u00e9e &quot;Tenedo&quot;, a \u00e9t\u00e9 sous domination romaine de 15 av. \u00e0 401 ap. De nombreux monuments datant de cette \u00e9poque peuvent \u00eatre visit\u00e9s.\" \/>\n<meta property=\"og:url\" content=\"https:\/\/www.badzurzach.info\/fr\/un-voyage-dans-lempire-romain\/\" \/>\n<meta property=\"og:site_name\" content=\"Bad Zurzach Tourismus\" \/>\n<meta property=\"article:publisher\" content=\"https:\/\/www.facebook.com\/badzurzachtourismus\" \/>\n<meta property=\"article:modified_time\" content=\"2024-11-24T09:43:11+00:00\" \/>\n<meta property=\"og:image\" content=\"https:\/\/www.badzurzach.info\/wp-content\/uploads\/2021\/12\/Bad-Zurzach_Flecken_Zum-roemischen-Kaiser_600px-1-edited-300x300.jpg\" \/>\n<meta name=\"twitter:card\" content=\"summary_large_image\" \/>\n<meta name=\"twitter:site\" content=\"@BadZurzach\" \/>\n<meta name=\"twitter:label1\" content=\"Dur\u00e9e de lecture estim\u00e9e\" \/>\n\t<meta name=\"twitter:data1\" content=\"1 minute\" \/>\n<script type=\"application\/ld+json\" class=\"yoast-schema-graph\">{\"@context\":\"https:\\\/\\\/schema.org\",\"@graph\":[{\"@type\":\"WebPage\",\"@id\":\"https:\\\/\\\/www.badzurzach.info\\\/fr\\\/un-voyage-dans-lempire-romain\\\/\",\"url\":\"https:\\\/\\\/www.badzurzach.info\\\/fr\\\/un-voyage-dans-lempire-romain\\\/\",\"name\":\"Visites guid\u00e9es romaines\",\"isPartOf\":{\"@id\":\"https:\\\/\\\/www.badzurzach.info\\\/#website\"},\"primaryImageOfPage\":{\"@id\":\"https:\\\/\\\/www.badzurzach.info\\\/fr\\\/un-voyage-dans-lempire-romain\\\/#primaryimage\"},\"image\":{\"@id\":\"https:\\\/\\\/www.badzurzach.info\\\/fr\\\/un-voyage-dans-lempire-romain\\\/#primaryimage\"},\"thumbnailUrl\":\"https:\\\/\\\/www.badzurzach.info\\\/wp-content\\\/uploads\\\/2022\\\/01\\\/Bad-Zurzach_Flecken_Zum-roemischen-Kaiser_1920px.jpg\",\"datePublished\":\"2022-01-06T14:21:20+00:00\",\"dateModified\":\"2024-11-24T09:43:11+00:00\",\"description\":\"Bad Zurzach, alors appel\u00e9e \\\"Tenedo\\\", a \u00e9t\u00e9 sous domination romaine de 15 av. \u00e0 401 ap. De nombreux monuments datant de cette \u00e9poque peuvent \u00eatre visit\u00e9s.\",\"breadcrumb\":{\"@id\":\"https:\\\/\\\/www.badzurzach.info\\\/fr\\\/un-voyage-dans-lempire-romain\\\/#breadcrumb\"},\"inLanguage\":\"fr-FR\",\"potentialAction\":[{\"@type\":\"ReadAction\",\"target\":[\"https:\\\/\\\/www.badzurzach.info\\\/fr\\\/un-voyage-dans-lempire-romain\\\/\"]}]},{\"@type\":\"ImageObject\",\"inLanguage\":\"fr-FR\",\"@id\":\"https:\\\/\\\/www.badzurzach.info\\\/fr\\\/un-voyage-dans-lempire-romain\\\/#primaryimage\",\"url\":\"https:\\\/\\\/www.badzurzach.info\\\/wp-content\\\/uploads\\\/2022\\\/01\\\/Bad-Zurzach_Flecken_Zum-roemischen-Kaiser_1920px.jpg\",\"contentUrl\":\"https:\\\/\\\/www.badzurzach.info\\\/wp-content\\\/uploads\\\/2022\\\/01\\\/Bad-Zurzach_Flecken_Zum-roemischen-Kaiser_1920px.jpg\",\"width\":1920,\"height\":1278,\"caption\":\"Bad Zurzach ist ein Marktflecken. Ausschlaggebend f\u00fcr die Entwicklung zu einem bedeutenden Markt- und Messeort war die Bedeutung Zurzachs* als Wallfahrtsort nach dem Tod der Heiligen Verena im Jahr 344 n. Chr. Die Grabst\u00e4tte der Heiligen Verena, das Verenam\u00fcnster, geh\u00f6rt zu den sch\u00f6nsten Kirchen im Kanton Aargau.\"},{\"@type\":\"BreadcrumbList\",\"@id\":\"https:\\\/\\\/www.badzurzach.info\\\/fr\\\/un-voyage-dans-lempire-romain\\\/#breadcrumb\",\"itemListElement\":[{\"@type\":\"ListItem\",\"position\":1,\"name\":\"Home\",\"item\":\"https:\\\/\\\/www.badzurzach.info\\\/fr\\\/\"},{\"@type\":\"ListItem\",\"position\":2,\"name\":\"Un voyage dans l&rsquo;Empire romain\"}]},{\"@type\":\"WebSite\",\"@id\":\"https:\\\/\\\/www.badzurzach.info\\\/#website\",\"url\":\"https:\\\/\\\/www.badzurzach.info\\\/\",\"name\":\"Bad Zurzach Tourismus\",\"description\":\"Ihre Feriendestination Bad Zurzach\",\"publisher\":{\"@id\":\"https:\\\/\\\/www.badzurzach.info\\\/#organization\"},\"potentialAction\":[{\"@type\":\"SearchAction\",\"target\":{\"@type\":\"EntryPoint\",\"urlTemplate\":\"https:\\\/\\\/www.badzurzach.info\\\/?s={search_term_string}\"},\"query-input\":{\"@type\":\"PropertyValueSpecification\",\"valueRequired\":true,\"valueName\":\"search_term_string\"}}],\"inLanguage\":\"fr-FR\"},{\"@type\":\"Organization\",\"@id\":\"https:\\\/\\\/www.badzurzach.info\\\/#organization\",\"name\":\"Bad Zurzach Tourismus\",\"url\":\"https:\\\/\\\/www.badzurzach.info\\\/\",\"logo\":{\"@type\":\"ImageObject\",\"inLanguage\":\"fr-FR\",\"@id\":\"https:\\\/\\\/www.badzurzach.info\\\/#\\\/schema\\\/logo\\\/image\\\/\",\"url\":\"https:\\\/\\\/www.badzurzach.info\\\/wp-content\\\/uploads\\\/2022\\\/02\\\/Thermalbad-Zurzach_Logo.png\",\"contentUrl\":\"https:\\\/\\\/www.badzurzach.info\\\/wp-content\\\/uploads\\\/2022\\\/02\\\/Thermalbad-Zurzach_Logo.png\",\"width\":1180,\"height\":1705,\"caption\":\"Bad Zurzach Tourismus\"},\"image\":{\"@id\":\"https:\\\/\\\/www.badzurzach.info\\\/#\\\/schema\\\/logo\\\/image\\\/\"},\"sameAs\":[\"https:\\\/\\\/www.facebook.com\\\/badzurzachtourismus\",\"https:\\\/\\\/x.com\\\/BadZurzach\",\"https:\\\/\\\/www.instagram.com\\\/badzurzach.switzerland\",\"https:\\\/\\\/www.linkedin.com\\\/company\\\/6134459\\\/\"]}]}<\/script>\n<!-- \/ Yoast SEO plugin. -->","yoast_head_json":{"title":"Visites guid\u00e9es romaines","description":"Bad Zurzach, alors appel\u00e9e \"Tenedo\", a \u00e9t\u00e9 sous domination romaine de 15 av. \u00e0 401 ap. De nombreux monuments datant de cette \u00e9poque peuvent \u00eatre visit\u00e9s.","robots":{"index":"index","follow":"follow","max-snippet":"max-snippet:-1","max-image-preview":"max-image-preview:large","max-video-preview":"max-video-preview:-1"},"canonical":"https:\/\/www.badzurzach.info\/fr\/un-voyage-dans-lempire-romain\/","og_locale":"fr_FR","og_type":"article","og_title":"Un voyage dans l'Empire romain","og_description":"Bad Zurzach, alors appel\u00e9e \"Tenedo\", a \u00e9t\u00e9 sous domination romaine de 15 av. \u00e0 401 ap. De nombreux monuments datant de cette \u00e9poque peuvent \u00eatre visit\u00e9s.","og_url":"https:\/\/www.badzurzach.info\/fr\/un-voyage-dans-lempire-romain\/","og_site_name":"Bad Zurzach Tourismus","article_publisher":"https:\/\/www.facebook.com\/badzurzachtourismus","article_modified_time":"2024-11-24T09:43:11+00:00","og_image":[{"url":"https:\/\/www.badzurzach.info\/wp-content\/uploads\/2021\/12\/Bad-Zurzach_Flecken_Zum-roemischen-Kaiser_600px-1-edited-300x300.jpg","type":"","width":"","height":""}],"twitter_card":"summary_large_image","twitter_site":"@BadZurzach","twitter_misc":{"Dur\u00e9e de lecture estim\u00e9e":"1 minute"},"schema":{"@context":"https:\/\/schema.org","@graph":[{"@type":"WebPage","@id":"https:\/\/www.badzurzach.info\/fr\/un-voyage-dans-lempire-romain\/","url":"https:\/\/www.badzurzach.info\/fr\/un-voyage-dans-lempire-romain\/","name":"Visites guid\u00e9es romaines","isPartOf":{"@id":"https:\/\/www.badzurzach.info\/#website"},"primaryImageOfPage":{"@id":"https:\/\/www.badzurzach.info\/fr\/un-voyage-dans-lempire-romain\/#primaryimage"},"image":{"@id":"https:\/\/www.badzurzach.info\/fr\/un-voyage-dans-lempire-romain\/#primaryimage"},"thumbnailUrl":"https:\/\/www.badzurzach.info\/wp-content\/uploads\/2022\/01\/Bad-Zurzach_Flecken_Zum-roemischen-Kaiser_1920px.jpg","datePublished":"2022-01-06T14:21:20+00:00","dateModified":"2024-11-24T09:43:11+00:00","description":"Bad Zurzach, alors appel\u00e9e \"Tenedo\", a \u00e9t\u00e9 sous domination romaine de 15 av. \u00e0 401 ap. De nombreux monuments datant de cette \u00e9poque peuvent \u00eatre visit\u00e9s.","breadcrumb":{"@id":"https:\/\/www.badzurzach.info\/fr\/un-voyage-dans-lempire-romain\/#breadcrumb"},"inLanguage":"fr-FR","potentialAction":[{"@type":"ReadAction","target":["https:\/\/www.badzurzach.info\/fr\/un-voyage-dans-lempire-romain\/"]}]},{"@type":"ImageObject","inLanguage":"fr-FR","@id":"https:\/\/www.badzurzach.info\/fr\/un-voyage-dans-lempire-romain\/#primaryimage","url":"https:\/\/www.badzurzach.info\/wp-content\/uploads\/2022\/01\/Bad-Zurzach_Flecken_Zum-roemischen-Kaiser_1920px.jpg","contentUrl":"https:\/\/www.badzurzach.info\/wp-content\/uploads\/2022\/01\/Bad-Zurzach_Flecken_Zum-roemischen-Kaiser_1920px.jpg","width":1920,"height":1278,"caption":"Bad Zurzach ist ein Marktflecken. Ausschlaggebend f\u00fcr die Entwicklung zu einem bedeutenden Markt- und Messeort war die Bedeutung Zurzachs* als Wallfahrtsort nach dem Tod der Heiligen Verena im Jahr 344 n. Chr. Die Grabst\u00e4tte der Heiligen Verena, das Verenam\u00fcnster, geh\u00f6rt zu den sch\u00f6nsten Kirchen im Kanton Aargau."},{"@type":"BreadcrumbList","@id":"https:\/\/www.badzurzach.info\/fr\/un-voyage-dans-lempire-romain\/#breadcrumb","itemListElement":[{"@type":"ListItem","position":1,"name":"Home","item":"https:\/\/www.badzurzach.info\/fr\/"},{"@type":"ListItem","position":2,"name":"Un voyage dans l&rsquo;Empire romain"}]},{"@type":"WebSite","@id":"https:\/\/www.badzurzach.info\/#website","url":"https:\/\/www.badzurzach.info\/","name":"Bad Zurzach Tourismus","description":"Ihre Feriendestination Bad Zurzach","publisher":{"@id":"https:\/\/www.badzurzach.info\/#organization"},"potentialAction":[{"@type":"SearchAction","target":{"@type":"EntryPoint","urlTemplate":"https:\/\/www.badzurzach.info\/?s={search_term_string}"},"query-input":{"@type":"PropertyValueSpecification","valueRequired":true,"valueName":"search_term_string"}}],"inLanguage":"fr-FR"},{"@type":"Organization","@id":"https:\/\/www.badzurzach.info\/#organization","name":"Bad Zurzach Tourismus","url":"https:\/\/www.badzurzach.info\/","logo":{"@type":"ImageObject","inLanguage":"fr-FR","@id":"https:\/\/www.badzurzach.info\/#\/schema\/logo\/image\/","url":"https:\/\/www.badzurzach.info\/wp-content\/uploads\/2022\/02\/Thermalbad-Zurzach_Logo.png","contentUrl":"https:\/\/www.badzurzach.info\/wp-content\/uploads\/2022\/02\/Thermalbad-Zurzach_Logo.png","width":1180,"height":1705,"caption":"Bad Zurzach Tourismus"},"image":{"@id":"https:\/\/www.badzurzach.info\/#\/schema\/logo\/image\/"},"sameAs":["https:\/\/www.facebook.com\/badzurzachtourismus","https:\/\/x.com\/BadZurzach","https:\/\/www.instagram.com\/badzurzach.switzerland","https:\/\/www.linkedin.com\/company\/6134459\/"]}]}},"_links":{"self":[{"href":"https:\/\/www.badzurzach.info\/fr\/wp-json\/wp\/v2\/pages\/129745","targetHints":{"allow":["GET"]}}],"collection":[{"href":"https:\/\/www.badzurzach.info\/fr\/wp-json\/wp\/v2\/pages"}],"about":[{"href":"https:\/\/www.badzurzach.info\/fr\/wp-json\/wp\/v2\/types\/page"}],"author":[{"embeddable":true,"href":"https:\/\/www.badzurzach.info\/fr\/wp-json\/wp\/v2\/users\/9"}],"replies":[{"embeddable":true,"href":"https:\/\/www.badzurzach.info\/fr\/wp-json\/wp\/v2\/comments?post=129745"}],"version-history":[{"count":2,"href":"https:\/\/www.badzurzach.info\/fr\/wp-json\/wp\/v2\/pages\/129745\/revisions"}],"predecessor-version":[{"id":171870,"href":"https:\/\/www.badzurzach.info\/fr\/wp-json\/wp\/v2\/pages\/129745\/revisions\/171870"}],"wp:featuredmedia":[{"embeddable":true,"href":"https:\/\/www.badzurzach.info\/fr\/wp-json\/wp\/v2\/media\/2908"}],"wp:attachment":[{"href":"https:\/\/www.badzurzach.info\/fr\/wp-json\/wp\/v2\/media?parent=129745"}],"curies":[{"name":"wp","href":"https:\/\/api.w.org\/{rel}","templated":true}]}}