{"id":129748,"date":"2022-01-06T17:14:37","date_gmt":"2022-01-06T16:14:37","guid":{"rendered":"https:\/\/www.badzurzach.info\/prevote-de-wislikofen\/"},"modified":"2025-05-01T08:04:22","modified_gmt":"2025-05-01T06:04:22","slug":"prevote-de-wislikofen","status":"publish","type":"page","link":"https:\/\/www.badzurzach.info\/fr\/prevote-de-wislikofen\/","title":{"rendered":"Pr\u00e9v\u00f4t\u00e9 de Wislikofen"},"content":{"rendered":"\n<p><strong>Visite guid\u00e9e historique de l&rsquo;h\u00f4tel \u00e0 travers l&rsquo;ancien monast\u00e8re<\/strong><\/p>\n\n<p>Qu&rsquo;est-ce que le terme de \u00ab\u00a0pr\u00e9v\u00f4t\u00e9\u00a0\u00bb ? Lors d&rsquo;une visite guid\u00e9e de la maison, vous d\u00e9couvrirez l&rsquo;ancien monast\u00e8re b\u00e9n\u00e9dictin et apprendrez des choses int\u00e9ressantes et historiques sur ses 900 ans d&rsquo;histoire. Pendant les mois chauds, cette visite peut \u00e9galement \u00eatre combin\u00e9e avec un cours d&rsquo;herboristerie.  <\/p>\n\n<figure class=\"wp-block-table is-style-regular\"><table><tbody><tr><td>Lieu<\/td><td>Wislikofen<\/td><\/tr><tr><td>Dur\u00e9e<\/td><td>30 minutes<\/td><\/tr><tr><td>Participants<\/td><td>jusqu&rsquo;\u00e0 25 personnes par groupe<\/td><\/tr><tr><td>Co\u00fbts<\/td><td>50 CHF par groupe (gratuit avec consommation)<\/td><\/tr><tr><td>Cours d&rsquo;herboristerie<\/td><td>120 CHF pour 60 minutes<\/td><\/tr><\/tbody><\/table><\/figure>\n\n<p><\/p>\n\n<div style=\"height:30px\" aria-hidden=\"true\" class=\"wp-block-spacer\"><\/div>\n\n<div class=\"wp-block-columns is-layout-flex wp-container-core-columns-is-layout-9d6595d7 wp-block-columns-is-layout-flex\">\n<div class=\"wp-block-column is-layout-flow wp-block-column-is-layout-flow\" style=\"flex-basis:100%\">\n<div class=\"wp-block-buttons is-layout-flex wp-block-buttons-is-layout-flex\">\n<div class=\"wp-block-button has-custom-width wp-block-button__width-50 is-style-fill\"><a class=\"wp-block-button__link wp-element-button\" href=\"https:\/\/propstei.ch\/kontakt\/kontaktformular\/?zg=unternehmen-organisationen\" style=\"border-radius:7px\" target=\"_blank\" rel=\"noreferrer noopener\">Envoyer une demande de r\u00e9servation<\/a><\/div>\n<\/div>\n<\/div>\n<\/div>\n","protected":false},"excerpt":{"rendered":"<p>Visite guid\u00e9e historique de l&rsquo;h\u00f4tel \u00e0 travers l&rsquo;ancien monast\u00e8re Qu&rsquo;est-ce que le terme de \u00ab\u00a0pr\u00e9v\u00f4t\u00e9\u00a0\u00bb ? Lors d&rsquo;une visite guid\u00e9e de la maison, vous d\u00e9couvrirez l&rsquo;ancien monast\u00e8re b\u00e9n\u00e9dictin et apprendrez des choses int\u00e9ressantes et historiques sur ses 900 ans d&rsquo;histoire. Pendant les mois chauds, cette visite peut \u00e9galement \u00eatre combin\u00e9e avec un cours d&rsquo;herboristerie. Lieu [&hellip;]<\/p>\n","protected":false},"author":9,"featured_media":2079,"parent":0,"menu_order":0,"comment_status":"closed","ping_status":"closed","template":"","meta":{"_acf_changed":false,"_relevanssi_hide_post":"","_relevanssi_hide_content":"","_relevanssi_pin_for_all":"","_relevanssi_pin_keywords":"","_relevanssi_unpin_keywords":"","_relevanssi_related_keywords":"","_relevanssi_related_include_ids":"","_relevanssi_related_exclude_ids":"","_relevanssi_related_no_append":"","_relevanssi_related_not_related":"","_relevanssi_related_posts":"","_relevanssi_noindex_reason":"","footnotes":""},"class_list":["post-129748","page","type-page","status-publish","has-post-thumbnail","hentry"],"acf":[],"yoast_head":"<!-- This site is optimized with the Yoast SEO plugin v27.4 - https:\/\/yoast.com\/product\/yoast-seo-wordpress\/ -->\n<title>Propstei Wislikofen - Visite guid\u00e9e du monast\u00e8re<\/title>\n<meta name=\"description\" content=\"D\u00e9couvrez les 900 ans d&#039;histoire du monast\u00e8re lors d&#039;une visite guid\u00e9e historique ainsi qu&#039;un aper\u00e7u du jardin d&#039;herbes aromatiques de l&#039;\u00e9tablissement.\" \/>\n<meta name=\"robots\" content=\"index, follow, max-snippet:-1, max-image-preview:large, max-video-preview:-1\" \/>\n<link rel=\"canonical\" href=\"https:\/\/www.badzurzach.info\/fr\/prevote-de-wislikofen\/\" \/>\n<meta property=\"og:locale\" content=\"fr_FR\" \/>\n<meta property=\"og:type\" content=\"article\" \/>\n<meta property=\"og:title\" content=\"Propstei Wislikofen - Visite guid\u00e9e du monast\u00e8re\" \/>\n<meta property=\"og:description\" content=\"D\u00e9couvrez les 900 ans d&#039;histoire du monast\u00e8re lors d&#039;une visite guid\u00e9e historique ainsi qu&#039;un aper\u00e7u du jardin d&#039;herbes aromatiques de l&#039;\u00e9tablissement.\" \/>\n<meta property=\"og:url\" content=\"https:\/\/www.badzurzach.info\/fr\/prevote-de-wislikofen\/\" \/>\n<meta property=\"og:site_name\" content=\"Bad Zurzach Tourismus\" \/>\n<meta property=\"article:publisher\" content=\"https:\/\/www.facebook.com\/badzurzachtourismus\" \/>\n<meta property=\"article:modified_time\" content=\"2025-05-01T06:04:22+00:00\" \/>\n<meta property=\"og:image\" content=\"https:\/\/www.badzurzach.info\/wp-content\/uploads\/2022\/02\/Propstei-Wislikofen_Aussenansicht_1920px-1024x682.jpg\" \/>\n<meta name=\"twitter:card\" content=\"summary_large_image\" \/>\n<meta name=\"twitter:site\" content=\"@BadZurzach\" \/>\n<script type=\"application\/ld+json\" class=\"yoast-schema-graph\">{\"@context\":\"https:\\\/\\\/schema.org\",\"@graph\":[{\"@type\":\"WebPage\",\"@id\":\"https:\\\/\\\/www.badzurzach.info\\\/fr\\\/prevote-de-wislikofen\\\/\",\"url\":\"https:\\\/\\\/www.badzurzach.info\\\/fr\\\/prevote-de-wislikofen\\\/\",\"name\":\"Propstei Wislikofen - Visite guid\u00e9e du monast\u00e8re\",\"isPartOf\":{\"@id\":\"https:\\\/\\\/www.badzurzach.info\\\/#website\"},\"primaryImageOfPage\":{\"@id\":\"https:\\\/\\\/www.badzurzach.info\\\/fr\\\/prevote-de-wislikofen\\\/#primaryimage\"},\"image\":{\"@id\":\"https:\\\/\\\/www.badzurzach.info\\\/fr\\\/prevote-de-wislikofen\\\/#primaryimage\"},\"thumbnailUrl\":\"https:\\\/\\\/www.badzurzach.info\\\/wp-content\\\/uploads\\\/2021\\\/11\\\/Propstei-Wislikofen_Aussenansicht_1920px.jpg\",\"datePublished\":\"2022-01-06T16:14:37+00:00\",\"dateModified\":\"2025-05-01T06:04:22+00:00\",\"description\":\"D\u00e9couvrez les 900 ans d'histoire du monast\u00e8re lors d'une visite guid\u00e9e historique ainsi qu'un aper\u00e7u du jardin d'herbes aromatiques de l'\u00e9tablissement.\",\"breadcrumb\":{\"@id\":\"https:\\\/\\\/www.badzurzach.info\\\/fr\\\/prevote-de-wislikofen\\\/#breadcrumb\"},\"inLanguage\":\"fr-FR\",\"potentialAction\":[{\"@type\":\"ReadAction\",\"target\":[\"https:\\\/\\\/www.badzurzach.info\\\/fr\\\/prevote-de-wislikofen\\\/\"]}]},{\"@type\":\"ImageObject\",\"inLanguage\":\"fr-FR\",\"@id\":\"https:\\\/\\\/www.badzurzach.info\\\/fr\\\/prevote-de-wislikofen\\\/#primaryimage\",\"url\":\"https:\\\/\\\/www.badzurzach.info\\\/wp-content\\\/uploads\\\/2021\\\/11\\\/Propstei-Wislikofen_Aussenansicht_1920px.jpg\",\"contentUrl\":\"https:\\\/\\\/www.badzurzach.info\\\/wp-content\\\/uploads\\\/2021\\\/11\\\/Propstei-Wislikofen_Aussenansicht_1920px.jpg\",\"width\":1920,\"height\":1278,\"caption\":\"Die Propstei ist ein Seminarhotel und Bildungshaus mit moderner Infrastruktur in den historischen Mauern eines ehemaligen Benediktinerklosters. Eine abwechslungsreiche und saisonale K\u00fcche bietet den idealen Rahmen f\u00fcr Seminare, Workshops, Gesch\u00e4ftsessen und Familienfreizeiten.\"},{\"@type\":\"BreadcrumbList\",\"@id\":\"https:\\\/\\\/www.badzurzach.info\\\/fr\\\/prevote-de-wislikofen\\\/#breadcrumb\",\"itemListElement\":[{\"@type\":\"ListItem\",\"position\":1,\"name\":\"Home\",\"item\":\"https:\\\/\\\/www.badzurzach.info\\\/fr\\\/\"},{\"@type\":\"ListItem\",\"position\":2,\"name\":\"Pr\u00e9v\u00f4t\u00e9 de Wislikofen\"}]},{\"@type\":\"WebSite\",\"@id\":\"https:\\\/\\\/www.badzurzach.info\\\/#website\",\"url\":\"https:\\\/\\\/www.badzurzach.info\\\/\",\"name\":\"Bad Zurzach Tourismus\",\"description\":\"Ihre Feriendestination Bad Zurzach\",\"publisher\":{\"@id\":\"https:\\\/\\\/www.badzurzach.info\\\/#organization\"},\"potentialAction\":[{\"@type\":\"SearchAction\",\"target\":{\"@type\":\"EntryPoint\",\"urlTemplate\":\"https:\\\/\\\/www.badzurzach.info\\\/?s={search_term_string}\"},\"query-input\":{\"@type\":\"PropertyValueSpecification\",\"valueRequired\":true,\"valueName\":\"search_term_string\"}}],\"inLanguage\":\"fr-FR\"},{\"@type\":\"Organization\",\"@id\":\"https:\\\/\\\/www.badzurzach.info\\\/#organization\",\"name\":\"Bad Zurzach Tourismus\",\"url\":\"https:\\\/\\\/www.badzurzach.info\\\/\",\"logo\":{\"@type\":\"ImageObject\",\"inLanguage\":\"fr-FR\",\"@id\":\"https:\\\/\\\/www.badzurzach.info\\\/#\\\/schema\\\/logo\\\/image\\\/\",\"url\":\"https:\\\/\\\/www.badzurzach.info\\\/wp-content\\\/uploads\\\/2022\\\/02\\\/Thermalbad-Zurzach_Logo.png\",\"contentUrl\":\"https:\\\/\\\/www.badzurzach.info\\\/wp-content\\\/uploads\\\/2022\\\/02\\\/Thermalbad-Zurzach_Logo.png\",\"width\":1180,\"height\":1705,\"caption\":\"Bad Zurzach Tourismus\"},\"image\":{\"@id\":\"https:\\\/\\\/www.badzurzach.info\\\/#\\\/schema\\\/logo\\\/image\\\/\"},\"sameAs\":[\"https:\\\/\\\/www.facebook.com\\\/badzurzachtourismus\",\"https:\\\/\\\/x.com\\\/BadZurzach\",\"https:\\\/\\\/www.instagram.com\\\/badzurzach.switzerland\",\"https:\\\/\\\/www.linkedin.com\\\/company\\\/6134459\\\/\"]}]}<\/script>\n<!-- \/ Yoast SEO plugin. -->","yoast_head_json":{"title":"Propstei Wislikofen - Visite guid\u00e9e du monast\u00e8re","description":"D\u00e9couvrez les 900 ans d'histoire du monast\u00e8re lors d'une visite guid\u00e9e historique ainsi qu'un aper\u00e7u du jardin d'herbes aromatiques de l'\u00e9tablissement.","robots":{"index":"index","follow":"follow","max-snippet":"max-snippet:-1","max-image-preview":"max-image-preview:large","max-video-preview":"max-video-preview:-1"},"canonical":"https:\/\/www.badzurzach.info\/fr\/prevote-de-wislikofen\/","og_locale":"fr_FR","og_type":"article","og_title":"Propstei Wislikofen - Visite guid\u00e9e du monast\u00e8re","og_description":"D\u00e9couvrez les 900 ans d'histoire du monast\u00e8re lors d'une visite guid\u00e9e historique ainsi qu'un aper\u00e7u du jardin d'herbes aromatiques de l'\u00e9tablissement.","og_url":"https:\/\/www.badzurzach.info\/fr\/prevote-de-wislikofen\/","og_site_name":"Bad Zurzach Tourismus","article_publisher":"https:\/\/www.facebook.com\/badzurzachtourismus","article_modified_time":"2025-05-01T06:04:22+00:00","og_image":[{"url":"https:\/\/www.badzurzach.info\/wp-content\/uploads\/2022\/02\/Propstei-Wislikofen_Aussenansicht_1920px-1024x682.jpg","type":"","width":"","height":""}],"twitter_card":"summary_large_image","twitter_site":"@BadZurzach","schema":{"@context":"https:\/\/schema.org","@graph":[{"@type":"WebPage","@id":"https:\/\/www.badzurzach.info\/fr\/prevote-de-wislikofen\/","url":"https:\/\/www.badzurzach.info\/fr\/prevote-de-wislikofen\/","name":"Propstei Wislikofen - Visite guid\u00e9e du monast\u00e8re","isPartOf":{"@id":"https:\/\/www.badzurzach.info\/#website"},"primaryImageOfPage":{"@id":"https:\/\/www.badzurzach.info\/fr\/prevote-de-wislikofen\/#primaryimage"},"image":{"@id":"https:\/\/www.badzurzach.info\/fr\/prevote-de-wislikofen\/#primaryimage"},"thumbnailUrl":"https:\/\/www.badzurzach.info\/wp-content\/uploads\/2021\/11\/Propstei-Wislikofen_Aussenansicht_1920px.jpg","datePublished":"2022-01-06T16:14:37+00:00","dateModified":"2025-05-01T06:04:22+00:00","description":"D\u00e9couvrez les 900 ans d'histoire du monast\u00e8re lors d'une visite guid\u00e9e historique ainsi qu'un aper\u00e7u du jardin d'herbes aromatiques de l'\u00e9tablissement.","breadcrumb":{"@id":"https:\/\/www.badzurzach.info\/fr\/prevote-de-wislikofen\/#breadcrumb"},"inLanguage":"fr-FR","potentialAction":[{"@type":"ReadAction","target":["https:\/\/www.badzurzach.info\/fr\/prevote-de-wislikofen\/"]}]},{"@type":"ImageObject","inLanguage":"fr-FR","@id":"https:\/\/www.badzurzach.info\/fr\/prevote-de-wislikofen\/#primaryimage","url":"https:\/\/www.badzurzach.info\/wp-content\/uploads\/2021\/11\/Propstei-Wislikofen_Aussenansicht_1920px.jpg","contentUrl":"https:\/\/www.badzurzach.info\/wp-content\/uploads\/2021\/11\/Propstei-Wislikofen_Aussenansicht_1920px.jpg","width":1920,"height":1278,"caption":"Die Propstei ist ein Seminarhotel und Bildungshaus mit moderner Infrastruktur in den historischen Mauern eines ehemaligen Benediktinerklosters. Eine abwechslungsreiche und saisonale K\u00fcche bietet den idealen Rahmen f\u00fcr Seminare, Workshops, Gesch\u00e4ftsessen und Familienfreizeiten."},{"@type":"BreadcrumbList","@id":"https:\/\/www.badzurzach.info\/fr\/prevote-de-wislikofen\/#breadcrumb","itemListElement":[{"@type":"ListItem","position":1,"name":"Home","item":"https:\/\/www.badzurzach.info\/fr\/"},{"@type":"ListItem","position":2,"name":"Pr\u00e9v\u00f4t\u00e9 de Wislikofen"}]},{"@type":"WebSite","@id":"https:\/\/www.badzurzach.info\/#website","url":"https:\/\/www.badzurzach.info\/","name":"Bad Zurzach Tourismus","description":"Ihre Feriendestination Bad Zurzach","publisher":{"@id":"https:\/\/www.badzurzach.info\/#organization"},"potentialAction":[{"@type":"SearchAction","target":{"@type":"EntryPoint","urlTemplate":"https:\/\/www.badzurzach.info\/?s={search_term_string}"},"query-input":{"@type":"PropertyValueSpecification","valueRequired":true,"valueName":"search_term_string"}}],"inLanguage":"fr-FR"},{"@type":"Organization","@id":"https:\/\/www.badzurzach.info\/#organization","name":"Bad Zurzach Tourismus","url":"https:\/\/www.badzurzach.info\/","logo":{"@type":"ImageObject","inLanguage":"fr-FR","@id":"https:\/\/www.badzurzach.info\/#\/schema\/logo\/image\/","url":"https:\/\/www.badzurzach.info\/wp-content\/uploads\/2022\/02\/Thermalbad-Zurzach_Logo.png","contentUrl":"https:\/\/www.badzurzach.info\/wp-content\/uploads\/2022\/02\/Thermalbad-Zurzach_Logo.png","width":1180,"height":1705,"caption":"Bad Zurzach Tourismus"},"image":{"@id":"https:\/\/www.badzurzach.info\/#\/schema\/logo\/image\/"},"sameAs":["https:\/\/www.facebook.com\/badzurzachtourismus","https:\/\/x.com\/BadZurzach","https:\/\/www.instagram.com\/badzurzach.switzerland","https:\/\/www.linkedin.com\/company\/6134459\/"]}]}},"_links":{"self":[{"href":"https:\/\/www.badzurzach.info\/fr\/wp-json\/wp\/v2\/pages\/129748","targetHints":{"allow":["GET"]}}],"collection":[{"href":"https:\/\/www.badzurzach.info\/fr\/wp-json\/wp\/v2\/pages"}],"about":[{"href":"https:\/\/www.badzurzach.info\/fr\/wp-json\/wp\/v2\/types\/page"}],"author":[{"embeddable":true,"href":"https:\/\/www.badzurzach.info\/fr\/wp-json\/wp\/v2\/users\/9"}],"replies":[{"embeddable":true,"href":"https:\/\/www.badzurzach.info\/fr\/wp-json\/wp\/v2\/comments?post=129748"}],"version-history":[{"count":4,"href":"https:\/\/www.badzurzach.info\/fr\/wp-json\/wp\/v2\/pages\/129748\/revisions"}],"predecessor-version":[{"id":207834,"href":"https:\/\/www.badzurzach.info\/fr\/wp-json\/wp\/v2\/pages\/129748\/revisions\/207834"}],"wp:featuredmedia":[{"embeddable":true,"href":"https:\/\/www.badzurzach.info\/fr\/wp-json\/wp\/v2\/media\/2079"}],"wp:attachment":[{"href":"https:\/\/www.badzurzach.info\/fr\/wp-json\/wp\/v2\/media?parent=129748"}],"curies":[{"name":"wp","href":"https:\/\/api.w.org\/{rel}","templated":true}]}}