{"id":129751,"date":"2022-01-06T17:02:22","date_gmt":"2022-01-06T16:02:22","guid":{"rendered":"https:\/\/www.badzurzach.info\/visite-guidee-de-la-ville-de-kaiserstuhl\/"},"modified":"2025-02-18T09:14:56","modified_gmt":"2025-02-18T08:14:56","slug":"visite-guidee-de-la-ville-de-kaiserstuhl","status":"publish","type":"page","link":"https:\/\/www.badzurzach.info\/fr\/visite-guidee-de-la-ville-de-kaiserstuhl\/","title":{"rendered":"Visite guid\u00e9e de la ville de Kaiserstuhl"},"content":{"rendered":"\n<h3 class=\"wp-block-heading\">Visite guid\u00e9e de la ville de Kaiserstuhl.  <\/h3>\n\n<p><\/p>\n\n<p><strong>Venez avec nous pour une visite guid\u00e9e de la ville de Kaiserstuhl. Plus petite ville de Suisse en termes de superficie, le Triangle sur le Rhin est toujours bien reconnaissable en tant qu&rsquo;ensemble historique datant de la fondation de la ville il y a plus de 750 ans.  <\/strong><\/p>\n\n<p>Deux visites guid\u00e9es sont propos\u00e9es :  <\/p>\n\n<p>La visite guid\u00e9e, plac\u00e9e sous le signe <strong>de l&rsquo;histoire et des histoires<\/strong>, vous fera d\u00e9couvrir des ruelles cach\u00e9es, le Spittel et m\u00eame un palais fran\u00e7ais. Les visites de l&rsquo;Amtshaus, de l&rsquo;\u00e9glise et de la plus grande tour de d\u00e9fense du canton d&rsquo;Argovie, la Oberer Turm, donnent un aper\u00e7u d\u00e9taill\u00e9 de l&rsquo;histoire de Kaiserstuhl. Les nombreuses \u0153uvres de Franz Ludwig Wind et les traces d&rsquo;habitants c\u00e9l\u00e8bres vous accompagneront \u00e0 chaque pas.  <br\/>Parall\u00e8lement, vous d\u00e9couvrirez ce que les 500 ans de r\u00e8gne des \u00e9v\u00eaques de Constance et de Napol\u00e9on ont signifi\u00e9 pour Kaiserstuhl, ainsi que les liens \u00e9troits qui ont exist\u00e9 avec Hohentengen au cours des si\u00e8cles.<\/p>\n\n<p>Lors de la visite guid\u00e9e <strong>\u00ab\u00a0Wasser und Brunnen in Kaiserstuhl\u00a0\u00bb (L&rsquo;eau et les fontaines \u00e0 Kaiserstuhl)<\/strong>, les participants apprendront beaucoup de choses int\u00e9ressantes sur l&rsquo;histoire des 8 fontaines de la ville, et sur l&rsquo;approvisionnement en eau en g\u00e9n\u00e9ral, car l&rsquo;eau provient de la source en Allemagne, ainsi que sur d&rsquo;autres particularit\u00e9s li\u00e9es \u00e0 l&rsquo;eau. Les fontaines historiques du Kaiserstuhl ont \u00e9t\u00e9 r\u00e9compens\u00e9es en 2020 par le prix des fontaines de la fondation Ernst et Hanna Hauenstein, une brochure peut \u00eatre achet\u00e9e pour 5 CHF.<\/p>\n\n<p><\/p>\n\n<p><\/p>\n\n<figure class=\"wp-block-table is-style-regular\"><table><tbody><tr><td>Lieu<\/td><td>Kaiserstuhl<\/td><\/tr><tr><td>Dur\u00e9e<\/td><td>1.5h &#8211; allemand ou anglais<\/td><\/tr><tr><td>Co\u00fbts<\/td><td>jusqu&rsquo;\u00e0 15 personnes CHF 100 par groupe<br\/>16-25 personnes CHF 150 par groupe<\/td><\/tr><tr><td>R\u00e9servations et rendez-vous individuels<br\/>pour les groupes :<\/td><td>Claudia Meierhofer, Hinter der Kirche 23, CH-5466 Kaiserstuhl T\u00e9l. +41 44 858 28 63 <br\/>E-mail : staedtlifuehrung.kaiserstuhl@bluewin.ch<\/td><\/tr><tr><td>Dates 2025<br\/>pour la visite guid\u00e9e publique :<\/td><td><strong>25.3. \/ 27.5. \/ 24.6. \/ 29.7. \/ 26.8. \/ 30.9. \/ 24.9. \/<\/strong> <strong>28.10.2024<\/strong> (Pas de visite guid\u00e9e en avril !)<br\/><strong>Histoire &amp; Histoires <\/strong>chaque dernier mardi du mois de 16h30 \u00e0 18h00<br\/><strong>Lieu de rendez-vous :<\/strong> Pr\u00e8s de la Tour Sup\u00e9rieure (2 min. de la gare CFF), Kaiserstuhl<br\/><strong>Prix : <\/strong>CHF 10.- \/ personne, \u00e0 payer au d\u00e9but de la visite guid\u00e9e<\/td><\/tr><\/tbody><\/table><\/figure>\n\n<div style=\"height:30px\" aria-hidden=\"true\" class=\"wp-block-spacer\"><\/div>\n\n<div class=\"wp-block-columns is-layout-flex wp-container-core-columns-is-layout-9d6595d7 wp-block-columns-is-layout-flex\">\n<div class=\"wp-block-column is-layout-flow wp-block-column-is-layout-flow\" style=\"flex-basis:100%\">\n<div class=\"wp-block-buttons is-layout-flex wp-block-buttons-is-layout-flex\">\n<div class=\"wp-block-button has-custom-width wp-block-button__width-50 is-style-fill\"><a class=\"wp-block-button__link wp-element-button\" href=\"mailto:staedtlifuehrung.kaiserstuhl@bluewin.ch\" style=\"border-radius:7px\" target=\"_blank\" rel=\"noreferrer noopener\">Envoyer une demande de r\u00e9servation<\/a><\/div>\n<\/div>\n<\/div>\n<\/div>\n","protected":false},"excerpt":{"rendered":"<p>Visite guid\u00e9e de la ville de Kaiserstuhl. Venez avec nous pour une visite guid\u00e9e de la ville de Kaiserstuhl. Plus petite ville de Suisse en termes de superficie, le Triangle sur le Rhin est toujours bien reconnaissable en tant qu&rsquo;ensemble historique datant de la fondation de la ville il y a plus de 750 ans. [&hellip;]<\/p>\n","protected":false},"author":9,"featured_media":2067,"parent":0,"menu_order":0,"comment_status":"closed","ping_status":"closed","template":"","meta":{"_acf_changed":false,"_relevanssi_hide_post":"","_relevanssi_hide_content":"","_relevanssi_pin_for_all":"","_relevanssi_pin_keywords":"","_relevanssi_unpin_keywords":"","_relevanssi_related_keywords":"","_relevanssi_related_include_ids":"","_relevanssi_related_exclude_ids":"","_relevanssi_related_no_append":"","_relevanssi_related_not_related":"","_relevanssi_related_posts":"","_relevanssi_noindex_reason":"","footnotes":""},"class_list":["post-129751","page","type-page","status-publish","has-post-thumbnail","hentry"],"acf":[],"yoast_head":"<!-- This site is optimized with the Yoast SEO plugin v27.4 - https:\/\/yoast.com\/product\/yoast-seo-wordpress\/ -->\n<title>Bad Zurzach Tourismus Visite guid\u00e9e de la ville de Kaiserstuhl -<\/title>\n<meta name=\"description\" content=\"Venez avec nous pour une visite guid\u00e9e de la ville de Kaiserstuhl. Deux visites guid\u00e9es sont propos\u00e9es \u00e0 Kaiserstuhl.\" \/>\n<meta name=\"robots\" content=\"index, follow, max-snippet:-1, max-image-preview:large, max-video-preview:-1\" \/>\n<link rel=\"canonical\" href=\"https:\/\/www.badzurzach.info\/fr\/visite-guidee-de-la-ville-de-kaiserstuhl\/\" \/>\n<meta property=\"og:locale\" content=\"fr_FR\" \/>\n<meta property=\"og:type\" content=\"article\" \/>\n<meta property=\"og:title\" content=\"Visite guid\u00e9e de la ville de Kaiserstuhl\" \/>\n<meta property=\"og:description\" content=\"Rejoignez-nous pour une visite guid\u00e9e de la ville de Kaiserstuhl. Deux visites guid\u00e9es sont propos\u00e9es \u00e0 Kaiserstuhl.\" \/>\n<meta property=\"og:url\" content=\"https:\/\/www.badzurzach.info\/fr\/visite-guidee-de-la-ville-de-kaiserstuhl\/\" \/>\n<meta property=\"og:site_name\" content=\"Bad Zurzach Tourismus\" \/>\n<meta property=\"article:publisher\" content=\"https:\/\/www.facebook.com\/badzurzachtourismus\" \/>\n<meta property=\"article:modified_time\" content=\"2025-02-18T08:14:56+00:00\" \/>\n<meta property=\"og:image\" content=\"https:\/\/www.badzurzach.info\/wp-content\/uploads\/2021\/12\/Kaierstuhl_Burg-Rotwasserstelz_600px-1-edited-300x300.jpg\" \/>\n<meta name=\"twitter:card\" content=\"summary_large_image\" \/>\n<meta name=\"twitter:site\" content=\"@BadZurzach\" \/>\n<meta name=\"twitter:label1\" content=\"Dur\u00e9e de lecture estim\u00e9e\" \/>\n\t<meta name=\"twitter:data1\" content=\"2 minutes\" \/>\n<script type=\"application\/ld+json\" class=\"yoast-schema-graph\">{\"@context\":\"https:\\\/\\\/schema.org\",\"@graph\":[{\"@type\":\"WebPage\",\"@id\":\"https:\\\/\\\/www.badzurzach.info\\\/fr\\\/visite-guidee-de-la-ville-de-kaiserstuhl\\\/\",\"url\":\"https:\\\/\\\/www.badzurzach.info\\\/fr\\\/visite-guidee-de-la-ville-de-kaiserstuhl\\\/\",\"name\":\"Bad Zurzach Tourismus Visite guid\u00e9e de la ville de Kaiserstuhl -\",\"isPartOf\":{\"@id\":\"https:\\\/\\\/www.badzurzach.info\\\/#website\"},\"primaryImageOfPage\":{\"@id\":\"https:\\\/\\\/www.badzurzach.info\\\/fr\\\/visite-guidee-de-la-ville-de-kaiserstuhl\\\/#primaryimage\"},\"image\":{\"@id\":\"https:\\\/\\\/www.badzurzach.info\\\/fr\\\/visite-guidee-de-la-ville-de-kaiserstuhl\\\/#primaryimage\"},\"thumbnailUrl\":\"https:\\\/\\\/www.badzurzach.info\\\/wp-content\\\/uploads\\\/2021\\\/11\\\/Kaierstuhl_Burg-Rotwasserstelz_1920px.jpg\",\"datePublished\":\"2022-01-06T16:02:22+00:00\",\"dateModified\":\"2025-02-18T08:14:56+00:00\",\"description\":\"Venez avec nous pour une visite guid\u00e9e de la ville de Kaiserstuhl. Deux visites guid\u00e9es sont propos\u00e9es \u00e0 Kaiserstuhl.\",\"breadcrumb\":{\"@id\":\"https:\\\/\\\/www.badzurzach.info\\\/fr\\\/visite-guidee-de-la-ville-de-kaiserstuhl\\\/#breadcrumb\"},\"inLanguage\":\"fr-FR\",\"potentialAction\":[{\"@type\":\"ReadAction\",\"target\":[\"https:\\\/\\\/www.badzurzach.info\\\/fr\\\/visite-guidee-de-la-ville-de-kaiserstuhl\\\/\"]}]},{\"@type\":\"ImageObject\",\"inLanguage\":\"fr-FR\",\"@id\":\"https:\\\/\\\/www.badzurzach.info\\\/fr\\\/visite-guidee-de-la-ville-de-kaiserstuhl\\\/#primaryimage\",\"url\":\"https:\\\/\\\/www.badzurzach.info\\\/wp-content\\\/uploads\\\/2021\\\/11\\\/Kaierstuhl_Burg-Rotwasserstelz_1920px.jpg\",\"contentUrl\":\"https:\\\/\\\/www.badzurzach.info\\\/wp-content\\\/uploads\\\/2021\\\/11\\\/Kaierstuhl_Burg-Rotwasserstelz_1920px.jpg\",\"width\":1920,\"height\":1278,\"caption\":\"Auf einer Strecke von \u00fcber 70 Kilometern durchfliesst der Hochrhein den Kanton Aargau von Kaiserstuhl bis Kaiseraugst und bildet somit dabei die fliessende Grenze zwischen der Schweiz und Deutschland. Dabei passiert er 22 Schweizer Gemeinden, welche jede Menge am und auf dem Aargauer Hochrhein zu bieten haben. Es spielt keine Rolle, ob Sie auf der Suche nach sportlicher Bet\u00e4tigung am Flussufer, Entspannung im Thermalwasser, kulinarischen H\u00f6henfl\u00fcgen oder einem interessanten Kulturangebot sind, es hat f\u00fcr jeden Geschmack etwas dabei.\"},{\"@type\":\"BreadcrumbList\",\"@id\":\"https:\\\/\\\/www.badzurzach.info\\\/fr\\\/visite-guidee-de-la-ville-de-kaiserstuhl\\\/#breadcrumb\",\"itemListElement\":[{\"@type\":\"ListItem\",\"position\":1,\"name\":\"Home\",\"item\":\"https:\\\/\\\/www.badzurzach.info\\\/fr\\\/\"},{\"@type\":\"ListItem\",\"position\":2,\"name\":\"Visite guid\u00e9e de la ville de Kaiserstuhl\"}]},{\"@type\":\"WebSite\",\"@id\":\"https:\\\/\\\/www.badzurzach.info\\\/#website\",\"url\":\"https:\\\/\\\/www.badzurzach.info\\\/\",\"name\":\"Bad Zurzach Tourismus\",\"description\":\"Ihre Feriendestination Bad Zurzach\",\"publisher\":{\"@id\":\"https:\\\/\\\/www.badzurzach.info\\\/#organization\"},\"potentialAction\":[{\"@type\":\"SearchAction\",\"target\":{\"@type\":\"EntryPoint\",\"urlTemplate\":\"https:\\\/\\\/www.badzurzach.info\\\/?s={search_term_string}\"},\"query-input\":{\"@type\":\"PropertyValueSpecification\",\"valueRequired\":true,\"valueName\":\"search_term_string\"}}],\"inLanguage\":\"fr-FR\"},{\"@type\":\"Organization\",\"@id\":\"https:\\\/\\\/www.badzurzach.info\\\/#organization\",\"name\":\"Bad Zurzach Tourismus\",\"url\":\"https:\\\/\\\/www.badzurzach.info\\\/\",\"logo\":{\"@type\":\"ImageObject\",\"inLanguage\":\"fr-FR\",\"@id\":\"https:\\\/\\\/www.badzurzach.info\\\/#\\\/schema\\\/logo\\\/image\\\/\",\"url\":\"https:\\\/\\\/www.badzurzach.info\\\/wp-content\\\/uploads\\\/2022\\\/02\\\/Thermalbad-Zurzach_Logo.png\",\"contentUrl\":\"https:\\\/\\\/www.badzurzach.info\\\/wp-content\\\/uploads\\\/2022\\\/02\\\/Thermalbad-Zurzach_Logo.png\",\"width\":1180,\"height\":1705,\"caption\":\"Bad Zurzach Tourismus\"},\"image\":{\"@id\":\"https:\\\/\\\/www.badzurzach.info\\\/#\\\/schema\\\/logo\\\/image\\\/\"},\"sameAs\":[\"https:\\\/\\\/www.facebook.com\\\/badzurzachtourismus\",\"https:\\\/\\\/x.com\\\/BadZurzach\",\"https:\\\/\\\/www.instagram.com\\\/badzurzach.switzerland\",\"https:\\\/\\\/www.linkedin.com\\\/company\\\/6134459\\\/\"]}]}<\/script>\n<!-- \/ Yoast SEO plugin. -->","yoast_head_json":{"title":"Bad Zurzach Tourismus Visite guid\u00e9e de la ville de Kaiserstuhl -","description":"Venez avec nous pour une visite guid\u00e9e de la ville de Kaiserstuhl. Deux visites guid\u00e9es sont propos\u00e9es \u00e0 Kaiserstuhl.","robots":{"index":"index","follow":"follow","max-snippet":"max-snippet:-1","max-image-preview":"max-image-preview:large","max-video-preview":"max-video-preview:-1"},"canonical":"https:\/\/www.badzurzach.info\/fr\/visite-guidee-de-la-ville-de-kaiserstuhl\/","og_locale":"fr_FR","og_type":"article","og_title":"Visite guid\u00e9e de la ville de Kaiserstuhl","og_description":"Rejoignez-nous pour une visite guid\u00e9e de la ville de Kaiserstuhl. Deux visites guid\u00e9es sont propos\u00e9es \u00e0 Kaiserstuhl.","og_url":"https:\/\/www.badzurzach.info\/fr\/visite-guidee-de-la-ville-de-kaiserstuhl\/","og_site_name":"Bad Zurzach Tourismus","article_publisher":"https:\/\/www.facebook.com\/badzurzachtourismus","article_modified_time":"2025-02-18T08:14:56+00:00","og_image":[{"url":"https:\/\/www.badzurzach.info\/wp-content\/uploads\/2021\/12\/Kaierstuhl_Burg-Rotwasserstelz_600px-1-edited-300x300.jpg","type":"","width":"","height":""}],"twitter_card":"summary_large_image","twitter_site":"@BadZurzach","twitter_misc":{"Dur\u00e9e de lecture estim\u00e9e":"2 minutes"},"schema":{"@context":"https:\/\/schema.org","@graph":[{"@type":"WebPage","@id":"https:\/\/www.badzurzach.info\/fr\/visite-guidee-de-la-ville-de-kaiserstuhl\/","url":"https:\/\/www.badzurzach.info\/fr\/visite-guidee-de-la-ville-de-kaiserstuhl\/","name":"Bad Zurzach Tourismus Visite guid\u00e9e de la ville de Kaiserstuhl -","isPartOf":{"@id":"https:\/\/www.badzurzach.info\/#website"},"primaryImageOfPage":{"@id":"https:\/\/www.badzurzach.info\/fr\/visite-guidee-de-la-ville-de-kaiserstuhl\/#primaryimage"},"image":{"@id":"https:\/\/www.badzurzach.info\/fr\/visite-guidee-de-la-ville-de-kaiserstuhl\/#primaryimage"},"thumbnailUrl":"https:\/\/www.badzurzach.info\/wp-content\/uploads\/2021\/11\/Kaierstuhl_Burg-Rotwasserstelz_1920px.jpg","datePublished":"2022-01-06T16:02:22+00:00","dateModified":"2025-02-18T08:14:56+00:00","description":"Venez avec nous pour une visite guid\u00e9e de la ville de Kaiserstuhl. Deux visites guid\u00e9es sont propos\u00e9es \u00e0 Kaiserstuhl.","breadcrumb":{"@id":"https:\/\/www.badzurzach.info\/fr\/visite-guidee-de-la-ville-de-kaiserstuhl\/#breadcrumb"},"inLanguage":"fr-FR","potentialAction":[{"@type":"ReadAction","target":["https:\/\/www.badzurzach.info\/fr\/visite-guidee-de-la-ville-de-kaiserstuhl\/"]}]},{"@type":"ImageObject","inLanguage":"fr-FR","@id":"https:\/\/www.badzurzach.info\/fr\/visite-guidee-de-la-ville-de-kaiserstuhl\/#primaryimage","url":"https:\/\/www.badzurzach.info\/wp-content\/uploads\/2021\/11\/Kaierstuhl_Burg-Rotwasserstelz_1920px.jpg","contentUrl":"https:\/\/www.badzurzach.info\/wp-content\/uploads\/2021\/11\/Kaierstuhl_Burg-Rotwasserstelz_1920px.jpg","width":1920,"height":1278,"caption":"Auf einer Strecke von \u00fcber 70 Kilometern durchfliesst der Hochrhein den Kanton Aargau von Kaiserstuhl bis Kaiseraugst und bildet somit dabei die fliessende Grenze zwischen der Schweiz und Deutschland. Dabei passiert er 22 Schweizer Gemeinden, welche jede Menge am und auf dem Aargauer Hochrhein zu bieten haben. Es spielt keine Rolle, ob Sie auf der Suche nach sportlicher Bet\u00e4tigung am Flussufer, Entspannung im Thermalwasser, kulinarischen H\u00f6henfl\u00fcgen oder einem interessanten Kulturangebot sind, es hat f\u00fcr jeden Geschmack etwas dabei."},{"@type":"BreadcrumbList","@id":"https:\/\/www.badzurzach.info\/fr\/visite-guidee-de-la-ville-de-kaiserstuhl\/#breadcrumb","itemListElement":[{"@type":"ListItem","position":1,"name":"Home","item":"https:\/\/www.badzurzach.info\/fr\/"},{"@type":"ListItem","position":2,"name":"Visite guid\u00e9e de la ville de Kaiserstuhl"}]},{"@type":"WebSite","@id":"https:\/\/www.badzurzach.info\/#website","url":"https:\/\/www.badzurzach.info\/","name":"Bad Zurzach Tourismus","description":"Ihre Feriendestination Bad Zurzach","publisher":{"@id":"https:\/\/www.badzurzach.info\/#organization"},"potentialAction":[{"@type":"SearchAction","target":{"@type":"EntryPoint","urlTemplate":"https:\/\/www.badzurzach.info\/?s={search_term_string}"},"query-input":{"@type":"PropertyValueSpecification","valueRequired":true,"valueName":"search_term_string"}}],"inLanguage":"fr-FR"},{"@type":"Organization","@id":"https:\/\/www.badzurzach.info\/#organization","name":"Bad Zurzach Tourismus","url":"https:\/\/www.badzurzach.info\/","logo":{"@type":"ImageObject","inLanguage":"fr-FR","@id":"https:\/\/www.badzurzach.info\/#\/schema\/logo\/image\/","url":"https:\/\/www.badzurzach.info\/wp-content\/uploads\/2022\/02\/Thermalbad-Zurzach_Logo.png","contentUrl":"https:\/\/www.badzurzach.info\/wp-content\/uploads\/2022\/02\/Thermalbad-Zurzach_Logo.png","width":1180,"height":1705,"caption":"Bad Zurzach Tourismus"},"image":{"@id":"https:\/\/www.badzurzach.info\/#\/schema\/logo\/image\/"},"sameAs":["https:\/\/www.facebook.com\/badzurzachtourismus","https:\/\/x.com\/BadZurzach","https:\/\/www.instagram.com\/badzurzach.switzerland","https:\/\/www.linkedin.com\/company\/6134459\/"]}]}},"_links":{"self":[{"href":"https:\/\/www.badzurzach.info\/fr\/wp-json\/wp\/v2\/pages\/129751","targetHints":{"allow":["GET"]}}],"collection":[{"href":"https:\/\/www.badzurzach.info\/fr\/wp-json\/wp\/v2\/pages"}],"about":[{"href":"https:\/\/www.badzurzach.info\/fr\/wp-json\/wp\/v2\/types\/page"}],"author":[{"embeddable":true,"href":"https:\/\/www.badzurzach.info\/fr\/wp-json\/wp\/v2\/users\/9"}],"replies":[{"embeddable":true,"href":"https:\/\/www.badzurzach.info\/fr\/wp-json\/wp\/v2\/comments?post=129751"}],"version-history":[{"count":4,"href":"https:\/\/www.badzurzach.info\/fr\/wp-json\/wp\/v2\/pages\/129751\/revisions"}],"predecessor-version":[{"id":191177,"href":"https:\/\/www.badzurzach.info\/fr\/wp-json\/wp\/v2\/pages\/129751\/revisions\/191177"}],"wp:featuredmedia":[{"embeddable":true,"href":"https:\/\/www.badzurzach.info\/fr\/wp-json\/wp\/v2\/media\/2067"}],"wp:attachment":[{"href":"https:\/\/www.badzurzach.info\/fr\/wp-json\/wp\/v2\/media?parent=129751"}],"curies":[{"name":"wp","href":"https:\/\/api.w.org\/{rel}","templated":true}]}}