{"id":129756,"date":"2021-12-13T16:15:28","date_gmt":"2021-12-13T15:15:28","guid":{"rendered":"https:\/\/www.badzurzach.info\/suggestions-de-circuits\/"},"modified":"2024-05-21T11:59:28","modified_gmt":"2024-05-21T09:59:28","slug":"suggestions-de-circuits","status":"publish","type":"page","link":"https:\/\/www.badzurzach.info\/fr\/suggestions-de-circuits\/","title":{"rendered":"Suggestions de circuits"},"content":{"rendered":"<section class=\"block-lead\">\n  <p>D\u00e9couvrez le Zurzibiet et ses paysages vari\u00e9s de for\u00eats, de collines et de rivi\u00e8res ainsi que la For\u00eat-Noire toute proche en empruntant les nombreux itin\u00e9raires de v\u00e9lo et de randonn\u00e9e. Qu&rsquo;il s&rsquo;agisse d&rsquo;une courte promenade, d&rsquo;un tour \u00e0 v\u00e9lo par monts et par vaux ou d&rsquo;une excursion d&rsquo;une journ\u00e9e avec un sac \u00e0 dos bien rempli, vous trouverez sur la carte interactive des tours l&rsquo;itin\u00e9raire adapt\u00e9 \u00e0 chaque besoin.  <\/p>\n\n<\/section>\n\n<div style=\"height:50px\" aria-hidden=\"true\" class=\"wp-block-spacer\"><\/div>\n\n<div class=\"wp-block-media-text alignwide is-stacked-on-mobile is-image-fill\"><figure class=\"wp-block-media-text__media\" style=\"background-image:url(https:\/\/www.badzurzach.info\/wp-content\/uploads\/2021\/11\/Computerformat-4_3-Velofahren_Aargauer-Hochrhein_Paar_600px.jpg);background-position:50% 50%\"><a href=\"https:\/\/www.badzurzach.info\/angebote\/aargauer-hochrhein\/\"><img decoding=\"async\" width=\"600\" height=\"450\" src=\"https:\/\/www.badzurzach.info\/wp-content\/uploads\/2021\/11\/Computerformat-4_3-Velofahren_Aargauer-Hochrhein_Paar_600px.jpg\" alt=\"paar faehrt mit dem e-bike entlang des hochrheins\" class=\"wp-image-2095 size-full\" srcset=\"https:\/\/www.badzurzach.info\/wp-content\/uploads\/2021\/11\/Computerformat-4_3-Velofahren_Aargauer-Hochrhein_Paar_600px.jpg 600w, https:\/\/www.badzurzach.info\/wp-content\/uploads\/2021\/11\/Computerformat-4_3-Velofahren_Aargauer-Hochrhein_Paar_600px-300x225.jpg 300w\" sizes=\"(max-width: 600px) 100vw, 600px\" \/><\/a><\/figure><div class=\"wp-block-media-text__content\">\n<p>Le Zurzibiet offre de beaux paysages naturels et constitue une art\u00e8re vitale naturelle pour les plantes, les animaux et les hommes. La r\u00e9gion se pr\u00eate \u00e0 la d\u00e9couverte \u00e0 pied ou \u00e0 v\u00e9lo. De nombreux <a href=\"https:\/\/www.badzurzach.info\/feuerstellen-im-zurzibiet\/\" data-type=\"URL\" data-id=\"https:\/\/www.badzurzach.info\/feuerstellen-im-zurzibiet\/\" target=\"_blank\" rel=\"noreferrer noopener\">foyers<\/a> ou <a href=\"https:\/\/www.badzurzach.info\/fr\/points-de-vue\/\" data-type=\"URL\" data-id=\"https:\/\/www.badzurzach.info\/aussichtspunkte-am-aargauer-hochrhein\/\" target=\"_blank\" rel=\"noreferrer noopener\">points de vue<\/a> vous invitent \u00e0 vous arr\u00eater pour un pique-nique.<\/p>\n<\/div><\/div>\n\n<div style=\"height:20px\" aria-hidden=\"true\" class=\"wp-block-spacer\"><\/div>\n\n<div class=\"wp-block-media-text alignwide has-media-on-the-right is-stacked-on-mobile is-image-fill\"><div class=\"wp-block-media-text__content\">\n<p>Vous voulez faire une pause ? Si vous souhaitez faire une petite pause en cours de route, vous pouvez vous installer confortablement sur une terrasse ou dans l&rsquo;un des nombreux <a href=\"https:\/\/www.badzurzach.info\/angebote\/gastronomie\/\" data-type=\"angebot\" data-id=\"510\" target=\"_blank\" rel=\"noreferrer noopener\">restaurants et caf\u00e9s<\/a> de la r\u00e9gion.  <\/p>\n<\/div><figure class=\"wp-block-media-text__media\" style=\"background-image:url(https:\/\/www.badzurzach.info\/wp-content\/uploads\/2022\/01\/SPITTEL-Kaiserstuhl_Terrasse_600px.jpg);background-position:54% 37%\"><a href=\"https:\/\/www.badzurzach.info\/angebote\/natur-paerke\/\"><img decoding=\"async\" width=\"600\" height=\"450\" src=\"https:\/\/www.badzurzach.info\/wp-content\/uploads\/2022\/01\/SPITTEL-Kaiserstuhl_Terrasse_600px.jpg\" alt=\"terrasse vom cafe spittel in kaiserstuhl\" class=\"wp-image-3641 size-full\" srcset=\"https:\/\/www.badzurzach.info\/wp-content\/uploads\/2022\/01\/SPITTEL-Kaiserstuhl_Terrasse_600px.jpg 600w, https:\/\/www.badzurzach.info\/wp-content\/uploads\/2022\/01\/SPITTEL-Kaiserstuhl_Terrasse_600px-300x225.jpg 300w\" sizes=\"(max-width: 600px) 100vw, 600px\" \/><\/a><\/figure><\/div>\n\n<div style=\"height:20px\" aria-hidden=\"true\" class=\"wp-block-spacer\"><\/div>\n\n<div class=\"wp-block-media-text alignwide is-stacked-on-mobile is-image-fill\"><figure class=\"wp-block-media-text__media\" style=\"background-image:url(https:\/\/www.badzurzach.info\/wp-content\/uploads\/2021\/11\/Computerformat-4_3-Velofahren_Reben_Paar_600px.jpg);background-position:43% 50%\"><a href=\"https:\/\/www.badzurzach.info\/tour-map-example\/\"><img decoding=\"async\" src=\"https:\/\/www.badzurzach.info\/wp-content\/uploads\/2021\/11\/Computerformat-4_3-Velofahren_Reben_Paar_600px.jpg\" alt=\"paar auf dem e-bike in den reben\" class=\"wp-image-2109 size-full\"\/><\/a><\/figure><div class=\"wp-block-media-text__content\">\n<p>Bad Zurzach Tourismus loue des v\u00e9los \u00e9lectriques et des v\u00e9los tout confort en tant que <a href=\"https:\/\/www.badzurzach.info\/e-bike-vermietung\/\" data-type=\"page\" data-id=\"565\" target=\"_blank\" rel=\"noreferrer noopener\">Rent a Bike Station<\/a>. Pour que l&rsquo;excursion puisse \u00eatre planifi\u00e9e de mani\u00e8re cibl\u00e9e, il est recommand\u00e9 de r\u00e9server \u00e0 l&rsquo;avance. Vous pouvez r\u00e9server les (e-)v\u00e9los soit directement sur place, soit via la <a href=\"https:\/\/general-frontend.inbooma.net\/?hash=74b907031988fdbbba16fc26baaec36eb18c1b332&amp;beginLocation=499&amp;i18n.lng=de-DE#\/locations?context=eyJjdXJyZW50Ijp7ImJhY2tUbyI6Ii9sb2NhdGlvbnMifX0%3D\" data-type=\"URL\" data-id=\"https:\/\/general-frontend.inbooma.net\/?hash=74b907031988fdbbba16fc26baaec36eb18c1b332&amp;beginLocation=499&amp;i18n.lng=de-DE#\/locations?context=eyJjdXJyZW50Ijp7ImJhY2tUbyI6Ii9sb2NhdGlvbnMifX0%3D\" target=\"_blank\" rel=\"noreferrer noopener\">plateforme de r\u00e9servation en ligne<\/a> de Rent a Bike.<\/p>\n<\/div><\/div>\n\n<div style=\"height:80px\" aria-hidden=\"true\" class=\"wp-block-spacer\"><\/div>\n\n<h2 class=\"wp-block-heading\">R\u00e9servez <strong>\n  <a href=\"https:\/\/web5.deskline.net\/ZURZACH\/a7be4a9f-4143-44f3-861f-1cb11fb3be55\/de#\/unterkuenfte\" data-type=\"URL\" data-id=\"https:\/\/web5.deskline.net\/ZURZACH\/a7be4a9f-4143-44f3-861f-1cb11fb3be55\/de#\/unterkuenfte\" target=\"_blank\" rel=\"noreferrer noopener\">d\u00e8s maintenant !<\/a>\n<\/strong><\/h2>\n\n<p>Faites de votre excursion active dans le Zurzibiet un court s\u00e9jour. L&rsquo;univers du bien-\u00eatre des Thermalbad Zurzach permet de retrouver en un clin d&rsquo;\u0153il des jambes fatigu\u00e9es. Avec une nuit dans l&rsquo;un des h\u00f4tels bien-\u00eatre, l&rsquo;entr\u00e9e aux bains thermaux et \u00e0 l&rsquo;espace sauna est d\u00e9j\u00e0 incluse.  <\/p>\n","protected":false},"excerpt":{"rendered":"<p>Le Zurzibiet offre de beaux paysages naturels et constitue une art\u00e8re vitale naturelle pour les plantes, les animaux et les hommes. La r\u00e9gion se pr\u00eate \u00e0 la d\u00e9couverte \u00e0 pied ou \u00e0 v\u00e9lo. De nombreux foyers ou points de vue vous invitent \u00e0 vous arr\u00eater pour un pique-nique. Vous voulez faire une pause ? Si [&hellip;]<\/p>\n","protected":false},"author":9,"featured_media":2141,"parent":0,"menu_order":0,"comment_status":"closed","ping_status":"closed","template":"page-map.php","meta":{"_acf_changed":false,"_relevanssi_hide_post":"","_relevanssi_hide_content":"","_relevanssi_pin_for_all":"","_relevanssi_pin_keywords":"","_relevanssi_unpin_keywords":"","_relevanssi_related_keywords":"","_relevanssi_related_include_ids":"","_relevanssi_related_exclude_ids":"","_relevanssi_related_no_append":"","_relevanssi_related_not_related":"","_relevanssi_related_posts":"","_relevanssi_noindex_reason":"","footnotes":""},"class_list":["post-129756","page","type-page","status-publish","has-post-thumbnail","hentry"],"acf":[],"yoast_head":"<!-- This site is optimized with the Yoast SEO plugin v27.4 - https:\/\/yoast.com\/product\/yoast-seo-wordpress\/ -->\n<title>Suggestions de circuits<\/title>\n<meta name=\"description\" content=\"Propositions vari\u00e9es d&#039;itin\u00e9raires \u00e0 v\u00e9lo et \u00e0 pied dans notre belle r\u00e9gion du Zurzibiet.\" \/>\n<meta name=\"robots\" content=\"index, follow, max-snippet:-1, max-image-preview:large, max-video-preview:-1\" \/>\n<link rel=\"canonical\" href=\"https:\/\/www.badzurzach.info\/fr\/suggestions-de-circuits\/\" \/>\n<meta property=\"og:locale\" content=\"fr_FR\" \/>\n<meta property=\"og:type\" content=\"article\" \/>\n<meta property=\"og:title\" content=\"Suggestions de circuits\" \/>\n<meta property=\"og:description\" content=\"Propositions vari\u00e9es d&#039;itin\u00e9raires \u00e0 v\u00e9lo et \u00e0 pied dans notre belle r\u00e9gion du Zurzibiet.\" \/>\n<meta property=\"og:url\" content=\"https:\/\/www.badzurzach.info\/fr\/suggestions-de-circuits\/\" \/>\n<meta property=\"og:site_name\" content=\"Bad Zurzach Tourismus\" \/>\n<meta property=\"article:publisher\" content=\"https:\/\/www.facebook.com\/badzurzachtourismus\" \/>\n<meta property=\"article:modified_time\" content=\"2024-05-21T09:59:28+00:00\" \/>\n<meta property=\"og:image\" content=\"https:\/\/www.badzurzach.info\/wp-content\/uploads\/2022\/01\/Biken_Gruppe_seitlich_350px-300x225.jpg\" \/>\n<meta name=\"twitter:card\" content=\"summary_large_image\" \/>\n<meta name=\"twitter:site\" content=\"@BadZurzach\" \/>\n<meta name=\"twitter:label1\" content=\"Dur\u00e9e de lecture estim\u00e9e\" \/>\n\t<meta name=\"twitter:data1\" content=\"1 minute\" \/>\n<script type=\"application\/ld+json\" class=\"yoast-schema-graph\">{\"@context\":\"https:\\\/\\\/schema.org\",\"@graph\":[{\"@type\":\"WebPage\",\"@id\":\"https:\\\/\\\/www.badzurzach.info\\\/fr\\\/suggestions-de-circuits\\\/\",\"url\":\"https:\\\/\\\/www.badzurzach.info\\\/fr\\\/suggestions-de-circuits\\\/\",\"name\":\"Suggestions de circuits\",\"isPartOf\":{\"@id\":\"https:\\\/\\\/www.badzurzach.info\\\/#website\"},\"primaryImageOfPage\":{\"@id\":\"https:\\\/\\\/www.badzurzach.info\\\/fr\\\/suggestions-de-circuits\\\/#primaryimage\"},\"image\":{\"@id\":\"https:\\\/\\\/www.badzurzach.info\\\/fr\\\/suggestions-de-circuits\\\/#primaryimage\"},\"thumbnailUrl\":\"https:\\\/\\\/www.badzurzach.info\\\/wp-content\\\/uploads\\\/2021\\\/11\\\/Parkhotel-Bad-Zurzach-2019_1600_2000x781.jpg\",\"datePublished\":\"2021-12-13T15:15:28+00:00\",\"dateModified\":\"2024-05-21T09:59:28+00:00\",\"description\":\"Propositions vari\u00e9es d'itin\u00e9raires \u00e0 v\u00e9lo et \u00e0 pied dans notre belle r\u00e9gion du Zurzibiet.\",\"breadcrumb\":{\"@id\":\"https:\\\/\\\/www.badzurzach.info\\\/fr\\\/suggestions-de-circuits\\\/#breadcrumb\"},\"inLanguage\":\"fr-FR\",\"potentialAction\":[{\"@type\":\"ReadAction\",\"target\":[\"https:\\\/\\\/www.badzurzach.info\\\/fr\\\/suggestions-de-circuits\\\/\"]}]},{\"@type\":\"ImageObject\",\"inLanguage\":\"fr-FR\",\"@id\":\"https:\\\/\\\/www.badzurzach.info\\\/fr\\\/suggestions-de-circuits\\\/#primaryimage\",\"url\":\"https:\\\/\\\/www.badzurzach.info\\\/wp-content\\\/uploads\\\/2021\\\/11\\\/Parkhotel-Bad-Zurzach-2019_1600_2000x781.jpg\",\"contentUrl\":\"https:\\\/\\\/www.badzurzach.info\\\/wp-content\\\/uploads\\\/2021\\\/11\\\/Parkhotel-Bad-Zurzach-2019_1600_2000x781.jpg\",\"width\":2000,\"height\":781,\"caption\":\"Imageaufnahmen mit Models im Parkhotel und dessen Umgebung. Anwendung: Plakate, Printwerbung, Web &amp; Online-Werbung\"},{\"@type\":\"BreadcrumbList\",\"@id\":\"https:\\\/\\\/www.badzurzach.info\\\/fr\\\/suggestions-de-circuits\\\/#breadcrumb\",\"itemListElement\":[{\"@type\":\"ListItem\",\"position\":1,\"name\":\"Home\",\"item\":\"https:\\\/\\\/www.badzurzach.info\\\/fr\\\/\"},{\"@type\":\"ListItem\",\"position\":2,\"name\":\"Suggestions de circuits\"}]},{\"@type\":\"WebSite\",\"@id\":\"https:\\\/\\\/www.badzurzach.info\\\/#website\",\"url\":\"https:\\\/\\\/www.badzurzach.info\\\/\",\"name\":\"Bad Zurzach Tourismus\",\"description\":\"Ihre Feriendestination Bad Zurzach\",\"publisher\":{\"@id\":\"https:\\\/\\\/www.badzurzach.info\\\/#organization\"},\"potentialAction\":[{\"@type\":\"SearchAction\",\"target\":{\"@type\":\"EntryPoint\",\"urlTemplate\":\"https:\\\/\\\/www.badzurzach.info\\\/?s={search_term_string}\"},\"query-input\":{\"@type\":\"PropertyValueSpecification\",\"valueRequired\":true,\"valueName\":\"search_term_string\"}}],\"inLanguage\":\"fr-FR\"},{\"@type\":\"Organization\",\"@id\":\"https:\\\/\\\/www.badzurzach.info\\\/#organization\",\"name\":\"Bad Zurzach Tourismus\",\"url\":\"https:\\\/\\\/www.badzurzach.info\\\/\",\"logo\":{\"@type\":\"ImageObject\",\"inLanguage\":\"fr-FR\",\"@id\":\"https:\\\/\\\/www.badzurzach.info\\\/#\\\/schema\\\/logo\\\/image\\\/\",\"url\":\"https:\\\/\\\/www.badzurzach.info\\\/wp-content\\\/uploads\\\/2022\\\/02\\\/Thermalbad-Zurzach_Logo.png\",\"contentUrl\":\"https:\\\/\\\/www.badzurzach.info\\\/wp-content\\\/uploads\\\/2022\\\/02\\\/Thermalbad-Zurzach_Logo.png\",\"width\":1180,\"height\":1705,\"caption\":\"Bad Zurzach Tourismus\"},\"image\":{\"@id\":\"https:\\\/\\\/www.badzurzach.info\\\/#\\\/schema\\\/logo\\\/image\\\/\"},\"sameAs\":[\"https:\\\/\\\/www.facebook.com\\\/badzurzachtourismus\",\"https:\\\/\\\/x.com\\\/BadZurzach\",\"https:\\\/\\\/www.instagram.com\\\/badzurzach.switzerland\",\"https:\\\/\\\/www.linkedin.com\\\/company\\\/6134459\\\/\"]}]}<\/script>\n<!-- \/ Yoast SEO plugin. -->","yoast_head_json":{"title":"Suggestions de circuits","description":"Propositions vari\u00e9es d'itin\u00e9raires \u00e0 v\u00e9lo et \u00e0 pied dans notre belle r\u00e9gion du Zurzibiet.","robots":{"index":"index","follow":"follow","max-snippet":"max-snippet:-1","max-image-preview":"max-image-preview:large","max-video-preview":"max-video-preview:-1"},"canonical":"https:\/\/www.badzurzach.info\/fr\/suggestions-de-circuits\/","og_locale":"fr_FR","og_type":"article","og_title":"Suggestions de circuits","og_description":"Propositions vari\u00e9es d'itin\u00e9raires \u00e0 v\u00e9lo et \u00e0 pied dans notre belle r\u00e9gion du Zurzibiet.","og_url":"https:\/\/www.badzurzach.info\/fr\/suggestions-de-circuits\/","og_site_name":"Bad Zurzach Tourismus","article_publisher":"https:\/\/www.facebook.com\/badzurzachtourismus","article_modified_time":"2024-05-21T09:59:28+00:00","og_image":[{"url":"https:\/\/www.badzurzach.info\/wp-content\/uploads\/2022\/01\/Biken_Gruppe_seitlich_350px-300x225.jpg","type":"","width":"","height":""}],"twitter_card":"summary_large_image","twitter_site":"@BadZurzach","twitter_misc":{"Dur\u00e9e de lecture estim\u00e9e":"1 minute"},"schema":{"@context":"https:\/\/schema.org","@graph":[{"@type":"WebPage","@id":"https:\/\/www.badzurzach.info\/fr\/suggestions-de-circuits\/","url":"https:\/\/www.badzurzach.info\/fr\/suggestions-de-circuits\/","name":"Suggestions de circuits","isPartOf":{"@id":"https:\/\/www.badzurzach.info\/#website"},"primaryImageOfPage":{"@id":"https:\/\/www.badzurzach.info\/fr\/suggestions-de-circuits\/#primaryimage"},"image":{"@id":"https:\/\/www.badzurzach.info\/fr\/suggestions-de-circuits\/#primaryimage"},"thumbnailUrl":"https:\/\/www.badzurzach.info\/wp-content\/uploads\/2021\/11\/Parkhotel-Bad-Zurzach-2019_1600_2000x781.jpg","datePublished":"2021-12-13T15:15:28+00:00","dateModified":"2024-05-21T09:59:28+00:00","description":"Propositions vari\u00e9es d'itin\u00e9raires \u00e0 v\u00e9lo et \u00e0 pied dans notre belle r\u00e9gion du Zurzibiet.","breadcrumb":{"@id":"https:\/\/www.badzurzach.info\/fr\/suggestions-de-circuits\/#breadcrumb"},"inLanguage":"fr-FR","potentialAction":[{"@type":"ReadAction","target":["https:\/\/www.badzurzach.info\/fr\/suggestions-de-circuits\/"]}]},{"@type":"ImageObject","inLanguage":"fr-FR","@id":"https:\/\/www.badzurzach.info\/fr\/suggestions-de-circuits\/#primaryimage","url":"https:\/\/www.badzurzach.info\/wp-content\/uploads\/2021\/11\/Parkhotel-Bad-Zurzach-2019_1600_2000x781.jpg","contentUrl":"https:\/\/www.badzurzach.info\/wp-content\/uploads\/2021\/11\/Parkhotel-Bad-Zurzach-2019_1600_2000x781.jpg","width":2000,"height":781,"caption":"Imageaufnahmen mit Models im Parkhotel und dessen Umgebung. Anwendung: Plakate, Printwerbung, Web &amp; Online-Werbung"},{"@type":"BreadcrumbList","@id":"https:\/\/www.badzurzach.info\/fr\/suggestions-de-circuits\/#breadcrumb","itemListElement":[{"@type":"ListItem","position":1,"name":"Home","item":"https:\/\/www.badzurzach.info\/fr\/"},{"@type":"ListItem","position":2,"name":"Suggestions de circuits"}]},{"@type":"WebSite","@id":"https:\/\/www.badzurzach.info\/#website","url":"https:\/\/www.badzurzach.info\/","name":"Bad Zurzach Tourismus","description":"Ihre Feriendestination Bad Zurzach","publisher":{"@id":"https:\/\/www.badzurzach.info\/#organization"},"potentialAction":[{"@type":"SearchAction","target":{"@type":"EntryPoint","urlTemplate":"https:\/\/www.badzurzach.info\/?s={search_term_string}"},"query-input":{"@type":"PropertyValueSpecification","valueRequired":true,"valueName":"search_term_string"}}],"inLanguage":"fr-FR"},{"@type":"Organization","@id":"https:\/\/www.badzurzach.info\/#organization","name":"Bad Zurzach Tourismus","url":"https:\/\/www.badzurzach.info\/","logo":{"@type":"ImageObject","inLanguage":"fr-FR","@id":"https:\/\/www.badzurzach.info\/#\/schema\/logo\/image\/","url":"https:\/\/www.badzurzach.info\/wp-content\/uploads\/2022\/02\/Thermalbad-Zurzach_Logo.png","contentUrl":"https:\/\/www.badzurzach.info\/wp-content\/uploads\/2022\/02\/Thermalbad-Zurzach_Logo.png","width":1180,"height":1705,"caption":"Bad Zurzach Tourismus"},"image":{"@id":"https:\/\/www.badzurzach.info\/#\/schema\/logo\/image\/"},"sameAs":["https:\/\/www.facebook.com\/badzurzachtourismus","https:\/\/x.com\/BadZurzach","https:\/\/www.instagram.com\/badzurzach.switzerland","https:\/\/www.linkedin.com\/company\/6134459\/"]}]}},"_links":{"self":[{"href":"https:\/\/www.badzurzach.info\/fr\/wp-json\/wp\/v2\/pages\/129756","targetHints":{"allow":["GET"]}}],"collection":[{"href":"https:\/\/www.badzurzach.info\/fr\/wp-json\/wp\/v2\/pages"}],"about":[{"href":"https:\/\/www.badzurzach.info\/fr\/wp-json\/wp\/v2\/types\/page"}],"author":[{"embeddable":true,"href":"https:\/\/www.badzurzach.info\/fr\/wp-json\/wp\/v2\/users\/9"}],"replies":[{"embeddable":true,"href":"https:\/\/www.badzurzach.info\/fr\/wp-json\/wp\/v2\/comments?post=129756"}],"version-history":[{"count":1,"href":"https:\/\/www.badzurzach.info\/fr\/wp-json\/wp\/v2\/pages\/129756\/revisions"}],"predecessor-version":[{"id":129763,"href":"https:\/\/www.badzurzach.info\/fr\/wp-json\/wp\/v2\/pages\/129756\/revisions\/129763"}],"wp:featuredmedia":[{"embeddable":true,"href":"https:\/\/www.badzurzach.info\/fr\/wp-json\/wp\/v2\/media\/2141"}],"wp:attachment":[{"href":"https:\/\/www.badzurzach.info\/fr\/wp-json\/wp\/v2\/media?parent=129756"}],"curies":[{"name":"wp","href":"https:\/\/api.w.org\/{rel}","templated":true}]}}