{"id":129771,"date":"2022-03-30T09:41:30","date_gmt":"2022-03-30T07:41:30","guid":{"rendered":"https:\/\/www.badzurzach.info\/eau-et-fontaines-a-kaiserstuhl\/"},"modified":"2024-05-21T11:59:32","modified_gmt":"2024-05-21T09:59:32","slug":"eau-et-fontaines-a-kaiserstuhl","status":"publish","type":"page","link":"https:\/\/www.badzurzach.info\/fr\/eau-et-fontaines-a-kaiserstuhl\/","title":{"rendered":"Eau et fontaines \u00e0 Kaiserstuhl"},"content":{"rendered":"\n<h3 class=\"wp-block-heading\">Visite guid\u00e9e des fontaines historiques de Kaiserstuhl.  <\/h3>\n\n<p>Qu&rsquo;est-ce qui rend les fontaines de Kaiserstuhl si sp\u00e9ciales et peuvent-elles raconter leur propre histoire ? Pendant des si\u00e8cles, les fontaines ont servi d&rsquo;unique lieu d&rsquo;approvisionnement en eau potable pour la population, de lieu de travail et d&rsquo;\u00e9change des derni\u00e8res informations pour les lavandi\u00e8res, et d&rsquo;abreuvoir pour les animaux pour les paysans et les cavaliers. Avec la construction de l&rsquo;approvisionnement en eau, les fontaines ont perdu leur importance en tant que lieu de rencontre quotidien. Aujourd&rsquo;hui, les fontaines r\u00e9jouissent l&rsquo;\u0153il des passants et invitent \u00e0 la d\u00e9tente.  <br\/>Lors de la visite guid\u00e9e des 8 fontaines de la petite ville de Kaiserstuhl, les participants apprendront beaucoup de choses int\u00e9ressantes sur l&rsquo;histoire des fontaines. Les fontaines historiques du Kaiserstuhl ont \u00e9t\u00e9 r\u00e9compens\u00e9es en 2020 par le prix des fontaines de la fondation Ernst et Hanna Hauenstein.<\/p>\n\n<figure class=\"wp-block-table is-style-regular\"><table><tbody><tr><td>Lieu<\/td><td>Kaiserstuhl<\/td><\/tr><tr><td>Dur\u00e9e<\/td><td>1.5h<\/td><\/tr><tr><td>Co\u00fbts<\/td><td>jusqu&rsquo;\u00e0 15 personnes CHF 100 par groupe<br\/>16-25 personnes CHF 150 par groupe<\/td><\/tr><\/tbody><\/table><\/figure>\n\n<div style=\"height:30px\" aria-hidden=\"true\" class=\"wp-block-spacer\"><\/div>\n\n<div class=\"wp-block-columns is-layout-flex wp-container-core-columns-is-layout-9d6595d7 wp-block-columns-is-layout-flex\">\n<div class=\"wp-block-column is-layout-flow wp-block-column-is-layout-flow\" style=\"flex-basis:100%\">\n<div class=\"wp-block-buttons is-layout-flex wp-block-buttons-is-layout-flex\">\n<div class=\"wp-block-button has-custom-width wp-block-button__width-50 is-style-fill\"><a class=\"wp-block-button__link wp-element-button\" href=\"mailto:staedtlifuehrung.kaiserstuhl@bluewin.ch\" style=\"border-radius:7px\" target=\"_blank\" rel=\"noreferrer noopener\">Envoyer une demande de r\u00e9servation<\/a><\/div>\n<\/div>\n<\/div>\n<\/div>\n","protected":false},"excerpt":{"rendered":"<p>Visite guid\u00e9e des fontaines historiques de Kaiserstuhl. Qu&rsquo;est-ce qui rend les fontaines de Kaiserstuhl si sp\u00e9ciales et peuvent-elles raconter leur propre histoire ? Pendant des si\u00e8cles, les fontaines ont servi d&rsquo;unique lieu d&rsquo;approvisionnement en eau potable pour la population, de lieu de travail et d&rsquo;\u00e9change des derni\u00e8res informations pour les lavandi\u00e8res, et d&rsquo;abreuvoir pour les [&hellip;]<\/p>\n","protected":false},"author":9,"featured_media":5253,"parent":0,"menu_order":0,"comment_status":"closed","ping_status":"closed","template":"","meta":{"_acf_changed":false,"_relevanssi_hide_post":"","_relevanssi_hide_content":"","_relevanssi_pin_for_all":"","_relevanssi_pin_keywords":"","_relevanssi_unpin_keywords":"","_relevanssi_related_keywords":"","_relevanssi_related_include_ids":"","_relevanssi_related_exclude_ids":"","_relevanssi_related_no_append":"","_relevanssi_related_not_related":"","_relevanssi_related_posts":"","_relevanssi_noindex_reason":"","footnotes":""},"class_list":["post-129771","page","type-page","status-publish","has-post-thumbnail","hentry"],"acf":[],"yoast_head":"<!-- This site is optimized with the Yoast SEO plugin v27.4 - https:\/\/yoast.com\/product\/yoast-seo-wordpress\/ -->\n<title>Eau et fontaines du Kaiserstuhl<\/title>\n<meta name=\"description\" content=\"La visite guid\u00e9e vous emm\u00e8ne \u00e0 la d\u00e9couverte des 8 fontaines de la petite ville de Kaiserstuhl et de leurs histoires.\" \/>\n<meta name=\"robots\" content=\"index, follow, max-snippet:-1, max-image-preview:large, max-video-preview:-1\" \/>\n<link rel=\"canonical\" href=\"https:\/\/www.badzurzach.info\/fr\/eau-et-fontaines-a-kaiserstuhl\/\" \/>\n<meta property=\"og:locale\" content=\"fr_FR\" \/>\n<meta property=\"og:type\" content=\"article\" \/>\n<meta property=\"og:title\" content=\"Eau et fontaines du Kaiserstuhl\" \/>\n<meta property=\"og:description\" content=\"La visite guid\u00e9e vous emm\u00e8ne \u00e0 la d\u00e9couverte des 8 fontaines de la petite ville de Kaiserstuhl et de leurs histoires.\" \/>\n<meta property=\"og:url\" content=\"https:\/\/www.badzurzach.info\/fr\/eau-et-fontaines-a-kaiserstuhl\/\" \/>\n<meta property=\"og:site_name\" content=\"Bad Zurzach Tourismus\" \/>\n<meta property=\"article:publisher\" content=\"https:\/\/www.facebook.com\/badzurzachtourismus\" \/>\n<meta property=\"article:modified_time\" content=\"2024-05-21T09:59:32+00:00\" \/>\n<meta property=\"og:image\" content=\"https:\/\/www.badzurzach.info\/wp-content\/uploads\/2022\/03\/Kaiserstuhl_Familie-beim-Brunnen_1920px-1024x543.jpg\" \/>\n<meta name=\"twitter:card\" content=\"summary_large_image\" \/>\n<meta name=\"twitter:site\" content=\"@BadZurzach\" \/>\n<meta name=\"twitter:label1\" content=\"Dur\u00e9e de lecture estim\u00e9e\" \/>\n\t<meta name=\"twitter:data1\" content=\"1 minute\" \/>\n<script type=\"application\/ld+json\" class=\"yoast-schema-graph\">{\"@context\":\"https:\\\/\\\/schema.org\",\"@graph\":[{\"@type\":\"WebPage\",\"@id\":\"https:\\\/\\\/www.badzurzach.info\\\/fr\\\/eau-et-fontaines-a-kaiserstuhl\\\/\",\"url\":\"https:\\\/\\\/www.badzurzach.info\\\/fr\\\/eau-et-fontaines-a-kaiserstuhl\\\/\",\"name\":\"Eau et fontaines du Kaiserstuhl\",\"isPartOf\":{\"@id\":\"https:\\\/\\\/www.badzurzach.info\\\/#website\"},\"primaryImageOfPage\":{\"@id\":\"https:\\\/\\\/www.badzurzach.info\\\/fr\\\/eau-et-fontaines-a-kaiserstuhl\\\/#primaryimage\"},\"image\":{\"@id\":\"https:\\\/\\\/www.badzurzach.info\\\/fr\\\/eau-et-fontaines-a-kaiserstuhl\\\/#primaryimage\"},\"thumbnailUrl\":\"https:\\\/\\\/www.badzurzach.info\\\/wp-content\\\/uploads\\\/2022\\\/03\\\/Kaiserstuhl_Familie-beim-Brunnen_1920px.jpg\",\"datePublished\":\"2022-03-30T07:41:30+00:00\",\"dateModified\":\"2024-05-21T09:59:32+00:00\",\"description\":\"La visite guid\u00e9e vous emm\u00e8ne \u00e0 la d\u00e9couverte des 8 fontaines de la petite ville de Kaiserstuhl et de leurs histoires.\",\"breadcrumb\":{\"@id\":\"https:\\\/\\\/www.badzurzach.info\\\/fr\\\/eau-et-fontaines-a-kaiserstuhl\\\/#breadcrumb\"},\"inLanguage\":\"fr-FR\",\"potentialAction\":[{\"@type\":\"ReadAction\",\"target\":[\"https:\\\/\\\/www.badzurzach.info\\\/fr\\\/eau-et-fontaines-a-kaiserstuhl\\\/\"]}]},{\"@type\":\"ImageObject\",\"inLanguage\":\"fr-FR\",\"@id\":\"https:\\\/\\\/www.badzurzach.info\\\/fr\\\/eau-et-fontaines-a-kaiserstuhl\\\/#primaryimage\",\"url\":\"https:\\\/\\\/www.badzurzach.info\\\/wp-content\\\/uploads\\\/2022\\\/03\\\/Kaiserstuhl_Familie-beim-Brunnen_1920px.jpg\",\"contentUrl\":\"https:\\\/\\\/www.badzurzach.info\\\/wp-content\\\/uploads\\\/2022\\\/03\\\/Kaiserstuhl_Familie-beim-Brunnen_1920px.jpg\",\"width\":1920,\"height\":1018,\"caption\":\"Familie beim grossen Brunnen in Kaiserstuhls Altstadt\"},{\"@type\":\"BreadcrumbList\",\"@id\":\"https:\\\/\\\/www.badzurzach.info\\\/fr\\\/eau-et-fontaines-a-kaiserstuhl\\\/#breadcrumb\",\"itemListElement\":[{\"@type\":\"ListItem\",\"position\":1,\"name\":\"Home\",\"item\":\"https:\\\/\\\/www.badzurzach.info\\\/fr\\\/\"},{\"@type\":\"ListItem\",\"position\":2,\"name\":\"Eau et fontaines \u00e0 Kaiserstuhl\"}]},{\"@type\":\"WebSite\",\"@id\":\"https:\\\/\\\/www.badzurzach.info\\\/#website\",\"url\":\"https:\\\/\\\/www.badzurzach.info\\\/\",\"name\":\"Bad Zurzach Tourismus\",\"description\":\"Ihre Feriendestination Bad Zurzach\",\"publisher\":{\"@id\":\"https:\\\/\\\/www.badzurzach.info\\\/#organization\"},\"potentialAction\":[{\"@type\":\"SearchAction\",\"target\":{\"@type\":\"EntryPoint\",\"urlTemplate\":\"https:\\\/\\\/www.badzurzach.info\\\/?s={search_term_string}\"},\"query-input\":{\"@type\":\"PropertyValueSpecification\",\"valueRequired\":true,\"valueName\":\"search_term_string\"}}],\"inLanguage\":\"fr-FR\"},{\"@type\":\"Organization\",\"@id\":\"https:\\\/\\\/www.badzurzach.info\\\/#organization\",\"name\":\"Bad Zurzach Tourismus\",\"url\":\"https:\\\/\\\/www.badzurzach.info\\\/\",\"logo\":{\"@type\":\"ImageObject\",\"inLanguage\":\"fr-FR\",\"@id\":\"https:\\\/\\\/www.badzurzach.info\\\/#\\\/schema\\\/logo\\\/image\\\/\",\"url\":\"https:\\\/\\\/www.badzurzach.info\\\/wp-content\\\/uploads\\\/2022\\\/02\\\/Thermalbad-Zurzach_Logo.png\",\"contentUrl\":\"https:\\\/\\\/www.badzurzach.info\\\/wp-content\\\/uploads\\\/2022\\\/02\\\/Thermalbad-Zurzach_Logo.png\",\"width\":1180,\"height\":1705,\"caption\":\"Bad Zurzach Tourismus\"},\"image\":{\"@id\":\"https:\\\/\\\/www.badzurzach.info\\\/#\\\/schema\\\/logo\\\/image\\\/\"},\"sameAs\":[\"https:\\\/\\\/www.facebook.com\\\/badzurzachtourismus\",\"https:\\\/\\\/x.com\\\/BadZurzach\",\"https:\\\/\\\/www.instagram.com\\\/badzurzach.switzerland\",\"https:\\\/\\\/www.linkedin.com\\\/company\\\/6134459\\\/\"]}]}<\/script>\n<!-- \/ Yoast SEO plugin. -->","yoast_head_json":{"title":"Eau et fontaines du Kaiserstuhl","description":"La visite guid\u00e9e vous emm\u00e8ne \u00e0 la d\u00e9couverte des 8 fontaines de la petite ville de Kaiserstuhl et de leurs histoires.","robots":{"index":"index","follow":"follow","max-snippet":"max-snippet:-1","max-image-preview":"max-image-preview:large","max-video-preview":"max-video-preview:-1"},"canonical":"https:\/\/www.badzurzach.info\/fr\/eau-et-fontaines-a-kaiserstuhl\/","og_locale":"fr_FR","og_type":"article","og_title":"Eau et fontaines du Kaiserstuhl","og_description":"La visite guid\u00e9e vous emm\u00e8ne \u00e0 la d\u00e9couverte des 8 fontaines de la petite ville de Kaiserstuhl et de leurs histoires.","og_url":"https:\/\/www.badzurzach.info\/fr\/eau-et-fontaines-a-kaiserstuhl\/","og_site_name":"Bad Zurzach Tourismus","article_publisher":"https:\/\/www.facebook.com\/badzurzachtourismus","article_modified_time":"2024-05-21T09:59:32+00:00","og_image":[{"url":"https:\/\/www.badzurzach.info\/wp-content\/uploads\/2022\/03\/Kaiserstuhl_Familie-beim-Brunnen_1920px-1024x543.jpg","type":"","width":"","height":""}],"twitter_card":"summary_large_image","twitter_site":"@BadZurzach","twitter_misc":{"Dur\u00e9e de lecture estim\u00e9e":"1 minute"},"schema":{"@context":"https:\/\/schema.org","@graph":[{"@type":"WebPage","@id":"https:\/\/www.badzurzach.info\/fr\/eau-et-fontaines-a-kaiserstuhl\/","url":"https:\/\/www.badzurzach.info\/fr\/eau-et-fontaines-a-kaiserstuhl\/","name":"Eau et fontaines du Kaiserstuhl","isPartOf":{"@id":"https:\/\/www.badzurzach.info\/#website"},"primaryImageOfPage":{"@id":"https:\/\/www.badzurzach.info\/fr\/eau-et-fontaines-a-kaiserstuhl\/#primaryimage"},"image":{"@id":"https:\/\/www.badzurzach.info\/fr\/eau-et-fontaines-a-kaiserstuhl\/#primaryimage"},"thumbnailUrl":"https:\/\/www.badzurzach.info\/wp-content\/uploads\/2022\/03\/Kaiserstuhl_Familie-beim-Brunnen_1920px.jpg","datePublished":"2022-03-30T07:41:30+00:00","dateModified":"2024-05-21T09:59:32+00:00","description":"La visite guid\u00e9e vous emm\u00e8ne \u00e0 la d\u00e9couverte des 8 fontaines de la petite ville de Kaiserstuhl et de leurs histoires.","breadcrumb":{"@id":"https:\/\/www.badzurzach.info\/fr\/eau-et-fontaines-a-kaiserstuhl\/#breadcrumb"},"inLanguage":"fr-FR","potentialAction":[{"@type":"ReadAction","target":["https:\/\/www.badzurzach.info\/fr\/eau-et-fontaines-a-kaiserstuhl\/"]}]},{"@type":"ImageObject","inLanguage":"fr-FR","@id":"https:\/\/www.badzurzach.info\/fr\/eau-et-fontaines-a-kaiserstuhl\/#primaryimage","url":"https:\/\/www.badzurzach.info\/wp-content\/uploads\/2022\/03\/Kaiserstuhl_Familie-beim-Brunnen_1920px.jpg","contentUrl":"https:\/\/www.badzurzach.info\/wp-content\/uploads\/2022\/03\/Kaiserstuhl_Familie-beim-Brunnen_1920px.jpg","width":1920,"height":1018,"caption":"Familie beim grossen Brunnen in Kaiserstuhls Altstadt"},{"@type":"BreadcrumbList","@id":"https:\/\/www.badzurzach.info\/fr\/eau-et-fontaines-a-kaiserstuhl\/#breadcrumb","itemListElement":[{"@type":"ListItem","position":1,"name":"Home","item":"https:\/\/www.badzurzach.info\/fr\/"},{"@type":"ListItem","position":2,"name":"Eau et fontaines \u00e0 Kaiserstuhl"}]},{"@type":"WebSite","@id":"https:\/\/www.badzurzach.info\/#website","url":"https:\/\/www.badzurzach.info\/","name":"Bad Zurzach Tourismus","description":"Ihre Feriendestination Bad Zurzach","publisher":{"@id":"https:\/\/www.badzurzach.info\/#organization"},"potentialAction":[{"@type":"SearchAction","target":{"@type":"EntryPoint","urlTemplate":"https:\/\/www.badzurzach.info\/?s={search_term_string}"},"query-input":{"@type":"PropertyValueSpecification","valueRequired":true,"valueName":"search_term_string"}}],"inLanguage":"fr-FR"},{"@type":"Organization","@id":"https:\/\/www.badzurzach.info\/#organization","name":"Bad Zurzach Tourismus","url":"https:\/\/www.badzurzach.info\/","logo":{"@type":"ImageObject","inLanguage":"fr-FR","@id":"https:\/\/www.badzurzach.info\/#\/schema\/logo\/image\/","url":"https:\/\/www.badzurzach.info\/wp-content\/uploads\/2022\/02\/Thermalbad-Zurzach_Logo.png","contentUrl":"https:\/\/www.badzurzach.info\/wp-content\/uploads\/2022\/02\/Thermalbad-Zurzach_Logo.png","width":1180,"height":1705,"caption":"Bad Zurzach Tourismus"},"image":{"@id":"https:\/\/www.badzurzach.info\/#\/schema\/logo\/image\/"},"sameAs":["https:\/\/www.facebook.com\/badzurzachtourismus","https:\/\/x.com\/BadZurzach","https:\/\/www.instagram.com\/badzurzach.switzerland","https:\/\/www.linkedin.com\/company\/6134459\/"]}]}},"_links":{"self":[{"href":"https:\/\/www.badzurzach.info\/fr\/wp-json\/wp\/v2\/pages\/129771","targetHints":{"allow":["GET"]}}],"collection":[{"href":"https:\/\/www.badzurzach.info\/fr\/wp-json\/wp\/v2\/pages"}],"about":[{"href":"https:\/\/www.badzurzach.info\/fr\/wp-json\/wp\/v2\/types\/page"}],"author":[{"embeddable":true,"href":"https:\/\/www.badzurzach.info\/fr\/wp-json\/wp\/v2\/users\/9"}],"replies":[{"embeddable":true,"href":"https:\/\/www.badzurzach.info\/fr\/wp-json\/wp\/v2\/comments?post=129771"}],"version-history":[{"count":1,"href":"https:\/\/www.badzurzach.info\/fr\/wp-json\/wp\/v2\/pages\/129771\/revisions"}],"predecessor-version":[{"id":129776,"href":"https:\/\/www.badzurzach.info\/fr\/wp-json\/wp\/v2\/pages\/129771\/revisions\/129776"}],"wp:featuredmedia":[{"embeddable":true,"href":"https:\/\/www.badzurzach.info\/fr\/wp-json\/wp\/v2\/media\/5253"}],"wp:attachment":[{"href":"https:\/\/www.badzurzach.info\/fr\/wp-json\/wp\/v2\/media?parent=129771"}],"curies":[{"name":"wp","href":"https:\/\/api.w.org\/{rel}","templated":true}]}}