{"id":129781,"date":"2024-01-08T13:26:12","date_gmt":"2024-01-08T12:26:12","guid":{"rendered":"https:\/\/www.badzurzach.info\/dillier-classics-sommet-granfondo\/"},"modified":"2024-05-21T11:59:33","modified_gmt":"2024-05-21T09:59:33","slug":"dillier-classics-sommet-granfondo","status":"publish","type":"page","link":"https:\/\/www.badzurzach.info\/fr\/dillier-classics-sommet-granfondo\/","title":{"rendered":"Dillier Classics Sommet Granfondo"},"content":{"rendered":"<section class=\"block-text-box \">\n  \n\n<p>Le <strong>4 ao\u00fbt 2024<\/strong>, escaladez les sommets des parcs du Jura argovien autour de Bad Zurzach pendant que votre temps sera mesur\u00e9 sur cinq ascensions au maximum &#8211; soyez de la partie et vivez une sortie unique avec la cr\u00e8me de la cr\u00e8me du cyclisme suisse !<\/p>\n\n\n<\/section>\n\n\n<p>La course se d\u00e9roule sur trois distances diff\u00e9rentes (56 km \/ 85 km \/ 123 km) et est en grande partie neutralis\u00e9e. Seules cinq ascensions au maximum sont chronom\u00e9tr\u00e9es. Celui qui obtient le temps cumul\u00e9 le plus bas remporte l&rsquo;\u00e9preuve du Dillier Classics Gipfel Granfondo.<\/p>\n\n<p>Le parc entourant les thermes de Bad-Zurzach invite \u00e0 la d\u00e9tente et au plaisir avant, pendant et apr\u00e8s la course. Dans notre village \u00e9v\u00e9nementiel, nous proposons une coupe de cheveux gratuite au barbershop Alpecin, un barista coffee place, un stand de boissons et de nourriture et bien plus encore.<\/p>\n\n<div class=\"wp-block-buttons is-content-justification-center is-layout-flex wp-container-core-buttons-is-layout-16018d1d wp-block-buttons-is-layout-flex\">\n<div class=\"wp-block-button\"><a class=\"wp-block-button__link wp-element-button\" href=\"https:\/\/www.silvandillier.ch\/gipfel-granfondo\" target=\"_blank\" rel=\"noreferrer noopener\">En savoir plus<\/a><\/div>\n<\/div>\n\n<p><\/p>\n\n<figure class=\"wp-block-image size-large\"><img decoding=\"async\" width=\"1024\" height=\"481\" src=\"https:\/\/www.badzurzach.info\/wp-content\/uploads\/2024\/02\/Unbenannt-1024x481.jpg\" alt=\"\" class=\"wp-image-112072\" srcset=\"https:\/\/www.badzurzach.info\/wp-content\/uploads\/2024\/02\/Unbenannt-1024x481.jpg 1024w, https:\/\/www.badzurzach.info\/wp-content\/uploads\/2024\/02\/Unbenannt-300x141.jpg 300w, https:\/\/www.badzurzach.info\/wp-content\/uploads\/2024\/02\/Unbenannt-768x361.jpg 768w, https:\/\/www.badzurzach.info\/wp-content\/uploads\/2024\/02\/Unbenannt-600x282.jpg 600w, https:\/\/www.badzurzach.info\/wp-content\/uploads\/2024\/02\/Unbenannt.jpg 1531w\" sizes=\"(max-width: 1024px) 100vw, 1024px\" \/><\/figure>\n\n<p><\/p>\n\n<p>Combinez votre course de v\u00e9lo avec un s\u00e9jour \u00e0 Bad Zurzach. Reposez-vous dans les thermes de Zurzach et d\u00e9tendez-vous avec les nombreuses offres de bien-\u00eatre ou savourez les sp\u00e9cialit\u00e9s culinaires des h\u00f4tels et restaurants.<\/p>\n<section class=\"block-text-box \">\n  \n\n<p><strong>Profitez du package exclusif de l&rsquo;\u00e9v\u00e9nement :<\/strong><\/p>\n\n\n\n<p><strong>Samedi 3 ao\u00fbt 2024 :<\/strong><\/p>\n\n\n\n<ul class=\"wp-block-list\">\n<li>Warm Up Ride avec Silvan Dillier (apr\u00e8s-midi, env. 1h30)<\/li>\n<\/ul>\n\n\n\n<ul class=\"wp-block-list\">\n<li>D\u00e9gustation de vins<\/li>\n<\/ul>\n\n\n\n<ul class=\"wp-block-list\">\n<li>Pro Talk et session de questions-r\u00e9ponses<\/li>\n<\/ul>\n\n\n\n<ul class=\"wp-block-list\">\n<li>Nuit\u00e9e au Parkhotel Bad Zurzach ou au VitalBoutique Hotel Zurzacherhof incluse Entr\u00e9e aux thermes  <\/li>\n<\/ul>\n\n\n\n<p><strong>Dimanche 4 ao\u00fbt 2024 :<\/strong><\/p>\n\n\n\n<ul class=\"wp-block-list\">\n<li>Petit-d\u00e9jeuner dans les h\u00f4tels<\/li>\n<\/ul>\n\n\n\n<ul class=\"wp-block-list\">\n<li>D\u00e9part du Dillier Classics Gipfel Granfondo (parcours de votre choix)<\/li>\n<\/ul>\n\n\n<\/section>\n\n\n<div class=\"wp-block-buttons is-content-justification-center is-layout-flex wp-container-core-buttons-is-layout-16018d1d wp-block-buttons-is-layout-flex\">\n<div class=\"wp-block-button\"><a class=\"wp-block-button__link wp-element-button\" href=\"https:\/\/my.raceresult.com\/270696\/registration\" target=\"_blank\" rel=\"noreferrer noopener\">S&rsquo;inscrire<\/a><\/div>\n<\/div>\n","protected":false},"excerpt":{"rendered":"<p>La course se d\u00e9roule sur trois distances diff\u00e9rentes (56 km \/ 85 km \/ 123 km) et est en grande partie neutralis\u00e9e. Seules cinq ascensions au maximum sont chronom\u00e9tr\u00e9es. Celui qui obtient le temps cumul\u00e9 le plus bas remporte l&rsquo;\u00e9preuve du Dillier Classics Gipfel Granfondo. Le parc entourant les thermes de Bad-Zurzach invite \u00e0 la [&hellip;]<\/p>\n","protected":false},"author":10,"featured_media":102812,"parent":0,"menu_order":0,"comment_status":"closed","ping_status":"closed","template":"","meta":{"_acf_changed":false,"_relevanssi_hide_post":"","_relevanssi_hide_content":"","_relevanssi_pin_for_all":"","_relevanssi_pin_keywords":"","_relevanssi_unpin_keywords":"","_relevanssi_related_keywords":"","_relevanssi_related_include_ids":"","_relevanssi_related_exclude_ids":"","_relevanssi_related_no_append":"","_relevanssi_related_not_related":"","_relevanssi_related_posts":"","_relevanssi_noindex_reason":"","footnotes":""},"class_list":["post-129781","page","type-page","status-publish","has-post-thumbnail","hentry"],"acf":[],"yoast_head":"<!-- This site is optimized with the Yoast SEO plugin v27.4 - https:\/\/yoast.com\/product\/yoast-seo-wordpress\/ -->\n<title>Course cycliste Dillier Classic<\/title>\n<meta name=\"description\" content=\"Course cyclisteDillier ClassicCourse d&#039;un jourZurzach est le lieu de la course cycliste Dillier Classic. De nombreuses mont\u00e9es courtes et raides sont faites pour un coureur comme Silvan Dillier.\" \/>\n<meta name=\"robots\" content=\"index, follow, max-snippet:-1, max-image-preview:large, max-video-preview:-1\" \/>\n<link rel=\"canonical\" href=\"https:\/\/www.badzurzach.info\/fr\/dillier-classics-sommet-granfondo\/\" \/>\n<meta property=\"og:locale\" content=\"fr_FR\" \/>\n<meta property=\"og:type\" content=\"article\" \/>\n<meta property=\"og:title\" content=\"Course cycliste Dillier Classic\" \/>\n<meta property=\"og:description\" content=\"Zurzach accueille la course cycliste Dillier Classic. De nombreuses mont\u00e9es courtes et raides sont faites pour un coureur comme Silvan Dillier.\" \/>\n<meta property=\"og:url\" content=\"https:\/\/www.badzurzach.info\/fr\/dillier-classics-sommet-granfondo\/\" \/>\n<meta property=\"og:site_name\" content=\"Bad Zurzach Tourismus\" \/>\n<meta property=\"article:publisher\" content=\"https:\/\/www.facebook.com\/badzurzachtourismus\" \/>\n<meta property=\"article:modified_time\" content=\"2024-05-21T09:59:33+00:00\" \/>\n<meta property=\"og:image\" content=\"https:\/\/www.badzurzach.info\/wp-content\/uploads\/2023\/05\/Computerformat-4_3-Radsporttage-Gippingen_Zieleinfahrt-scaled-e1685030045929-1024x386.jpg\" \/>\n<meta name=\"twitter:card\" content=\"summary_large_image\" \/>\n<meta name=\"twitter:site\" content=\"@BadZurzach\" \/>\n<meta name=\"twitter:label1\" content=\"Dur\u00e9e de lecture estim\u00e9e\" \/>\n\t<meta name=\"twitter:data1\" content=\"1 minute\" \/>\n<script type=\"application\/ld+json\" class=\"yoast-schema-graph\">{\"@context\":\"https:\\\/\\\/schema.org\",\"@graph\":[{\"@type\":\"WebPage\",\"@id\":\"https:\\\/\\\/www.badzurzach.info\\\/fr\\\/dillier-classics-sommet-granfondo\\\/\",\"url\":\"https:\\\/\\\/www.badzurzach.info\\\/fr\\\/dillier-classics-sommet-granfondo\\\/\",\"name\":\"Course cycliste Dillier Classic\",\"isPartOf\":{\"@id\":\"https:\\\/\\\/www.badzurzach.info\\\/#website\"},\"primaryImageOfPage\":{\"@id\":\"https:\\\/\\\/www.badzurzach.info\\\/fr\\\/dillier-classics-sommet-granfondo\\\/#primaryimage\"},\"image\":{\"@id\":\"https:\\\/\\\/www.badzurzach.info\\\/fr\\\/dillier-classics-sommet-granfondo\\\/#primaryimage\"},\"thumbnailUrl\":\"https:\\\/\\\/www.badzurzach.info\\\/wp-content\\\/uploads\\\/2024\\\/01\\\/9816_20230730_131538_303338414_original-scaled.jpg\",\"datePublished\":\"2024-01-08T12:26:12+00:00\",\"dateModified\":\"2024-05-21T09:59:33+00:00\",\"description\":\"Course cyclisteDillier ClassicCourse d'un jourZurzach est le lieu de la course cycliste Dillier Classic. De nombreuses mont\u00e9es courtes et raides sont faites pour un coureur comme Silvan Dillier.\",\"breadcrumb\":{\"@id\":\"https:\\\/\\\/www.badzurzach.info\\\/fr\\\/dillier-classics-sommet-granfondo\\\/#breadcrumb\"},\"inLanguage\":\"fr-FR\",\"potentialAction\":[{\"@type\":\"ReadAction\",\"target\":[\"https:\\\/\\\/www.badzurzach.info\\\/fr\\\/dillier-classics-sommet-granfondo\\\/\"]}]},{\"@type\":\"ImageObject\",\"inLanguage\":\"fr-FR\",\"@id\":\"https:\\\/\\\/www.badzurzach.info\\\/fr\\\/dillier-classics-sommet-granfondo\\\/#primaryimage\",\"url\":\"https:\\\/\\\/www.badzurzach.info\\\/wp-content\\\/uploads\\\/2024\\\/01\\\/9816_20230730_131538_303338414_original-scaled.jpg\",\"contentUrl\":\"https:\\\/\\\/www.badzurzach.info\\\/wp-content\\\/uploads\\\/2024\\\/01\\\/9816_20230730_131538_303338414_original-scaled.jpg\",\"width\":2560,\"height\":1703},{\"@type\":\"BreadcrumbList\",\"@id\":\"https:\\\/\\\/www.badzurzach.info\\\/fr\\\/dillier-classics-sommet-granfondo\\\/#breadcrumb\",\"itemListElement\":[{\"@type\":\"ListItem\",\"position\":1,\"name\":\"Home\",\"item\":\"https:\\\/\\\/www.badzurzach.info\\\/fr\\\/\"},{\"@type\":\"ListItem\",\"position\":2,\"name\":\"Dillier Classics Sommet Granfondo\"}]},{\"@type\":\"WebSite\",\"@id\":\"https:\\\/\\\/www.badzurzach.info\\\/#website\",\"url\":\"https:\\\/\\\/www.badzurzach.info\\\/\",\"name\":\"Bad Zurzach Tourismus\",\"description\":\"Ihre Feriendestination Bad Zurzach\",\"publisher\":{\"@id\":\"https:\\\/\\\/www.badzurzach.info\\\/#organization\"},\"potentialAction\":[{\"@type\":\"SearchAction\",\"target\":{\"@type\":\"EntryPoint\",\"urlTemplate\":\"https:\\\/\\\/www.badzurzach.info\\\/?s={search_term_string}\"},\"query-input\":{\"@type\":\"PropertyValueSpecification\",\"valueRequired\":true,\"valueName\":\"search_term_string\"}}],\"inLanguage\":\"fr-FR\"},{\"@type\":\"Organization\",\"@id\":\"https:\\\/\\\/www.badzurzach.info\\\/#organization\",\"name\":\"Bad Zurzach Tourismus\",\"url\":\"https:\\\/\\\/www.badzurzach.info\\\/\",\"logo\":{\"@type\":\"ImageObject\",\"inLanguage\":\"fr-FR\",\"@id\":\"https:\\\/\\\/www.badzurzach.info\\\/#\\\/schema\\\/logo\\\/image\\\/\",\"url\":\"https:\\\/\\\/www.badzurzach.info\\\/wp-content\\\/uploads\\\/2022\\\/02\\\/Thermalbad-Zurzach_Logo.png\",\"contentUrl\":\"https:\\\/\\\/www.badzurzach.info\\\/wp-content\\\/uploads\\\/2022\\\/02\\\/Thermalbad-Zurzach_Logo.png\",\"width\":1180,\"height\":1705,\"caption\":\"Bad Zurzach Tourismus\"},\"image\":{\"@id\":\"https:\\\/\\\/www.badzurzach.info\\\/#\\\/schema\\\/logo\\\/image\\\/\"},\"sameAs\":[\"https:\\\/\\\/www.facebook.com\\\/badzurzachtourismus\",\"https:\\\/\\\/x.com\\\/BadZurzach\",\"https:\\\/\\\/www.instagram.com\\\/badzurzach.switzerland\",\"https:\\\/\\\/www.linkedin.com\\\/company\\\/6134459\\\/\"]}]}<\/script>\n<!-- \/ Yoast SEO plugin. -->","yoast_head_json":{"title":"Course cycliste Dillier Classic","description":"Course cyclisteDillier ClassicCourse d'un jourZurzach est le lieu de la course cycliste Dillier Classic. De nombreuses mont\u00e9es courtes et raides sont faites pour un coureur comme Silvan Dillier.","robots":{"index":"index","follow":"follow","max-snippet":"max-snippet:-1","max-image-preview":"max-image-preview:large","max-video-preview":"max-video-preview:-1"},"canonical":"https:\/\/www.badzurzach.info\/fr\/dillier-classics-sommet-granfondo\/","og_locale":"fr_FR","og_type":"article","og_title":"Course cycliste Dillier Classic","og_description":"Zurzach accueille la course cycliste Dillier Classic. De nombreuses mont\u00e9es courtes et raides sont faites pour un coureur comme Silvan Dillier.","og_url":"https:\/\/www.badzurzach.info\/fr\/dillier-classics-sommet-granfondo\/","og_site_name":"Bad Zurzach Tourismus","article_publisher":"https:\/\/www.facebook.com\/badzurzachtourismus","article_modified_time":"2024-05-21T09:59:33+00:00","og_image":[{"url":"https:\/\/www.badzurzach.info\/wp-content\/uploads\/2023\/05\/Computerformat-4_3-Radsporttage-Gippingen_Zieleinfahrt-scaled-e1685030045929-1024x386.jpg","type":"","width":"","height":""}],"twitter_card":"summary_large_image","twitter_site":"@BadZurzach","twitter_misc":{"Dur\u00e9e de lecture estim\u00e9e":"1 minute"},"schema":{"@context":"https:\/\/schema.org","@graph":[{"@type":"WebPage","@id":"https:\/\/www.badzurzach.info\/fr\/dillier-classics-sommet-granfondo\/","url":"https:\/\/www.badzurzach.info\/fr\/dillier-classics-sommet-granfondo\/","name":"Course cycliste Dillier Classic","isPartOf":{"@id":"https:\/\/www.badzurzach.info\/#website"},"primaryImageOfPage":{"@id":"https:\/\/www.badzurzach.info\/fr\/dillier-classics-sommet-granfondo\/#primaryimage"},"image":{"@id":"https:\/\/www.badzurzach.info\/fr\/dillier-classics-sommet-granfondo\/#primaryimage"},"thumbnailUrl":"https:\/\/www.badzurzach.info\/wp-content\/uploads\/2024\/01\/9816_20230730_131538_303338414_original-scaled.jpg","datePublished":"2024-01-08T12:26:12+00:00","dateModified":"2024-05-21T09:59:33+00:00","description":"Course cyclisteDillier ClassicCourse d'un jourZurzach est le lieu de la course cycliste Dillier Classic. De nombreuses mont\u00e9es courtes et raides sont faites pour un coureur comme Silvan Dillier.","breadcrumb":{"@id":"https:\/\/www.badzurzach.info\/fr\/dillier-classics-sommet-granfondo\/#breadcrumb"},"inLanguage":"fr-FR","potentialAction":[{"@type":"ReadAction","target":["https:\/\/www.badzurzach.info\/fr\/dillier-classics-sommet-granfondo\/"]}]},{"@type":"ImageObject","inLanguage":"fr-FR","@id":"https:\/\/www.badzurzach.info\/fr\/dillier-classics-sommet-granfondo\/#primaryimage","url":"https:\/\/www.badzurzach.info\/wp-content\/uploads\/2024\/01\/9816_20230730_131538_303338414_original-scaled.jpg","contentUrl":"https:\/\/www.badzurzach.info\/wp-content\/uploads\/2024\/01\/9816_20230730_131538_303338414_original-scaled.jpg","width":2560,"height":1703},{"@type":"BreadcrumbList","@id":"https:\/\/www.badzurzach.info\/fr\/dillier-classics-sommet-granfondo\/#breadcrumb","itemListElement":[{"@type":"ListItem","position":1,"name":"Home","item":"https:\/\/www.badzurzach.info\/fr\/"},{"@type":"ListItem","position":2,"name":"Dillier Classics Sommet Granfondo"}]},{"@type":"WebSite","@id":"https:\/\/www.badzurzach.info\/#website","url":"https:\/\/www.badzurzach.info\/","name":"Bad Zurzach Tourismus","description":"Ihre Feriendestination Bad Zurzach","publisher":{"@id":"https:\/\/www.badzurzach.info\/#organization"},"potentialAction":[{"@type":"SearchAction","target":{"@type":"EntryPoint","urlTemplate":"https:\/\/www.badzurzach.info\/?s={search_term_string}"},"query-input":{"@type":"PropertyValueSpecification","valueRequired":true,"valueName":"search_term_string"}}],"inLanguage":"fr-FR"},{"@type":"Organization","@id":"https:\/\/www.badzurzach.info\/#organization","name":"Bad Zurzach Tourismus","url":"https:\/\/www.badzurzach.info\/","logo":{"@type":"ImageObject","inLanguage":"fr-FR","@id":"https:\/\/www.badzurzach.info\/#\/schema\/logo\/image\/","url":"https:\/\/www.badzurzach.info\/wp-content\/uploads\/2022\/02\/Thermalbad-Zurzach_Logo.png","contentUrl":"https:\/\/www.badzurzach.info\/wp-content\/uploads\/2022\/02\/Thermalbad-Zurzach_Logo.png","width":1180,"height":1705,"caption":"Bad Zurzach Tourismus"},"image":{"@id":"https:\/\/www.badzurzach.info\/#\/schema\/logo\/image\/"},"sameAs":["https:\/\/www.facebook.com\/badzurzachtourismus","https:\/\/x.com\/BadZurzach","https:\/\/www.instagram.com\/badzurzach.switzerland","https:\/\/www.linkedin.com\/company\/6134459\/"]}]}},"_links":{"self":[{"href":"https:\/\/www.badzurzach.info\/fr\/wp-json\/wp\/v2\/pages\/129781","targetHints":{"allow":["GET"]}}],"collection":[{"href":"https:\/\/www.badzurzach.info\/fr\/wp-json\/wp\/v2\/pages"}],"about":[{"href":"https:\/\/www.badzurzach.info\/fr\/wp-json\/wp\/v2\/types\/page"}],"author":[{"embeddable":true,"href":"https:\/\/www.badzurzach.info\/fr\/wp-json\/wp\/v2\/users\/10"}],"replies":[{"embeddable":true,"href":"https:\/\/www.badzurzach.info\/fr\/wp-json\/wp\/v2\/comments?post=129781"}],"version-history":[{"count":1,"href":"https:\/\/www.badzurzach.info\/fr\/wp-json\/wp\/v2\/pages\/129781\/revisions"}],"predecessor-version":[{"id":129784,"href":"https:\/\/www.badzurzach.info\/fr\/wp-json\/wp\/v2\/pages\/129781\/revisions\/129784"}],"wp:featuredmedia":[{"embeddable":true,"href":"https:\/\/www.badzurzach.info\/fr\/wp-json\/wp\/v2\/media\/102812"}],"wp:attachment":[{"href":"https:\/\/www.badzurzach.info\/fr\/wp-json\/wp\/v2\/media?parent=129781"}],"curies":[{"name":"wp","href":"https:\/\/api.w.org\/{rel}","templated":true}]}}