{"id":129782,"date":"2023-01-04T15:31:30","date_gmt":"2023-01-04T14:31:30","guid":{"rendered":"https:\/\/www.badzurzach.info\/musee-cantonal-de-la-viticulture-dargovie\/"},"modified":"2024-11-24T10:39:20","modified_gmt":"2024-11-24T09:39:20","slug":"musee-cantonal-de-la-viticulture-dargovie","status":"publish","type":"page","link":"https:\/\/www.badzurzach.info\/fr\/musee-cantonal-de-la-viticulture-dargovie\/","title":{"rendered":"Mus\u00e9e cantonal de la viticulture d&rsquo;Argovie"},"content":{"rendered":"\n<p><strong>En Argovie, la viticulture a un visage &#8211; Aargauisch Kantonales Weinbaumuseum<\/strong><\/p>\n\n<p>L&rsquo;histoire et le d\u00e9veloppement de la viticulture argovienne, qui occupe une place importante au sein de l&rsquo;agriculture, sont pr\u00e9sent\u00e9s de mani\u00e8re vivante et claire dans l&rsquo;ancienne Wisstrotte datant de 1788 \u00e0 Tegerfelden.<\/p>\n\n<p>Un guide expert vous emm\u00e8ne faire un tour. Vous recevrez des informations et des histoires passionnantes sur la greffe de la vigne, les soins apport\u00e9s au vignoble, les vendanges, puis la transformation et les soins en cave jusqu&rsquo;\u00e0 la mise en bouteille. Les diff\u00e9rentes op\u00e9rations sont pr\u00e9sent\u00e9es de mani\u00e8re claire sur 4 \u00e9tages. De nombreux outils et machines peuvent \u00eatre admir\u00e9s et certains peuvent m\u00eame \u00eatre mis en marche.<\/p>\n\n<p>En dehors des heures d&rsquo;ouverture habituelles, nous proposons des visites guid\u00e9es sp\u00e9cialement adapt\u00e9es \u00e0 vos souhaits pour les groupes, qui peuvent \u00eatre combin\u00e9es avec un ap\u00e9ritif ou une d\u00e9gustation. Il est \u00e9galement possible d&rsquo;explorer le mus\u00e9e de mani\u00e8re autonome \u00e0 l&rsquo;aide d&rsquo;un iPad. N&rsquo;h\u00e9sitez pas \u00e0 contacter le bureau.<\/p>\n\n<p><\/p>\n\n<figure class=\"wp-block-table\"><table><tbody><tr><td>Lieu<\/td><td>  Tegerfelden  <\/td><\/tr><tr><td>Dur\u00e9e<\/td><td>Les visites de groupe durent 1 1\/1-2 1\/2h, selon la taille du groupe. Si vous souhaitez qu&rsquo;elle soit suivie d&rsquo;un ap\u00e9ritif ou d&rsquo;une d\u00e9gustation, veuillez pr\u00e9voir suffisamment de temps.<\/td><\/tr><tr><td>Participants<\/td><td>jusqu&rsquo;\u00e0 25 personnes par groupe<\/td><\/tr><tr><td>Co\u00fbts<\/td><td>Entr\u00e9e : CHF 8.00 non-membres, gratuit pour les membres<br\/>Visites guid\u00e9es : CHF 50.00\/h\/guide<br\/>Vins : Classic CHF 25.00\/bouteille<br\/>Sp\u00e9cialit\u00e9s CHF 32.00\/bouteille<\/td><\/tr><\/tbody><\/table><\/figure>\n\n<p>Pour les visites guid\u00e9es et les visites en dehors des heures d&rsquo;ouverture, veuillez contacter le bureau.<\/p>\n\n<p><a href=\"https:\/\/weinbau-museum.ch\/\" target=\"_blank\" rel=\"noreferrer noopener\">www.weinbau-museum.ch<\/a><\/p>\n\n<p>Secr\u00e9tariat : Jurina Slavicek : gs@weinbau-museum.ch ou t\u00e9l\u00e9phone 078 954 01 71<\/p>\n\n<p><\/p>\n","protected":false},"excerpt":{"rendered":"<p>En Argovie, la viticulture a un visage &#8211; Aargauisch Kantonales Weinbaumuseum L&rsquo;histoire et le d\u00e9veloppement de la viticulture argovienne, qui occupe une place importante au sein de l&rsquo;agriculture, sont pr\u00e9sent\u00e9s de mani\u00e8re vivante et claire dans l&rsquo;ancienne Wisstrotte datant de 1788 \u00e0 Tegerfelden. Un guide expert vous emm\u00e8ne faire un tour. Vous recevrez des informations [&hellip;]<\/p>\n","protected":false},"author":9,"featured_media":26778,"parent":0,"menu_order":0,"comment_status":"closed","ping_status":"closed","template":"","meta":{"_acf_changed":false,"_relevanssi_hide_post":"","_relevanssi_hide_content":"","_relevanssi_pin_for_all":"","_relevanssi_pin_keywords":"","_relevanssi_unpin_keywords":"","_relevanssi_related_keywords":"","_relevanssi_related_include_ids":"","_relevanssi_related_exclude_ids":"","_relevanssi_related_no_append":"","_relevanssi_related_not_related":"","_relevanssi_related_posts":"","_relevanssi_noindex_reason":"","footnotes":""},"class_list":["post-129782","page","type-page","status-publish","has-post-thumbnail","hentry"],"acf":[],"yoast_head":"<!-- This site is optimized with the Yoast SEO plugin v27.4 - https:\/\/yoast.com\/product\/yoast-seo-wordpress\/ -->\n<title>Bad Zurzach Tourismus Mus\u00e9e cantonal de la viticulture d&#039;Argovie -<\/title>\n<meta name=\"description\" content=\"L&#039;histoire et le d\u00e9veloppement de la viticulture sont expliqu\u00e9s au mus\u00e9e de la viticulture de l&#039;ancienne Wisstrotte \u00e0 Tegerfelden.\" \/>\n<meta name=\"robots\" content=\"index, follow, max-snippet:-1, max-image-preview:large, max-video-preview:-1\" \/>\n<link rel=\"canonical\" href=\"https:\/\/www.badzurzach.info\/fr\/musee-cantonal-de-la-viticulture-dargovie\/\" \/>\n<meta property=\"og:locale\" content=\"fr_FR\" \/>\n<meta property=\"og:type\" content=\"article\" \/>\n<meta property=\"og:title\" content=\"Mus\u00e9es et expositions\" \/>\n<meta property=\"og:description\" content=\"L&#039;histoire et le d\u00e9veloppement de la viticulture sont expliqu\u00e9s au mus\u00e9e de la viticulture de l&#039;ancienne Wisstrotte \u00e0 Tegerfelden.\" \/>\n<meta property=\"og:url\" content=\"https:\/\/www.badzurzach.info\/fr\/musee-cantonal-de-la-viticulture-dargovie\/\" \/>\n<meta property=\"og:site_name\" content=\"Bad Zurzach Tourismus\" \/>\n<meta property=\"article:publisher\" content=\"https:\/\/www.facebook.com\/badzurzachtourismus\" \/>\n<meta property=\"article:modified_time\" content=\"2024-11-24T09:39:20+00:00\" \/>\n<meta property=\"og:image\" content=\"https:\/\/www.badzurzach.info\/wp-content\/uploads\/2023\/01\/Weinbaumuseum-1-1024x683.jpeg\" \/>\n<meta name=\"twitter:card\" content=\"summary_large_image\" \/>\n<meta name=\"twitter:site\" content=\"@BadZurzach\" \/>\n<meta name=\"twitter:label1\" content=\"Dur\u00e9e de lecture estim\u00e9e\" \/>\n\t<meta name=\"twitter:data1\" content=\"1 minute\" \/>\n<script type=\"application\/ld+json\" class=\"yoast-schema-graph\">{\"@context\":\"https:\\\/\\\/schema.org\",\"@graph\":[{\"@type\":\"WebPage\",\"@id\":\"https:\\\/\\\/www.badzurzach.info\\\/fr\\\/musee-cantonal-de-la-viticulture-dargovie\\\/\",\"url\":\"https:\\\/\\\/www.badzurzach.info\\\/fr\\\/musee-cantonal-de-la-viticulture-dargovie\\\/\",\"name\":\"Bad Zurzach Tourismus Mus\u00e9e cantonal de la viticulture d'Argovie -\",\"isPartOf\":{\"@id\":\"https:\\\/\\\/www.badzurzach.info\\\/#website\"},\"primaryImageOfPage\":{\"@id\":\"https:\\\/\\\/www.badzurzach.info\\\/fr\\\/musee-cantonal-de-la-viticulture-dargovie\\\/#primaryimage\"},\"image\":{\"@id\":\"https:\\\/\\\/www.badzurzach.info\\\/fr\\\/musee-cantonal-de-la-viticulture-dargovie\\\/#primaryimage\"},\"thumbnailUrl\":\"https:\\\/\\\/www.badzurzach.info\\\/wp-content\\\/uploads\\\/2023\\\/01\\\/Weinbaumuseum-1-scaled.jpeg\",\"datePublished\":\"2023-01-04T14:31:30+00:00\",\"dateModified\":\"2024-11-24T09:39:20+00:00\",\"description\":\"L'histoire et le d\u00e9veloppement de la viticulture sont expliqu\u00e9s au mus\u00e9e de la viticulture de l'ancienne Wisstrotte \u00e0 Tegerfelden.\",\"breadcrumb\":{\"@id\":\"https:\\\/\\\/www.badzurzach.info\\\/fr\\\/musee-cantonal-de-la-viticulture-dargovie\\\/#breadcrumb\"},\"inLanguage\":\"fr-FR\",\"potentialAction\":[{\"@type\":\"ReadAction\",\"target\":[\"https:\\\/\\\/www.badzurzach.info\\\/fr\\\/musee-cantonal-de-la-viticulture-dargovie\\\/\"]}]},{\"@type\":\"ImageObject\",\"inLanguage\":\"fr-FR\",\"@id\":\"https:\\\/\\\/www.badzurzach.info\\\/fr\\\/musee-cantonal-de-la-viticulture-dargovie\\\/#primaryimage\",\"url\":\"https:\\\/\\\/www.badzurzach.info\\\/wp-content\\\/uploads\\\/2023\\\/01\\\/Weinbaumuseum-1-scaled.jpeg\",\"contentUrl\":\"https:\\\/\\\/www.badzurzach.info\\\/wp-content\\\/uploads\\\/2023\\\/01\\\/Weinbaumuseum-1-scaled.jpeg\",\"width\":2560,\"height\":1707},{\"@type\":\"BreadcrumbList\",\"@id\":\"https:\\\/\\\/www.badzurzach.info\\\/fr\\\/musee-cantonal-de-la-viticulture-dargovie\\\/#breadcrumb\",\"itemListElement\":[{\"@type\":\"ListItem\",\"position\":1,\"name\":\"Home\",\"item\":\"https:\\\/\\\/www.badzurzach.info\\\/fr\\\/\"},{\"@type\":\"ListItem\",\"position\":2,\"name\":\"Mus\u00e9e cantonal de la viticulture d&#8217;Argovie\"}]},{\"@type\":\"WebSite\",\"@id\":\"https:\\\/\\\/www.badzurzach.info\\\/#website\",\"url\":\"https:\\\/\\\/www.badzurzach.info\\\/\",\"name\":\"Bad Zurzach Tourismus\",\"description\":\"Ihre Feriendestination Bad Zurzach\",\"publisher\":{\"@id\":\"https:\\\/\\\/www.badzurzach.info\\\/#organization\"},\"potentialAction\":[{\"@type\":\"SearchAction\",\"target\":{\"@type\":\"EntryPoint\",\"urlTemplate\":\"https:\\\/\\\/www.badzurzach.info\\\/?s={search_term_string}\"},\"query-input\":{\"@type\":\"PropertyValueSpecification\",\"valueRequired\":true,\"valueName\":\"search_term_string\"}}],\"inLanguage\":\"fr-FR\"},{\"@type\":\"Organization\",\"@id\":\"https:\\\/\\\/www.badzurzach.info\\\/#organization\",\"name\":\"Bad Zurzach Tourismus\",\"url\":\"https:\\\/\\\/www.badzurzach.info\\\/\",\"logo\":{\"@type\":\"ImageObject\",\"inLanguage\":\"fr-FR\",\"@id\":\"https:\\\/\\\/www.badzurzach.info\\\/#\\\/schema\\\/logo\\\/image\\\/\",\"url\":\"https:\\\/\\\/www.badzurzach.info\\\/wp-content\\\/uploads\\\/2022\\\/02\\\/Thermalbad-Zurzach_Logo.png\",\"contentUrl\":\"https:\\\/\\\/www.badzurzach.info\\\/wp-content\\\/uploads\\\/2022\\\/02\\\/Thermalbad-Zurzach_Logo.png\",\"width\":1180,\"height\":1705,\"caption\":\"Bad Zurzach Tourismus\"},\"image\":{\"@id\":\"https:\\\/\\\/www.badzurzach.info\\\/#\\\/schema\\\/logo\\\/image\\\/\"},\"sameAs\":[\"https:\\\/\\\/www.facebook.com\\\/badzurzachtourismus\",\"https:\\\/\\\/x.com\\\/BadZurzach\",\"https:\\\/\\\/www.instagram.com\\\/badzurzach.switzerland\",\"https:\\\/\\\/www.linkedin.com\\\/company\\\/6134459\\\/\"]}]}<\/script>\n<!-- \/ Yoast SEO plugin. -->","yoast_head_json":{"title":"Bad Zurzach Tourismus Mus\u00e9e cantonal de la viticulture d'Argovie -","description":"L'histoire et le d\u00e9veloppement de la viticulture sont expliqu\u00e9s au mus\u00e9e de la viticulture de l'ancienne Wisstrotte \u00e0 Tegerfelden.","robots":{"index":"index","follow":"follow","max-snippet":"max-snippet:-1","max-image-preview":"max-image-preview:large","max-video-preview":"max-video-preview:-1"},"canonical":"https:\/\/www.badzurzach.info\/fr\/musee-cantonal-de-la-viticulture-dargovie\/","og_locale":"fr_FR","og_type":"article","og_title":"Mus\u00e9es et expositions","og_description":"L'histoire et le d\u00e9veloppement de la viticulture sont expliqu\u00e9s au mus\u00e9e de la viticulture de l'ancienne Wisstrotte \u00e0 Tegerfelden.","og_url":"https:\/\/www.badzurzach.info\/fr\/musee-cantonal-de-la-viticulture-dargovie\/","og_site_name":"Bad Zurzach Tourismus","article_publisher":"https:\/\/www.facebook.com\/badzurzachtourismus","article_modified_time":"2024-11-24T09:39:20+00:00","og_image":[{"url":"https:\/\/www.badzurzach.info\/wp-content\/uploads\/2023\/01\/Weinbaumuseum-1-1024x683.jpeg","type":"","width":"","height":""}],"twitter_card":"summary_large_image","twitter_site":"@BadZurzach","twitter_misc":{"Dur\u00e9e de lecture estim\u00e9e":"1 minute"},"schema":{"@context":"https:\/\/schema.org","@graph":[{"@type":"WebPage","@id":"https:\/\/www.badzurzach.info\/fr\/musee-cantonal-de-la-viticulture-dargovie\/","url":"https:\/\/www.badzurzach.info\/fr\/musee-cantonal-de-la-viticulture-dargovie\/","name":"Bad Zurzach Tourismus Mus\u00e9e cantonal de la viticulture d'Argovie -","isPartOf":{"@id":"https:\/\/www.badzurzach.info\/#website"},"primaryImageOfPage":{"@id":"https:\/\/www.badzurzach.info\/fr\/musee-cantonal-de-la-viticulture-dargovie\/#primaryimage"},"image":{"@id":"https:\/\/www.badzurzach.info\/fr\/musee-cantonal-de-la-viticulture-dargovie\/#primaryimage"},"thumbnailUrl":"https:\/\/www.badzurzach.info\/wp-content\/uploads\/2023\/01\/Weinbaumuseum-1-scaled.jpeg","datePublished":"2023-01-04T14:31:30+00:00","dateModified":"2024-11-24T09:39:20+00:00","description":"L'histoire et le d\u00e9veloppement de la viticulture sont expliqu\u00e9s au mus\u00e9e de la viticulture de l'ancienne Wisstrotte \u00e0 Tegerfelden.","breadcrumb":{"@id":"https:\/\/www.badzurzach.info\/fr\/musee-cantonal-de-la-viticulture-dargovie\/#breadcrumb"},"inLanguage":"fr-FR","potentialAction":[{"@type":"ReadAction","target":["https:\/\/www.badzurzach.info\/fr\/musee-cantonal-de-la-viticulture-dargovie\/"]}]},{"@type":"ImageObject","inLanguage":"fr-FR","@id":"https:\/\/www.badzurzach.info\/fr\/musee-cantonal-de-la-viticulture-dargovie\/#primaryimage","url":"https:\/\/www.badzurzach.info\/wp-content\/uploads\/2023\/01\/Weinbaumuseum-1-scaled.jpeg","contentUrl":"https:\/\/www.badzurzach.info\/wp-content\/uploads\/2023\/01\/Weinbaumuseum-1-scaled.jpeg","width":2560,"height":1707},{"@type":"BreadcrumbList","@id":"https:\/\/www.badzurzach.info\/fr\/musee-cantonal-de-la-viticulture-dargovie\/#breadcrumb","itemListElement":[{"@type":"ListItem","position":1,"name":"Home","item":"https:\/\/www.badzurzach.info\/fr\/"},{"@type":"ListItem","position":2,"name":"Mus\u00e9e cantonal de la viticulture d&#8217;Argovie"}]},{"@type":"WebSite","@id":"https:\/\/www.badzurzach.info\/#website","url":"https:\/\/www.badzurzach.info\/","name":"Bad Zurzach Tourismus","description":"Ihre Feriendestination Bad Zurzach","publisher":{"@id":"https:\/\/www.badzurzach.info\/#organization"},"potentialAction":[{"@type":"SearchAction","target":{"@type":"EntryPoint","urlTemplate":"https:\/\/www.badzurzach.info\/?s={search_term_string}"},"query-input":{"@type":"PropertyValueSpecification","valueRequired":true,"valueName":"search_term_string"}}],"inLanguage":"fr-FR"},{"@type":"Organization","@id":"https:\/\/www.badzurzach.info\/#organization","name":"Bad Zurzach Tourismus","url":"https:\/\/www.badzurzach.info\/","logo":{"@type":"ImageObject","inLanguage":"fr-FR","@id":"https:\/\/www.badzurzach.info\/#\/schema\/logo\/image\/","url":"https:\/\/www.badzurzach.info\/wp-content\/uploads\/2022\/02\/Thermalbad-Zurzach_Logo.png","contentUrl":"https:\/\/www.badzurzach.info\/wp-content\/uploads\/2022\/02\/Thermalbad-Zurzach_Logo.png","width":1180,"height":1705,"caption":"Bad Zurzach Tourismus"},"image":{"@id":"https:\/\/www.badzurzach.info\/#\/schema\/logo\/image\/"},"sameAs":["https:\/\/www.facebook.com\/badzurzachtourismus","https:\/\/x.com\/BadZurzach","https:\/\/www.instagram.com\/badzurzach.switzerland","https:\/\/www.linkedin.com\/company\/6134459\/"]}]}},"_links":{"self":[{"href":"https:\/\/www.badzurzach.info\/fr\/wp-json\/wp\/v2\/pages\/129782","targetHints":{"allow":["GET"]}}],"collection":[{"href":"https:\/\/www.badzurzach.info\/fr\/wp-json\/wp\/v2\/pages"}],"about":[{"href":"https:\/\/www.badzurzach.info\/fr\/wp-json\/wp\/v2\/types\/page"}],"author":[{"embeddable":true,"href":"https:\/\/www.badzurzach.info\/fr\/wp-json\/wp\/v2\/users\/9"}],"replies":[{"embeddable":true,"href":"https:\/\/www.badzurzach.info\/fr\/wp-json\/wp\/v2\/comments?post=129782"}],"version-history":[{"count":3,"href":"https:\/\/www.badzurzach.info\/fr\/wp-json\/wp\/v2\/pages\/129782\/revisions"}],"predecessor-version":[{"id":171867,"href":"https:\/\/www.badzurzach.info\/fr\/wp-json\/wp\/v2\/pages\/129782\/revisions\/171867"}],"wp:featuredmedia":[{"embeddable":true,"href":"https:\/\/www.badzurzach.info\/fr\/wp-json\/wp\/v2\/media\/26778"}],"wp:attachment":[{"href":"https:\/\/www.badzurzach.info\/fr\/wp-json\/wp\/v2\/media?parent=129782"}],"curies":[{"name":"wp","href":"https:\/\/api.w.org\/{rel}","templated":true}]}}