{"id":140473,"date":"2023-06-14T11:46:35","date_gmt":"2023-06-14T09:46:35","guid":{"rendered":"https:\/\/www.badzurzach.info\/product\/livre-papa-moll-tome-3\/"},"modified":"2023-06-14T11:46:35","modified_gmt":"2023-06-14T09:46:35","slug":"livre-papa-mineur-volume-3","status":"publish","type":"product","link":"https:\/\/www.badzurzach.info\/fr\/produit\/livre-papa-mineur-volume-3\/","title":{"rendered":"Livre \u00ab\u00a0Papa Moll\u00a0\u00bb Tome 3"},"content":{"rendered":"<p>Ce volume contient des collections d&rsquo;histoires d\u00e9j\u00e0 publi\u00e9es dans le magazine pour enfants Junior. Ce sont des histoires amusantes de la vie de la famille Moll pour les grands et les petits fans de Papa Moll.<\/p>\n<h5><strong>Plus d&rsquo;informations sur le produit<\/strong><\/h5>\n<ul>\n<li>Maison d&rsquo;\u00e9dition : Orell F\u00fcssli Verlag<\/li>\n<li>Pages : 64<\/li>\n<\/ul>\n","protected":false},"excerpt":{"rendered":"<p>Ce volume contient des collections d&rsquo;histoires d\u00e9j\u00e0 publi\u00e9es dans le magazine pour enfants Junior. Ce sont des histoires amusantes de la vie de la famille Moll pour les grands et les petits fans de Papa Moll.<\/p>\n","protected":false},"featured_media":139153,"template":"","meta":{"_acf_changed":false,"_relevanssi_hide_post":"","_relevanssi_hide_content":"","_relevanssi_pin_for_all":"","_relevanssi_pin_keywords":"","_relevanssi_unpin_keywords":"","_relevanssi_related_keywords":"","_relevanssi_related_include_ids":"","_relevanssi_related_exclude_ids":"","_relevanssi_related_no_append":"","_relevanssi_related_not_related":"","_relevanssi_related_posts":"","_relevanssi_noindex_reason":""},"product_brand":[],"product_cat":[376],"product_tag":[379,381,386,382,383,385],"class_list":{"0":"post-140473","1":"product","2":"type-product","3":"status-publish","4":"has-post-thumbnail","6":"product_cat-livres-de-papa-moll","7":"product_tag-enfants","8":"product_tag-le-pays-de-papa-moll","9":"product_tag-livre","10":"product_tag-livres","11":"product_tag-livres-pour-enfants","12":"product_tag-papa-moll-fr","13":"product_shipping_class-paquet-jusqua-2kg","15":"first","16":"instock","17":"taxable","18":"shipping-taxable","19":"purchasable","20":"product-type-simple"},"acf":[],"yoast_head":"<!-- This site is optimized with the Yoast SEO plugin v27.4 - https:\/\/yoast.com\/product\/yoast-seo-wordpress\/ -->\n<title>Livre &quot;Papa Moll&quot; Tome 3 - Bad Zurzach Tourismus<\/title>\n<meta name=\"robots\" content=\"index, follow, max-snippet:-1, max-image-preview:large, max-video-preview:-1\" \/>\n<link rel=\"canonical\" href=\"https:\/\/www.badzurzach.info\/fr\/produit\/livre-papa-mineur-volume-3\/\" \/>\n<meta property=\"og:locale\" content=\"fr_FR\" \/>\n<meta property=\"og:type\" content=\"article\" \/>\n<meta property=\"og:title\" content=\"Livre &quot;Papa Moll&quot; Tome 3 - Bad Zurzach Tourismus\" \/>\n<meta property=\"og:description\" content=\"Ce volume contient des collections d&#039;histoires d\u00e9j\u00e0 publi\u00e9es dans le magazine pour enfants Junior. Ce sont des histoires amusantes de la vie de la famille Moll pour les grands et les petits fans de Papa Moll.\" \/>\n<meta property=\"og:url\" content=\"https:\/\/www.badzurzach.info\/fr\/produit\/livre-papa-mineur-volume-3\/\" \/>\n<meta property=\"og:site_name\" content=\"Bad Zurzach Tourismus\" \/>\n<meta property=\"article:publisher\" content=\"https:\/\/www.facebook.com\/badzurzachtourismus\" \/>\n<meta property=\"og:image\" content=\"https:\/\/www.badzurzach.info\/wp-content\/uploads\/2024\/07\/small_-Papa-Moll_Band-3.jpg\" \/>\n\t<meta property=\"og:image:width\" content=\"800\" \/>\n\t<meta property=\"og:image:height\" content=\"581\" \/>\n\t<meta property=\"og:image:type\" content=\"image\/jpeg\" \/>\n<meta name=\"twitter:card\" content=\"summary_large_image\" \/>\n<meta name=\"twitter:site\" content=\"@BadZurzach\" \/>\n<script type=\"application\/ld+json\" class=\"yoast-schema-graph\">{\"@context\":\"https:\\\/\\\/schema.org\",\"@graph\":[{\"@type\":\"WebPage\",\"@id\":\"https:\\\/\\\/www.badzurzach.info\\\/fr\\\/produit\\\/livre-papa-mineur-volume-3\\\/\",\"url\":\"https:\\\/\\\/www.badzurzach.info\\\/fr\\\/produit\\\/livre-papa-mineur-volume-3\\\/\",\"name\":\"Livre \\\"Papa Moll\\\" Tome 3 - Bad Zurzach Tourismus\",\"isPartOf\":{\"@id\":\"https:\\\/\\\/www.badzurzach.info\\\/#website\"},\"primaryImageOfPage\":{\"@id\":\"https:\\\/\\\/www.badzurzach.info\\\/fr\\\/produit\\\/livre-papa-mineur-volume-3\\\/#primaryimage\"},\"image\":{\"@id\":\"https:\\\/\\\/www.badzurzach.info\\\/fr\\\/produit\\\/livre-papa-mineur-volume-3\\\/#primaryimage\"},\"thumbnailUrl\":\"https:\\\/\\\/www.badzurzach.info\\\/wp-content\\\/uploads\\\/2024\\\/07\\\/small_-Papa-Moll_Band-3.jpg\",\"datePublished\":\"2023-06-14T09:46:35+00:00\",\"breadcrumb\":{\"@id\":\"https:\\\/\\\/www.badzurzach.info\\\/fr\\\/produit\\\/livre-papa-mineur-volume-3\\\/#breadcrumb\"},\"inLanguage\":\"fr-FR\",\"potentialAction\":[{\"@type\":\"ReadAction\",\"target\":[\"https:\\\/\\\/www.badzurzach.info\\\/fr\\\/produit\\\/livre-papa-mineur-volume-3\\\/\"]}]},{\"@type\":\"ImageObject\",\"inLanguage\":\"fr-FR\",\"@id\":\"https:\\\/\\\/www.badzurzach.info\\\/fr\\\/produit\\\/livre-papa-mineur-volume-3\\\/#primaryimage\",\"url\":\"https:\\\/\\\/www.badzurzach.info\\\/wp-content\\\/uploads\\\/2024\\\/07\\\/small_-Papa-Moll_Band-3.jpg\",\"contentUrl\":\"https:\\\/\\\/www.badzurzach.info\\\/wp-content\\\/uploads\\\/2024\\\/07\\\/small_-Papa-Moll_Band-3.jpg\",\"width\":800,\"height\":581},{\"@type\":\"BreadcrumbList\",\"@id\":\"https:\\\/\\\/www.badzurzach.info\\\/fr\\\/produit\\\/livre-papa-mineur-volume-3\\\/#breadcrumb\",\"itemListElement\":[{\"@type\":\"ListItem\",\"position\":1,\"name\":\"Home\",\"item\":\"https:\\\/\\\/www.badzurzach.info\\\/fr\\\/\"},{\"@type\":\"ListItem\",\"position\":2,\"name\":\"Boutique\",\"item\":\"https:\\\/\\\/www.badzurzach.info\\\/fr\\\/boutique\\\/\"},{\"@type\":\"ListItem\",\"position\":3,\"name\":\"Livre \u00ab\u00a0Papa Moll\u00a0\u00bb Tome 3\"}]},{\"@type\":\"WebSite\",\"@id\":\"https:\\\/\\\/www.badzurzach.info\\\/#website\",\"url\":\"https:\\\/\\\/www.badzurzach.info\\\/\",\"name\":\"Bad Zurzach Tourismus\",\"description\":\"Ihre Feriendestination Bad Zurzach\",\"publisher\":{\"@id\":\"https:\\\/\\\/www.badzurzach.info\\\/#organization\"},\"potentialAction\":[{\"@type\":\"SearchAction\",\"target\":{\"@type\":\"EntryPoint\",\"urlTemplate\":\"https:\\\/\\\/www.badzurzach.info\\\/?s={search_term_string}\"},\"query-input\":{\"@type\":\"PropertyValueSpecification\",\"valueRequired\":true,\"valueName\":\"search_term_string\"}}],\"inLanguage\":\"fr-FR\"},{\"@type\":\"Organization\",\"@id\":\"https:\\\/\\\/www.badzurzach.info\\\/#organization\",\"name\":\"Bad Zurzach Tourismus\",\"url\":\"https:\\\/\\\/www.badzurzach.info\\\/\",\"logo\":{\"@type\":\"ImageObject\",\"inLanguage\":\"fr-FR\",\"@id\":\"https:\\\/\\\/www.badzurzach.info\\\/#\\\/schema\\\/logo\\\/image\\\/\",\"url\":\"https:\\\/\\\/www.badzurzach.info\\\/wp-content\\\/uploads\\\/2022\\\/02\\\/Thermalbad-Zurzach_Logo.png\",\"contentUrl\":\"https:\\\/\\\/www.badzurzach.info\\\/wp-content\\\/uploads\\\/2022\\\/02\\\/Thermalbad-Zurzach_Logo.png\",\"width\":1180,\"height\":1705,\"caption\":\"Bad Zurzach Tourismus\"},\"image\":{\"@id\":\"https:\\\/\\\/www.badzurzach.info\\\/#\\\/schema\\\/logo\\\/image\\\/\"},\"sameAs\":[\"https:\\\/\\\/www.facebook.com\\\/badzurzachtourismus\",\"https:\\\/\\\/x.com\\\/BadZurzach\",\"https:\\\/\\\/www.instagram.com\\\/badzurzach.switzerland\",\"https:\\\/\\\/www.linkedin.com\\\/company\\\/6134459\\\/\"]}]}<\/script>\n<!-- \/ Yoast SEO plugin. -->","yoast_head_json":{"title":"Livre \"Papa Moll\" Tome 3 - Bad Zurzach Tourismus","robots":{"index":"index","follow":"follow","max-snippet":"max-snippet:-1","max-image-preview":"max-image-preview:large","max-video-preview":"max-video-preview:-1"},"canonical":"https:\/\/www.badzurzach.info\/fr\/produit\/livre-papa-mineur-volume-3\/","og_locale":"fr_FR","og_type":"article","og_title":"Livre \"Papa Moll\" Tome 3 - Bad Zurzach Tourismus","og_description":"Ce volume contient des collections d'histoires d\u00e9j\u00e0 publi\u00e9es dans le magazine pour enfants Junior. Ce sont des histoires amusantes de la vie de la famille Moll pour les grands et les petits fans de Papa Moll.","og_url":"https:\/\/www.badzurzach.info\/fr\/produit\/livre-papa-mineur-volume-3\/","og_site_name":"Bad Zurzach Tourismus","article_publisher":"https:\/\/www.facebook.com\/badzurzachtourismus","og_image":[{"width":800,"height":581,"url":"https:\/\/www.badzurzach.info\/wp-content\/uploads\/2024\/07\/small_-Papa-Moll_Band-3.jpg","type":"image\/jpeg"}],"twitter_card":"summary_large_image","twitter_site":"@BadZurzach","schema":{"@context":"https:\/\/schema.org","@graph":[{"@type":"WebPage","@id":"https:\/\/www.badzurzach.info\/fr\/produit\/livre-papa-mineur-volume-3\/","url":"https:\/\/www.badzurzach.info\/fr\/produit\/livre-papa-mineur-volume-3\/","name":"Livre \"Papa Moll\" Tome 3 - Bad Zurzach Tourismus","isPartOf":{"@id":"https:\/\/www.badzurzach.info\/#website"},"primaryImageOfPage":{"@id":"https:\/\/www.badzurzach.info\/fr\/produit\/livre-papa-mineur-volume-3\/#primaryimage"},"image":{"@id":"https:\/\/www.badzurzach.info\/fr\/produit\/livre-papa-mineur-volume-3\/#primaryimage"},"thumbnailUrl":"https:\/\/www.badzurzach.info\/wp-content\/uploads\/2024\/07\/small_-Papa-Moll_Band-3.jpg","datePublished":"2023-06-14T09:46:35+00:00","breadcrumb":{"@id":"https:\/\/www.badzurzach.info\/fr\/produit\/livre-papa-mineur-volume-3\/#breadcrumb"},"inLanguage":"fr-FR","potentialAction":[{"@type":"ReadAction","target":["https:\/\/www.badzurzach.info\/fr\/produit\/livre-papa-mineur-volume-3\/"]}]},{"@type":"ImageObject","inLanguage":"fr-FR","@id":"https:\/\/www.badzurzach.info\/fr\/produit\/livre-papa-mineur-volume-3\/#primaryimage","url":"https:\/\/www.badzurzach.info\/wp-content\/uploads\/2024\/07\/small_-Papa-Moll_Band-3.jpg","contentUrl":"https:\/\/www.badzurzach.info\/wp-content\/uploads\/2024\/07\/small_-Papa-Moll_Band-3.jpg","width":800,"height":581},{"@type":"BreadcrumbList","@id":"https:\/\/www.badzurzach.info\/fr\/produit\/livre-papa-mineur-volume-3\/#breadcrumb","itemListElement":[{"@type":"ListItem","position":1,"name":"Home","item":"https:\/\/www.badzurzach.info\/fr\/"},{"@type":"ListItem","position":2,"name":"Boutique","item":"https:\/\/www.badzurzach.info\/fr\/boutique\/"},{"@type":"ListItem","position":3,"name":"Livre \u00ab\u00a0Papa Moll\u00a0\u00bb Tome 3"}]},{"@type":"WebSite","@id":"https:\/\/www.badzurzach.info\/#website","url":"https:\/\/www.badzurzach.info\/","name":"Bad Zurzach Tourismus","description":"Ihre Feriendestination Bad Zurzach","publisher":{"@id":"https:\/\/www.badzurzach.info\/#organization"},"potentialAction":[{"@type":"SearchAction","target":{"@type":"EntryPoint","urlTemplate":"https:\/\/www.badzurzach.info\/?s={search_term_string}"},"query-input":{"@type":"PropertyValueSpecification","valueRequired":true,"valueName":"search_term_string"}}],"inLanguage":"fr-FR"},{"@type":"Organization","@id":"https:\/\/www.badzurzach.info\/#organization","name":"Bad Zurzach Tourismus","url":"https:\/\/www.badzurzach.info\/","logo":{"@type":"ImageObject","inLanguage":"fr-FR","@id":"https:\/\/www.badzurzach.info\/#\/schema\/logo\/image\/","url":"https:\/\/www.badzurzach.info\/wp-content\/uploads\/2022\/02\/Thermalbad-Zurzach_Logo.png","contentUrl":"https:\/\/www.badzurzach.info\/wp-content\/uploads\/2022\/02\/Thermalbad-Zurzach_Logo.png","width":1180,"height":1705,"caption":"Bad Zurzach Tourismus"},"image":{"@id":"https:\/\/www.badzurzach.info\/#\/schema\/logo\/image\/"},"sameAs":["https:\/\/www.facebook.com\/badzurzachtourismus","https:\/\/x.com\/BadZurzach","https:\/\/www.instagram.com\/badzurzach.switzerland","https:\/\/www.linkedin.com\/company\/6134459\/"]}]}},"_links":{"self":[{"href":"https:\/\/www.badzurzach.info\/fr\/wp-json\/wp\/v2\/product\/140473","targetHints":{"allow":["GET"]}}],"collection":[{"href":"https:\/\/www.badzurzach.info\/fr\/wp-json\/wp\/v2\/product"}],"about":[{"href":"https:\/\/www.badzurzach.info\/fr\/wp-json\/wp\/v2\/types\/product"}],"wp:featuredmedia":[{"embeddable":true,"href":"https:\/\/www.badzurzach.info\/fr\/wp-json\/wp\/v2\/media\/139153"}],"wp:attachment":[{"href":"https:\/\/www.badzurzach.info\/fr\/wp-json\/wp\/v2\/media?parent=140473"}],"wp:term":[{"taxonomy":"product_brand","embeddable":true,"href":"https:\/\/www.badzurzach.info\/fr\/wp-json\/wp\/v2\/product_brand?post=140473"},{"taxonomy":"product_cat","embeddable":true,"href":"https:\/\/www.badzurzach.info\/fr\/wp-json\/wp\/v2\/product_cat?post=140473"},{"taxonomy":"product_tag","embeddable":true,"href":"https:\/\/www.badzurzach.info\/fr\/wp-json\/wp\/v2\/product_tag?post=140473"}],"curies":[{"name":"wp","href":"https:\/\/api.w.org\/{rel}","templated":true}]}}