{"id":140491,"date":"2023-05-17T14:49:13","date_gmt":"2023-05-17T12:49:13","guid":{"rendered":"https:\/\/www.badzurzach.info\/product\/livre-papa-moll-au-musee-des-transports-volume-24\/"},"modified":"2023-05-17T14:49:13","modified_gmt":"2023-05-17T12:49:13","slug":"livre-papa-mineur-dans-la-maison-du-trafic-volume-24","status":"publish","type":"product","link":"https:\/\/www.badzurzach.info\/fr\/produit\/livre-papa-mineur-dans-la-maison-du-trafic-volume-24\/","title":{"rendered":"Livre \u00ab\u00a0Papa Moll au Mus\u00e9e des Transports\u00a0\u00bb Volume 24"},"content":{"rendered":"<p>Les Moll vivent des exp\u00e9riences amusantes et font de superbes d\u00e9couvertes cette fois-ci au Mus\u00e9e des Transports de Lucerne. Les enfants de 5 \u00e0 10 ans d\u00e9couvriront dans cette aventure mineure comment ils en sont arriv\u00e9s l\u00e0 et ce qu&rsquo;ils y vivent. La famille Moll d\u00e9couvre le Mus\u00e9e des Transports sous sa forme habituelle de rimes joyeuses. L&rsquo;\u00e9volution des transports et de la mobilit\u00e9 est pr\u00e9sent\u00e9e de mani\u00e8re passionnante et vari\u00e9e.<\/p>\n<h5><strong>PLUS D&rsquo;INFORMATIONS SUR LE PRODUIT<\/strong><\/h5>\n<ul>\n<li>Maison d&rsquo;\u00e9dition : Orell F\u00fcssli Verlag<\/li>\n<li>Pages : 64<\/li>\n<\/ul>\n","protected":false},"excerpt":{"rendered":"<p>Les Moll vivent des exp\u00e9riences amusantes et font de superbes d\u00e9couvertes cette fois-ci au Mus\u00e9e des Transports de Lucerne.<\/p>\n","protected":false},"featured_media":54940,"template":"","meta":{"_acf_changed":false,"_relevanssi_hide_post":"","_relevanssi_hide_content":"","_relevanssi_pin_for_all":"","_relevanssi_pin_keywords":"","_relevanssi_unpin_keywords":"","_relevanssi_related_keywords":"","_relevanssi_related_include_ids":"","_relevanssi_related_exclude_ids":"","_relevanssi_related_no_append":"","_relevanssi_related_not_related":"","_relevanssi_related_posts":"","_relevanssi_noindex_reason":""},"product_brand":[],"product_cat":[376],"product_tag":[389,381,382,383],"class_list":{"0":"post-140491","1":"product","2":"type-product","3":"status-publish","4":"has-post-thumbnail","6":"product_cat-livres-de-papa-moll","7":"product_tag-idee-de-cadeau","8":"product_tag-le-pays-de-papa-moll","9":"product_tag-livres","10":"product_tag-livres-pour-enfants","11":"product_shipping_class-paquet-jusqua-2kg","13":"first","14":"instock","15":"taxable","16":"shipping-taxable","17":"purchasable","18":"product-type-simple"},"acf":[],"yoast_head":"<!-- This site is optimized with the Yoast SEO plugin v27.4 - https:\/\/yoast.com\/product\/yoast-seo-wordpress\/ -->\n<title>Livre &quot;Papa Moll au Mus\u00e9e des Transports&quot; Volume 24 - Bad Zurzach Tourismus<\/title>\n<meta name=\"robots\" content=\"index, follow, max-snippet:-1, max-image-preview:large, max-video-preview:-1\" \/>\n<link rel=\"canonical\" href=\"https:\/\/www.badzurzach.info\/fr\/produit\/livre-papa-mineur-dans-la-maison-du-trafic-volume-24\/\" \/>\n<meta property=\"og:locale\" content=\"fr_FR\" \/>\n<meta property=\"og:type\" content=\"article\" \/>\n<meta property=\"og:title\" content=\"Livre &quot;Papa Moll au Mus\u00e9e des Transports&quot; Volume 24 - Bad Zurzach Tourismus\" \/>\n<meta property=\"og:description\" content=\"Les Moll vivent des exp\u00e9riences amusantes et font de superbes d\u00e9couvertes cette fois-ci au Mus\u00e9e des Transports de Lucerne.\" \/>\n<meta property=\"og:url\" content=\"https:\/\/www.badzurzach.info\/fr\/produit\/livre-papa-mineur-dans-la-maison-du-trafic-volume-24\/\" \/>\n<meta property=\"og:site_name\" content=\"Bad Zurzach Tourismus\" \/>\n<meta property=\"article:publisher\" content=\"https:\/\/www.facebook.com\/badzurzachtourismus\" \/>\n<meta property=\"og:image\" content=\"https:\/\/www.badzurzach.info\/wp-content\/uploads\/2023\/05\/papa-moll-im-verkehrshaus-papa-moll-bd-24-gebundene-ausgabe-juerg-lendenmann.webp\" \/>\n\t<meta property=\"og:image:width\" content=\"600\" \/>\n\t<meta property=\"og:image:height\" content=\"432\" \/>\n\t<meta property=\"og:image:type\" content=\"image\/webp\" \/>\n<meta name=\"twitter:card\" content=\"summary_large_image\" \/>\n<meta name=\"twitter:site\" content=\"@BadZurzach\" \/>\n<script type=\"application\/ld+json\" class=\"yoast-schema-graph\">{\"@context\":\"https:\\\/\\\/schema.org\",\"@graph\":[{\"@type\":\"WebPage\",\"@id\":\"https:\\\/\\\/www.badzurzach.info\\\/fr\\\/produit\\\/livre-papa-mineur-dans-la-maison-du-trafic-volume-24\\\/\",\"url\":\"https:\\\/\\\/www.badzurzach.info\\\/fr\\\/produit\\\/livre-papa-mineur-dans-la-maison-du-trafic-volume-24\\\/\",\"name\":\"Livre \\\"Papa Moll au Mus\u00e9e des Transports\\\" Volume 24 - Bad Zurzach Tourismus\",\"isPartOf\":{\"@id\":\"https:\\\/\\\/www.badzurzach.info\\\/#website\"},\"primaryImageOfPage\":{\"@id\":\"https:\\\/\\\/www.badzurzach.info\\\/fr\\\/produit\\\/livre-papa-mineur-dans-la-maison-du-trafic-volume-24\\\/#primaryimage\"},\"image\":{\"@id\":\"https:\\\/\\\/www.badzurzach.info\\\/fr\\\/produit\\\/livre-papa-mineur-dans-la-maison-du-trafic-volume-24\\\/#primaryimage\"},\"thumbnailUrl\":\"https:\\\/\\\/www.badzurzach.info\\\/wp-content\\\/uploads\\\/2023\\\/05\\\/papa-moll-im-verkehrshaus-papa-moll-bd-24-gebundene-ausgabe-juerg-lendenmann.webp\",\"datePublished\":\"2023-05-17T12:49:13+00:00\",\"breadcrumb\":{\"@id\":\"https:\\\/\\\/www.badzurzach.info\\\/fr\\\/produit\\\/livre-papa-mineur-dans-la-maison-du-trafic-volume-24\\\/#breadcrumb\"},\"inLanguage\":\"fr-FR\",\"potentialAction\":[{\"@type\":\"ReadAction\",\"target\":[\"https:\\\/\\\/www.badzurzach.info\\\/fr\\\/produit\\\/livre-papa-mineur-dans-la-maison-du-trafic-volume-24\\\/\"]}]},{\"@type\":\"ImageObject\",\"inLanguage\":\"fr-FR\",\"@id\":\"https:\\\/\\\/www.badzurzach.info\\\/fr\\\/produit\\\/livre-papa-mineur-dans-la-maison-du-trafic-volume-24\\\/#primaryimage\",\"url\":\"https:\\\/\\\/www.badzurzach.info\\\/wp-content\\\/uploads\\\/2023\\\/05\\\/papa-moll-im-verkehrshaus-papa-moll-bd-24-gebundene-ausgabe-juerg-lendenmann.webp\",\"contentUrl\":\"https:\\\/\\\/www.badzurzach.info\\\/wp-content\\\/uploads\\\/2023\\\/05\\\/papa-moll-im-verkehrshaus-papa-moll-bd-24-gebundene-ausgabe-juerg-lendenmann.webp\",\"width\":600,\"height\":432},{\"@type\":\"BreadcrumbList\",\"@id\":\"https:\\\/\\\/www.badzurzach.info\\\/fr\\\/produit\\\/livre-papa-mineur-dans-la-maison-du-trafic-volume-24\\\/#breadcrumb\",\"itemListElement\":[{\"@type\":\"ListItem\",\"position\":1,\"name\":\"Home\",\"item\":\"https:\\\/\\\/www.badzurzach.info\\\/fr\\\/\"},{\"@type\":\"ListItem\",\"position\":2,\"name\":\"Boutique\",\"item\":\"https:\\\/\\\/www.badzurzach.info\\\/fr\\\/boutique\\\/\"},{\"@type\":\"ListItem\",\"position\":3,\"name\":\"Livre \u00ab\u00a0Papa Moll au Mus\u00e9e des Transports\u00a0\u00bb Volume 24\"}]},{\"@type\":\"WebSite\",\"@id\":\"https:\\\/\\\/www.badzurzach.info\\\/#website\",\"url\":\"https:\\\/\\\/www.badzurzach.info\\\/\",\"name\":\"Bad Zurzach Tourismus\",\"description\":\"Ihre Feriendestination Bad Zurzach\",\"publisher\":{\"@id\":\"https:\\\/\\\/www.badzurzach.info\\\/#organization\"},\"potentialAction\":[{\"@type\":\"SearchAction\",\"target\":{\"@type\":\"EntryPoint\",\"urlTemplate\":\"https:\\\/\\\/www.badzurzach.info\\\/?s={search_term_string}\"},\"query-input\":{\"@type\":\"PropertyValueSpecification\",\"valueRequired\":true,\"valueName\":\"search_term_string\"}}],\"inLanguage\":\"fr-FR\"},{\"@type\":\"Organization\",\"@id\":\"https:\\\/\\\/www.badzurzach.info\\\/#organization\",\"name\":\"Bad Zurzach Tourismus\",\"url\":\"https:\\\/\\\/www.badzurzach.info\\\/\",\"logo\":{\"@type\":\"ImageObject\",\"inLanguage\":\"fr-FR\",\"@id\":\"https:\\\/\\\/www.badzurzach.info\\\/#\\\/schema\\\/logo\\\/image\\\/\",\"url\":\"https:\\\/\\\/www.badzurzach.info\\\/wp-content\\\/uploads\\\/2022\\\/02\\\/Thermalbad-Zurzach_Logo.png\",\"contentUrl\":\"https:\\\/\\\/www.badzurzach.info\\\/wp-content\\\/uploads\\\/2022\\\/02\\\/Thermalbad-Zurzach_Logo.png\",\"width\":1180,\"height\":1705,\"caption\":\"Bad Zurzach Tourismus\"},\"image\":{\"@id\":\"https:\\\/\\\/www.badzurzach.info\\\/#\\\/schema\\\/logo\\\/image\\\/\"},\"sameAs\":[\"https:\\\/\\\/www.facebook.com\\\/badzurzachtourismus\",\"https:\\\/\\\/x.com\\\/BadZurzach\",\"https:\\\/\\\/www.instagram.com\\\/badzurzach.switzerland\",\"https:\\\/\\\/www.linkedin.com\\\/company\\\/6134459\\\/\"]}]}<\/script>\n<!-- \/ Yoast SEO plugin. -->","yoast_head_json":{"title":"Livre \"Papa Moll au Mus\u00e9e des Transports\" Volume 24 - Bad Zurzach Tourismus","robots":{"index":"index","follow":"follow","max-snippet":"max-snippet:-1","max-image-preview":"max-image-preview:large","max-video-preview":"max-video-preview:-1"},"canonical":"https:\/\/www.badzurzach.info\/fr\/produit\/livre-papa-mineur-dans-la-maison-du-trafic-volume-24\/","og_locale":"fr_FR","og_type":"article","og_title":"Livre \"Papa Moll au Mus\u00e9e des Transports\" Volume 24 - Bad Zurzach Tourismus","og_description":"Les Moll vivent des exp\u00e9riences amusantes et font de superbes d\u00e9couvertes cette fois-ci au Mus\u00e9e des Transports de Lucerne.","og_url":"https:\/\/www.badzurzach.info\/fr\/produit\/livre-papa-mineur-dans-la-maison-du-trafic-volume-24\/","og_site_name":"Bad Zurzach Tourismus","article_publisher":"https:\/\/www.facebook.com\/badzurzachtourismus","og_image":[{"width":600,"height":432,"url":"https:\/\/www.badzurzach.info\/wp-content\/uploads\/2023\/05\/papa-moll-im-verkehrshaus-papa-moll-bd-24-gebundene-ausgabe-juerg-lendenmann.webp","type":"image\/webp"}],"twitter_card":"summary_large_image","twitter_site":"@BadZurzach","schema":{"@context":"https:\/\/schema.org","@graph":[{"@type":"WebPage","@id":"https:\/\/www.badzurzach.info\/fr\/produit\/livre-papa-mineur-dans-la-maison-du-trafic-volume-24\/","url":"https:\/\/www.badzurzach.info\/fr\/produit\/livre-papa-mineur-dans-la-maison-du-trafic-volume-24\/","name":"Livre \"Papa Moll au Mus\u00e9e des Transports\" Volume 24 - Bad Zurzach Tourismus","isPartOf":{"@id":"https:\/\/www.badzurzach.info\/#website"},"primaryImageOfPage":{"@id":"https:\/\/www.badzurzach.info\/fr\/produit\/livre-papa-mineur-dans-la-maison-du-trafic-volume-24\/#primaryimage"},"image":{"@id":"https:\/\/www.badzurzach.info\/fr\/produit\/livre-papa-mineur-dans-la-maison-du-trafic-volume-24\/#primaryimage"},"thumbnailUrl":"https:\/\/www.badzurzach.info\/wp-content\/uploads\/2023\/05\/papa-moll-im-verkehrshaus-papa-moll-bd-24-gebundene-ausgabe-juerg-lendenmann.webp","datePublished":"2023-05-17T12:49:13+00:00","breadcrumb":{"@id":"https:\/\/www.badzurzach.info\/fr\/produit\/livre-papa-mineur-dans-la-maison-du-trafic-volume-24\/#breadcrumb"},"inLanguage":"fr-FR","potentialAction":[{"@type":"ReadAction","target":["https:\/\/www.badzurzach.info\/fr\/produit\/livre-papa-mineur-dans-la-maison-du-trafic-volume-24\/"]}]},{"@type":"ImageObject","inLanguage":"fr-FR","@id":"https:\/\/www.badzurzach.info\/fr\/produit\/livre-papa-mineur-dans-la-maison-du-trafic-volume-24\/#primaryimage","url":"https:\/\/www.badzurzach.info\/wp-content\/uploads\/2023\/05\/papa-moll-im-verkehrshaus-papa-moll-bd-24-gebundene-ausgabe-juerg-lendenmann.webp","contentUrl":"https:\/\/www.badzurzach.info\/wp-content\/uploads\/2023\/05\/papa-moll-im-verkehrshaus-papa-moll-bd-24-gebundene-ausgabe-juerg-lendenmann.webp","width":600,"height":432},{"@type":"BreadcrumbList","@id":"https:\/\/www.badzurzach.info\/fr\/produit\/livre-papa-mineur-dans-la-maison-du-trafic-volume-24\/#breadcrumb","itemListElement":[{"@type":"ListItem","position":1,"name":"Home","item":"https:\/\/www.badzurzach.info\/fr\/"},{"@type":"ListItem","position":2,"name":"Boutique","item":"https:\/\/www.badzurzach.info\/fr\/boutique\/"},{"@type":"ListItem","position":3,"name":"Livre \u00ab\u00a0Papa Moll au Mus\u00e9e des Transports\u00a0\u00bb Volume 24"}]},{"@type":"WebSite","@id":"https:\/\/www.badzurzach.info\/#website","url":"https:\/\/www.badzurzach.info\/","name":"Bad Zurzach Tourismus","description":"Ihre Feriendestination Bad Zurzach","publisher":{"@id":"https:\/\/www.badzurzach.info\/#organization"},"potentialAction":[{"@type":"SearchAction","target":{"@type":"EntryPoint","urlTemplate":"https:\/\/www.badzurzach.info\/?s={search_term_string}"},"query-input":{"@type":"PropertyValueSpecification","valueRequired":true,"valueName":"search_term_string"}}],"inLanguage":"fr-FR"},{"@type":"Organization","@id":"https:\/\/www.badzurzach.info\/#organization","name":"Bad Zurzach Tourismus","url":"https:\/\/www.badzurzach.info\/","logo":{"@type":"ImageObject","inLanguage":"fr-FR","@id":"https:\/\/www.badzurzach.info\/#\/schema\/logo\/image\/","url":"https:\/\/www.badzurzach.info\/wp-content\/uploads\/2022\/02\/Thermalbad-Zurzach_Logo.png","contentUrl":"https:\/\/www.badzurzach.info\/wp-content\/uploads\/2022\/02\/Thermalbad-Zurzach_Logo.png","width":1180,"height":1705,"caption":"Bad Zurzach Tourismus"},"image":{"@id":"https:\/\/www.badzurzach.info\/#\/schema\/logo\/image\/"},"sameAs":["https:\/\/www.facebook.com\/badzurzachtourismus","https:\/\/x.com\/BadZurzach","https:\/\/www.instagram.com\/badzurzach.switzerland","https:\/\/www.linkedin.com\/company\/6134459\/"]}]}},"_links":{"self":[{"href":"https:\/\/www.badzurzach.info\/fr\/wp-json\/wp\/v2\/product\/140491","targetHints":{"allow":["GET"]}}],"collection":[{"href":"https:\/\/www.badzurzach.info\/fr\/wp-json\/wp\/v2\/product"}],"about":[{"href":"https:\/\/www.badzurzach.info\/fr\/wp-json\/wp\/v2\/types\/product"}],"wp:featuredmedia":[{"embeddable":true,"href":"https:\/\/www.badzurzach.info\/fr\/wp-json\/wp\/v2\/media\/54940"}],"wp:attachment":[{"href":"https:\/\/www.badzurzach.info\/fr\/wp-json\/wp\/v2\/media?parent=140491"}],"wp:term":[{"taxonomy":"product_brand","embeddable":true,"href":"https:\/\/www.badzurzach.info\/fr\/wp-json\/wp\/v2\/product_brand?post=140491"},{"taxonomy":"product_cat","embeddable":true,"href":"https:\/\/www.badzurzach.info\/fr\/wp-json\/wp\/v2\/product_cat?post=140491"},{"taxonomy":"product_tag","embeddable":true,"href":"https:\/\/www.badzurzach.info\/fr\/wp-json\/wp\/v2\/product_tag?post=140491"}],"curies":[{"name":"wp","href":"https:\/\/api.w.org\/{rel}","templated":true}]}}