{"id":140512,"date":"2022-08-18T15:59:25","date_gmt":"2022-08-18T13:59:25","guid":{"rendered":"https:\/\/www.badzurzach.info\/product\/tchips-wau-mini-edition\/"},"modified":"2022-08-18T15:59:25","modified_gmt":"2022-08-18T13:59:25","slug":"mini-edition-de-tschips-wau","status":"publish","type":"product","link":"https:\/\/www.badzurzach.info\/fr\/produit\/mini-edition-de-tschips-wau\/","title":{"rendered":"Tchips WAU ! Mini \u00e9dition"},"content":{"rendered":"<h2>Tchips WAU ! Mini \u00e9dition<\/h2>\n<p><span style=\"font-size: 16px;\">Le petit Tschips est un membre de la famille important et tr\u00e8s aim\u00e9 de tous. Il aide r\u00e9guli\u00e8rement les Moll \u00e0 se sortir du p\u00e9trin, mais il lui arrive aussi de semer la pagaille ou de se retrouver dans des situations d\u00e9licates. Et c&rsquo;est alors lui qui doit \u00eatre sauv\u00e9.<\/span><\/p>\n<div class=\"content\">\n<p>Le chien de la famille a enfin son propre livret.<\/p>\n<\/div>\n","protected":false},"excerpt":{"rendered":"<p>Le petit Tschips est un membre de la famille important et tr\u00e8s aim\u00e9 de tous. Il aide r\u00e9guli\u00e8rement les Moll \u00e0 se sortir du p\u00e9trin, mais il lui arrive aussi de semer la pagaille ou de se retrouver dans des situations d\u00e9licates. Et c&rsquo;est alors lui qui doit \u00eatre sauv\u00e9&#8230;.<\/p>\n","protected":false},"featured_media":130088,"template":"","meta":{"_acf_changed":false,"_relevanssi_hide_post":"","_relevanssi_hide_content":"","_relevanssi_pin_for_all":"","_relevanssi_pin_keywords":"","_relevanssi_unpin_keywords":"","_relevanssi_related_keywords":"","_relevanssi_related_include_ids":"","_relevanssi_related_exclude_ids":"","_relevanssi_related_no_append":"","_relevanssi_related_not_related":"","_relevanssi_related_posts":"","_relevanssi_noindex_reason":""},"product_brand":[],"product_cat":[376],"product_tag":[388,432,379,389,381,382,383,424],"class_list":{"0":"post-140512","1":"product","2":"type-product","3":"status-publish","4":"has-post-thumbnail","6":"product_cat-livres-de-papa-moll","7":"product_tag-bad-zurzach-fr","8":"product_tag-bad-zurzach-tourisme","9":"product_tag-enfants","10":"product_tag-idee-de-cadeau","11":"product_tag-le-pays-de-papa-moll","12":"product_tag-livres","13":"product_tag-livres-pour-enfants","14":"product_tag-zurzach-fr","15":"product_shipping_class-lettre-b5-c5","17":"first","18":"instock","19":"taxable","20":"shipping-taxable","21":"purchasable","22":"product-type-simple"},"acf":[],"yoast_head":"<!-- This site is optimized with the Yoast SEO plugin v27.4 - https:\/\/yoast.com\/product\/yoast-seo-wordpress\/ -->\n<title>Tchips WAU ! Mini \u00e9dition - Bad Zurzach Tourismus<\/title>\n<meta name=\"robots\" content=\"index, follow, max-snippet:-1, max-image-preview:large, max-video-preview:-1\" \/>\n<link rel=\"canonical\" href=\"https:\/\/www.badzurzach.info\/fr\/produit\/mini-edition-de-tschips-wau\/\" \/>\n<meta property=\"og:locale\" content=\"fr_FR\" \/>\n<meta property=\"og:type\" content=\"article\" \/>\n<meta property=\"og:title\" content=\"Tchips WAU ! Mini \u00e9dition - Bad Zurzach Tourismus\" \/>\n<meta property=\"og:description\" content=\"Le petit Tschips est un membre de la famille important et tr\u00e8s aim\u00e9 de tous. Il aide r\u00e9guli\u00e8rement les Moll \u00e0 se sortir du p\u00e9trin, mais il lui arrive aussi de semer la pagaille ou de se retrouver dans des situations d\u00e9licates. Et c&#039;est alors lui qui doit \u00eatre sauv\u00e9....\" \/>\n<meta property=\"og:url\" content=\"https:\/\/www.badzurzach.info\/fr\/produit\/mini-edition-de-tschips-wau\/\" \/>\n<meta property=\"og:site_name\" content=\"Bad Zurzach Tourismus\" \/>\n<meta property=\"article:publisher\" content=\"https:\/\/www.facebook.com\/badzurzachtourismus\" \/>\n<meta property=\"og:image\" content=\"https:\/\/www.badzurzach.info\/wp-content\/uploads\/2022\/08\/Tschips.Front_.frei_.jpg\" \/>\n\t<meta property=\"og:image:width\" content=\"2400\" \/>\n\t<meta property=\"og:image:height\" content=\"1833\" \/>\n\t<meta property=\"og:image:type\" content=\"image\/jpeg\" \/>\n<meta name=\"twitter:card\" content=\"summary_large_image\" \/>\n<meta name=\"twitter:site\" content=\"@BadZurzach\" \/>\n<script type=\"application\/ld+json\" class=\"yoast-schema-graph\">{\"@context\":\"https:\\\/\\\/schema.org\",\"@graph\":[{\"@type\":\"WebPage\",\"@id\":\"https:\\\/\\\/www.badzurzach.info\\\/fr\\\/produit\\\/mini-edition-de-tschips-wau\\\/\",\"url\":\"https:\\\/\\\/www.badzurzach.info\\\/fr\\\/produit\\\/mini-edition-de-tschips-wau\\\/\",\"name\":\"Tchips WAU ! Mini \u00e9dition - Bad Zurzach Tourismus\",\"isPartOf\":{\"@id\":\"https:\\\/\\\/www.badzurzach.info\\\/#website\"},\"primaryImageOfPage\":{\"@id\":\"https:\\\/\\\/www.badzurzach.info\\\/fr\\\/produit\\\/mini-edition-de-tschips-wau\\\/#primaryimage\"},\"image\":{\"@id\":\"https:\\\/\\\/www.badzurzach.info\\\/fr\\\/produit\\\/mini-edition-de-tschips-wau\\\/#primaryimage\"},\"thumbnailUrl\":\"https:\\\/\\\/www.badzurzach.info\\\/wp-content\\\/uploads\\\/2022\\\/08\\\/Tschips.Front_.frei_.jpg\",\"datePublished\":\"2022-08-18T13:59:25+00:00\",\"breadcrumb\":{\"@id\":\"https:\\\/\\\/www.badzurzach.info\\\/fr\\\/produit\\\/mini-edition-de-tschips-wau\\\/#breadcrumb\"},\"inLanguage\":\"fr-FR\",\"potentialAction\":[{\"@type\":\"ReadAction\",\"target\":[\"https:\\\/\\\/www.badzurzach.info\\\/fr\\\/produit\\\/mini-edition-de-tschips-wau\\\/\"]}]},{\"@type\":\"ImageObject\",\"inLanguage\":\"fr-FR\",\"@id\":\"https:\\\/\\\/www.badzurzach.info\\\/fr\\\/produit\\\/mini-edition-de-tschips-wau\\\/#primaryimage\",\"url\":\"https:\\\/\\\/www.badzurzach.info\\\/wp-content\\\/uploads\\\/2022\\\/08\\\/Tschips.Front_.frei_.jpg\",\"contentUrl\":\"https:\\\/\\\/www.badzurzach.info\\\/wp-content\\\/uploads\\\/2022\\\/08\\\/Tschips.Front_.frei_.jpg\",\"width\":2400,\"height\":1833},{\"@type\":\"BreadcrumbList\",\"@id\":\"https:\\\/\\\/www.badzurzach.info\\\/fr\\\/produit\\\/mini-edition-de-tschips-wau\\\/#breadcrumb\",\"itemListElement\":[{\"@type\":\"ListItem\",\"position\":1,\"name\":\"Home\",\"item\":\"https:\\\/\\\/www.badzurzach.info\\\/fr\\\/\"},{\"@type\":\"ListItem\",\"position\":2,\"name\":\"Boutique\",\"item\":\"https:\\\/\\\/www.badzurzach.info\\\/fr\\\/boutique\\\/\"},{\"@type\":\"ListItem\",\"position\":3,\"name\":\"Tchips WAU ! Mini \u00e9dition\"}]},{\"@type\":\"WebSite\",\"@id\":\"https:\\\/\\\/www.badzurzach.info\\\/#website\",\"url\":\"https:\\\/\\\/www.badzurzach.info\\\/\",\"name\":\"Bad Zurzach Tourismus\",\"description\":\"Ihre Feriendestination Bad Zurzach\",\"publisher\":{\"@id\":\"https:\\\/\\\/www.badzurzach.info\\\/#organization\"},\"potentialAction\":[{\"@type\":\"SearchAction\",\"target\":{\"@type\":\"EntryPoint\",\"urlTemplate\":\"https:\\\/\\\/www.badzurzach.info\\\/?s={search_term_string}\"},\"query-input\":{\"@type\":\"PropertyValueSpecification\",\"valueRequired\":true,\"valueName\":\"search_term_string\"}}],\"inLanguage\":\"fr-FR\"},{\"@type\":\"Organization\",\"@id\":\"https:\\\/\\\/www.badzurzach.info\\\/#organization\",\"name\":\"Bad Zurzach Tourismus\",\"url\":\"https:\\\/\\\/www.badzurzach.info\\\/\",\"logo\":{\"@type\":\"ImageObject\",\"inLanguage\":\"fr-FR\",\"@id\":\"https:\\\/\\\/www.badzurzach.info\\\/#\\\/schema\\\/logo\\\/image\\\/\",\"url\":\"https:\\\/\\\/www.badzurzach.info\\\/wp-content\\\/uploads\\\/2022\\\/02\\\/Thermalbad-Zurzach_Logo.png\",\"contentUrl\":\"https:\\\/\\\/www.badzurzach.info\\\/wp-content\\\/uploads\\\/2022\\\/02\\\/Thermalbad-Zurzach_Logo.png\",\"width\":1180,\"height\":1705,\"caption\":\"Bad Zurzach Tourismus\"},\"image\":{\"@id\":\"https:\\\/\\\/www.badzurzach.info\\\/#\\\/schema\\\/logo\\\/image\\\/\"},\"sameAs\":[\"https:\\\/\\\/www.facebook.com\\\/badzurzachtourismus\",\"https:\\\/\\\/x.com\\\/BadZurzach\",\"https:\\\/\\\/www.instagram.com\\\/badzurzach.switzerland\",\"https:\\\/\\\/www.linkedin.com\\\/company\\\/6134459\\\/\"]}]}<\/script>\n<!-- \/ Yoast SEO plugin. -->","yoast_head_json":{"title":"Tchips WAU ! Mini \u00e9dition - Bad Zurzach Tourismus","robots":{"index":"index","follow":"follow","max-snippet":"max-snippet:-1","max-image-preview":"max-image-preview:large","max-video-preview":"max-video-preview:-1"},"canonical":"https:\/\/www.badzurzach.info\/fr\/produit\/mini-edition-de-tschips-wau\/","og_locale":"fr_FR","og_type":"article","og_title":"Tchips WAU ! Mini \u00e9dition - Bad Zurzach Tourismus","og_description":"Le petit Tschips est un membre de la famille important et tr\u00e8s aim\u00e9 de tous. Il aide r\u00e9guli\u00e8rement les Moll \u00e0 se sortir du p\u00e9trin, mais il lui arrive aussi de semer la pagaille ou de se retrouver dans des situations d\u00e9licates. Et c'est alors lui qui doit \u00eatre sauv\u00e9....","og_url":"https:\/\/www.badzurzach.info\/fr\/produit\/mini-edition-de-tschips-wau\/","og_site_name":"Bad Zurzach Tourismus","article_publisher":"https:\/\/www.facebook.com\/badzurzachtourismus","og_image":[{"width":2400,"height":1833,"url":"https:\/\/www.badzurzach.info\/wp-content\/uploads\/2022\/08\/Tschips.Front_.frei_.jpg","type":"image\/jpeg"}],"twitter_card":"summary_large_image","twitter_site":"@BadZurzach","schema":{"@context":"https:\/\/schema.org","@graph":[{"@type":"WebPage","@id":"https:\/\/www.badzurzach.info\/fr\/produit\/mini-edition-de-tschips-wau\/","url":"https:\/\/www.badzurzach.info\/fr\/produit\/mini-edition-de-tschips-wau\/","name":"Tchips WAU ! Mini \u00e9dition - Bad Zurzach Tourismus","isPartOf":{"@id":"https:\/\/www.badzurzach.info\/#website"},"primaryImageOfPage":{"@id":"https:\/\/www.badzurzach.info\/fr\/produit\/mini-edition-de-tschips-wau\/#primaryimage"},"image":{"@id":"https:\/\/www.badzurzach.info\/fr\/produit\/mini-edition-de-tschips-wau\/#primaryimage"},"thumbnailUrl":"https:\/\/www.badzurzach.info\/wp-content\/uploads\/2022\/08\/Tschips.Front_.frei_.jpg","datePublished":"2022-08-18T13:59:25+00:00","breadcrumb":{"@id":"https:\/\/www.badzurzach.info\/fr\/produit\/mini-edition-de-tschips-wau\/#breadcrumb"},"inLanguage":"fr-FR","potentialAction":[{"@type":"ReadAction","target":["https:\/\/www.badzurzach.info\/fr\/produit\/mini-edition-de-tschips-wau\/"]}]},{"@type":"ImageObject","inLanguage":"fr-FR","@id":"https:\/\/www.badzurzach.info\/fr\/produit\/mini-edition-de-tschips-wau\/#primaryimage","url":"https:\/\/www.badzurzach.info\/wp-content\/uploads\/2022\/08\/Tschips.Front_.frei_.jpg","contentUrl":"https:\/\/www.badzurzach.info\/wp-content\/uploads\/2022\/08\/Tschips.Front_.frei_.jpg","width":2400,"height":1833},{"@type":"BreadcrumbList","@id":"https:\/\/www.badzurzach.info\/fr\/produit\/mini-edition-de-tschips-wau\/#breadcrumb","itemListElement":[{"@type":"ListItem","position":1,"name":"Home","item":"https:\/\/www.badzurzach.info\/fr\/"},{"@type":"ListItem","position":2,"name":"Boutique","item":"https:\/\/www.badzurzach.info\/fr\/boutique\/"},{"@type":"ListItem","position":3,"name":"Tchips WAU ! Mini \u00e9dition"}]},{"@type":"WebSite","@id":"https:\/\/www.badzurzach.info\/#website","url":"https:\/\/www.badzurzach.info\/","name":"Bad Zurzach Tourismus","description":"Ihre Feriendestination Bad Zurzach","publisher":{"@id":"https:\/\/www.badzurzach.info\/#organization"},"potentialAction":[{"@type":"SearchAction","target":{"@type":"EntryPoint","urlTemplate":"https:\/\/www.badzurzach.info\/?s={search_term_string}"},"query-input":{"@type":"PropertyValueSpecification","valueRequired":true,"valueName":"search_term_string"}}],"inLanguage":"fr-FR"},{"@type":"Organization","@id":"https:\/\/www.badzurzach.info\/#organization","name":"Bad Zurzach Tourismus","url":"https:\/\/www.badzurzach.info\/","logo":{"@type":"ImageObject","inLanguage":"fr-FR","@id":"https:\/\/www.badzurzach.info\/#\/schema\/logo\/image\/","url":"https:\/\/www.badzurzach.info\/wp-content\/uploads\/2022\/02\/Thermalbad-Zurzach_Logo.png","contentUrl":"https:\/\/www.badzurzach.info\/wp-content\/uploads\/2022\/02\/Thermalbad-Zurzach_Logo.png","width":1180,"height":1705,"caption":"Bad Zurzach Tourismus"},"image":{"@id":"https:\/\/www.badzurzach.info\/#\/schema\/logo\/image\/"},"sameAs":["https:\/\/www.facebook.com\/badzurzachtourismus","https:\/\/x.com\/BadZurzach","https:\/\/www.instagram.com\/badzurzach.switzerland","https:\/\/www.linkedin.com\/company\/6134459\/"]}]}},"_links":{"self":[{"href":"https:\/\/www.badzurzach.info\/fr\/wp-json\/wp\/v2\/product\/140512","targetHints":{"allow":["GET"]}}],"collection":[{"href":"https:\/\/www.badzurzach.info\/fr\/wp-json\/wp\/v2\/product"}],"about":[{"href":"https:\/\/www.badzurzach.info\/fr\/wp-json\/wp\/v2\/types\/product"}],"wp:featuredmedia":[{"embeddable":true,"href":"https:\/\/www.badzurzach.info\/fr\/wp-json\/wp\/v2\/media\/130088"}],"wp:attachment":[{"href":"https:\/\/www.badzurzach.info\/fr\/wp-json\/wp\/v2\/media?parent=140512"}],"wp:term":[{"taxonomy":"product_brand","embeddable":true,"href":"https:\/\/www.badzurzach.info\/fr\/wp-json\/wp\/v2\/product_brand?post=140512"},{"taxonomy":"product_cat","embeddable":true,"href":"https:\/\/www.badzurzach.info\/fr\/wp-json\/wp\/v2\/product_cat?post=140512"},{"taxonomy":"product_tag","embeddable":true,"href":"https:\/\/www.badzurzach.info\/fr\/wp-json\/wp\/v2\/product_tag?post=140512"}],"curies":[{"name":"wp","href":"https:\/\/api.w.org\/{rel}","templated":true}]}}