{"id":140519,"date":"2019-04-11T13:55:50","date_gmt":"2019-04-11T11:55:50","guid":{"rendered":"https:\/\/www.badzurzach.info\/product\/parapluie\/"},"modified":"2019-04-11T13:55:50","modified_gmt":"2019-04-11T11:55:50","slug":"parapluie-bad-zurzach","status":"publish","type":"product","link":"https:\/\/www.badzurzach.info\/fr\/produit\/parapluie-bad-zurzach\/","title":{"rendered":"Parapluie"},"content":{"rendered":"<p>Le parapluie avec le logo de Bad Zurzach.<\/p>\n<p>Parfait en cas de pluie, peut \u00eatre utilis\u00e9 comme un cadeau \u00e0 emporter ou un excellent cadeau promotionnel.<\/p>\n","protected":false},"excerpt":{"rendered":"<p>Pour tous les fans de Bad Zurzach :<\/p>\n<p>Parapluie bleu\/blanc avec logo.<\/p>\n","protected":false},"featured_media":128392,"template":"","meta":{"_acf_changed":false,"_relevanssi_hide_post":"","_relevanssi_hide_content":"","_relevanssi_pin_for_all":"","_relevanssi_pin_keywords":"","_relevanssi_unpin_keywords":"","_relevanssi_related_keywords":"","_relevanssi_related_include_ids":"","_relevanssi_related_exclude_ids":"","_relevanssi_related_no_append":"","_relevanssi_related_not_related":"","_relevanssi_related_posts":"","_relevanssi_noindex_reason":""},"product_brand":[],"product_cat":[404],"product_tag":[388,432,435,468,455,389,465,462,459,451,434],"class_list":{"0":"post-140519","1":"product","2":"type-product","3":"status-publish","4":"has-post-thumbnail","6":"product_cat-souvenirs-touristiques-de-bad-zurzach","7":"product_tag-bad-zurzach-fr","8":"product_tag-bad-zurzach-tourisme","9":"product_tag-cadeau","10":"product_tag-cadeau-promotionnel","11":"product_tag-ecran","12":"product_tag-idee-de-cadeau","13":"product_tag-mouille","14":"product_tag-objets-a-rapporter","15":"product_tag-parapluie","16":"product_tag-pluie","17":"product_tag-souvenirs-fr","18":"product_shipping_class-paquet-jusqua-2kg","20":"first","21":"instock","22":"taxable","23":"shipping-taxable","24":"purchasable","25":"product-type-simple"},"acf":[],"yoast_head":"<!-- This site is optimized with the Yoast SEO plugin v27.4 - https:\/\/yoast.com\/product\/yoast-seo-wordpress\/ -->\n<title>Parapluie - Bad Zurzach Tourismus<\/title>\n<meta name=\"robots\" content=\"index, follow, max-snippet:-1, max-image-preview:large, max-video-preview:-1\" \/>\n<link rel=\"canonical\" href=\"https:\/\/www.badzurzach.info\/fr\/produit\/parapluie-bad-zurzach\/\" \/>\n<meta property=\"og:locale\" content=\"fr_FR\" \/>\n<meta property=\"og:type\" content=\"article\" \/>\n<meta property=\"og:title\" content=\"Parapluie - Bad Zurzach Tourismus\" \/>\n<meta property=\"og:description\" content=\"Pour tous les fans de Bad Zurzach : Parapluie bleu\/blanc avec logo.\" \/>\n<meta property=\"og:url\" content=\"https:\/\/www.badzurzach.info\/fr\/produit\/parapluie-bad-zurzach\/\" \/>\n<meta property=\"og:site_name\" content=\"Bad Zurzach Tourismus\" \/>\n<meta property=\"article:publisher\" content=\"https:\/\/www.facebook.com\/badzurzachtourismus\" \/>\n<meta property=\"og:image\" content=\"https:\/\/www.badzurzach.info\/wp-content\/uploads\/2022\/02\/Bad-Zurzach-Schirm_von-oben_1920px-1024x753.jpg\" \/>\n\t<meta property=\"og:image:width\" content=\"1024\" \/>\n\t<meta property=\"og:image:height\" content=\"753\" \/>\n\t<meta property=\"og:image:type\" content=\"image\/jpeg\" \/>\n<meta name=\"twitter:card\" content=\"summary_large_image\" \/>\n<meta name=\"twitter:site\" content=\"@BadZurzach\" \/>\n<script type=\"application\/ld+json\" class=\"yoast-schema-graph\">{\"@context\":\"https:\\\/\\\/schema.org\",\"@graph\":[{\"@type\":\"WebPage\",\"@id\":\"https:\\\/\\\/www.badzurzach.info\\\/fr\\\/produit\\\/parapluie-bad-zurzach\\\/\",\"url\":\"https:\\\/\\\/www.badzurzach.info\\\/fr\\\/produit\\\/parapluie-bad-zurzach\\\/\",\"name\":\"Parapluie - Bad Zurzach Tourismus\",\"isPartOf\":{\"@id\":\"https:\\\/\\\/www.badzurzach.info\\\/#website\"},\"primaryImageOfPage\":{\"@id\":\"https:\\\/\\\/www.badzurzach.info\\\/fr\\\/produit\\\/parapluie-bad-zurzach\\\/#primaryimage\"},\"image\":{\"@id\":\"https:\\\/\\\/www.badzurzach.info\\\/fr\\\/produit\\\/parapluie-bad-zurzach\\\/#primaryimage\"},\"thumbnailUrl\":\"https:\\\/\\\/www.badzurzach.info\\\/wp-content\\\/uploads\\\/2022\\\/02\\\/Bad-Zurzach-Schirm_von-oben_1920px.jpg\",\"datePublished\":\"2019-04-11T11:55:50+00:00\",\"breadcrumb\":{\"@id\":\"https:\\\/\\\/www.badzurzach.info\\\/fr\\\/produit\\\/parapluie-bad-zurzach\\\/#breadcrumb\"},\"inLanguage\":\"fr-FR\",\"potentialAction\":[{\"@type\":\"ReadAction\",\"target\":[\"https:\\\/\\\/www.badzurzach.info\\\/fr\\\/produit\\\/parapluie-bad-zurzach\\\/\"]}]},{\"@type\":\"ImageObject\",\"inLanguage\":\"fr-FR\",\"@id\":\"https:\\\/\\\/www.badzurzach.info\\\/fr\\\/produit\\\/parapluie-bad-zurzach\\\/#primaryimage\",\"url\":\"https:\\\/\\\/www.badzurzach.info\\\/wp-content\\\/uploads\\\/2022\\\/02\\\/Bad-Zurzach-Schirm_von-oben_1920px.jpg\",\"contentUrl\":\"https:\\\/\\\/www.badzurzach.info\\\/wp-content\\\/uploads\\\/2022\\\/02\\\/Bad-Zurzach-Schirm_von-oben_1920px.jpg\",\"width\":1920,\"height\":1411,\"caption\":\"der regenschirm mit bad zurzach-logo\"},{\"@type\":\"BreadcrumbList\",\"@id\":\"https:\\\/\\\/www.badzurzach.info\\\/fr\\\/produit\\\/parapluie-bad-zurzach\\\/#breadcrumb\",\"itemListElement\":[{\"@type\":\"ListItem\",\"position\":1,\"name\":\"Home\",\"item\":\"https:\\\/\\\/www.badzurzach.info\\\/fr\\\/\"},{\"@type\":\"ListItem\",\"position\":2,\"name\":\"Boutique\",\"item\":\"https:\\\/\\\/www.badzurzach.info\\\/fr\\\/boutique\\\/\"},{\"@type\":\"ListItem\",\"position\":3,\"name\":\"Parapluie\"}]},{\"@type\":\"WebSite\",\"@id\":\"https:\\\/\\\/www.badzurzach.info\\\/#website\",\"url\":\"https:\\\/\\\/www.badzurzach.info\\\/\",\"name\":\"Bad Zurzach Tourismus\",\"description\":\"Ihre Feriendestination Bad Zurzach\",\"publisher\":{\"@id\":\"https:\\\/\\\/www.badzurzach.info\\\/#organization\"},\"potentialAction\":[{\"@type\":\"SearchAction\",\"target\":{\"@type\":\"EntryPoint\",\"urlTemplate\":\"https:\\\/\\\/www.badzurzach.info\\\/?s={search_term_string}\"},\"query-input\":{\"@type\":\"PropertyValueSpecification\",\"valueRequired\":true,\"valueName\":\"search_term_string\"}}],\"inLanguage\":\"fr-FR\"},{\"@type\":\"Organization\",\"@id\":\"https:\\\/\\\/www.badzurzach.info\\\/#organization\",\"name\":\"Bad Zurzach Tourismus\",\"url\":\"https:\\\/\\\/www.badzurzach.info\\\/\",\"logo\":{\"@type\":\"ImageObject\",\"inLanguage\":\"fr-FR\",\"@id\":\"https:\\\/\\\/www.badzurzach.info\\\/#\\\/schema\\\/logo\\\/image\\\/\",\"url\":\"https:\\\/\\\/www.badzurzach.info\\\/wp-content\\\/uploads\\\/2022\\\/02\\\/Thermalbad-Zurzach_Logo.png\",\"contentUrl\":\"https:\\\/\\\/www.badzurzach.info\\\/wp-content\\\/uploads\\\/2022\\\/02\\\/Thermalbad-Zurzach_Logo.png\",\"width\":1180,\"height\":1705,\"caption\":\"Bad Zurzach Tourismus\"},\"image\":{\"@id\":\"https:\\\/\\\/www.badzurzach.info\\\/#\\\/schema\\\/logo\\\/image\\\/\"},\"sameAs\":[\"https:\\\/\\\/www.facebook.com\\\/badzurzachtourismus\",\"https:\\\/\\\/x.com\\\/BadZurzach\",\"https:\\\/\\\/www.instagram.com\\\/badzurzach.switzerland\",\"https:\\\/\\\/www.linkedin.com\\\/company\\\/6134459\\\/\"]}]}<\/script>\n<!-- \/ Yoast SEO plugin. -->","yoast_head_json":{"title":"Parapluie - Bad Zurzach Tourismus","robots":{"index":"index","follow":"follow","max-snippet":"max-snippet:-1","max-image-preview":"max-image-preview:large","max-video-preview":"max-video-preview:-1"},"canonical":"https:\/\/www.badzurzach.info\/fr\/produit\/parapluie-bad-zurzach\/","og_locale":"fr_FR","og_type":"article","og_title":"Parapluie - Bad Zurzach Tourismus","og_description":"Pour tous les fans de Bad Zurzach : Parapluie bleu\/blanc avec logo.","og_url":"https:\/\/www.badzurzach.info\/fr\/produit\/parapluie-bad-zurzach\/","og_site_name":"Bad Zurzach Tourismus","article_publisher":"https:\/\/www.facebook.com\/badzurzachtourismus","og_image":[{"width":1024,"height":753,"url":"https:\/\/www.badzurzach.info\/wp-content\/uploads\/2022\/02\/Bad-Zurzach-Schirm_von-oben_1920px-1024x753.jpg","type":"image\/jpeg"}],"twitter_card":"summary_large_image","twitter_site":"@BadZurzach","schema":{"@context":"https:\/\/schema.org","@graph":[{"@type":"WebPage","@id":"https:\/\/www.badzurzach.info\/fr\/produit\/parapluie-bad-zurzach\/","url":"https:\/\/www.badzurzach.info\/fr\/produit\/parapluie-bad-zurzach\/","name":"Parapluie - Bad Zurzach Tourismus","isPartOf":{"@id":"https:\/\/www.badzurzach.info\/#website"},"primaryImageOfPage":{"@id":"https:\/\/www.badzurzach.info\/fr\/produit\/parapluie-bad-zurzach\/#primaryimage"},"image":{"@id":"https:\/\/www.badzurzach.info\/fr\/produit\/parapluie-bad-zurzach\/#primaryimage"},"thumbnailUrl":"https:\/\/www.badzurzach.info\/wp-content\/uploads\/2022\/02\/Bad-Zurzach-Schirm_von-oben_1920px.jpg","datePublished":"2019-04-11T11:55:50+00:00","breadcrumb":{"@id":"https:\/\/www.badzurzach.info\/fr\/produit\/parapluie-bad-zurzach\/#breadcrumb"},"inLanguage":"fr-FR","potentialAction":[{"@type":"ReadAction","target":["https:\/\/www.badzurzach.info\/fr\/produit\/parapluie-bad-zurzach\/"]}]},{"@type":"ImageObject","inLanguage":"fr-FR","@id":"https:\/\/www.badzurzach.info\/fr\/produit\/parapluie-bad-zurzach\/#primaryimage","url":"https:\/\/www.badzurzach.info\/wp-content\/uploads\/2022\/02\/Bad-Zurzach-Schirm_von-oben_1920px.jpg","contentUrl":"https:\/\/www.badzurzach.info\/wp-content\/uploads\/2022\/02\/Bad-Zurzach-Schirm_von-oben_1920px.jpg","width":1920,"height":1411,"caption":"der regenschirm mit bad zurzach-logo"},{"@type":"BreadcrumbList","@id":"https:\/\/www.badzurzach.info\/fr\/produit\/parapluie-bad-zurzach\/#breadcrumb","itemListElement":[{"@type":"ListItem","position":1,"name":"Home","item":"https:\/\/www.badzurzach.info\/fr\/"},{"@type":"ListItem","position":2,"name":"Boutique","item":"https:\/\/www.badzurzach.info\/fr\/boutique\/"},{"@type":"ListItem","position":3,"name":"Parapluie"}]},{"@type":"WebSite","@id":"https:\/\/www.badzurzach.info\/#website","url":"https:\/\/www.badzurzach.info\/","name":"Bad Zurzach Tourismus","description":"Ihre Feriendestination Bad Zurzach","publisher":{"@id":"https:\/\/www.badzurzach.info\/#organization"},"potentialAction":[{"@type":"SearchAction","target":{"@type":"EntryPoint","urlTemplate":"https:\/\/www.badzurzach.info\/?s={search_term_string}"},"query-input":{"@type":"PropertyValueSpecification","valueRequired":true,"valueName":"search_term_string"}}],"inLanguage":"fr-FR"},{"@type":"Organization","@id":"https:\/\/www.badzurzach.info\/#organization","name":"Bad Zurzach Tourismus","url":"https:\/\/www.badzurzach.info\/","logo":{"@type":"ImageObject","inLanguage":"fr-FR","@id":"https:\/\/www.badzurzach.info\/#\/schema\/logo\/image\/","url":"https:\/\/www.badzurzach.info\/wp-content\/uploads\/2022\/02\/Thermalbad-Zurzach_Logo.png","contentUrl":"https:\/\/www.badzurzach.info\/wp-content\/uploads\/2022\/02\/Thermalbad-Zurzach_Logo.png","width":1180,"height":1705,"caption":"Bad Zurzach Tourismus"},"image":{"@id":"https:\/\/www.badzurzach.info\/#\/schema\/logo\/image\/"},"sameAs":["https:\/\/www.facebook.com\/badzurzachtourismus","https:\/\/x.com\/BadZurzach","https:\/\/www.instagram.com\/badzurzach.switzerland","https:\/\/www.linkedin.com\/company\/6134459\/"]}]}},"_links":{"self":[{"href":"https:\/\/www.badzurzach.info\/fr\/wp-json\/wp\/v2\/product\/140519","targetHints":{"allow":["GET"]}}],"collection":[{"href":"https:\/\/www.badzurzach.info\/fr\/wp-json\/wp\/v2\/product"}],"about":[{"href":"https:\/\/www.badzurzach.info\/fr\/wp-json\/wp\/v2\/types\/product"}],"wp:featuredmedia":[{"embeddable":true,"href":"https:\/\/www.badzurzach.info\/fr\/wp-json\/wp\/v2\/media\/128392"}],"wp:attachment":[{"href":"https:\/\/www.badzurzach.info\/fr\/wp-json\/wp\/v2\/media?parent=140519"}],"wp:term":[{"taxonomy":"product_brand","embeddable":true,"href":"https:\/\/www.badzurzach.info\/fr\/wp-json\/wp\/v2\/product_brand?post=140519"},{"taxonomy":"product_cat","embeddable":true,"href":"https:\/\/www.badzurzach.info\/fr\/wp-json\/wp\/v2\/product_cat?post=140519"},{"taxonomy":"product_tag","embeddable":true,"href":"https:\/\/www.badzurzach.info\/fr\/wp-json\/wp\/v2\/product_tag?post=140519"}],"curies":[{"name":"wp","href":"https:\/\/api.w.org\/{rel}","templated":true}]}}