{"id":140535,"date":"2021-07-13T16:10:25","date_gmt":"2021-07-13T14:10:25","guid":{"rendered":"https:\/\/www.badzurzach.info\/product\/carafe-zurzacher-0-5-litre\/"},"modified":"2021-07-13T16:10:25","modified_gmt":"2021-07-13T14:10:25","slug":"zurzacher-carafe-0-5-litres","status":"publish","type":"product","link":"https:\/\/www.badzurzach.info\/fr\/produit\/zurzacher-carafe-0-5-litres\/","title":{"rendered":"Carafe Zurzacher 0.5 litre"},"content":{"rendered":"<p>Pratique et \u00e9l\u00e9gante, cette carafe \u00e0 eau arborant le logo dynamique de la source min\u00e9rale Zurzach ne doit pas manquer dans votre foyer. Elle constitue \u00e9galement un joli cadeau \u00e0 rapporter de Bad Zurzach.<\/p>\n<h5><strong>Plus d&rsquo;informations sur le produit<\/strong><\/h5>\n<ul>\n<li>Capacit\u00e9 : 0,5 litre<\/li>\n<li>Mat\u00e9riau : verre<\/li>\n<\/ul>\n<p>Livr\u00e9 sans eau min\u00e9rale.<\/p>\n","protected":false},"excerpt":{"rendered":"<p>Belle carafe \u00e0 eau en verre de la source min\u00e9rale Zurzacher.<\/p>\n","protected":false},"featured_media":141249,"template":"","meta":{"_acf_changed":false,"_relevanssi_hide_post":"","_relevanssi_hide_content":"","_relevanssi_pin_for_all":"","_relevanssi_pin_keywords":"","_relevanssi_unpin_keywords":"","_relevanssi_related_keywords":"","_relevanssi_related_include_ids":"","_relevanssi_related_exclude_ids":"","_relevanssi_related_no_append":"","_relevanssi_related_not_related":"","_relevanssi_related_posts":"","_relevanssi_noindex_reason":""},"product_brand":[],"product_cat":[404],"product_tag":[388,521,435,509,519,436,389,462,506,522,512,434,524,424,516],"class_list":{"0":"post-140535","1":"product","2":"type-product","3":"status-publish","4":"has-post-thumbnail","6":"product_cat-souvenirs-touristiques-de-bad-zurzach","7":"product_tag-bad-zurzach-fr","8":"product_tag-boire","9":"product_tag-cadeau","10":"product_tag-carafe-fr","11":"product_tag-carafe-deau","12":"product_tag-eau","13":"product_tag-idee-de-cadeau","14":"product_tag-objets-a-rapporter","15":"product_tag-sante","16":"product_tag-soif","17":"product_tag-source-minerale","18":"product_tag-souvenirs-fr","19":"product_tag-verre","20":"product_tag-zurzach-fr","21":"product_tag-zurzacher-fr","22":"product_shipping_class-paquet-jusqua-2kg","24":"first","25":"instock","26":"taxable","27":"shipping-taxable","28":"purchasable","29":"product-type-simple"},"acf":[],"yoast_head":"<!-- This site is optimized with the Yoast SEO plugin v27.4 - https:\/\/yoast.com\/product\/yoast-seo-wordpress\/ -->\n<title>Carafe Zurzacher 0.5 litre - Bad Zurzach Tourismus<\/title>\n<meta name=\"robots\" content=\"index, follow, max-snippet:-1, max-image-preview:large, max-video-preview:-1\" \/>\n<link rel=\"canonical\" href=\"https:\/\/www.badzurzach.info\/fr\/produit\/zurzacher-carafe-0-5-litres\/\" \/>\n<meta property=\"og:locale\" content=\"fr_FR\" \/>\n<meta property=\"og:type\" content=\"article\" \/>\n<meta property=\"og:title\" content=\"Carafe Zurzacher 0.5 litre - Bad Zurzach Tourismus\" \/>\n<meta property=\"og:description\" content=\"Belle carafe \u00e0 eau en verre de la source min\u00e9rale Zurzacher.\" \/>\n<meta property=\"og:url\" content=\"https:\/\/www.badzurzach.info\/fr\/produit\/zurzacher-carafe-0-5-litres\/\" \/>\n<meta property=\"og:site_name\" content=\"Bad Zurzach Tourismus\" \/>\n<meta property=\"article:publisher\" content=\"https:\/\/www.facebook.com\/badzurzachtourismus\" \/>\n<meta property=\"og:image\" content=\"https:\/\/www.badzurzach.info\/wp-content\/uploads\/2021\/07\/Karaffe-scaled.jpg\" \/>\n\t<meta property=\"og:image:width\" content=\"2560\" \/>\n\t<meta property=\"og:image:height\" content=\"1955\" \/>\n\t<meta property=\"og:image:type\" content=\"image\/jpeg\" \/>\n<meta name=\"twitter:card\" content=\"summary_large_image\" \/>\n<meta name=\"twitter:site\" content=\"@BadZurzach\" \/>\n<script type=\"application\/ld+json\" class=\"yoast-schema-graph\">{\"@context\":\"https:\\\/\\\/schema.org\",\"@graph\":[{\"@type\":\"WebPage\",\"@id\":\"https:\\\/\\\/www.badzurzach.info\\\/fr\\\/produit\\\/zurzacher-carafe-0-5-litres\\\/\",\"url\":\"https:\\\/\\\/www.badzurzach.info\\\/fr\\\/produit\\\/zurzacher-carafe-0-5-litres\\\/\",\"name\":\"Carafe Zurzacher 0.5 litre - Bad Zurzach Tourismus\",\"isPartOf\":{\"@id\":\"https:\\\/\\\/www.badzurzach.info\\\/#website\"},\"primaryImageOfPage\":{\"@id\":\"https:\\\/\\\/www.badzurzach.info\\\/fr\\\/produit\\\/zurzacher-carafe-0-5-litres\\\/#primaryimage\"},\"image\":{\"@id\":\"https:\\\/\\\/www.badzurzach.info\\\/fr\\\/produit\\\/zurzacher-carafe-0-5-litres\\\/#primaryimage\"},\"thumbnailUrl\":\"https:\\\/\\\/www.badzurzach.info\\\/wp-content\\\/uploads\\\/2024\\\/07\\\/Zurzacher-Karaffe-scaled.jpg\",\"datePublished\":\"2021-07-13T14:10:25+00:00\",\"breadcrumb\":{\"@id\":\"https:\\\/\\\/www.badzurzach.info\\\/fr\\\/produit\\\/zurzacher-carafe-0-5-litres\\\/#breadcrumb\"},\"inLanguage\":\"fr-FR\",\"potentialAction\":[{\"@type\":\"ReadAction\",\"target\":[\"https:\\\/\\\/www.badzurzach.info\\\/fr\\\/produit\\\/zurzacher-carafe-0-5-litres\\\/\"]}]},{\"@type\":\"ImageObject\",\"inLanguage\":\"fr-FR\",\"@id\":\"https:\\\/\\\/www.badzurzach.info\\\/fr\\\/produit\\\/zurzacher-carafe-0-5-litres\\\/#primaryimage\",\"url\":\"https:\\\/\\\/www.badzurzach.info\\\/wp-content\\\/uploads\\\/2024\\\/07\\\/Zurzacher-Karaffe-scaled.jpg\",\"contentUrl\":\"https:\\\/\\\/www.badzurzach.info\\\/wp-content\\\/uploads\\\/2024\\\/07\\\/Zurzacher-Karaffe-scaled.jpg\",\"width\":2560,\"height\":2560},{\"@type\":\"BreadcrumbList\",\"@id\":\"https:\\\/\\\/www.badzurzach.info\\\/fr\\\/produit\\\/zurzacher-carafe-0-5-litres\\\/#breadcrumb\",\"itemListElement\":[{\"@type\":\"ListItem\",\"position\":1,\"name\":\"Home\",\"item\":\"https:\\\/\\\/www.badzurzach.info\\\/fr\\\/\"},{\"@type\":\"ListItem\",\"position\":2,\"name\":\"Boutique\",\"item\":\"https:\\\/\\\/www.badzurzach.info\\\/fr\\\/boutique\\\/\"},{\"@type\":\"ListItem\",\"position\":3,\"name\":\"Carafe Zurzacher 0.5 litre\"}]},{\"@type\":\"WebSite\",\"@id\":\"https:\\\/\\\/www.badzurzach.info\\\/#website\",\"url\":\"https:\\\/\\\/www.badzurzach.info\\\/\",\"name\":\"Bad Zurzach Tourismus\",\"description\":\"Ihre Feriendestination Bad Zurzach\",\"publisher\":{\"@id\":\"https:\\\/\\\/www.badzurzach.info\\\/#organization\"},\"potentialAction\":[{\"@type\":\"SearchAction\",\"target\":{\"@type\":\"EntryPoint\",\"urlTemplate\":\"https:\\\/\\\/www.badzurzach.info\\\/?s={search_term_string}\"},\"query-input\":{\"@type\":\"PropertyValueSpecification\",\"valueRequired\":true,\"valueName\":\"search_term_string\"}}],\"inLanguage\":\"fr-FR\"},{\"@type\":\"Organization\",\"@id\":\"https:\\\/\\\/www.badzurzach.info\\\/#organization\",\"name\":\"Bad Zurzach Tourismus\",\"url\":\"https:\\\/\\\/www.badzurzach.info\\\/\",\"logo\":{\"@type\":\"ImageObject\",\"inLanguage\":\"fr-FR\",\"@id\":\"https:\\\/\\\/www.badzurzach.info\\\/#\\\/schema\\\/logo\\\/image\\\/\",\"url\":\"https:\\\/\\\/www.badzurzach.info\\\/wp-content\\\/uploads\\\/2022\\\/02\\\/Thermalbad-Zurzach_Logo.png\",\"contentUrl\":\"https:\\\/\\\/www.badzurzach.info\\\/wp-content\\\/uploads\\\/2022\\\/02\\\/Thermalbad-Zurzach_Logo.png\",\"width\":1180,\"height\":1705,\"caption\":\"Bad Zurzach Tourismus\"},\"image\":{\"@id\":\"https:\\\/\\\/www.badzurzach.info\\\/#\\\/schema\\\/logo\\\/image\\\/\"},\"sameAs\":[\"https:\\\/\\\/www.facebook.com\\\/badzurzachtourismus\",\"https:\\\/\\\/x.com\\\/BadZurzach\",\"https:\\\/\\\/www.instagram.com\\\/badzurzach.switzerland\",\"https:\\\/\\\/www.linkedin.com\\\/company\\\/6134459\\\/\"]}]}<\/script>\n<!-- \/ Yoast SEO plugin. -->","yoast_head_json":{"title":"Carafe Zurzacher 0.5 litre - Bad Zurzach Tourismus","robots":{"index":"index","follow":"follow","max-snippet":"max-snippet:-1","max-image-preview":"max-image-preview:large","max-video-preview":"max-video-preview:-1"},"canonical":"https:\/\/www.badzurzach.info\/fr\/produit\/zurzacher-carafe-0-5-litres\/","og_locale":"fr_FR","og_type":"article","og_title":"Carafe Zurzacher 0.5 litre - Bad Zurzach Tourismus","og_description":"Belle carafe \u00e0 eau en verre de la source min\u00e9rale Zurzacher.","og_url":"https:\/\/www.badzurzach.info\/fr\/produit\/zurzacher-carafe-0-5-litres\/","og_site_name":"Bad Zurzach Tourismus","article_publisher":"https:\/\/www.facebook.com\/badzurzachtourismus","og_image":[{"width":2560,"height":1955,"url":"https:\/\/www.badzurzach.info\/wp-content\/uploads\/2021\/07\/Karaffe-scaled.jpg","type":"image\/jpeg"}],"twitter_card":"summary_large_image","twitter_site":"@BadZurzach","schema":{"@context":"https:\/\/schema.org","@graph":[{"@type":"WebPage","@id":"https:\/\/www.badzurzach.info\/fr\/produit\/zurzacher-carafe-0-5-litres\/","url":"https:\/\/www.badzurzach.info\/fr\/produit\/zurzacher-carafe-0-5-litres\/","name":"Carafe Zurzacher 0.5 litre - Bad Zurzach Tourismus","isPartOf":{"@id":"https:\/\/www.badzurzach.info\/#website"},"primaryImageOfPage":{"@id":"https:\/\/www.badzurzach.info\/fr\/produit\/zurzacher-carafe-0-5-litres\/#primaryimage"},"image":{"@id":"https:\/\/www.badzurzach.info\/fr\/produit\/zurzacher-carafe-0-5-litres\/#primaryimage"},"thumbnailUrl":"https:\/\/www.badzurzach.info\/wp-content\/uploads\/2024\/07\/Zurzacher-Karaffe-scaled.jpg","datePublished":"2021-07-13T14:10:25+00:00","breadcrumb":{"@id":"https:\/\/www.badzurzach.info\/fr\/produit\/zurzacher-carafe-0-5-litres\/#breadcrumb"},"inLanguage":"fr-FR","potentialAction":[{"@type":"ReadAction","target":["https:\/\/www.badzurzach.info\/fr\/produit\/zurzacher-carafe-0-5-litres\/"]}]},{"@type":"ImageObject","inLanguage":"fr-FR","@id":"https:\/\/www.badzurzach.info\/fr\/produit\/zurzacher-carafe-0-5-litres\/#primaryimage","url":"https:\/\/www.badzurzach.info\/wp-content\/uploads\/2024\/07\/Zurzacher-Karaffe-scaled.jpg","contentUrl":"https:\/\/www.badzurzach.info\/wp-content\/uploads\/2024\/07\/Zurzacher-Karaffe-scaled.jpg","width":2560,"height":2560},{"@type":"BreadcrumbList","@id":"https:\/\/www.badzurzach.info\/fr\/produit\/zurzacher-carafe-0-5-litres\/#breadcrumb","itemListElement":[{"@type":"ListItem","position":1,"name":"Home","item":"https:\/\/www.badzurzach.info\/fr\/"},{"@type":"ListItem","position":2,"name":"Boutique","item":"https:\/\/www.badzurzach.info\/fr\/boutique\/"},{"@type":"ListItem","position":3,"name":"Carafe Zurzacher 0.5 litre"}]},{"@type":"WebSite","@id":"https:\/\/www.badzurzach.info\/#website","url":"https:\/\/www.badzurzach.info\/","name":"Bad Zurzach Tourismus","description":"Ihre Feriendestination Bad Zurzach","publisher":{"@id":"https:\/\/www.badzurzach.info\/#organization"},"potentialAction":[{"@type":"SearchAction","target":{"@type":"EntryPoint","urlTemplate":"https:\/\/www.badzurzach.info\/?s={search_term_string}"},"query-input":{"@type":"PropertyValueSpecification","valueRequired":true,"valueName":"search_term_string"}}],"inLanguage":"fr-FR"},{"@type":"Organization","@id":"https:\/\/www.badzurzach.info\/#organization","name":"Bad Zurzach Tourismus","url":"https:\/\/www.badzurzach.info\/","logo":{"@type":"ImageObject","inLanguage":"fr-FR","@id":"https:\/\/www.badzurzach.info\/#\/schema\/logo\/image\/","url":"https:\/\/www.badzurzach.info\/wp-content\/uploads\/2022\/02\/Thermalbad-Zurzach_Logo.png","contentUrl":"https:\/\/www.badzurzach.info\/wp-content\/uploads\/2022\/02\/Thermalbad-Zurzach_Logo.png","width":1180,"height":1705,"caption":"Bad Zurzach Tourismus"},"image":{"@id":"https:\/\/www.badzurzach.info\/#\/schema\/logo\/image\/"},"sameAs":["https:\/\/www.facebook.com\/badzurzachtourismus","https:\/\/x.com\/BadZurzach","https:\/\/www.instagram.com\/badzurzach.switzerland","https:\/\/www.linkedin.com\/company\/6134459\/"]}]}},"_links":{"self":[{"href":"https:\/\/www.badzurzach.info\/fr\/wp-json\/wp\/v2\/product\/140535","targetHints":{"allow":["GET"]}}],"collection":[{"href":"https:\/\/www.badzurzach.info\/fr\/wp-json\/wp\/v2\/product"}],"about":[{"href":"https:\/\/www.badzurzach.info\/fr\/wp-json\/wp\/v2\/types\/product"}],"wp:featuredmedia":[{"embeddable":true,"href":"https:\/\/www.badzurzach.info\/fr\/wp-json\/wp\/v2\/media\/141249"}],"wp:attachment":[{"href":"https:\/\/www.badzurzach.info\/fr\/wp-json\/wp\/v2\/media?parent=140535"}],"wp:term":[{"taxonomy":"product_brand","embeddable":true,"href":"https:\/\/www.badzurzach.info\/fr\/wp-json\/wp\/v2\/product_brand?post=140535"},{"taxonomy":"product_cat","embeddable":true,"href":"https:\/\/www.badzurzach.info\/fr\/wp-json\/wp\/v2\/product_cat?post=140535"},{"taxonomy":"product_tag","embeddable":true,"href":"https:\/\/www.badzurzach.info\/fr\/wp-json\/wp\/v2\/product_tag?post=140535"}],"curies":[{"name":"wp","href":"https:\/\/api.w.org\/{rel}","templated":true}]}}