{"id":140585,"date":"2017-11-14T07:15:10","date_gmt":"2017-11-14T06:15:10","guid":{"rendered":"https:\/\/www.badzurzach.info\/product\/ailes-de-natation-papa-moll\/"},"modified":"2025-06-01T00:01:55","modified_gmt":"2025-05-31T22:01:55","slug":"ailes-flottantes","status":"publish","type":"product","link":"https:\/\/www.badzurzach.info\/fr\/produit\/ailes-flottantes\/","title":{"rendered":"Ailes de natation Papa Moll"},"content":{"rendered":"<p>Aide \u00e0 la flottabilit\u00e9 pour les enfants d&rsquo;environ 11-30 kg, respectivement 1-6 ans. Avec deux chambres \u00e0 air et une soupape de s\u00e9curit\u00e9.<\/p>\n<h5><strong>Plus d&rsquo;informations sur le produit<\/strong><\/h5>\n<p>Avertissement ! Pas de protection contre la noyade ! A utiliser uniquement sous surveillance constante !<\/p>\n","protected":false},"excerpt":{"rendered":"<p>Aide \u00e0 la flottabilit\u00e9 pour les enfants d&rsquo;environ 11 \u00e0 30 kg.<\/p>\n","protected":false},"featured_media":128434,"template":"","meta":{"_acf_changed":false,"_relevanssi_hide_post":"","_relevanssi_hide_content":"","_relevanssi_pin_for_all":"","_relevanssi_pin_keywords":"","_relevanssi_unpin_keywords":"","_relevanssi_related_keywords":"","_relevanssi_related_include_ids":"","_relevanssi_related_exclude_ids":"","_relevanssi_related_no_append":"","_relevanssi_related_not_related":"","_relevanssi_related_posts":"","_relevanssi_noindex_reason":""},"product_brand":[],"product_cat":[392],"product_tag":[437,379,381,440,385],"class_list":{"0":"post-140585","1":"product","2":"type-product","3":"status-publish","4":"has-post-thumbnail","6":"product_cat-idees-de-cadeaux-de-papa-moll","7":"product_tag-baden-fr","8":"product_tag-enfants","9":"product_tag-le-pays-de-papa-moll","10":"product_tag-natation","11":"product_tag-papa-moll-fr","12":"product_shipping_class-paquet-jusqua-2kg","14":"first","15":"instock","16":"taxable","17":"shipping-taxable","18":"purchasable","19":"product-type-simple"},"acf":[],"yoast_head":"<!-- This site is optimized with the Yoast SEO plugin v27.4 - https:\/\/yoast.com\/product\/yoast-seo-wordpress\/ -->\n<title>Ailes de natation Papa Moll - Bad Zurzach Tourismus<\/title>\n<meta name=\"robots\" content=\"index, follow, max-snippet:-1, max-image-preview:large, max-video-preview:-1\" \/>\n<link rel=\"canonical\" href=\"https:\/\/www.badzurzach.info\/fr\/produit\/ailes-flottantes\/\" \/>\n<meta property=\"og:locale\" content=\"fr_FR\" \/>\n<meta property=\"og:type\" content=\"article\" \/>\n<meta property=\"og:title\" content=\"Ailes de natation Papa Moll - Bad Zurzach Tourismus\" \/>\n<meta property=\"og:description\" content=\"Aide \u00e0 la flottabilit\u00e9 pour les enfants d&#039;environ 11 \u00e0 30 kg.\" \/>\n<meta property=\"og:url\" content=\"https:\/\/www.badzurzach.info\/fr\/produit\/ailes-flottantes\/\" \/>\n<meta property=\"og:site_name\" content=\"Bad Zurzach Tourismus\" \/>\n<meta property=\"article:publisher\" content=\"https:\/\/www.facebook.com\/badzurzachtourismus\" \/>\n<meta property=\"article:modified_time\" content=\"2025-05-31T22:01:55+00:00\" \/>\n<meta property=\"og:image\" content=\"https:\/\/www.badzurzach.info\/wp-content\/uploads\/2022\/03\/Papa-Moll-Schwimmfluegel_1920px-1024x683.jpg\" \/>\n\t<meta property=\"og:image:width\" content=\"1024\" \/>\n\t<meta property=\"og:image:height\" content=\"683\" \/>\n\t<meta property=\"og:image:type\" content=\"image\/jpeg\" \/>\n<meta name=\"twitter:card\" content=\"summary_large_image\" \/>\n<meta name=\"twitter:site\" content=\"@BadZurzach\" \/>\n<script type=\"application\/ld+json\" class=\"yoast-schema-graph\">{\"@context\":\"https:\\\/\\\/schema.org\",\"@graph\":[{\"@type\":\"WebPage\",\"@id\":\"https:\\\/\\\/www.badzurzach.info\\\/fr\\\/produit\\\/ailes-flottantes\\\/\",\"url\":\"https:\\\/\\\/www.badzurzach.info\\\/fr\\\/produit\\\/ailes-flottantes\\\/\",\"name\":\"Ailes de natation Papa Moll - Bad Zurzach Tourismus\",\"isPartOf\":{\"@id\":\"https:\\\/\\\/www.badzurzach.info\\\/#website\"},\"primaryImageOfPage\":{\"@id\":\"https:\\\/\\\/www.badzurzach.info\\\/fr\\\/produit\\\/ailes-flottantes\\\/#primaryimage\"},\"image\":{\"@id\":\"https:\\\/\\\/www.badzurzach.info\\\/fr\\\/produit\\\/ailes-flottantes\\\/#primaryimage\"},\"thumbnailUrl\":\"https:\\\/\\\/www.badzurzach.info\\\/wp-content\\\/uploads\\\/2022\\\/03\\\/Papa-Moll-Schwimmfluegel_1920px.jpg\",\"datePublished\":\"2017-11-14T06:15:10+00:00\",\"dateModified\":\"2025-05-31T22:01:55+00:00\",\"breadcrumb\":{\"@id\":\"https:\\\/\\\/www.badzurzach.info\\\/fr\\\/produit\\\/ailes-flottantes\\\/#breadcrumb\"},\"inLanguage\":\"fr-FR\",\"potentialAction\":[{\"@type\":\"ReadAction\",\"target\":[\"https:\\\/\\\/www.badzurzach.info\\\/fr\\\/produit\\\/ailes-flottantes\\\/\"]}]},{\"@type\":\"ImageObject\",\"inLanguage\":\"fr-FR\",\"@id\":\"https:\\\/\\\/www.badzurzach.info\\\/fr\\\/produit\\\/ailes-flottantes\\\/#primaryimage\",\"url\":\"https:\\\/\\\/www.badzurzach.info\\\/wp-content\\\/uploads\\\/2022\\\/03\\\/Papa-Moll-Schwimmfluegel_1920px.jpg\",\"contentUrl\":\"https:\\\/\\\/www.badzurzach.info\\\/wp-content\\\/uploads\\\/2022\\\/03\\\/Papa-Moll-Schwimmfluegel_1920px.jpg\",\"width\":1920,\"height\":1280,\"caption\":\"schwimmhilfe f\u00fcr kinder\"},{\"@type\":\"BreadcrumbList\",\"@id\":\"https:\\\/\\\/www.badzurzach.info\\\/fr\\\/produit\\\/ailes-flottantes\\\/#breadcrumb\",\"itemListElement\":[{\"@type\":\"ListItem\",\"position\":1,\"name\":\"Home\",\"item\":\"https:\\\/\\\/www.badzurzach.info\\\/fr\\\/\"},{\"@type\":\"ListItem\",\"position\":2,\"name\":\"Boutique\",\"item\":\"https:\\\/\\\/www.badzurzach.info\\\/fr\\\/boutique\\\/\"},{\"@type\":\"ListItem\",\"position\":3,\"name\":\"Ailes de natation Papa Moll\"}]},{\"@type\":\"WebSite\",\"@id\":\"https:\\\/\\\/www.badzurzach.info\\\/#website\",\"url\":\"https:\\\/\\\/www.badzurzach.info\\\/\",\"name\":\"Bad Zurzach Tourismus\",\"description\":\"Ihre Feriendestination Bad Zurzach\",\"publisher\":{\"@id\":\"https:\\\/\\\/www.badzurzach.info\\\/#organization\"},\"potentialAction\":[{\"@type\":\"SearchAction\",\"target\":{\"@type\":\"EntryPoint\",\"urlTemplate\":\"https:\\\/\\\/www.badzurzach.info\\\/?s={search_term_string}\"},\"query-input\":{\"@type\":\"PropertyValueSpecification\",\"valueRequired\":true,\"valueName\":\"search_term_string\"}}],\"inLanguage\":\"fr-FR\"},{\"@type\":\"Organization\",\"@id\":\"https:\\\/\\\/www.badzurzach.info\\\/#organization\",\"name\":\"Bad Zurzach Tourismus\",\"url\":\"https:\\\/\\\/www.badzurzach.info\\\/\",\"logo\":{\"@type\":\"ImageObject\",\"inLanguage\":\"fr-FR\",\"@id\":\"https:\\\/\\\/www.badzurzach.info\\\/#\\\/schema\\\/logo\\\/image\\\/\",\"url\":\"https:\\\/\\\/www.badzurzach.info\\\/wp-content\\\/uploads\\\/2022\\\/02\\\/Thermalbad-Zurzach_Logo.png\",\"contentUrl\":\"https:\\\/\\\/www.badzurzach.info\\\/wp-content\\\/uploads\\\/2022\\\/02\\\/Thermalbad-Zurzach_Logo.png\",\"width\":1180,\"height\":1705,\"caption\":\"Bad Zurzach Tourismus\"},\"image\":{\"@id\":\"https:\\\/\\\/www.badzurzach.info\\\/#\\\/schema\\\/logo\\\/image\\\/\"},\"sameAs\":[\"https:\\\/\\\/www.facebook.com\\\/badzurzachtourismus\",\"https:\\\/\\\/x.com\\\/BadZurzach\",\"https:\\\/\\\/www.instagram.com\\\/badzurzach.switzerland\",\"https:\\\/\\\/www.linkedin.com\\\/company\\\/6134459\\\/\"]}]}<\/script>\n<!-- \/ Yoast SEO plugin. -->","yoast_head_json":{"title":"Ailes de natation Papa Moll - Bad Zurzach Tourismus","robots":{"index":"index","follow":"follow","max-snippet":"max-snippet:-1","max-image-preview":"max-image-preview:large","max-video-preview":"max-video-preview:-1"},"canonical":"https:\/\/www.badzurzach.info\/fr\/produit\/ailes-flottantes\/","og_locale":"fr_FR","og_type":"article","og_title":"Ailes de natation Papa Moll - Bad Zurzach Tourismus","og_description":"Aide \u00e0 la flottabilit\u00e9 pour les enfants d'environ 11 \u00e0 30 kg.","og_url":"https:\/\/www.badzurzach.info\/fr\/produit\/ailes-flottantes\/","og_site_name":"Bad Zurzach Tourismus","article_publisher":"https:\/\/www.facebook.com\/badzurzachtourismus","article_modified_time":"2025-05-31T22:01:55+00:00","og_image":[{"width":1024,"height":683,"url":"https:\/\/www.badzurzach.info\/wp-content\/uploads\/2022\/03\/Papa-Moll-Schwimmfluegel_1920px-1024x683.jpg","type":"image\/jpeg"}],"twitter_card":"summary_large_image","twitter_site":"@BadZurzach","schema":{"@context":"https:\/\/schema.org","@graph":[{"@type":"WebPage","@id":"https:\/\/www.badzurzach.info\/fr\/produit\/ailes-flottantes\/","url":"https:\/\/www.badzurzach.info\/fr\/produit\/ailes-flottantes\/","name":"Ailes de natation Papa Moll - Bad Zurzach Tourismus","isPartOf":{"@id":"https:\/\/www.badzurzach.info\/#website"},"primaryImageOfPage":{"@id":"https:\/\/www.badzurzach.info\/fr\/produit\/ailes-flottantes\/#primaryimage"},"image":{"@id":"https:\/\/www.badzurzach.info\/fr\/produit\/ailes-flottantes\/#primaryimage"},"thumbnailUrl":"https:\/\/www.badzurzach.info\/wp-content\/uploads\/2022\/03\/Papa-Moll-Schwimmfluegel_1920px.jpg","datePublished":"2017-11-14T06:15:10+00:00","dateModified":"2025-05-31T22:01:55+00:00","breadcrumb":{"@id":"https:\/\/www.badzurzach.info\/fr\/produit\/ailes-flottantes\/#breadcrumb"},"inLanguage":"fr-FR","potentialAction":[{"@type":"ReadAction","target":["https:\/\/www.badzurzach.info\/fr\/produit\/ailes-flottantes\/"]}]},{"@type":"ImageObject","inLanguage":"fr-FR","@id":"https:\/\/www.badzurzach.info\/fr\/produit\/ailes-flottantes\/#primaryimage","url":"https:\/\/www.badzurzach.info\/wp-content\/uploads\/2022\/03\/Papa-Moll-Schwimmfluegel_1920px.jpg","contentUrl":"https:\/\/www.badzurzach.info\/wp-content\/uploads\/2022\/03\/Papa-Moll-Schwimmfluegel_1920px.jpg","width":1920,"height":1280,"caption":"schwimmhilfe f\u00fcr kinder"},{"@type":"BreadcrumbList","@id":"https:\/\/www.badzurzach.info\/fr\/produit\/ailes-flottantes\/#breadcrumb","itemListElement":[{"@type":"ListItem","position":1,"name":"Home","item":"https:\/\/www.badzurzach.info\/fr\/"},{"@type":"ListItem","position":2,"name":"Boutique","item":"https:\/\/www.badzurzach.info\/fr\/boutique\/"},{"@type":"ListItem","position":3,"name":"Ailes de natation Papa Moll"}]},{"@type":"WebSite","@id":"https:\/\/www.badzurzach.info\/#website","url":"https:\/\/www.badzurzach.info\/","name":"Bad Zurzach Tourismus","description":"Ihre Feriendestination Bad Zurzach","publisher":{"@id":"https:\/\/www.badzurzach.info\/#organization"},"potentialAction":[{"@type":"SearchAction","target":{"@type":"EntryPoint","urlTemplate":"https:\/\/www.badzurzach.info\/?s={search_term_string}"},"query-input":{"@type":"PropertyValueSpecification","valueRequired":true,"valueName":"search_term_string"}}],"inLanguage":"fr-FR"},{"@type":"Organization","@id":"https:\/\/www.badzurzach.info\/#organization","name":"Bad Zurzach Tourismus","url":"https:\/\/www.badzurzach.info\/","logo":{"@type":"ImageObject","inLanguage":"fr-FR","@id":"https:\/\/www.badzurzach.info\/#\/schema\/logo\/image\/","url":"https:\/\/www.badzurzach.info\/wp-content\/uploads\/2022\/02\/Thermalbad-Zurzach_Logo.png","contentUrl":"https:\/\/www.badzurzach.info\/wp-content\/uploads\/2022\/02\/Thermalbad-Zurzach_Logo.png","width":1180,"height":1705,"caption":"Bad Zurzach Tourismus"},"image":{"@id":"https:\/\/www.badzurzach.info\/#\/schema\/logo\/image\/"},"sameAs":["https:\/\/www.facebook.com\/badzurzachtourismus","https:\/\/x.com\/BadZurzach","https:\/\/www.instagram.com\/badzurzach.switzerland","https:\/\/www.linkedin.com\/company\/6134459\/"]}]}},"_links":{"self":[{"href":"https:\/\/www.badzurzach.info\/fr\/wp-json\/wp\/v2\/product\/140585","targetHints":{"allow":["GET"]}}],"collection":[{"href":"https:\/\/www.badzurzach.info\/fr\/wp-json\/wp\/v2\/product"}],"about":[{"href":"https:\/\/www.badzurzach.info\/fr\/wp-json\/wp\/v2\/types\/product"}],"wp:featuredmedia":[{"embeddable":true,"href":"https:\/\/www.badzurzach.info\/fr\/wp-json\/wp\/v2\/media\/128434"}],"wp:attachment":[{"href":"https:\/\/www.badzurzach.info\/fr\/wp-json\/wp\/v2\/media?parent=140585"}],"wp:term":[{"taxonomy":"product_brand","embeddable":true,"href":"https:\/\/www.badzurzach.info\/fr\/wp-json\/wp\/v2\/product_brand?post=140585"},{"taxonomy":"product_cat","embeddable":true,"href":"https:\/\/www.badzurzach.info\/fr\/wp-json\/wp\/v2\/product_cat?post=140585"},{"taxonomy":"product_tag","embeddable":true,"href":"https:\/\/www.badzurzach.info\/fr\/wp-json\/wp\/v2\/product_tag?post=140585"}],"curies":[{"name":"wp","href":"https:\/\/api.w.org\/{rel}","templated":true}]}}