{"id":237239,"date":"2025-09-12T15:25:20","date_gmt":"2025-09-12T13:25:20","guid":{"rendered":"https:\/\/www.badzurzach.info\/?post_type=product&#038;p=237239"},"modified":"2025-09-18T10:49:08","modified_gmt":"2025-09-18T08:49:08","slug":"livre-de-devinettes-papa-moll-mitaines-dans-la-tempete","status":"publish","type":"product","link":"https:\/\/www.badzurzach.info\/fr\/produit\/livre-de-devinettes-papa-moll-mitaines-dans-la-tempete\/","title":{"rendered":"Livret de devinettes \u00ab\u00a0Papa Moll au milieu de la temp\u00eate\u00a0\u00bb."},"content":{"rendered":"<p>Un d\u00e9fi vari\u00e9 pour les cellules grises !<br \/>\nR\u00e9soudre des \u00e9nigmes, trouver des chemins et des diff\u00e9rences et colorier les images les plus diverses : Les enfants peuvent faire tout cela avec ce nouveau cahier de coloriage et de devinettes de la famille Moll.<\/p>\n<p>Pour les enfants \u00e0 partir de 5 ans.<\/p>\n<h5><strong>Plus d&rsquo;informations sur le produit<\/strong><\/h5>\n<ul>\n<li>Maison d&rsquo;\u00e9dition : Orell F\u00fcssli Verlag<\/li>\n<li>Pages : 28<\/li>\n<li>\n<div class=\"fw-bold\">Dimensions : 16.5 x 24 cm<\/div>\n<\/li>\n<li>\n<div class=\"fw-bold\">Couverture : Cartonn\u00e9e<\/div>\n<\/li>\n<li>\n<div class=\"fw-bold\">Illustrateur\/trice : Tobias<\/div>\n<\/li>\n<\/ul>\n","protected":false},"excerpt":{"rendered":"<p>Le livre de coloriage et de jeux de Papa Moll adapt\u00e9 au livre \u00ab\u00a0Papa Moll et la temp\u00eate\u00a0\u00bb.<\/p>\n<p>&nbsp;<\/p>\n","protected":false},"featured_media":238508,"template":"","meta":{"_acf_changed":false,"_relevanssi_hide_post":"","_relevanssi_hide_content":"","_relevanssi_pin_for_all":"","_relevanssi_pin_keywords":"","_relevanssi_unpin_keywords":"","_relevanssi_related_keywords":"","_relevanssi_related_include_ids":"","_relevanssi_related_exclude_ids":"","_relevanssi_related_no_append":"","_relevanssi_related_not_related":"","_relevanssi_related_posts":"","_relevanssi_noindex_reason":""},"product_brand":[],"product_cat":[376],"product_tag":[379,381,618,620,615,385],"class_list":{"0":"post-237239","1":"product","2":"type-product","3":"status-publish","4":"has-post-thumbnail","6":"product_cat-livres-de-papa-moll","7":"product_tag-enfants","8":"product_tag-le-pays-de-papa-moll","9":"product_tag-livre-de-coloriage","10":"product_tag-livre-de-coloriage-pour-enfants-fr","11":"product_tag-livre-de-coloriage-pour-enfants","12":"product_tag-papa-moll-fr","13":"product_shipping_class-lettre-b5-c5","15":"first","16":"instock","17":"taxable","18":"shipping-taxable","19":"purchasable","20":"product-type-simple"},"acf":[],"yoast_head":"<!-- This site is optimized with the Yoast SEO plugin v27.4 - https:\/\/yoast.com\/product\/yoast-seo-wordpress\/ -->\n<title>Livret de devinettes &quot;Papa Moll au milieu de la temp\u00eate&quot;. - Bad Zurzach Tourismus<\/title>\n<meta name=\"description\" content=\"R\u00e9soudre des \u00e9nigmes, trouver des chemins et des diff\u00e9rences et colorier les images les plus diverses, en accord avec le volume 38 de Papa Moll.\" \/>\n<meta name=\"robots\" content=\"index, follow, max-snippet:-1, max-image-preview:large, max-video-preview:-1\" \/>\n<link rel=\"canonical\" href=\"https:\/\/www.badzurzach.info\/fr\/produit\/livre-de-devinettes-papa-moll-mitaines-dans-la-tempete\/\" \/>\n<meta property=\"og:locale\" content=\"fr_FR\" \/>\n<meta property=\"og:type\" content=\"article\" \/>\n<meta property=\"og:title\" content=\"Livret de devinettes &quot;Papa Moll au milieu de la temp\u00eate&quot;. - Bad Zurzach Tourismus\" \/>\n<meta property=\"og:description\" content=\"R\u00e9soudre des \u00e9nigmes, trouver des chemins et des diff\u00e9rences et colorier les images les plus diverses, en accord avec le volume 38 de Papa Moll.\" \/>\n<meta property=\"og:url\" content=\"https:\/\/www.badzurzach.info\/fr\/produit\/livre-de-devinettes-papa-moll-mitaines-dans-la-tempete\/\" \/>\n<meta property=\"og:site_name\" content=\"Bad Zurzach Tourismus\" \/>\n<meta property=\"article:publisher\" content=\"https:\/\/www.facebook.com\/badzurzachtourismus\" \/>\n<meta property=\"article:modified_time\" content=\"2025-09-18T08:49:08+00:00\" \/>\n<meta property=\"og:image\" content=\"https:\/\/www.badzurzach.info\/wp-content\/uploads\/2025\/09\/Papa-Moll-mitten-im-Unwetter-Mal-und-Spielheft.webp\" \/>\n\t<meta property=\"og:image:width\" content=\"365\" \/>\n\t<meta property=\"og:image:height\" content=\"504\" \/>\n\t<meta property=\"og:image:type\" content=\"image\/webp\" \/>\n<meta name=\"twitter:card\" content=\"summary_large_image\" \/>\n<meta name=\"twitter:site\" content=\"@BadZurzach\" \/>\n<meta name=\"twitter:label1\" content=\"Dur\u00e9e de lecture estim\u00e9e\" \/>\n\t<meta name=\"twitter:data1\" content=\"1 minute\" \/>\n<script type=\"application\/ld+json\" class=\"yoast-schema-graph\">{\"@context\":\"https:\\\/\\\/schema.org\",\"@graph\":[{\"@type\":\"WebPage\",\"@id\":\"https:\\\/\\\/www.badzurzach.info\\\/fr\\\/produit\\\/livre-de-devinettes-papa-moll-mitaines-dans-la-tempete\\\/\",\"url\":\"https:\\\/\\\/www.badzurzach.info\\\/fr\\\/produit\\\/livre-de-devinettes-papa-moll-mitaines-dans-la-tempete\\\/\",\"name\":\"Livret de devinettes \\\"Papa Moll au milieu de la temp\u00eate\\\". - Bad Zurzach Tourismus\",\"isPartOf\":{\"@id\":\"https:\\\/\\\/www.badzurzach.info\\\/#website\"},\"primaryImageOfPage\":{\"@id\":\"https:\\\/\\\/www.badzurzach.info\\\/fr\\\/produit\\\/livre-de-devinettes-papa-moll-mitaines-dans-la-tempete\\\/#primaryimage\"},\"image\":{\"@id\":\"https:\\\/\\\/www.badzurzach.info\\\/fr\\\/produit\\\/livre-de-devinettes-papa-moll-mitaines-dans-la-tempete\\\/#primaryimage\"},\"thumbnailUrl\":\"https:\\\/\\\/www.badzurzach.info\\\/wp-content\\\/uploads\\\/2025\\\/09\\\/Papa-Moll-mitten-im-Unwetter.jpg\",\"datePublished\":\"2025-09-12T13:25:20+00:00\",\"dateModified\":\"2025-09-18T08:49:08+00:00\",\"description\":\"R\u00e9soudre des \u00e9nigmes, trouver des chemins et des diff\u00e9rences et colorier les images les plus diverses, en accord avec le volume 38 de Papa Moll.\",\"breadcrumb\":{\"@id\":\"https:\\\/\\\/www.badzurzach.info\\\/fr\\\/produit\\\/livre-de-devinettes-papa-moll-mitaines-dans-la-tempete\\\/#breadcrumb\"},\"inLanguage\":\"fr-FR\",\"potentialAction\":[{\"@type\":\"ReadAction\",\"target\":[\"https:\\\/\\\/www.badzurzach.info\\\/fr\\\/produit\\\/livre-de-devinettes-papa-moll-mitaines-dans-la-tempete\\\/\"]}]},{\"@type\":\"ImageObject\",\"inLanguage\":\"fr-FR\",\"@id\":\"https:\\\/\\\/www.badzurzach.info\\\/fr\\\/produit\\\/livre-de-devinettes-papa-moll-mitaines-dans-la-tempete\\\/#primaryimage\",\"url\":\"https:\\\/\\\/www.badzurzach.info\\\/wp-content\\\/uploads\\\/2025\\\/09\\\/Papa-Moll-mitten-im-Unwetter.jpg\",\"contentUrl\":\"https:\\\/\\\/www.badzurzach.info\\\/wp-content\\\/uploads\\\/2025\\\/09\\\/Papa-Moll-mitten-im-Unwetter.jpg\",\"width\":469,\"height\":648},{\"@type\":\"BreadcrumbList\",\"@id\":\"https:\\\/\\\/www.badzurzach.info\\\/fr\\\/produit\\\/livre-de-devinettes-papa-moll-mitaines-dans-la-tempete\\\/#breadcrumb\",\"itemListElement\":[{\"@type\":\"ListItem\",\"position\":1,\"name\":\"Home\",\"item\":\"https:\\\/\\\/www.badzurzach.info\\\/fr\\\/\"},{\"@type\":\"ListItem\",\"position\":2,\"name\":\"Boutique\",\"item\":\"https:\\\/\\\/www.badzurzach.info\\\/fr\\\/boutique\\\/\"},{\"@type\":\"ListItem\",\"position\":3,\"name\":\"Livret de devinettes \u00ab\u00a0Papa Moll au milieu de la temp\u00eate\u00a0\u00bb.\"}]},{\"@type\":\"WebSite\",\"@id\":\"https:\\\/\\\/www.badzurzach.info\\\/#website\",\"url\":\"https:\\\/\\\/www.badzurzach.info\\\/\",\"name\":\"Bad Zurzach Tourismus\",\"description\":\"Ihre Feriendestination Bad Zurzach\",\"publisher\":{\"@id\":\"https:\\\/\\\/www.badzurzach.info\\\/#organization\"},\"potentialAction\":[{\"@type\":\"SearchAction\",\"target\":{\"@type\":\"EntryPoint\",\"urlTemplate\":\"https:\\\/\\\/www.badzurzach.info\\\/?s={search_term_string}\"},\"query-input\":{\"@type\":\"PropertyValueSpecification\",\"valueRequired\":true,\"valueName\":\"search_term_string\"}}],\"inLanguage\":\"fr-FR\"},{\"@type\":\"Organization\",\"@id\":\"https:\\\/\\\/www.badzurzach.info\\\/#organization\",\"name\":\"Bad Zurzach Tourismus\",\"url\":\"https:\\\/\\\/www.badzurzach.info\\\/\",\"logo\":{\"@type\":\"ImageObject\",\"inLanguage\":\"fr-FR\",\"@id\":\"https:\\\/\\\/www.badzurzach.info\\\/#\\\/schema\\\/logo\\\/image\\\/\",\"url\":\"https:\\\/\\\/www.badzurzach.info\\\/wp-content\\\/uploads\\\/2022\\\/02\\\/Thermalbad-Zurzach_Logo.png\",\"contentUrl\":\"https:\\\/\\\/www.badzurzach.info\\\/wp-content\\\/uploads\\\/2022\\\/02\\\/Thermalbad-Zurzach_Logo.png\",\"width\":1180,\"height\":1705,\"caption\":\"Bad Zurzach Tourismus\"},\"image\":{\"@id\":\"https:\\\/\\\/www.badzurzach.info\\\/#\\\/schema\\\/logo\\\/image\\\/\"},\"sameAs\":[\"https:\\\/\\\/www.facebook.com\\\/badzurzachtourismus\",\"https:\\\/\\\/x.com\\\/BadZurzach\",\"https:\\\/\\\/www.instagram.com\\\/badzurzach.switzerland\",\"https:\\\/\\\/www.linkedin.com\\\/company\\\/6134459\\\/\"]}]}<\/script>\n<!-- \/ Yoast SEO plugin. -->","yoast_head_json":{"title":"Livret de devinettes \"Papa Moll au milieu de la temp\u00eate\". - Bad Zurzach Tourismus","description":"R\u00e9soudre des \u00e9nigmes, trouver des chemins et des diff\u00e9rences et colorier les images les plus diverses, en accord avec le volume 38 de Papa Moll.","robots":{"index":"index","follow":"follow","max-snippet":"max-snippet:-1","max-image-preview":"max-image-preview:large","max-video-preview":"max-video-preview:-1"},"canonical":"https:\/\/www.badzurzach.info\/fr\/produit\/livre-de-devinettes-papa-moll-mitaines-dans-la-tempete\/","og_locale":"fr_FR","og_type":"article","og_title":"Livret de devinettes \"Papa Moll au milieu de la temp\u00eate\". - Bad Zurzach Tourismus","og_description":"R\u00e9soudre des \u00e9nigmes, trouver des chemins et des diff\u00e9rences et colorier les images les plus diverses, en accord avec le volume 38 de Papa Moll.","og_url":"https:\/\/www.badzurzach.info\/fr\/produit\/livre-de-devinettes-papa-moll-mitaines-dans-la-tempete\/","og_site_name":"Bad Zurzach Tourismus","article_publisher":"https:\/\/www.facebook.com\/badzurzachtourismus","article_modified_time":"2025-09-18T08:49:08+00:00","og_image":[{"width":365,"height":504,"url":"https:\/\/www.badzurzach.info\/wp-content\/uploads\/2025\/09\/Papa-Moll-mitten-im-Unwetter-Mal-und-Spielheft.webp","type":"image\/webp"}],"twitter_card":"summary_large_image","twitter_site":"@BadZurzach","twitter_misc":{"Dur\u00e9e de lecture estim\u00e9e":"1 minute"},"schema":{"@context":"https:\/\/schema.org","@graph":[{"@type":"WebPage","@id":"https:\/\/www.badzurzach.info\/fr\/produit\/livre-de-devinettes-papa-moll-mitaines-dans-la-tempete\/","url":"https:\/\/www.badzurzach.info\/fr\/produit\/livre-de-devinettes-papa-moll-mitaines-dans-la-tempete\/","name":"Livret de devinettes \"Papa Moll au milieu de la temp\u00eate\". - Bad Zurzach Tourismus","isPartOf":{"@id":"https:\/\/www.badzurzach.info\/#website"},"primaryImageOfPage":{"@id":"https:\/\/www.badzurzach.info\/fr\/produit\/livre-de-devinettes-papa-moll-mitaines-dans-la-tempete\/#primaryimage"},"image":{"@id":"https:\/\/www.badzurzach.info\/fr\/produit\/livre-de-devinettes-papa-moll-mitaines-dans-la-tempete\/#primaryimage"},"thumbnailUrl":"https:\/\/www.badzurzach.info\/wp-content\/uploads\/2025\/09\/Papa-Moll-mitten-im-Unwetter.jpg","datePublished":"2025-09-12T13:25:20+00:00","dateModified":"2025-09-18T08:49:08+00:00","description":"R\u00e9soudre des \u00e9nigmes, trouver des chemins et des diff\u00e9rences et colorier les images les plus diverses, en accord avec le volume 38 de Papa Moll.","breadcrumb":{"@id":"https:\/\/www.badzurzach.info\/fr\/produit\/livre-de-devinettes-papa-moll-mitaines-dans-la-tempete\/#breadcrumb"},"inLanguage":"fr-FR","potentialAction":[{"@type":"ReadAction","target":["https:\/\/www.badzurzach.info\/fr\/produit\/livre-de-devinettes-papa-moll-mitaines-dans-la-tempete\/"]}]},{"@type":"ImageObject","inLanguage":"fr-FR","@id":"https:\/\/www.badzurzach.info\/fr\/produit\/livre-de-devinettes-papa-moll-mitaines-dans-la-tempete\/#primaryimage","url":"https:\/\/www.badzurzach.info\/wp-content\/uploads\/2025\/09\/Papa-Moll-mitten-im-Unwetter.jpg","contentUrl":"https:\/\/www.badzurzach.info\/wp-content\/uploads\/2025\/09\/Papa-Moll-mitten-im-Unwetter.jpg","width":469,"height":648},{"@type":"BreadcrumbList","@id":"https:\/\/www.badzurzach.info\/fr\/produit\/livre-de-devinettes-papa-moll-mitaines-dans-la-tempete\/#breadcrumb","itemListElement":[{"@type":"ListItem","position":1,"name":"Home","item":"https:\/\/www.badzurzach.info\/fr\/"},{"@type":"ListItem","position":2,"name":"Boutique","item":"https:\/\/www.badzurzach.info\/fr\/boutique\/"},{"@type":"ListItem","position":3,"name":"Livret de devinettes \u00ab\u00a0Papa Moll au milieu de la temp\u00eate\u00a0\u00bb."}]},{"@type":"WebSite","@id":"https:\/\/www.badzurzach.info\/#website","url":"https:\/\/www.badzurzach.info\/","name":"Bad Zurzach Tourismus","description":"Ihre Feriendestination Bad Zurzach","publisher":{"@id":"https:\/\/www.badzurzach.info\/#organization"},"potentialAction":[{"@type":"SearchAction","target":{"@type":"EntryPoint","urlTemplate":"https:\/\/www.badzurzach.info\/?s={search_term_string}"},"query-input":{"@type":"PropertyValueSpecification","valueRequired":true,"valueName":"search_term_string"}}],"inLanguage":"fr-FR"},{"@type":"Organization","@id":"https:\/\/www.badzurzach.info\/#organization","name":"Bad Zurzach Tourismus","url":"https:\/\/www.badzurzach.info\/","logo":{"@type":"ImageObject","inLanguage":"fr-FR","@id":"https:\/\/www.badzurzach.info\/#\/schema\/logo\/image\/","url":"https:\/\/www.badzurzach.info\/wp-content\/uploads\/2022\/02\/Thermalbad-Zurzach_Logo.png","contentUrl":"https:\/\/www.badzurzach.info\/wp-content\/uploads\/2022\/02\/Thermalbad-Zurzach_Logo.png","width":1180,"height":1705,"caption":"Bad Zurzach Tourismus"},"image":{"@id":"https:\/\/www.badzurzach.info\/#\/schema\/logo\/image\/"},"sameAs":["https:\/\/www.facebook.com\/badzurzachtourismus","https:\/\/x.com\/BadZurzach","https:\/\/www.instagram.com\/badzurzach.switzerland","https:\/\/www.linkedin.com\/company\/6134459\/"]}]}},"_links":{"self":[{"href":"https:\/\/www.badzurzach.info\/fr\/wp-json\/wp\/v2\/product\/237239","targetHints":{"allow":["GET"]}}],"collection":[{"href":"https:\/\/www.badzurzach.info\/fr\/wp-json\/wp\/v2\/product"}],"about":[{"href":"https:\/\/www.badzurzach.info\/fr\/wp-json\/wp\/v2\/types\/product"}],"wp:featuredmedia":[{"embeddable":true,"href":"https:\/\/www.badzurzach.info\/fr\/wp-json\/wp\/v2\/media\/238508"}],"wp:attachment":[{"href":"https:\/\/www.badzurzach.info\/fr\/wp-json\/wp\/v2\/media?parent=237239"}],"wp:term":[{"taxonomy":"product_brand","embeddable":true,"href":"https:\/\/www.badzurzach.info\/fr\/wp-json\/wp\/v2\/product_brand?post=237239"},{"taxonomy":"product_cat","embeddable":true,"href":"https:\/\/www.badzurzach.info\/fr\/wp-json\/wp\/v2\/product_cat?post=237239"},{"taxonomy":"product_tag","embeddable":true,"href":"https:\/\/www.badzurzach.info\/fr\/wp-json\/wp\/v2\/product_tag?post=237239"}],"curies":[{"name":"wp","href":"https:\/\/api.w.org\/{rel}","templated":true}]}}