{"id":238781,"date":"2025-09-19T08:41:04","date_gmt":"2025-09-19T06:41:04","guid":{"rendered":"https:\/\/www.badzurzach.info\/product\/tigerbox-touch-plus-edition-suisse\/"},"modified":"2025-09-19T08:41:04","modified_gmt":"2025-09-19T06:41:04","slug":"tigerbox-touch-plus-edition-suisse","status":"publish","type":"product","link":"https:\/\/www.badzurzach.info\/fr\/produit\/tigerbox-touch-plus-edition-suisse\/","title":{"rendered":"Tigerbox TOUCH PLUS &#8211; \u00c9dition suisse"},"content":{"rendered":"<p>HOURRA ! Une enceinte pour les enfants &#8211; trois fa\u00e7ons d&rsquo;\u00e9couter de la musique avec tigerticket, tigercards et wildcards. Avec un service de streaming adapt\u00e9 aux enfants et un \u00e9cran tactile, la tigerbox TOUCH offre \u00e0 chaque enfant de 4 \u00e0 12 ans le libre choix dans le grand monde des jeux audio en ligne. Une bonne \u00e9coute n&rsquo;a jamais \u00e9t\u00e9 aussi simple !   <\/p>\n<p>La tigerbox TOUCH est un bo\u00eetier d&rsquo;\u00e9coute intelligent avec un \u00e9cran tactile, un son st\u00e9r\u00e9o exceptionnel, une fonction Bluetooth pour les \u00e9couteurs et une batterie extra puissante.<\/p>\n<p>Elle dispose d&rsquo;une connexion optionnelle au service de streaming audio pour enfants tigertones, qui propose bien plus de 20.000 jeux audio, livres audio et albums de musique pour tous les go\u00fbts et tous les \u00e2ges.<\/p>\n<p>En exclusivit\u00e9 dans l&rsquo;\u00e9dition suisse, vous avez \u00e9galement acc\u00e8s \u00e0 des centaines de livres audio et d&rsquo;albums de musique en suisse allemand.<\/p>\n<p>Gr\u00e2ce \u00e0 l&rsquo;\u00e9cran tactile, les enfants peuvent se plonger de mani\u00e8re autonome dans leurs aventures auditives pr\u00e9f\u00e9r\u00e9es et en d\u00e9couvrir de nombreuses nouvelles &#8211; sans smartphone, sans l&rsquo;aide de leurs parents. Au lieu de se connecter au service de streaming, la tigerbox TOUCH peut \u00e9galement \u00eatre utilis\u00e9e avec les tigercards et les wildcards. Bien \u00e9couter n&rsquo;a jamais \u00e9t\u00e9 aussi simple !  <\/p>\n<p>tigerticket <strong>: le streaming devient un jeu d&rsquo;enfant<\/strong><br \/>\nAcc\u00e8s \u00e0 la grande audioth\u00e8que tigertones avec plus de 10.000 titres &#8211; 100% sans publicit\u00e9. Ainsi, le streaming devient un jeu d&rsquo;enfant.<br \/>\nDisponible pour 1, 3, 6 et 12 mois <\/p>\n<p>En exclusivit\u00e9 dans la Swiss Edition : des centaines de titres en suisse allemand, dont toutes les pi\u00e8ces audio de Papa Moll !<\/p>\n<p>tigercards <strong>: Il suffit de les ins\u00e9rer et d&rsquo;\u00e9couter<\/strong><br \/>\nChoisissez votre histoire pr\u00e9f\u00e9r\u00e9e : \u00e0 \u00e9couter, \u00e0 collectionner et \u00e0 offrir.<br \/>\nPlus de 100 tigercards au programme !<\/p>\n<p><strong>wildcards : lire vos propres contenus audio<\/strong><br \/>\nLes wildcards permettent de stocker plus de 120 minutes de contenus enregistr\u00e9s par vos soins, des mp3 ou un titre de la dur\u00e9e de votre choix issu de l&rsquo;audioth\u00e8que tigertones.<br \/>\nEn pack de 3<\/p>\n<p>&nbsp;<\/p>\n<p>Plus d&rsquo;informations sur <a href=\"http:\/\/www.tigerbox.ch\">http:\/\/www.tigerbox.ch<\/a><\/p>\n","protected":false},"excerpt":{"rendered":"<p>Plaisir d&rsquo;\u00e9coute pour les enfants de 4 \u00e0 12 ans avec tous les jeux audio Papa Moll dans le grand monde des jeux audio en ligne. Disponible en bleu, gris, vert, jaune et violet. <\/p>\n<p>&nbsp;<\/p>\n","protected":false},"featured_media":238775,"template":"","meta":{"_acf_changed":false,"_relevanssi_hide_post":"","_relevanssi_hide_content":"","_relevanssi_pin_for_all":"","_relevanssi_pin_keywords":"","_relevanssi_unpin_keywords":"","_relevanssi_related_keywords":"","_relevanssi_related_include_ids":"","_relevanssi_related_exclude_ids":"","_relevanssi_related_no_append":"","_relevanssi_related_not_related":"","_relevanssi_related_posts":"","_relevanssi_noindex_reason":""},"product_brand":[],"product_cat":[392,387],"product_tag":[381,385,593],"class_list":{"0":"post-238781","1":"product","2":"type-product","3":"status-publish","4":"has-post-thumbnail","6":"product_cat-idees-de-cadeaux-de-papa-moll","7":"product_cat-le-pays-de-papa-moll","8":"product_tag-le-pays-de-papa-moll","9":"product_tag-papa-moll-fr","10":"product_tag-piece-radiophonique","11":"product_shipping_class-paquet-jusqua-2kg","13":"first","14":"instock","15":"taxable","16":"shipping-taxable","17":"purchasable","18":"product-type-variable"},"acf":[],"yoast_head":"<!-- This site is optimized with the Yoast SEO plugin v27.4 - https:\/\/yoast.com\/product\/yoast-seo-wordpress\/ -->\n<title>Tigerbox TOUCH PLUS - \u00c9dition suisse - Bad Zurzach Tourismus<\/title>\n<meta name=\"robots\" content=\"index, follow, max-snippet:-1, max-image-preview:large, max-video-preview:-1\" \/>\n<link rel=\"canonical\" href=\"https:\/\/www.badzurzach.info\/fr\/produit\/tigerbox-touch-plus-edition-suisse\/\" \/>\n<meta property=\"og:locale\" content=\"fr_FR\" \/>\n<meta property=\"og:type\" content=\"article\" \/>\n<meta property=\"og:title\" content=\"Tigerbox TOUCH PLUS - \u00c9dition suisse - Bad Zurzach Tourismus\" \/>\n<meta property=\"og:description\" content=\"Plaisir d&#039;\u00e9coute pour les enfants de 4 \u00e0 12 ans avec tous les jeux audio Papa Moll dans le grand monde des jeux audio en ligne. Disponible en bleu, gris, vert, jaune et violet.  &nbsp;\" \/>\n<meta property=\"og:url\" content=\"https:\/\/www.badzurzach.info\/fr\/produit\/tigerbox-touch-plus-edition-suisse\/\" \/>\n<meta property=\"og:site_name\" content=\"Bad Zurzach Tourismus\" \/>\n<meta property=\"article:publisher\" content=\"https:\/\/www.facebook.com\/badzurzachtourismus\" \/>\n<meta property=\"og:image\" content=\"https:\/\/www.badzurzach.info\/wp-content\/uploads\/2025\/09\/TBT-PLUS_Shopvisuals_Handel_CH_GRUEN_5.jpg\" \/>\n\t<meta property=\"og:image:width\" content=\"1500\" \/>\n\t<meta property=\"og:image:height\" content=\"1500\" \/>\n\t<meta property=\"og:image:type\" content=\"image\/jpeg\" \/>\n<meta name=\"twitter:card\" content=\"summary_large_image\" \/>\n<meta name=\"twitter:site\" content=\"@BadZurzach\" \/>\n<meta name=\"twitter:label1\" content=\"Dur\u00e9e de lecture estim\u00e9e\" \/>\n\t<meta name=\"twitter:data1\" content=\"2 minutes\" \/>\n<script type=\"application\/ld+json\" class=\"yoast-schema-graph\">{\"@context\":\"https:\\\/\\\/schema.org\",\"@graph\":[{\"@type\":\"WebPage\",\"@id\":\"https:\\\/\\\/www.badzurzach.info\\\/fr\\\/produit\\\/tigerbox-touch-plus-edition-suisse\\\/\",\"url\":\"https:\\\/\\\/www.badzurzach.info\\\/fr\\\/produit\\\/tigerbox-touch-plus-edition-suisse\\\/\",\"name\":\"Tigerbox TOUCH PLUS - \u00c9dition suisse - Bad Zurzach Tourismus\",\"isPartOf\":{\"@id\":\"https:\\\/\\\/www.badzurzach.info\\\/#website\"},\"primaryImageOfPage\":{\"@id\":\"https:\\\/\\\/www.badzurzach.info\\\/fr\\\/produit\\\/tigerbox-touch-plus-edition-suisse\\\/#primaryimage\"},\"image\":{\"@id\":\"https:\\\/\\\/www.badzurzach.info\\\/fr\\\/produit\\\/tigerbox-touch-plus-edition-suisse\\\/#primaryimage\"},\"thumbnailUrl\":\"https:\\\/\\\/www.badzurzach.info\\\/wp-content\\\/uploads\\\/2025\\\/09\\\/TBT-PLUS_Shopvisuals_Handel_CH_GRUEN_5.jpg\",\"datePublished\":\"2025-09-19T06:41:04+00:00\",\"breadcrumb\":{\"@id\":\"https:\\\/\\\/www.badzurzach.info\\\/fr\\\/produit\\\/tigerbox-touch-plus-edition-suisse\\\/#breadcrumb\"},\"inLanguage\":\"fr-FR\",\"potentialAction\":[{\"@type\":\"ReadAction\",\"target\":[\"https:\\\/\\\/www.badzurzach.info\\\/fr\\\/produit\\\/tigerbox-touch-plus-edition-suisse\\\/\"]}]},{\"@type\":\"ImageObject\",\"inLanguage\":\"fr-FR\",\"@id\":\"https:\\\/\\\/www.badzurzach.info\\\/fr\\\/produit\\\/tigerbox-touch-plus-edition-suisse\\\/#primaryimage\",\"url\":\"https:\\\/\\\/www.badzurzach.info\\\/wp-content\\\/uploads\\\/2025\\\/09\\\/TBT-PLUS_Shopvisuals_Handel_CH_GRUEN_5.jpg\",\"contentUrl\":\"https:\\\/\\\/www.badzurzach.info\\\/wp-content\\\/uploads\\\/2025\\\/09\\\/TBT-PLUS_Shopvisuals_Handel_CH_GRUEN_5.jpg\",\"width\":1500,\"height\":1500},{\"@type\":\"BreadcrumbList\",\"@id\":\"https:\\\/\\\/www.badzurzach.info\\\/fr\\\/produit\\\/tigerbox-touch-plus-edition-suisse\\\/#breadcrumb\",\"itemListElement\":[{\"@type\":\"ListItem\",\"position\":1,\"name\":\"Home\",\"item\":\"https:\\\/\\\/www.badzurzach.info\\\/fr\\\/\"},{\"@type\":\"ListItem\",\"position\":2,\"name\":\"Boutique\",\"item\":\"https:\\\/\\\/www.badzurzach.info\\\/fr\\\/boutique\\\/\"},{\"@type\":\"ListItem\",\"position\":3,\"name\":\"Tigerbox TOUCH PLUS &#8211; \u00c9dition suisse\"}]},{\"@type\":\"WebSite\",\"@id\":\"https:\\\/\\\/www.badzurzach.info\\\/#website\",\"url\":\"https:\\\/\\\/www.badzurzach.info\\\/\",\"name\":\"Bad Zurzach Tourismus\",\"description\":\"Ihre Feriendestination Bad Zurzach\",\"publisher\":{\"@id\":\"https:\\\/\\\/www.badzurzach.info\\\/#organization\"},\"potentialAction\":[{\"@type\":\"SearchAction\",\"target\":{\"@type\":\"EntryPoint\",\"urlTemplate\":\"https:\\\/\\\/www.badzurzach.info\\\/?s={search_term_string}\"},\"query-input\":{\"@type\":\"PropertyValueSpecification\",\"valueRequired\":true,\"valueName\":\"search_term_string\"}}],\"inLanguage\":\"fr-FR\"},{\"@type\":\"Organization\",\"@id\":\"https:\\\/\\\/www.badzurzach.info\\\/#organization\",\"name\":\"Bad Zurzach Tourismus\",\"url\":\"https:\\\/\\\/www.badzurzach.info\\\/\",\"logo\":{\"@type\":\"ImageObject\",\"inLanguage\":\"fr-FR\",\"@id\":\"https:\\\/\\\/www.badzurzach.info\\\/#\\\/schema\\\/logo\\\/image\\\/\",\"url\":\"https:\\\/\\\/www.badzurzach.info\\\/wp-content\\\/uploads\\\/2022\\\/02\\\/Thermalbad-Zurzach_Logo.png\",\"contentUrl\":\"https:\\\/\\\/www.badzurzach.info\\\/wp-content\\\/uploads\\\/2022\\\/02\\\/Thermalbad-Zurzach_Logo.png\",\"width\":1180,\"height\":1705,\"caption\":\"Bad Zurzach Tourismus\"},\"image\":{\"@id\":\"https:\\\/\\\/www.badzurzach.info\\\/#\\\/schema\\\/logo\\\/image\\\/\"},\"sameAs\":[\"https:\\\/\\\/www.facebook.com\\\/badzurzachtourismus\",\"https:\\\/\\\/x.com\\\/BadZurzach\",\"https:\\\/\\\/www.instagram.com\\\/badzurzach.switzerland\",\"https:\\\/\\\/www.linkedin.com\\\/company\\\/6134459\\\/\"]}]}<\/script>\n<!-- \/ Yoast SEO plugin. -->","yoast_head_json":{"title":"Tigerbox TOUCH PLUS - \u00c9dition suisse - Bad Zurzach Tourismus","robots":{"index":"index","follow":"follow","max-snippet":"max-snippet:-1","max-image-preview":"max-image-preview:large","max-video-preview":"max-video-preview:-1"},"canonical":"https:\/\/www.badzurzach.info\/fr\/produit\/tigerbox-touch-plus-edition-suisse\/","og_locale":"fr_FR","og_type":"article","og_title":"Tigerbox TOUCH PLUS - \u00c9dition suisse - Bad Zurzach Tourismus","og_description":"Plaisir d'\u00e9coute pour les enfants de 4 \u00e0 12 ans avec tous les jeux audio Papa Moll dans le grand monde des jeux audio en ligne. Disponible en bleu, gris, vert, jaune et violet.  &nbsp;","og_url":"https:\/\/www.badzurzach.info\/fr\/produit\/tigerbox-touch-plus-edition-suisse\/","og_site_name":"Bad Zurzach Tourismus","article_publisher":"https:\/\/www.facebook.com\/badzurzachtourismus","og_image":[{"width":1500,"height":1500,"url":"https:\/\/www.badzurzach.info\/wp-content\/uploads\/2025\/09\/TBT-PLUS_Shopvisuals_Handel_CH_GRUEN_5.jpg","type":"image\/jpeg"}],"twitter_card":"summary_large_image","twitter_site":"@BadZurzach","twitter_misc":{"Dur\u00e9e de lecture estim\u00e9e":"2 minutes"},"schema":{"@context":"https:\/\/schema.org","@graph":[{"@type":"WebPage","@id":"https:\/\/www.badzurzach.info\/fr\/produit\/tigerbox-touch-plus-edition-suisse\/","url":"https:\/\/www.badzurzach.info\/fr\/produit\/tigerbox-touch-plus-edition-suisse\/","name":"Tigerbox TOUCH PLUS - \u00c9dition suisse - Bad Zurzach Tourismus","isPartOf":{"@id":"https:\/\/www.badzurzach.info\/#website"},"primaryImageOfPage":{"@id":"https:\/\/www.badzurzach.info\/fr\/produit\/tigerbox-touch-plus-edition-suisse\/#primaryimage"},"image":{"@id":"https:\/\/www.badzurzach.info\/fr\/produit\/tigerbox-touch-plus-edition-suisse\/#primaryimage"},"thumbnailUrl":"https:\/\/www.badzurzach.info\/wp-content\/uploads\/2025\/09\/TBT-PLUS_Shopvisuals_Handel_CH_GRUEN_5.jpg","datePublished":"2025-09-19T06:41:04+00:00","breadcrumb":{"@id":"https:\/\/www.badzurzach.info\/fr\/produit\/tigerbox-touch-plus-edition-suisse\/#breadcrumb"},"inLanguage":"fr-FR","potentialAction":[{"@type":"ReadAction","target":["https:\/\/www.badzurzach.info\/fr\/produit\/tigerbox-touch-plus-edition-suisse\/"]}]},{"@type":"ImageObject","inLanguage":"fr-FR","@id":"https:\/\/www.badzurzach.info\/fr\/produit\/tigerbox-touch-plus-edition-suisse\/#primaryimage","url":"https:\/\/www.badzurzach.info\/wp-content\/uploads\/2025\/09\/TBT-PLUS_Shopvisuals_Handel_CH_GRUEN_5.jpg","contentUrl":"https:\/\/www.badzurzach.info\/wp-content\/uploads\/2025\/09\/TBT-PLUS_Shopvisuals_Handel_CH_GRUEN_5.jpg","width":1500,"height":1500},{"@type":"BreadcrumbList","@id":"https:\/\/www.badzurzach.info\/fr\/produit\/tigerbox-touch-plus-edition-suisse\/#breadcrumb","itemListElement":[{"@type":"ListItem","position":1,"name":"Home","item":"https:\/\/www.badzurzach.info\/fr\/"},{"@type":"ListItem","position":2,"name":"Boutique","item":"https:\/\/www.badzurzach.info\/fr\/boutique\/"},{"@type":"ListItem","position":3,"name":"Tigerbox TOUCH PLUS &#8211; \u00c9dition suisse"}]},{"@type":"WebSite","@id":"https:\/\/www.badzurzach.info\/#website","url":"https:\/\/www.badzurzach.info\/","name":"Bad Zurzach Tourismus","description":"Ihre Feriendestination Bad Zurzach","publisher":{"@id":"https:\/\/www.badzurzach.info\/#organization"},"potentialAction":[{"@type":"SearchAction","target":{"@type":"EntryPoint","urlTemplate":"https:\/\/www.badzurzach.info\/?s={search_term_string}"},"query-input":{"@type":"PropertyValueSpecification","valueRequired":true,"valueName":"search_term_string"}}],"inLanguage":"fr-FR"},{"@type":"Organization","@id":"https:\/\/www.badzurzach.info\/#organization","name":"Bad Zurzach Tourismus","url":"https:\/\/www.badzurzach.info\/","logo":{"@type":"ImageObject","inLanguage":"fr-FR","@id":"https:\/\/www.badzurzach.info\/#\/schema\/logo\/image\/","url":"https:\/\/www.badzurzach.info\/wp-content\/uploads\/2022\/02\/Thermalbad-Zurzach_Logo.png","contentUrl":"https:\/\/www.badzurzach.info\/wp-content\/uploads\/2022\/02\/Thermalbad-Zurzach_Logo.png","width":1180,"height":1705,"caption":"Bad Zurzach Tourismus"},"image":{"@id":"https:\/\/www.badzurzach.info\/#\/schema\/logo\/image\/"},"sameAs":["https:\/\/www.facebook.com\/badzurzachtourismus","https:\/\/x.com\/BadZurzach","https:\/\/www.instagram.com\/badzurzach.switzerland","https:\/\/www.linkedin.com\/company\/6134459\/"]}]}},"_links":{"self":[{"href":"https:\/\/www.badzurzach.info\/fr\/wp-json\/wp\/v2\/product\/238781","targetHints":{"allow":["GET"]}}],"collection":[{"href":"https:\/\/www.badzurzach.info\/fr\/wp-json\/wp\/v2\/product"}],"about":[{"href":"https:\/\/www.badzurzach.info\/fr\/wp-json\/wp\/v2\/types\/product"}],"wp:featuredmedia":[{"embeddable":true,"href":"https:\/\/www.badzurzach.info\/fr\/wp-json\/wp\/v2\/media\/238775"}],"wp:attachment":[{"href":"https:\/\/www.badzurzach.info\/fr\/wp-json\/wp\/v2\/media?parent=238781"}],"wp:term":[{"taxonomy":"product_brand","embeddable":true,"href":"https:\/\/www.badzurzach.info\/fr\/wp-json\/wp\/v2\/product_brand?post=238781"},{"taxonomy":"product_cat","embeddable":true,"href":"https:\/\/www.badzurzach.info\/fr\/wp-json\/wp\/v2\/product_cat?post=238781"},{"taxonomy":"product_tag","embeddable":true,"href":"https:\/\/www.badzurzach.info\/fr\/wp-json\/wp\/v2\/product_tag?post=238781"}],"curies":[{"name":"wp","href":"https:\/\/api.w.org\/{rel}","templated":true}]}}